{"id":21578,"date":"2021-09-01T18:56:25","date_gmt":"2021-09-01T16:56:25","guid":{"rendered":"https:\/\/www.rimadesio.it\/?post_type=product&#038;p=21578"},"modified":"2026-04-15T16:43:09","modified_gmt":"2026-04-15T14:43:09","slug":"zen-frame","status":"publish","type":"product","link":"https:\/\/www.rimadesio.it\/it\/prodotto\/zen-frame\/","title":{"rendered":"Zen frame"},"content":{"rendered":"<div class=\"page\" title=\"Page 80\">\n<div class=\"layoutArea\">\n<div class=\"column\">\n<p>Prevista nella versione battente e scorrevole, Zen \u00e8 caratterizzata dall\u2019essenzialit\u00e0 del disegno del telaio. La versione battente consente inoltre la possibilit\u00e0 di installazione con senso di apertura a tirare o spingere. Sempre su misura, Zen \u00e8 in grado di integrarsi perfettamente con l\u2019architettura degli ambienti, creando soluzioni \u201ca tutta altezza\u201d di forte originalit\u00e0. Zen Frame si distingue da Zen per la semplicit\u00e0 di montaggio del copristipite regolabile.<\/p>\n<\/div>\n<\/div>\n<\/div>\n","protected":false},"featured_media":0,"template":"","product_category":[100,31,102],"acf":[],"yoast_head":"<!-- This site is optimized with the Yoast SEO plugin v20.4 - https:\/\/yoast.com\/wordpress\/plugins\/seo\/ -->\n<title>Zen Frame porte da interni | Rimadesio<\/title>\n<meta name=\"description\" content=\"Scopri le porte da interni Zen Frame by Rimadesio. Soluzioni dal design contemporaneo, realizzate su misura. Alta qualit\u00e0 Made in Italy.\" \/>\n<meta name=\"robots\" content=\"index, follow, max-snippet:-1, max-image-preview:large, max-video-preview:-1\" \/>\n<link rel=\"canonical\" href=\"https:\/\/www.rimadesio.it\/it\/prodotto\/zen-frame\/\" \/>\n<meta property=\"og:locale\" content=\"it_IT\" \/>\n<meta property=\"og:type\" content=\"article\" \/>\n<meta property=\"og:title\" content=\"Zen Frame porte da interni | Rimadesio\" \/>\n<meta property=\"og:description\" content=\"Scopri le porte da interni Zen Frame by Rimadesio. Soluzioni dal design contemporaneo, realizzate su misura. Alta qualit\u00e0 Made in Italy.\" \/>\n<meta property=\"og:url\" content=\"https:\/\/www.rimadesio.it\/it\/prodotto\/zen-frame\/\" \/>\n<meta property=\"og:site_name\" content=\"Rimadesio\" \/>\n<meta property=\"article:modified_time\" content=\"2026-04-15T14:43:09+00:00\" \/>\n<meta name=\"twitter:card\" content=\"summary_large_image\" \/>\n<meta name=\"twitter:label1\" content=\"Est. reading time\" \/>\n\t<meta name=\"twitter:data1\" content=\"1 minute\" \/>\n<script type=\"application\/ld+json\" class=\"yoast-schema-graph\">{\"@context\":\"https:\/\/schema.org\",\"@graph\":[{\"@type\":\"WebPage\",\"@id\":\"https:\/\/www.rimadesio.it\/it\/prodotto\/zen-frame\/\",\"url\":\"https:\/\/www.rimadesio.it\/it\/prodotto\/zen-frame\/\",\"name\":\"Zen Frame porte da interni | Rimadesio\",\"isPartOf\":{\"@id\":\"https:\/\/www.rimadesio.it\/it\/#website\"},\"datePublished\":\"2021-09-01T16:56:25+00:00\",\"dateModified\":\"2026-04-15T14:43:09+00:00\",\"description\":\"Scopri le porte da interni Zen Frame by Rimadesio. Soluzioni dal design contemporaneo, realizzate su misura. Alta qualit\u00e0 Made in Italy.\",\"breadcrumb\":{\"@id\":\"https:\/\/www.rimadesio.it\/it\/prodotto\/zen-frame\/#breadcrumb\"},\"inLanguage\":\"it-IT\",\"potentialAction\":[{\"@type\":\"ReadAction\",\"target\":[\"https:\/\/www.rimadesio.it\/it\/prodotto\/zen-frame\/\"]}]},{\"@type\":\"BreadcrumbList\",\"@id\":\"https:\/\/www.rimadesio.it\/it\/prodotto\/zen-frame\/#breadcrumb\",\"itemListElement\":[{\"@type\":\"ListItem\",\"position\":1,\"name\":\"Homepage\",\"item\":\"https:\/\/www.rimadesio.it\/it\/\"},{\"@type\":\"ListItem\",\"position\":2,\"name\":\"Prodotti\",\"item\":\"https:\/\/www.rimadesio.it\/it\/prodotto\/\"},{\"@type\":\"ListItem\",\"position\":3,\"name\":\"Porte\",\"item\":\"https:\/\/www.rimadesio.it\/it\/categoria-prodotto\/porte\/\"},{\"@type\":\"ListItem\",\"position\":4,\"name\":\"Zen frame\"}]},{\"@type\":\"WebSite\",\"@id\":\"https:\/\/www.rimadesio.it\/it\/#website\",\"url\":\"https:\/\/www.rimadesio.it\/it\/\",\"name\":\"Rimadesio\",\"description\":\"Rimadesio official website\",\"publisher\":{\"@id\":\"https:\/\/www.rimadesio.it\/it\/#organization\"},\"potentialAction\":[{\"@type\":\"SearchAction\",\"target\":{\"@type\":\"EntryPoint\",\"urlTemplate\":\"https:\/\/www.rimadesio.it\/it\/?s={search_term_string}\"},\"query-input\":\"required name=search_term_string\"}],\"inLanguage\":\"it-IT\"},{\"@type\":\"Organization\",\"@id\":\"https:\/\/www.rimadesio.it\/it\/#organization\",\"name\":\"Rimadesio\",\"url\":\"https:\/\/www.rimadesio.it\/it\/\",\"logo\":{\"@type\":\"ImageObject\",\"inLanguage\":\"it-IT\",\"@id\":\"https:\/\/www.rimadesio.it\/it\/#\/schema\/logo\/image\/\",\"url\":\"https:\/\/static.rimadesio.it\/media\/2021\/08\/Logo.png\",\"contentUrl\":\"https:\/\/static.rimadesio.it\/media\/2021\/08\/Logo.png\",\"width\":102,\"height\":18,\"caption\":\"Rimadesio\"},\"image\":{\"@id\":\"https:\/\/www.rimadesio.it\/it\/#\/schema\/logo\/image\/\"}}]}<\/script>\n<!-- \/ Yoast SEO plugin. -->","yoast_head_json":{"title":"Zen Frame porte da interni | Rimadesio","description":"Scopri le porte da interni Zen Frame by Rimadesio. Soluzioni dal design contemporaneo, realizzate su misura. Alta qualit\u00e0 Made in Italy.","robots":{"index":"index","follow":"follow","max-snippet":"max-snippet:-1","max-image-preview":"max-image-preview:large","max-video-preview":"max-video-preview:-1"},"canonical":"https:\/\/www.rimadesio.it\/it\/prodotto\/zen-frame\/","og_locale":"it_IT","og_type":"article","og_title":"Zen Frame porte da interni | Rimadesio","og_description":"Scopri le porte da interni Zen Frame by Rimadesio. Soluzioni dal design contemporaneo, realizzate su misura. Alta qualit\u00e0 Made in Italy.","og_url":"https:\/\/www.rimadesio.it\/it\/prodotto\/zen-frame\/","og_site_name":"Rimadesio","article_modified_time":"2026-04-15T14:43:09+00:00","twitter_card":"summary_large_image","twitter_misc":{"Est. reading time":"1 minute"},"schema":{"@context":"https:\/\/schema.org","@graph":[{"@type":"WebPage","@id":"https:\/\/www.rimadesio.it\/it\/prodotto\/zen-frame\/","url":"https:\/\/www.rimadesio.it\/it\/prodotto\/zen-frame\/","name":"Zen Frame porte da interni | Rimadesio","isPartOf":{"@id":"https:\/\/www.rimadesio.it\/it\/#website"},"datePublished":"2021-09-01T16:56:25+00:00","dateModified":"2026-04-15T14:43:09+00:00","description":"Scopri le porte da interni Zen Frame by Rimadesio. Soluzioni dal design contemporaneo, realizzate su misura. Alta qualit\u00e0 Made in Italy.","breadcrumb":{"@id":"https:\/\/www.rimadesio.it\/it\/prodotto\/zen-frame\/#breadcrumb"},"inLanguage":"it-IT","potentialAction":[{"@type":"ReadAction","target":["https:\/\/www.rimadesio.it\/it\/prodotto\/zen-frame\/"]}]},{"@type":"BreadcrumbList","@id":"https:\/\/www.rimadesio.it\/it\/prodotto\/zen-frame\/#breadcrumb","itemListElement":[{"@type":"ListItem","position":1,"name":"Homepage","item":"https:\/\/www.rimadesio.it\/it\/"},{"@type":"ListItem","position":2,"name":"Prodotti","item":"https:\/\/www.rimadesio.it\/it\/prodotto\/"},{"@type":"ListItem","position":3,"name":"Porte","item":"https:\/\/www.rimadesio.it\/it\/categoria-prodotto\/porte\/"},{"@type":"ListItem","position":4,"name":"Zen frame"}]},{"@type":"WebSite","@id":"https:\/\/www.rimadesio.it\/it\/#website","url":"https:\/\/www.rimadesio.it\/it\/","name":"Rimadesio","description":"Rimadesio official website","publisher":{"@id":"https:\/\/www.rimadesio.it\/it\/#organization"},"potentialAction":[{"@type":"SearchAction","target":{"@type":"EntryPoint","urlTemplate":"https:\/\/www.rimadesio.it\/it\/?s={search_term_string}"},"query-input":"required name=search_term_string"}],"inLanguage":"it-IT"},{"@type":"Organization","@id":"https:\/\/www.rimadesio.it\/it\/#organization","name":"Rimadesio","url":"https:\/\/www.rimadesio.it\/it\/","logo":{"@type":"ImageObject","inLanguage":"it-IT","@id":"https:\/\/www.rimadesio.it\/it\/#\/schema\/logo\/image\/","url":"https:\/\/static.rimadesio.it\/media\/2021\/08\/Logo.png","contentUrl":"https:\/\/static.rimadesio.it\/media\/2021\/08\/Logo.png","width":102,"height":18,"caption":"Rimadesio"},"image":{"@id":"https:\/\/www.rimadesio.it\/it\/#\/schema\/logo\/image\/"}}]}},"_links":{"self":[{"href":"https:\/\/www.rimadesio.it\/it\/wp-json\/wp\/v2\/product\/21578"}],"collection":[{"href":"https:\/\/www.rimadesio.it\/it\/wp-json\/wp\/v2\/product"}],"about":[{"href":"https:\/\/www.rimadesio.it\/it\/wp-json\/wp\/v2\/types\/product"}],"wp:attachment":[{"href":"https:\/\/www.rimadesio.it\/it\/wp-json\/wp\/v2\/media?parent=21578"}],"wp:term":[{"taxonomy":"product_category","embeddable":true,"href":"https:\/\/www.rimadesio.it\/it\/wp-json\/wp\/v2\/product_category?post=21578"}],"curies":[{"name":"wp","href":"https:\/\/api.w.org\/{rel}","templated":true}]}}