{"id":18909,"date":"2020-10-12T10:33:43","date_gmt":"2020-10-12T08:33:43","guid":{"rendered":"http:\/\/www.rimadesio.it\/wp\/?post_type=product&#038;p=18909"},"modified":"2023-01-13T17:38:14","modified_gmt":"2023-01-13T16:38:14","slug":"interior-one","status":"publish","type":"product","link":"https:\/\/www.rimadesio.it\/it\/prodotto\/interior-one\/","title":{"rendered":"Interior one"},"content":{"rendered":"<p>La qualit\u00e0 di un ambiente \u00e8 regolata da sottili equilibri. Tra questi il rapporto tra la necessit\u00e0 di ordine e il desiderio di originalit\u00e0, o la combinazione tra i diversi valori espressivi delle finiture. Nell\u2019area living presentata, il rigore geometrico della boiserie Modulor in vetro sahara contrasta con la forza espressiva del tavolo Francis con piano in noce, vero protagonista dello spazio.<\/p>\n","protected":false},"featured_media":0,"template":"","product_category":[87],"acf":[],"yoast_head":"<!-- This site is optimized with the Yoast SEO plugin v20.4 - https:\/\/yoast.com\/wordpress\/plugins\/seo\/ -->\n<title>New Interiors 1 | novit\u00e0 collezione Rimadesio<\/title>\n<meta name=\"description\" content=\"La qualit\u00e0 di un ambiente \u00e8 regolata da sottili equilibri. Tra questi il rapporto tra la necessit\u00e0 di ordine e il desiderio di originalit\u00e0, o la\" \/>\n<meta name=\"robots\" content=\"index, follow, max-snippet:-1, max-image-preview:large, max-video-preview:-1\" \/>\n<link rel=\"canonical\" href=\"https:\/\/www.rimadesio.it\/it\/prodotto\/interior-one\/\" \/>\n<meta property=\"og:locale\" content=\"it_IT\" \/>\n<meta property=\"og:type\" content=\"article\" \/>\n<meta property=\"og:title\" content=\"New Interiors 1 | novit\u00e0 collezione Rimadesio\" \/>\n<meta property=\"og:description\" content=\"La qualit\u00e0 di un ambiente \u00e8 regolata da sottili equilibri. Tra questi il rapporto tra la necessit\u00e0 di ordine e il desiderio di originalit\u00e0, o la\" \/>\n<meta property=\"og:url\" content=\"https:\/\/www.rimadesio.it\/it\/prodotto\/interior-one\/\" \/>\n<meta property=\"og:site_name\" content=\"Rimadesio\" \/>\n<meta property=\"article:modified_time\" content=\"2023-01-13T16:38:14+00:00\" \/>\n<meta name=\"twitter:card\" content=\"summary_large_image\" \/>\n<script type=\"application\/ld+json\" class=\"yoast-schema-graph\">{\"@context\":\"https:\/\/schema.org\",\"@graph\":[{\"@type\":\"WebPage\",\"@id\":\"https:\/\/www.rimadesio.it\/it\/prodotto\/interior-one\/\",\"url\":\"https:\/\/www.rimadesio.it\/it\/prodotto\/interior-one\/\",\"name\":\"New Interiors 1 | novit\u00e0 collezione Rimadesio\",\"isPartOf\":{\"@id\":\"https:\/\/www.rimadesio.it\/it\/#website\"},\"datePublished\":\"2020-10-12T08:33:43+00:00\",\"dateModified\":\"2023-01-13T16:38:14+00:00\",\"description\":\"La qualit\u00e0 di un ambiente \u00e8 regolata da sottili equilibri. Tra questi il rapporto tra la necessit\u00e0 di ordine e il desiderio di originalit\u00e0, o la\",\"breadcrumb\":{\"@id\":\"https:\/\/www.rimadesio.it\/it\/prodotto\/interior-one\/#breadcrumb\"},\"inLanguage\":\"it-IT\",\"potentialAction\":[{\"@type\":\"ReadAction\",\"target\":[\"https:\/\/www.rimadesio.it\/it\/prodotto\/interior-one\/\"]}]},{\"@type\":\"BreadcrumbList\",\"@id\":\"https:\/\/www.rimadesio.it\/it\/prodotto\/interior-one\/#breadcrumb\",\"itemListElement\":[{\"@type\":\"ListItem\",\"position\":1,\"name\":\"Homepage\",\"item\":\"https:\/\/www.rimadesio.it\/it\/\"},{\"@type\":\"ListItem\",\"position\":2,\"name\":\"Prodotti\",\"item\":\"https:\/\/www.rimadesio.it\/it\/prodotto\/\"},{\"@type\":\"ListItem\",\"position\":3,\"name\":\"New interiors\",\"item\":\"https:\/\/www.rimadesio.it\/it\/categoria-prodotto\/new-interiors\/\"},{\"@type\":\"ListItem\",\"position\":4,\"name\":\"Interior one\"}]},{\"@type\":\"WebSite\",\"@id\":\"https:\/\/www.rimadesio.it\/it\/#website\",\"url\":\"https:\/\/www.rimadesio.it\/it\/\",\"name\":\"Rimadesio\",\"description\":\"Rimadesio official website\",\"publisher\":{\"@id\":\"https:\/\/www.rimadesio.it\/it\/#organization\"},\"potentialAction\":[{\"@type\":\"SearchAction\",\"target\":{\"@type\":\"EntryPoint\",\"urlTemplate\":\"https:\/\/www.rimadesio.it\/it\/?s={search_term_string}\"},\"query-input\":\"required name=search_term_string\"}],\"inLanguage\":\"it-IT\"},{\"@type\":\"Organization\",\"@id\":\"https:\/\/www.rimadesio.it\/it\/#organization\",\"name\":\"Rimadesio\",\"url\":\"https:\/\/www.rimadesio.it\/it\/\",\"logo\":{\"@type\":\"ImageObject\",\"inLanguage\":\"it-IT\",\"@id\":\"https:\/\/www.rimadesio.it\/it\/#\/schema\/logo\/image\/\",\"url\":\"https:\/\/static.rimadesio.it\/media\/2021\/08\/Logo.png\",\"contentUrl\":\"https:\/\/static.rimadesio.it\/media\/2021\/08\/Logo.png\",\"width\":102,\"height\":18,\"caption\":\"Rimadesio\"},\"image\":{\"@id\":\"https:\/\/www.rimadesio.it\/it\/#\/schema\/logo\/image\/\"}}]}<\/script>\n<!-- \/ Yoast SEO plugin. -->","yoast_head_json":{"title":"New Interiors 1 | novit\u00e0 collezione Rimadesio","description":"La qualit\u00e0 di un ambiente \u00e8 regolata da sottili equilibri. Tra questi il rapporto tra la necessit\u00e0 di ordine e il desiderio di originalit\u00e0, o la","robots":{"index":"index","follow":"follow","max-snippet":"max-snippet:-1","max-image-preview":"max-image-preview:large","max-video-preview":"max-video-preview:-1"},"canonical":"https:\/\/www.rimadesio.it\/it\/prodotto\/interior-one\/","og_locale":"it_IT","og_type":"article","og_title":"New Interiors 1 | novit\u00e0 collezione Rimadesio","og_description":"La qualit\u00e0 di un ambiente \u00e8 regolata da sottili equilibri. Tra questi il rapporto tra la necessit\u00e0 di ordine e il desiderio di originalit\u00e0, o la","og_url":"https:\/\/www.rimadesio.it\/it\/prodotto\/interior-one\/","og_site_name":"Rimadesio","article_modified_time":"2023-01-13T16:38:14+00:00","twitter_card":"summary_large_image","schema":{"@context":"https:\/\/schema.org","@graph":[{"@type":"WebPage","@id":"https:\/\/www.rimadesio.it\/it\/prodotto\/interior-one\/","url":"https:\/\/www.rimadesio.it\/it\/prodotto\/interior-one\/","name":"New Interiors 1 | novit\u00e0 collezione Rimadesio","isPartOf":{"@id":"https:\/\/www.rimadesio.it\/it\/#website"},"datePublished":"2020-10-12T08:33:43+00:00","dateModified":"2023-01-13T16:38:14+00:00","description":"La qualit\u00e0 di un ambiente \u00e8 regolata da sottili equilibri. Tra questi il rapporto tra la necessit\u00e0 di ordine e il desiderio di originalit\u00e0, o la","breadcrumb":{"@id":"https:\/\/www.rimadesio.it\/it\/prodotto\/interior-one\/#breadcrumb"},"inLanguage":"it-IT","potentialAction":[{"@type":"ReadAction","target":["https:\/\/www.rimadesio.it\/it\/prodotto\/interior-one\/"]}]},{"@type":"BreadcrumbList","@id":"https:\/\/www.rimadesio.it\/it\/prodotto\/interior-one\/#breadcrumb","itemListElement":[{"@type":"ListItem","position":1,"name":"Homepage","item":"https:\/\/www.rimadesio.it\/it\/"},{"@type":"ListItem","position":2,"name":"Prodotti","item":"https:\/\/www.rimadesio.it\/it\/prodotto\/"},{"@type":"ListItem","position":3,"name":"New interiors","item":"https:\/\/www.rimadesio.it\/it\/categoria-prodotto\/new-interiors\/"},{"@type":"ListItem","position":4,"name":"Interior one"}]},{"@type":"WebSite","@id":"https:\/\/www.rimadesio.it\/it\/#website","url":"https:\/\/www.rimadesio.it\/it\/","name":"Rimadesio","description":"Rimadesio official website","publisher":{"@id":"https:\/\/www.rimadesio.it\/it\/#organization"},"potentialAction":[{"@type":"SearchAction","target":{"@type":"EntryPoint","urlTemplate":"https:\/\/www.rimadesio.it\/it\/?s={search_term_string}"},"query-input":"required name=search_term_string"}],"inLanguage":"it-IT"},{"@type":"Organization","@id":"https:\/\/www.rimadesio.it\/it\/#organization","name":"Rimadesio","url":"https:\/\/www.rimadesio.it\/it\/","logo":{"@type":"ImageObject","inLanguage":"it-IT","@id":"https:\/\/www.rimadesio.it\/it\/#\/schema\/logo\/image\/","url":"https:\/\/static.rimadesio.it\/media\/2021\/08\/Logo.png","contentUrl":"https:\/\/static.rimadesio.it\/media\/2021\/08\/Logo.png","width":102,"height":18,"caption":"Rimadesio"},"image":{"@id":"https:\/\/www.rimadesio.it\/it\/#\/schema\/logo\/image\/"}}]}},"_links":{"self":[{"href":"https:\/\/www.rimadesio.it\/it\/wp-json\/wp\/v2\/product\/18909"}],"collection":[{"href":"https:\/\/www.rimadesio.it\/it\/wp-json\/wp\/v2\/product"}],"about":[{"href":"https:\/\/www.rimadesio.it\/it\/wp-json\/wp\/v2\/types\/product"}],"wp:attachment":[{"href":"https:\/\/www.rimadesio.it\/it\/wp-json\/wp\/v2\/media?parent=18909"}],"wp:term":[{"taxonomy":"product_category","embeddable":true,"href":"https:\/\/www.rimadesio.it\/it\/wp-json\/wp\/v2\/product_category?post=18909"}],"curies":[{"name":"wp","href":"https:\/\/api.w.org\/{rel}","templated":true}]}}