{"id":20791,"date":"2021-08-25T18:38:53","date_gmt":"2021-08-25T16:38:53","guid":{"rendered":"https:\/\/www.rimadesio.it\/?page_id=20791"},"modified":"2021-09-06T16:00:17","modified_gmt":"2021-09-06T14:00:17","slug":"stile","status":"publish","type":"page","link":"https:\/\/www.rimadesio.it\/it\/filosofia\/stile\/","title":{"rendered":"Stile"},"content":{"rendered":"<p>Ogni aspetto della realt\u00e0 Rimadesio, dalla collezione ai materiali e le finiture, dalla sede produttiva agli showroom internazionali, dalla comunicazione digitale agli strumenti di vendita, si ispira ad una comune idea di qualit\u00e0 formale, fatta di essenzialit\u00e0, armonia e precisione. La ricerca della coerenza in ogni dettaglio \u00e8 fondamentale per esprimere con efficacia l\u2019identit\u00e0 aziendale e quindi tutte le qualit\u00e0 della proposta.<\/p>\n","protected":false},"excerpt":{"rendered":"<p>Ogni aspetto della realt\u00e0 Rimadesio, dalla collezione ai materiali e le finiture, dalla sede produttiva agli showroom internazionali, dalla comunicazione digitale agli strumenti di vendita, si ispira ad una comune idea di qualit\u00e0 formale, fatta di essenzialit\u00e0, armonia e precisione. La ricerca della coerenza in ogni dettaglio \u00e8 fondamentale per esprimere con efficacia l\u2019identit\u00e0 aziendale &hellip; <a href=\"https:\/\/www.rimadesio.it\/it\/filosofia\/stile\/\">Di pi\u00f9<\/a><\/p>\n","protected":false},"author":65156,"featured_media":20633,"parent":20636,"menu_order":375,"comment_status":"closed","ping_status":"closed","template":"","meta":{"inline_featured_image":false},"acf":[],"yoast_head":"<!-- This site is optimized with the Yoast SEO plugin v20.4 - https:\/\/yoast.com\/wordpress\/plugins\/seo\/ -->\n<title>Stile - Rimadesio<\/title>\n<meta name=\"description\" content=\"Ogni aspetto della realt\u00e0 Rimadesio, dalla collezione ai materiali e le finiture, dalla sede produttiva agli showroom internazionali, dalla comunicazione\" \/>\n<meta name=\"robots\" content=\"index, follow, max-snippet:-1, max-image-preview:large, max-video-preview:-1\" \/>\n<link rel=\"canonical\" href=\"https:\/\/www.rimadesio.it\/it\/filosofia\/stile\/\" \/>\n<meta property=\"og:locale\" content=\"it_IT\" \/>\n<meta property=\"og:type\" content=\"article\" \/>\n<meta property=\"og:title\" content=\"Stile - Rimadesio\" \/>\n<meta property=\"og:description\" content=\"Ogni aspetto della realt\u00e0 Rimadesio, dalla collezione ai materiali e le finiture, dalla sede produttiva agli showroom internazionali, dalla comunicazione\" \/>\n<meta property=\"og:url\" content=\"https:\/\/www.rimadesio.it\/it\/filosofia\/stile\/\" \/>\n<meta property=\"og:site_name\" content=\"Rimadesio\" \/>\n<meta property=\"article:modified_time\" content=\"2021-09-06T14:00:17+00:00\" \/>\n<meta property=\"og:image\" content=\"https:\/\/static.rimadesio.it\/media\/2021\/08\/img-style.png\" \/>\n\t<meta property=\"og:image:width\" content=\"672\" \/>\n\t<meta property=\"og:image:height\" content=\"449\" \/>\n\t<meta property=\"og:image:type\" content=\"image\/png\" \/>\n<meta name=\"twitter:card\" content=\"summary_large_image\" \/>\n<meta name=\"twitter:label1\" content=\"Est. reading time\" \/>\n\t<meta name=\"twitter:data1\" content=\"1 minute\" \/>\n<script type=\"application\/ld+json\" class=\"yoast-schema-graph\">{\"@context\":\"https:\/\/schema.org\",\"@graph\":[{\"@type\":\"WebPage\",\"@id\":\"https:\/\/www.rimadesio.it\/it\/filosofia\/stile\/\",\"url\":\"https:\/\/www.rimadesio.it\/it\/filosofia\/stile\/\",\"name\":\"Stile - Rimadesio\",\"isPartOf\":{\"@id\":\"https:\/\/www.rimadesio.it\/it\/#website\"},\"datePublished\":\"2021-08-25T16:38:53+00:00\",\"dateModified\":\"2021-09-06T14:00:17+00:00\",\"description\":\"Ogni aspetto della realt\u00e0 Rimadesio, dalla collezione ai materiali e le finiture, dalla sede produttiva agli showroom internazionali, dalla comunicazione\",\"breadcrumb\":{\"@id\":\"https:\/\/www.rimadesio.it\/it\/filosofia\/stile\/#breadcrumb\"},\"inLanguage\":\"it-IT\",\"potentialAction\":[{\"@type\":\"ReadAction\",\"target\":[\"https:\/\/www.rimadesio.it\/it\/filosofia\/stile\/\"]}]},{\"@type\":\"BreadcrumbList\",\"@id\":\"https:\/\/www.rimadesio.it\/it\/filosofia\/stile\/#breadcrumb\",\"itemListElement\":[{\"@type\":\"ListItem\",\"position\":1,\"name\":\"Homepage\",\"item\":\"https:\/\/www.rimadesio.it\/it\/\"},{\"@type\":\"ListItem\",\"position\":2,\"name\":\"Filosofia\",\"item\":\"https:\/\/www.rimadesio.it\/it\/filosofia\/\"},{\"@type\":\"ListItem\",\"position\":3,\"name\":\"Stile\"}]},{\"@type\":\"WebSite\",\"@id\":\"https:\/\/www.rimadesio.it\/it\/#website\",\"url\":\"https:\/\/www.rimadesio.it\/it\/\",\"name\":\"Rimadesio\",\"description\":\"Rimadesio official website\",\"publisher\":{\"@id\":\"https:\/\/www.rimadesio.it\/it\/#organization\"},\"potentialAction\":[{\"@type\":\"SearchAction\",\"target\":{\"@type\":\"EntryPoint\",\"urlTemplate\":\"https:\/\/www.rimadesio.it\/it\/?s={search_term_string}\"},\"query-input\":\"required name=search_term_string\"}],\"inLanguage\":\"it-IT\"},{\"@type\":\"Organization\",\"@id\":\"https:\/\/www.rimadesio.it\/it\/#organization\",\"name\":\"Rimadesio\",\"url\":\"https:\/\/www.rimadesio.it\/it\/\",\"logo\":{\"@type\":\"ImageObject\",\"inLanguage\":\"it-IT\",\"@id\":\"https:\/\/www.rimadesio.it\/it\/#\/schema\/logo\/image\/\",\"url\":\"https:\/\/static.rimadesio.it\/media\/2021\/08\/Logo.png\",\"contentUrl\":\"https:\/\/static.rimadesio.it\/media\/2021\/08\/Logo.png\",\"width\":102,\"height\":18,\"caption\":\"Rimadesio\"},\"image\":{\"@id\":\"https:\/\/www.rimadesio.it\/it\/#\/schema\/logo\/image\/\"}}]}<\/script>\n<!-- \/ Yoast SEO plugin. -->","yoast_head_json":{"title":"Stile - Rimadesio","description":"Ogni aspetto della realt\u00e0 Rimadesio, dalla collezione ai materiali e le finiture, dalla sede produttiva agli showroom internazionali, dalla comunicazione","robots":{"index":"index","follow":"follow","max-snippet":"max-snippet:-1","max-image-preview":"max-image-preview:large","max-video-preview":"max-video-preview:-1"},"canonical":"https:\/\/www.rimadesio.it\/it\/filosofia\/stile\/","og_locale":"it_IT","og_type":"article","og_title":"Stile - Rimadesio","og_description":"Ogni aspetto della realt\u00e0 Rimadesio, dalla collezione ai materiali e le finiture, dalla sede produttiva agli showroom internazionali, dalla comunicazione","og_url":"https:\/\/www.rimadesio.it\/it\/filosofia\/stile\/","og_site_name":"Rimadesio","article_modified_time":"2021-09-06T14:00:17+00:00","og_image":[{"width":672,"height":449,"url":"https:\/\/static.rimadesio.it\/media\/2021\/08\/img-style.png","type":"image\/png"}],"twitter_card":"summary_large_image","twitter_misc":{"Est. reading time":"1 minute"},"schema":{"@context":"https:\/\/schema.org","@graph":[{"@type":"WebPage","@id":"https:\/\/www.rimadesio.it\/it\/filosofia\/stile\/","url":"https:\/\/www.rimadesio.it\/it\/filosofia\/stile\/","name":"Stile - Rimadesio","isPartOf":{"@id":"https:\/\/www.rimadesio.it\/it\/#website"},"datePublished":"2021-08-25T16:38:53+00:00","dateModified":"2021-09-06T14:00:17+00:00","description":"Ogni aspetto della realt\u00e0 Rimadesio, dalla collezione ai materiali e le finiture, dalla sede produttiva agli showroom internazionali, dalla comunicazione","breadcrumb":{"@id":"https:\/\/www.rimadesio.it\/it\/filosofia\/stile\/#breadcrumb"},"inLanguage":"it-IT","potentialAction":[{"@type":"ReadAction","target":["https:\/\/www.rimadesio.it\/it\/filosofia\/stile\/"]}]},{"@type":"BreadcrumbList","@id":"https:\/\/www.rimadesio.it\/it\/filosofia\/stile\/#breadcrumb","itemListElement":[{"@type":"ListItem","position":1,"name":"Homepage","item":"https:\/\/www.rimadesio.it\/it\/"},{"@type":"ListItem","position":2,"name":"Filosofia","item":"https:\/\/www.rimadesio.it\/it\/filosofia\/"},{"@type":"ListItem","position":3,"name":"Stile"}]},{"@type":"WebSite","@id":"https:\/\/www.rimadesio.it\/it\/#website","url":"https:\/\/www.rimadesio.it\/it\/","name":"Rimadesio","description":"Rimadesio official website","publisher":{"@id":"https:\/\/www.rimadesio.it\/it\/#organization"},"potentialAction":[{"@type":"SearchAction","target":{"@type":"EntryPoint","urlTemplate":"https:\/\/www.rimadesio.it\/it\/?s={search_term_string}"},"query-input":"required name=search_term_string"}],"inLanguage":"it-IT"},{"@type":"Organization","@id":"https:\/\/www.rimadesio.it\/it\/#organization","name":"Rimadesio","url":"https:\/\/www.rimadesio.it\/it\/","logo":{"@type":"ImageObject","inLanguage":"it-IT","@id":"https:\/\/www.rimadesio.it\/it\/#\/schema\/logo\/image\/","url":"https:\/\/static.rimadesio.it\/media\/2021\/08\/Logo.png","contentUrl":"https:\/\/static.rimadesio.it\/media\/2021\/08\/Logo.png","width":102,"height":18,"caption":"Rimadesio"},"image":{"@id":"https:\/\/www.rimadesio.it\/it\/#\/schema\/logo\/image\/"}}]}},"_links":{"self":[{"href":"https:\/\/www.rimadesio.it\/it\/wp-json\/wp\/v2\/pages\/20791"}],"collection":[{"href":"https:\/\/www.rimadesio.it\/it\/wp-json\/wp\/v2\/pages"}],"about":[{"href":"https:\/\/www.rimadesio.it\/it\/wp-json\/wp\/v2\/types\/page"}],"author":[{"embeddable":true,"href":"https:\/\/www.rimadesio.it\/it\/wp-json\/wp\/v2\/users\/65156"}],"replies":[{"embeddable":true,"href":"https:\/\/www.rimadesio.it\/it\/wp-json\/wp\/v2\/comments?post=20791"}],"version-history":[{"count":13,"href":"https:\/\/www.rimadesio.it\/it\/wp-json\/wp\/v2\/pages\/20791\/revisions"}],"predecessor-version":[{"id":140911,"href":"https:\/\/www.rimadesio.it\/it\/wp-json\/wp\/v2\/pages\/20791\/revisions\/140911"}],"up":[{"embeddable":true,"href":"https:\/\/www.rimadesio.it\/it\/wp-json\/wp\/v2\/pages\/20636"}],"wp:featuredmedia":[{"embeddable":true,"href":"https:\/\/www.rimadesio.it\/it\/wp-json\/wp\/v2\/media\/20633"}],"wp:attachment":[{"href":"https:\/\/www.rimadesio.it\/it\/wp-json\/wp\/v2\/media?parent=20791"}],"curies":[{"name":"wp","href":"https:\/\/api.w.org\/{rel}","templated":true}]}}