{"id":14242,"date":"2019-03-25T20:43:07","date_gmt":"2019-03-25T19:43:07","guid":{"rendered":"https:\/\/rima.unplace.ch\/wp\/?page_id=14242"},"modified":"2023-04-11T16:52:34","modified_gmt":"2023-04-11T14:52:34","slug":"register","status":"publish","type":"page","link":"https:\/\/www.rimadesio.it\/it\/register\/","title":{"rendered":"Register"},"content":{"rendered":"<div class=\"tml tml-rimadesio_register\">\n<div class=\"tml-alerts\"><\/div><form name=\"rimadesio_register\" action=\"https:\/\/www.rimadesio.it\/it\/register\/\" method=\"post\" novalidate=\"novalidate\">\n<div class=\"tml-field-wrap tml-intro_text-wrap\">\nI campi contrassegnati con * sono obbligatori<\/div>\n\n<div class=\"rimadesio-register-grid\">\n<div class=\"tml-field-wrap tml-first_name-wrap\">\n<input name=\"first_name\" type=\"text\" value=\"\" id=\"first_name\" autocapitalize=\"off\" placeholder=\"Nome*\" class=\"tml-field\">\n<\/div>\n\n<div class=\"tml-field-wrap tml-last_name-wrap\">\n<input name=\"last_name\" type=\"text\" value=\"\" id=\"last_name\" autocapitalize=\"off\" placeholder=\"Cognome*\" class=\"tml-field\">\n<\/div>\n\n<div class=\"tml-field-wrap tml-company-wrap\">\n<input name=\"company\" type=\"text\" value=\"\" id=\"company\" autocapitalize=\"off\" placeholder=\"Company\" required=\"\" class=\"tml-field\">\n<\/div>\n\n<div class=\"tml-field-wrap tml-work-wrap\">\n<select name=\"work\" id=\"work\" autocapitalize=\"off\" placeholder=\"Lavoro*\" required=\"1\" class=\"tml-field\">\n<option value=\"\" selected=\"selected\">Job title*<\/option>\n<option value=\"Private\">Private<\/option>\n<option value=\"Architects_and_more\">Architects, Designer &amp; Developers<\/option>\n<option value=\"Dealers_and_more\">Dealers &amp; Distributors<\/option>\n<option value=\"Press\">Press<\/option>\n<\/select>\n<\/div>\n\n<div class=\"tml-field-wrap tml-phone-wrap\">\n<input name=\"phone\" type=\"text\" value=\"\" id=\"phone\" autocapitalize=\"off\" placeholder=\"Telefono\" class=\"tml-field\">\n<\/div>\n\n<div class=\"tml-field-wrap tml-email-wrap\">\n<input name=\"email\" type=\"email\" value=\"\" id=\"email\" autocapitalize=\"off\" placeholder=\"Email*\" class=\"tml-field\">\n<\/div>\n\n<div class=\"tml-field-wrap tml-autocomplete-wrap\">\n<input name=\"autocomplete\" type=\"text\" value=\"\" id=\"autocomplete\" placeholder=\"Citt\u00e0*\" class=\"tml-field\">\n<\/div>\n\n<input name=\"country_iso\" type=\"hidden\" value=\"\" id=\"country_iso\">\n\n<input name=\"country\" type=\"hidden\" value=\"\" id=\"country\">\n\n<input name=\"state\" type=\"hidden\" value=\"\" id=\"state\">\n\n<input name=\"postal_code\" type=\"hidden\" value=\"\" id=\"postal_code\">\n\n<input name=\"city\" type=\"hidden\" value=\"\" id=\"city\">\n\n<\/div>\n<div class=\"tml-field-wrap tml-register_privacy_text-wrap\">\nAi sensi degli art 7,13 e ss del Reg Ue 2016\/679 il Titolare del Trattamento, Rimadesio S.p.A. in persona del l.r.p.t. corrente in Via Furlanelli 96 Giussano (MB), la informa che i suoi dati saranno trattati in modalit\u00e0 informatica e manuale garantendole la massima riservatezza anche tramite soggetti esterni in conformit\u00e0 all\u2019art 5.1 per finalit\u00e0: A) attivit\u00e0 amministrativo contabili e pre-contrattuali correlate es.: raccolta dati per ricevere informazioni, cataloghi a seguito dell\u2019evento\/esposizione a cui lei ha partecipato \u2013 art. 6 par. 1, lett. b) GDPR B) previo consenso e fino a sua opposizione, per attivit\u00e0 di marketing diretto del Titolare, es: newsletter, ricerche di mercato per ricevere \u2013 tramite mezzi automatizzati posta elettronica e della posta cartacea \u2013 materiale informativo, per la rilevazione del grado di soddisfazione, materiale promozionale o inerente eventi ed iniziative, da parte del Titolare \u2013 art. 6 par. 1, lett. a) GDPR \u2013 consenso. I dati non saranno diffusi ma potranno essere comunicati a terzi, anche per l\u2019invio di comunicazioni promozionali. I dati di natura personale forniti, potranno essere trasferiti all\u2019esterno dell\u2019 UE, nei limiti e alle condizioni di cui agli artt. 44 e ss. del Regolamento UE 2016\/679, al fine di ottemperare a finalit\u00e0 connesse al trasferimento medesimo. Potr\u00e0 revocare in qualsiasi momento il consenso prestato senza pregiudizio della finalit\u00e0 A).Informazioni circa il periodo di conservazione dei dati e i responsabili del trattamento a richiesta. Le vengono riconosciuti in qualit\u00e0 di interessato i diritti di cui agli artt. 15 e ss. del Reg. UE 2016\/679 e potr\u00e0 esercitarli inviando una mail all\u2019indirizzo <a href=\"mailto:privacy@rimadesio.it\">privacy@rimadesio.it<\/a>. L\u2019informativa estesa \u00e8 disponibile al desk informazioni o via mail all\u2019indirizzo <a href=\"mailto:privacy@rimadesio.it\">privacy@rimadesio.it<\/a>.<\/div>\n\n<div class=\"tml-field-wrap tml-register_password-wrap\">\n<span class=\"tml-label\">Acconsento al trattamento dei dati per la creazione e comunicazione di password di accesso<\/span>\n<input name=\"register_password\" id=\"register_password_1\" type=\"radio\" value=\"1\" class=\"tml-checkbox\">\n<label class=\"tml-label\" for=\"register_password_1\">Acconsento<\/label>\n<br \/><input name=\"register_password\" id=\"register_password_0\" type=\"radio\" value=\"0\" class=\"tml-checkbox\">\n<label class=\"tml-label\" for=\"register_password_0\">Non acconsento<\/label>\n<\/div>\n\n<div class=\"tml-field-wrap tml-register_newsletter-wrap\">\n<span class=\"tml-label\">Acconsento al trattamento dei miei dati personali per finalit\u00e0 di marketing e di invio di comunicazioni commerciali di Rimadesio S.p.A.<\/span>\n<input name=\"register_newsletter\" id=\"register_newsletter_1\" type=\"radio\" value=\"1\" class=\"tml-checkbox\">\n<label class=\"tml-label\" for=\"register_newsletter_1\">Acconsento<\/label>\n<br \/><input name=\"register_newsletter\" id=\"register_newsletter_0\" type=\"radio\" value=\"0\" class=\"tml-checkbox\">\n<label class=\"tml-label\" for=\"register_newsletter_0\">Non acconsento<\/label>\n<\/div>\n\n<div class=\"tml-field-wrap tml-register_profilazione-wrap\">\n<span class=\"tml-label\">Acconsento al trattamento dei miei dati personali per individuare e definire i gusti, le preferenze, le abitudini, i bisogni e le scelte di consumo della mia persona (\u201cprofilazione\u201d)<\/span>\n<input name=\"register_profilazione\" id=\"register_profilazione_1\" type=\"radio\" value=\"1\" class=\"tml-checkbox\">\n<label class=\"tml-label\" for=\"register_profilazione_1\">Acconsento<\/label>\n<br \/><input name=\"register_profilazione\" id=\"register_profilazione_0\" type=\"radio\" value=\"0\" class=\"tml-checkbox\">\n<label class=\"tml-label\" for=\"register_profilazione_0\">Non acconsento<\/label>\n<\/div>\n\n<div class=\"tml-field-wrap tml-recaptcha-wrap\">\n<div class=\"g-recaptcha\" data-sitekey=\"6Lc1mj8kAAAAADixcXyOUGuWTfTBQrNX2ZQfPKE8\" data-theme=\"light\"><\/div><\/div>\n\n\n<div class=\"tml-field-wrap tml-submit-wrap\">\n<button name=\"submit\" type=\"submit\" class=\"tml-button\">Registrati<\/button>\n<\/div>\n\n<input name=\"redirect_to\" type=\"hidden\" value=\"https:\/\/www.rimadesio.it\/it\/reserved-area\/\">\n\n<input name=\"form_name_register\" type=\"hidden\" value=\"register_form\">\n\n<\/form>\n<\/div>\n\n","protected":false},"excerpt":{"rendered":"","protected":false},"author":64297,"featured_media":0,"parent":0,"menu_order":400,"comment_status":"closed","ping_status":"closed","template":"template-register-login.php","meta":{"inline_featured_image":false},"acf":[],"yoast_head":"<!-- This site is optimized with the Yoast SEO plugin v20.4 - https:\/\/yoast.com\/wordpress\/plugins\/seo\/ -->\n<title>Register - Rimadesio<\/title>\n<meta name=\"robots\" content=\"index, follow, max-snippet:-1, max-image-preview:large, max-video-preview:-1\" \/>\n<link rel=\"canonical\" href=\"https:\/\/www.rimadesio.it\/it\/register\/\" \/>\n<meta property=\"og:locale\" content=\"it_IT\" \/>\n<meta property=\"og:type\" content=\"article\" \/>\n<meta property=\"og:title\" content=\"Register - Rimadesio\" \/>\n<meta property=\"og:url\" content=\"https:\/\/www.rimadesio.it\/it\/register\/\" \/>\n<meta property=\"og:site_name\" content=\"Rimadesio\" \/>\n<meta property=\"article:modified_time\" content=\"2023-04-11T14:52:34+00:00\" \/>\n<meta name=\"twitter:card\" content=\"summary_large_image\" \/>\n<meta name=\"twitter:label1\" content=\"Est. reading time\" \/>\n\t<meta name=\"twitter:data1\" content=\"1 minute\" \/>\n<script type=\"application\/ld+json\" class=\"yoast-schema-graph\">{\"@context\":\"https:\/\/schema.org\",\"@graph\":[{\"@type\":\"WebPage\",\"@id\":\"https:\/\/www.rimadesio.it\/it\/register\/\",\"url\":\"https:\/\/www.rimadesio.it\/it\/register\/\",\"name\":\"Register - Rimadesio\",\"isPartOf\":{\"@id\":\"https:\/\/www.rimadesio.it\/it\/#website\"},\"datePublished\":\"2019-03-25T19:43:07+00:00\",\"dateModified\":\"2023-04-11T14:52:34+00:00\",\"breadcrumb\":{\"@id\":\"https:\/\/www.rimadesio.it\/it\/register\/#breadcrumb\"},\"inLanguage\":\"it-IT\",\"potentialAction\":[{\"@type\":\"ReadAction\",\"target\":[\"https:\/\/www.rimadesio.it\/it\/register\/\"]}]},{\"@type\":\"BreadcrumbList\",\"@id\":\"https:\/\/www.rimadesio.it\/it\/register\/#breadcrumb\",\"itemListElement\":[{\"@type\":\"ListItem\",\"position\":1,\"name\":\"Homepage\",\"item\":\"https:\/\/www.rimadesio.it\/it\/\"},{\"@type\":\"ListItem\",\"position\":2,\"name\":\"Register\"}]},{\"@type\":\"WebSite\",\"@id\":\"https:\/\/www.rimadesio.it\/it\/#website\",\"url\":\"https:\/\/www.rimadesio.it\/it\/\",\"name\":\"Rimadesio\",\"description\":\"Rimadesio official website\",\"publisher\":{\"@id\":\"https:\/\/www.rimadesio.it\/it\/#organization\"},\"potentialAction\":[{\"@type\":\"SearchAction\",\"target\":{\"@type\":\"EntryPoint\",\"urlTemplate\":\"https:\/\/www.rimadesio.it\/it\/?s={search_term_string}\"},\"query-input\":\"required name=search_term_string\"}],\"inLanguage\":\"it-IT\"},{\"@type\":\"Organization\",\"@id\":\"https:\/\/www.rimadesio.it\/it\/#organization\",\"name\":\"Rimadesio\",\"url\":\"https:\/\/www.rimadesio.it\/it\/\",\"logo\":{\"@type\":\"ImageObject\",\"inLanguage\":\"it-IT\",\"@id\":\"https:\/\/www.rimadesio.it\/it\/#\/schema\/logo\/image\/\",\"url\":\"https:\/\/static.rimadesio.it\/media\/2021\/08\/Logo.png\",\"contentUrl\":\"https:\/\/static.rimadesio.it\/media\/2021\/08\/Logo.png\",\"width\":102,\"height\":18,\"caption\":\"Rimadesio\"},\"image\":{\"@id\":\"https:\/\/www.rimadesio.it\/it\/#\/schema\/logo\/image\/\"}}]}<\/script>\n<!-- \/ Yoast SEO plugin. -->","yoast_head_json":{"title":"Register - Rimadesio","robots":{"index":"index","follow":"follow","max-snippet":"max-snippet:-1","max-image-preview":"max-image-preview:large","max-video-preview":"max-video-preview:-1"},"canonical":"https:\/\/www.rimadesio.it\/it\/register\/","og_locale":"it_IT","og_type":"article","og_title":"Register - Rimadesio","og_url":"https:\/\/www.rimadesio.it\/it\/register\/","og_site_name":"Rimadesio","article_modified_time":"2023-04-11T14:52:34+00:00","twitter_card":"summary_large_image","twitter_misc":{"Est. reading time":"1 minute"},"schema":{"@context":"https:\/\/schema.org","@graph":[{"@type":"WebPage","@id":"https:\/\/www.rimadesio.it\/it\/register\/","url":"https:\/\/www.rimadesio.it\/it\/register\/","name":"Register - Rimadesio","isPartOf":{"@id":"https:\/\/www.rimadesio.it\/it\/#website"},"datePublished":"2019-03-25T19:43:07+00:00","dateModified":"2023-04-11T14:52:34+00:00","breadcrumb":{"@id":"https:\/\/www.rimadesio.it\/it\/register\/#breadcrumb"},"inLanguage":"it-IT","potentialAction":[{"@type":"ReadAction","target":["https:\/\/www.rimadesio.it\/it\/register\/"]}]},{"@type":"BreadcrumbList","@id":"https:\/\/www.rimadesio.it\/it\/register\/#breadcrumb","itemListElement":[{"@type":"ListItem","position":1,"name":"Homepage","item":"https:\/\/www.rimadesio.it\/it\/"},{"@type":"ListItem","position":2,"name":"Register"}]},{"@type":"WebSite","@id":"https:\/\/www.rimadesio.it\/it\/#website","url":"https:\/\/www.rimadesio.it\/it\/","name":"Rimadesio","description":"Rimadesio official website","publisher":{"@id":"https:\/\/www.rimadesio.it\/it\/#organization"},"potentialAction":[{"@type":"SearchAction","target":{"@type":"EntryPoint","urlTemplate":"https:\/\/www.rimadesio.it\/it\/?s={search_term_string}"},"query-input":"required name=search_term_string"}],"inLanguage":"it-IT"},{"@type":"Organization","@id":"https:\/\/www.rimadesio.it\/it\/#organization","name":"Rimadesio","url":"https:\/\/www.rimadesio.it\/it\/","logo":{"@type":"ImageObject","inLanguage":"it-IT","@id":"https:\/\/www.rimadesio.it\/it\/#\/schema\/logo\/image\/","url":"https:\/\/static.rimadesio.it\/media\/2021\/08\/Logo.png","contentUrl":"https:\/\/static.rimadesio.it\/media\/2021\/08\/Logo.png","width":102,"height":18,"caption":"Rimadesio"},"image":{"@id":"https:\/\/www.rimadesio.it\/it\/#\/schema\/logo\/image\/"}}]}},"_links":{"self":[{"href":"https:\/\/www.rimadesio.it\/it\/wp-json\/wp\/v2\/pages\/14242"}],"collection":[{"href":"https:\/\/www.rimadesio.it\/it\/wp-json\/wp\/v2\/pages"}],"about":[{"href":"https:\/\/www.rimadesio.it\/it\/wp-json\/wp\/v2\/types\/page"}],"author":[{"embeddable":true,"href":"https:\/\/www.rimadesio.it\/it\/wp-json\/wp\/v2\/users\/64297"}],"replies":[{"embeddable":true,"href":"https:\/\/www.rimadesio.it\/it\/wp-json\/wp\/v2\/comments?post=14242"}],"version-history":[{"count":2,"href":"https:\/\/www.rimadesio.it\/it\/wp-json\/wp\/v2\/pages\/14242\/revisions"}],"predecessor-version":[{"id":142027,"href":"https:\/\/www.rimadesio.it\/it\/wp-json\/wp\/v2\/pages\/14242\/revisions\/142027"}],"wp:attachment":[{"href":"https:\/\/www.rimadesio.it\/it\/wp-json\/wp\/v2\/media?parent=14242"}],"curies":[{"name":"wp","href":"https:\/\/api.w.org\/{rel}","templated":true}]}}