{"id":171732,"date":"2026-04-20T08:33:30","date_gmt":"2026-04-20T06:33:30","guid":{"rendered":"https:\/\/www.rimadesio.it\/?post_type=product&#038;p=171732"},"modified":"2026-04-20T16:43:46","modified_gmt":"2026-04-20T14:43:46","slug":"self-blade","status":"publish","type":"product","link":"https:\/\/www.rimadesio.it\/fr\/product\/self-blade\/","title":{"rendered":"Self Blade"},"content":{"rendered":"<p>Self Blade r\u00e9interpr\u00e8te le syst\u00e8me modulable Self de Rimadesio \u00e0 travers un nouveau signe, essentiel et distinctif. Le cot\u00e9 en aluminium d\u00e9finit les compositions avec \u00e9l\u00e9gance et marque leur rythme visuel. La modularit\u00e9 s\u2019ouvre \u00e0 des configurations plus libres, entre \u00e9l\u00e9ments freestanding et volumes pos\u00e9s, dans un subtil \u00e9quilibre de pleins et vides. Le compartiment ouvert sous le plateau, \u00e9clair\u00e9, int\u00e8gre l\u2019\u00e9clairage comme partie du projet. Polyvalent pour les espaces jour comme nuit, le syst\u00e8me permet la libre composition de bahuts, bloc tiroirs et tables de chevet avec ou sans compartiment \u00e9clair\u00e9, pour des solutions toujours diff\u00e9rentes et personnalis\u00e9es.<\/p>\n","protected":false},"featured_media":0,"template":"","product_category":[413,417,412],"acf":[],"yoast_head":"<!-- This site is optimized with the Yoast SEO plugin v20.4 - https:\/\/yoast.com\/wordpress\/plugins\/seo\/ -->\n<title>Self Blade - Rimadesio<\/title>\n<meta name=\"description\" content=\"Self Blade r\u00e9interpr\u00e8te le syst\u00e8me modulable Self de Rimadesio \u00e0 travers un nouveau signe, essentiel et distinctif. Le cot\u00e9 en aluminium d\u00e9finit les\" \/>\n<meta name=\"robots\" content=\"index, follow, max-snippet:-1, max-image-preview:large, max-video-preview:-1\" \/>\n<link rel=\"canonical\" href=\"https:\/\/www.rimadesio.it\/fr\/product\/self-blade\/\" \/>\n<meta property=\"og:locale\" content=\"fr_FR\" \/>\n<meta property=\"og:type\" content=\"article\" \/>\n<meta property=\"og:title\" content=\"Self Blade - Rimadesio\" \/>\n<meta property=\"og:description\" content=\"Self Blade r\u00e9interpr\u00e8te le syst\u00e8me modulable Self de Rimadesio \u00e0 travers un nouveau signe, essentiel et distinctif. Le cot\u00e9 en aluminium d\u00e9finit les\" \/>\n<meta property=\"og:url\" content=\"https:\/\/www.rimadesio.it\/fr\/product\/self-blade\/\" \/>\n<meta property=\"og:site_name\" content=\"Rimadesio\" \/>\n<meta property=\"article:modified_time\" content=\"2026-04-20T14:43:46+00:00\" \/>\n<meta name=\"twitter:card\" content=\"summary_large_image\" \/>\n<meta name=\"twitter:label1\" content=\"Est. reading time\" \/>\n\t<meta name=\"twitter:data1\" content=\"1 minute\" \/>\n<script type=\"application\/ld+json\" class=\"yoast-schema-graph\">{\"@context\":\"https:\/\/schema.org\",\"@graph\":[{\"@type\":\"WebPage\",\"@id\":\"https:\/\/www.rimadesio.it\/fr\/product\/self-blade\/\",\"url\":\"https:\/\/www.rimadesio.it\/fr\/product\/self-blade\/\",\"name\":\"Self Blade - Rimadesio\",\"isPartOf\":{\"@id\":\"https:\/\/www.rimadesio.it\/fr\/#website\"},\"datePublished\":\"2026-04-20T06:33:30+00:00\",\"dateModified\":\"2026-04-20T14:43:46+00:00\",\"description\":\"Self Blade r\u00e9interpr\u00e8te le syst\u00e8me modulable Self de Rimadesio \u00e0 travers un nouveau signe, essentiel et distinctif. Le cot\u00e9 en aluminium d\u00e9finit les\",\"breadcrumb\":{\"@id\":\"https:\/\/www.rimadesio.it\/fr\/product\/self-blade\/#breadcrumb\"},\"inLanguage\":\"fr-FR\",\"potentialAction\":[{\"@type\":\"ReadAction\",\"target\":[\"https:\/\/www.rimadesio.it\/fr\/product\/self-blade\/\"]}]},{\"@type\":\"BreadcrumbList\",\"@id\":\"https:\/\/www.rimadesio.it\/fr\/product\/self-blade\/#breadcrumb\",\"itemListElement\":[{\"@type\":\"ListItem\",\"position\":1,\"name\":\"Homepage\",\"item\":\"https:\/\/www.rimadesio.it\/fr\/\"},{\"@type\":\"ListItem\",\"position\":2,\"name\":\"Produits\",\"item\":\"https:\/\/www.rimadesio.it\/fr\/product\/\"},{\"@type\":\"ListItem\",\"position\":3,\"name\":\"Syst\u00e8mes jour\",\"item\":\"https:\/\/www.rimadesio.it\/fr\/product-category\/systemes-jour\/\"},{\"@type\":\"ListItem\",\"position\":4,\"name\":\"Mobilier modulaire\",\"item\":\"https:\/\/www.rimadesio.it\/fr\/product-category\/systemes-jour\/systemes-composables\/\"},{\"@type\":\"ListItem\",\"position\":5,\"name\":\"Self Blade\"}]},{\"@type\":\"WebSite\",\"@id\":\"https:\/\/www.rimadesio.it\/fr\/#website\",\"url\":\"https:\/\/www.rimadesio.it\/fr\/\",\"name\":\"Rimadesio\",\"description\":\"Rimadesio official website\",\"publisher\":{\"@id\":\"https:\/\/www.rimadesio.it\/fr\/#organization\"},\"potentialAction\":[{\"@type\":\"SearchAction\",\"target\":{\"@type\":\"EntryPoint\",\"urlTemplate\":\"https:\/\/www.rimadesio.it\/fr\/?s={search_term_string}\"},\"query-input\":\"required name=search_term_string\"}],\"inLanguage\":\"fr-FR\"},{\"@type\":\"Organization\",\"@id\":\"https:\/\/www.rimadesio.it\/fr\/#organization\",\"name\":\"Rimadesio\",\"url\":\"https:\/\/www.rimadesio.it\/fr\/\",\"logo\":{\"@type\":\"ImageObject\",\"inLanguage\":\"fr-FR\",\"@id\":\"https:\/\/www.rimadesio.it\/fr\/#\/schema\/logo\/image\/\",\"url\":\"https:\/\/static.rimadesio.it\/media\/2021\/08\/Logo.png\",\"contentUrl\":\"https:\/\/static.rimadesio.it\/media\/2021\/08\/Logo.png\",\"width\":102,\"height\":18,\"caption\":\"Rimadesio\"},\"image\":{\"@id\":\"https:\/\/www.rimadesio.it\/fr\/#\/schema\/logo\/image\/\"}}]}<\/script>\n<!-- \/ Yoast SEO plugin. -->","yoast_head_json":{"title":"Self Blade - Rimadesio","description":"Self Blade r\u00e9interpr\u00e8te le syst\u00e8me modulable Self de Rimadesio \u00e0 travers un nouveau signe, essentiel et distinctif. Le cot\u00e9 en aluminium d\u00e9finit les","robots":{"index":"index","follow":"follow","max-snippet":"max-snippet:-1","max-image-preview":"max-image-preview:large","max-video-preview":"max-video-preview:-1"},"canonical":"https:\/\/www.rimadesio.it\/fr\/product\/self-blade\/","og_locale":"fr_FR","og_type":"article","og_title":"Self Blade - Rimadesio","og_description":"Self Blade r\u00e9interpr\u00e8te le syst\u00e8me modulable Self de Rimadesio \u00e0 travers un nouveau signe, essentiel et distinctif. Le cot\u00e9 en aluminium d\u00e9finit les","og_url":"https:\/\/www.rimadesio.it\/fr\/product\/self-blade\/","og_site_name":"Rimadesio","article_modified_time":"2026-04-20T14:43:46+00:00","twitter_card":"summary_large_image","twitter_misc":{"Est. reading time":"1 minute"},"schema":{"@context":"https:\/\/schema.org","@graph":[{"@type":"WebPage","@id":"https:\/\/www.rimadesio.it\/fr\/product\/self-blade\/","url":"https:\/\/www.rimadesio.it\/fr\/product\/self-blade\/","name":"Self Blade - Rimadesio","isPartOf":{"@id":"https:\/\/www.rimadesio.it\/fr\/#website"},"datePublished":"2026-04-20T06:33:30+00:00","dateModified":"2026-04-20T14:43:46+00:00","description":"Self Blade r\u00e9interpr\u00e8te le syst\u00e8me modulable Self de Rimadesio \u00e0 travers un nouveau signe, essentiel et distinctif. Le cot\u00e9 en aluminium d\u00e9finit les","breadcrumb":{"@id":"https:\/\/www.rimadesio.it\/fr\/product\/self-blade\/#breadcrumb"},"inLanguage":"fr-FR","potentialAction":[{"@type":"ReadAction","target":["https:\/\/www.rimadesio.it\/fr\/product\/self-blade\/"]}]},{"@type":"BreadcrumbList","@id":"https:\/\/www.rimadesio.it\/fr\/product\/self-blade\/#breadcrumb","itemListElement":[{"@type":"ListItem","position":1,"name":"Homepage","item":"https:\/\/www.rimadesio.it\/fr\/"},{"@type":"ListItem","position":2,"name":"Produits","item":"https:\/\/www.rimadesio.it\/fr\/product\/"},{"@type":"ListItem","position":3,"name":"Syst\u00e8mes jour","item":"https:\/\/www.rimadesio.it\/fr\/product-category\/systemes-jour\/"},{"@type":"ListItem","position":4,"name":"Mobilier modulaire","item":"https:\/\/www.rimadesio.it\/fr\/product-category\/systemes-jour\/systemes-composables\/"},{"@type":"ListItem","position":5,"name":"Self Blade"}]},{"@type":"WebSite","@id":"https:\/\/www.rimadesio.it\/fr\/#website","url":"https:\/\/www.rimadesio.it\/fr\/","name":"Rimadesio","description":"Rimadesio official website","publisher":{"@id":"https:\/\/www.rimadesio.it\/fr\/#organization"},"potentialAction":[{"@type":"SearchAction","target":{"@type":"EntryPoint","urlTemplate":"https:\/\/www.rimadesio.it\/fr\/?s={search_term_string}"},"query-input":"required name=search_term_string"}],"inLanguage":"fr-FR"},{"@type":"Organization","@id":"https:\/\/www.rimadesio.it\/fr\/#organization","name":"Rimadesio","url":"https:\/\/www.rimadesio.it\/fr\/","logo":{"@type":"ImageObject","inLanguage":"fr-FR","@id":"https:\/\/www.rimadesio.it\/fr\/#\/schema\/logo\/image\/","url":"https:\/\/static.rimadesio.it\/media\/2021\/08\/Logo.png","contentUrl":"https:\/\/static.rimadesio.it\/media\/2021\/08\/Logo.png","width":102,"height":18,"caption":"Rimadesio"},"image":{"@id":"https:\/\/www.rimadesio.it\/fr\/#\/schema\/logo\/image\/"}}]}},"_links":{"self":[{"href":"https:\/\/www.rimadesio.it\/fr\/wp-json\/wp\/v2\/product\/171732"}],"collection":[{"href":"https:\/\/www.rimadesio.it\/fr\/wp-json\/wp\/v2\/product"}],"about":[{"href":"https:\/\/www.rimadesio.it\/fr\/wp-json\/wp\/v2\/types\/product"}],"wp:attachment":[{"href":"https:\/\/www.rimadesio.it\/fr\/wp-json\/wp\/v2\/media?parent=171732"}],"wp:term":[{"taxonomy":"product_category","embeddable":true,"href":"https:\/\/www.rimadesio.it\/fr\/wp-json\/wp\/v2\/product_category?post=171732"}],"curies":[{"name":"wp","href":"https:\/\/api.w.org\/{rel}","templated":true}]}}