{"id":171670,"date":"2026-04-20T08:35:36","date_gmt":"2026-04-20T06:35:36","guid":{"rendered":"https:\/\/www.rimadesio.it\/?post_type=product&#038;p=171670"},"modified":"2026-04-20T14:09:41","modified_gmt":"2026-04-20T12:09:41","slug":"ori","status":"publish","type":"product","link":"https:\/\/www.rimadesio.it\/fr\/product\/ori\/","title":{"rendered":"Ori"},"content":{"rendered":"<p>Entre l\u00e9g\u00e8ret\u00e9 du trait et savoir-faire artisanal, Ori r\u00e9v\u00e8le la valeur d\u2019un travail du bois r\u00e9alis\u00e9 avec pr\u00e9cision et sensibilit\u00e9. La structure est le fruit d\u2019un travail d\u2019\u00e9b\u00e9nisterie minutieux: raccords et pon\u00e7ages r\u00e9alis\u00e9s artisanalement d\u00e9finissent des surfaces continues et des proportions \u00e9quilibr\u00e9es. Le dossier, un ruban de mati\u00e8re qui, en se courbant, dessine \u00e9galement les accoudoirs, exploite l\u2019\u00e9lasticit\u00e9 naturelle du bois. L\u2019assise, avec sangle \u00e9lastique, garantit un confort surprenant, comparable \u00e0 celui d\u2019un fauteuil. Deux interpr\u00e9tations: un fin coussin rembourr\u00e9 rev\u00eatu de cuir ou de tissu, ou bien un tressage en corde dessin\u00e9. Des lignes essentielles et des d\u00e9tails pr\u00e9cis d\u00e9finissent une pr\u00e9sence discr\u00e8te mais distinctive, en dialogue naturel avec l\u2019architecture contemporaine.<\/p>\n","protected":false},"featured_media":0,"template":"","product_category":[661,414],"acf":[],"yoast_head":"<!-- This site is optimized with the Yoast SEO plugin v20.4 - https:\/\/yoast.com\/wordpress\/plugins\/seo\/ -->\n<title>Ori - Rimadesio<\/title>\n<meta name=\"description\" content=\"Entre l\u00e9g\u00e8ret\u00e9 du trait et savoir-faire artisanal, Ori r\u00e9v\u00e8le la valeur d\u2019un travail du bois r\u00e9alis\u00e9 avec pr\u00e9cision et sensibilit\u00e9. La structure est le\" \/>\n<meta name=\"robots\" content=\"index, follow, max-snippet:-1, max-image-preview:large, max-video-preview:-1\" \/>\n<link rel=\"canonical\" href=\"https:\/\/www.rimadesio.it\/fr\/product\/ori\/\" \/>\n<meta property=\"og:locale\" content=\"fr_FR\" \/>\n<meta property=\"og:type\" content=\"article\" \/>\n<meta property=\"og:title\" content=\"Ori - Rimadesio\" \/>\n<meta property=\"og:description\" content=\"Entre l\u00e9g\u00e8ret\u00e9 du trait et savoir-faire artisanal, Ori r\u00e9v\u00e8le la valeur d\u2019un travail du bois r\u00e9alis\u00e9 avec pr\u00e9cision et sensibilit\u00e9. La structure est le\" \/>\n<meta property=\"og:url\" content=\"https:\/\/www.rimadesio.it\/fr\/product\/ori\/\" \/>\n<meta property=\"og:site_name\" content=\"Rimadesio\" \/>\n<meta property=\"article:modified_time\" content=\"2026-04-20T12:09:41+00:00\" \/>\n<meta name=\"twitter:card\" content=\"summary_large_image\" \/>\n<meta name=\"twitter:label1\" content=\"Est. reading time\" \/>\n\t<meta name=\"twitter:data1\" content=\"1 minute\" \/>\n<script type=\"application\/ld+json\" class=\"yoast-schema-graph\">{\"@context\":\"https:\/\/schema.org\",\"@graph\":[{\"@type\":\"WebPage\",\"@id\":\"https:\/\/www.rimadesio.it\/fr\/product\/ori\/\",\"url\":\"https:\/\/www.rimadesio.it\/fr\/product\/ori\/\",\"name\":\"Ori - Rimadesio\",\"isPartOf\":{\"@id\":\"https:\/\/www.rimadesio.it\/fr\/#website\"},\"datePublished\":\"2026-04-20T06:35:36+00:00\",\"dateModified\":\"2026-04-20T12:09:41+00:00\",\"description\":\"Entre l\u00e9g\u00e8ret\u00e9 du trait et savoir-faire artisanal, Ori r\u00e9v\u00e8le la valeur d\u2019un travail du bois r\u00e9alis\u00e9 avec pr\u00e9cision et sensibilit\u00e9. La structure est le\",\"breadcrumb\":{\"@id\":\"https:\/\/www.rimadesio.it\/fr\/product\/ori\/#breadcrumb\"},\"inLanguage\":\"fr-FR\",\"potentialAction\":[{\"@type\":\"ReadAction\",\"target\":[\"https:\/\/www.rimadesio.it\/fr\/product\/ori\/\"]}]},{\"@type\":\"BreadcrumbList\",\"@id\":\"https:\/\/www.rimadesio.it\/fr\/product\/ori\/#breadcrumb\",\"itemListElement\":[{\"@type\":\"ListItem\",\"position\":1,\"name\":\"Homepage\",\"item\":\"https:\/\/www.rimadesio.it\/fr\/\"},{\"@type\":\"ListItem\",\"position\":2,\"name\":\"Produits\",\"item\":\"https:\/\/www.rimadesio.it\/fr\/product\/\"},{\"@type\":\"ListItem\",\"position\":3,\"name\":\"Compl\u00e9ments d'ameublement\",\"item\":\"https:\/\/www.rimadesio.it\/fr\/product-category\/complements-dameublement\/\"},{\"@type\":\"ListItem\",\"position\":4,\"name\":\"Chaises\",\"item\":\"https:\/\/www.rimadesio.it\/fr\/product-category\/complements-dameublement\/chaises\/\"},{\"@type\":\"ListItem\",\"position\":5,\"name\":\"Ori\"}]},{\"@type\":\"WebSite\",\"@id\":\"https:\/\/www.rimadesio.it\/fr\/#website\",\"url\":\"https:\/\/www.rimadesio.it\/fr\/\",\"name\":\"Rimadesio\",\"description\":\"Rimadesio official website\",\"publisher\":{\"@id\":\"https:\/\/www.rimadesio.it\/fr\/#organization\"},\"potentialAction\":[{\"@type\":\"SearchAction\",\"target\":{\"@type\":\"EntryPoint\",\"urlTemplate\":\"https:\/\/www.rimadesio.it\/fr\/?s={search_term_string}\"},\"query-input\":\"required name=search_term_string\"}],\"inLanguage\":\"fr-FR\"},{\"@type\":\"Organization\",\"@id\":\"https:\/\/www.rimadesio.it\/fr\/#organization\",\"name\":\"Rimadesio\",\"url\":\"https:\/\/www.rimadesio.it\/fr\/\",\"logo\":{\"@type\":\"ImageObject\",\"inLanguage\":\"fr-FR\",\"@id\":\"https:\/\/www.rimadesio.it\/fr\/#\/schema\/logo\/image\/\",\"url\":\"https:\/\/static.rimadesio.it\/media\/2021\/08\/Logo.png\",\"contentUrl\":\"https:\/\/static.rimadesio.it\/media\/2021\/08\/Logo.png\",\"width\":102,\"height\":18,\"caption\":\"Rimadesio\"},\"image\":{\"@id\":\"https:\/\/www.rimadesio.it\/fr\/#\/schema\/logo\/image\/\"}}]}<\/script>\n<!-- \/ Yoast SEO plugin. -->","yoast_head_json":{"title":"Ori - Rimadesio","description":"Entre l\u00e9g\u00e8ret\u00e9 du trait et savoir-faire artisanal, Ori r\u00e9v\u00e8le la valeur d\u2019un travail du bois r\u00e9alis\u00e9 avec pr\u00e9cision et sensibilit\u00e9. La structure est le","robots":{"index":"index","follow":"follow","max-snippet":"max-snippet:-1","max-image-preview":"max-image-preview:large","max-video-preview":"max-video-preview:-1"},"canonical":"https:\/\/www.rimadesio.it\/fr\/product\/ori\/","og_locale":"fr_FR","og_type":"article","og_title":"Ori - Rimadesio","og_description":"Entre l\u00e9g\u00e8ret\u00e9 du trait et savoir-faire artisanal, Ori r\u00e9v\u00e8le la valeur d\u2019un travail du bois r\u00e9alis\u00e9 avec pr\u00e9cision et sensibilit\u00e9. La structure est le","og_url":"https:\/\/www.rimadesio.it\/fr\/product\/ori\/","og_site_name":"Rimadesio","article_modified_time":"2026-04-20T12:09:41+00:00","twitter_card":"summary_large_image","twitter_misc":{"Est. reading time":"1 minute"},"schema":{"@context":"https:\/\/schema.org","@graph":[{"@type":"WebPage","@id":"https:\/\/www.rimadesio.it\/fr\/product\/ori\/","url":"https:\/\/www.rimadesio.it\/fr\/product\/ori\/","name":"Ori - Rimadesio","isPartOf":{"@id":"https:\/\/www.rimadesio.it\/fr\/#website"},"datePublished":"2026-04-20T06:35:36+00:00","dateModified":"2026-04-20T12:09:41+00:00","description":"Entre l\u00e9g\u00e8ret\u00e9 du trait et savoir-faire artisanal, Ori r\u00e9v\u00e8le la valeur d\u2019un travail du bois r\u00e9alis\u00e9 avec pr\u00e9cision et sensibilit\u00e9. La structure est le","breadcrumb":{"@id":"https:\/\/www.rimadesio.it\/fr\/product\/ori\/#breadcrumb"},"inLanguage":"fr-FR","potentialAction":[{"@type":"ReadAction","target":["https:\/\/www.rimadesio.it\/fr\/product\/ori\/"]}]},{"@type":"BreadcrumbList","@id":"https:\/\/www.rimadesio.it\/fr\/product\/ori\/#breadcrumb","itemListElement":[{"@type":"ListItem","position":1,"name":"Homepage","item":"https:\/\/www.rimadesio.it\/fr\/"},{"@type":"ListItem","position":2,"name":"Produits","item":"https:\/\/www.rimadesio.it\/fr\/product\/"},{"@type":"ListItem","position":3,"name":"Compl\u00e9ments d'ameublement","item":"https:\/\/www.rimadesio.it\/fr\/product-category\/complements-dameublement\/"},{"@type":"ListItem","position":4,"name":"Chaises","item":"https:\/\/www.rimadesio.it\/fr\/product-category\/complements-dameublement\/chaises\/"},{"@type":"ListItem","position":5,"name":"Ori"}]},{"@type":"WebSite","@id":"https:\/\/www.rimadesio.it\/fr\/#website","url":"https:\/\/www.rimadesio.it\/fr\/","name":"Rimadesio","description":"Rimadesio official website","publisher":{"@id":"https:\/\/www.rimadesio.it\/fr\/#organization"},"potentialAction":[{"@type":"SearchAction","target":{"@type":"EntryPoint","urlTemplate":"https:\/\/www.rimadesio.it\/fr\/?s={search_term_string}"},"query-input":"required name=search_term_string"}],"inLanguage":"fr-FR"},{"@type":"Organization","@id":"https:\/\/www.rimadesio.it\/fr\/#organization","name":"Rimadesio","url":"https:\/\/www.rimadesio.it\/fr\/","logo":{"@type":"ImageObject","inLanguage":"fr-FR","@id":"https:\/\/www.rimadesio.it\/fr\/#\/schema\/logo\/image\/","url":"https:\/\/static.rimadesio.it\/media\/2021\/08\/Logo.png","contentUrl":"https:\/\/static.rimadesio.it\/media\/2021\/08\/Logo.png","width":102,"height":18,"caption":"Rimadesio"},"image":{"@id":"https:\/\/www.rimadesio.it\/fr\/#\/schema\/logo\/image\/"}}]}},"_links":{"self":[{"href":"https:\/\/www.rimadesio.it\/fr\/wp-json\/wp\/v2\/product\/171670"}],"collection":[{"href":"https:\/\/www.rimadesio.it\/fr\/wp-json\/wp\/v2\/product"}],"about":[{"href":"https:\/\/www.rimadesio.it\/fr\/wp-json\/wp\/v2\/types\/product"}],"wp:attachment":[{"href":"https:\/\/www.rimadesio.it\/fr\/wp-json\/wp\/v2\/media?parent=171670"}],"wp:term":[{"taxonomy":"product_category","embeddable":true,"href":"https:\/\/www.rimadesio.it\/fr\/wp-json\/wp\/v2\/product_category?post=171670"}],"curies":[{"name":"wp","href":"https:\/\/api.w.org\/{rel}","templated":true}]}}