{"id":171569,"date":"2026-04-20T08:34:53","date_gmt":"2026-04-20T06:34:53","guid":{"rendered":"https:\/\/www.rimadesio.it\/?post_type=product&#038;p=171569"},"modified":"2026-04-20T14:06:41","modified_gmt":"2026-04-20T12:06:41","slug":"ascot","status":"publish","type":"product","link":"https:\/\/www.rimadesio.it\/fr\/product\/ascot\/","title":{"rendered":"ASCOT"},"content":{"rendered":"<p>Ascot interpr\u00e8te le fauteuil lounge comme une synth\u00e8se entre rigueur de conception et culture artisanale. La structure en bois poli, sinueuse et parfaitement proportionn\u00e9e, revisite l\u2019\u00e9l\u00e9gance typique des assises nordiques en combinant l\u00e9g\u00e8ret\u00e9 visuelle et solidit\u00e9 constructive. La coque suspendue en cuir, tendue sur les tiges du dossier et soutenue afin d\u2019en am\u00e9liorer sa capacit\u00e9 portante, devient une partie active de la structure, tandis que le coussin en cuir souple en amplifie son confort. Les coutures contrast\u00e9es et les inserts rembourr\u00e9s des accoudoirs conf\u00e8rent un niveau suppl\u00e9mentaire de raffinement. Ascot souligne avec coh\u00e9rence les qualit\u00e9s distinctives de la collection, en dialoguant avec des environnements caract\u00e9ris\u00e9s par les finitions Rimadesio et en contribuant \u00e0 l\u2019\u00e9quilibre global de l\u2019espace.<\/p>\n","protected":false},"featured_media":0,"template":"","product_category":[667,414],"acf":[],"yoast_head":"<!-- This site is optimized with the Yoast SEO plugin v20.4 - https:\/\/yoast.com\/wordpress\/plugins\/seo\/ -->\n<title>ASCOT - Rimadesio<\/title>\n<meta name=\"description\" content=\"Ascot interpr\u00e8te le fauteuil lounge comme une synth\u00e8se entre rigueur de conception et culture artisanale. La structure en bois poli, sinueuse et\" \/>\n<meta name=\"robots\" content=\"index, follow, max-snippet:-1, max-image-preview:large, max-video-preview:-1\" \/>\n<link rel=\"canonical\" href=\"https:\/\/www.rimadesio.it\/fr\/product\/ascot\/\" \/>\n<meta property=\"og:locale\" content=\"fr_FR\" \/>\n<meta property=\"og:type\" content=\"article\" \/>\n<meta property=\"og:title\" content=\"ASCOT - Rimadesio\" \/>\n<meta property=\"og:description\" content=\"Ascot interpr\u00e8te le fauteuil lounge comme une synth\u00e8se entre rigueur de conception et culture artisanale. La structure en bois poli, sinueuse et\" \/>\n<meta property=\"og:url\" content=\"https:\/\/www.rimadesio.it\/fr\/product\/ascot\/\" \/>\n<meta property=\"og:site_name\" content=\"Rimadesio\" \/>\n<meta property=\"article:modified_time\" content=\"2026-04-20T12:06:41+00:00\" \/>\n<meta name=\"twitter:card\" content=\"summary_large_image\" \/>\n<meta name=\"twitter:label1\" content=\"Est. reading time\" \/>\n\t<meta name=\"twitter:data1\" content=\"1 minute\" \/>\n<script type=\"application\/ld+json\" class=\"yoast-schema-graph\">{\"@context\":\"https:\/\/schema.org\",\"@graph\":[{\"@type\":\"WebPage\",\"@id\":\"https:\/\/www.rimadesio.it\/fr\/product\/ascot\/\",\"url\":\"https:\/\/www.rimadesio.it\/fr\/product\/ascot\/\",\"name\":\"ASCOT - Rimadesio\",\"isPartOf\":{\"@id\":\"https:\/\/www.rimadesio.it\/fr\/#website\"},\"datePublished\":\"2026-04-20T06:34:53+00:00\",\"dateModified\":\"2026-04-20T12:06:41+00:00\",\"description\":\"Ascot interpr\u00e8te le fauteuil lounge comme une synth\u00e8se entre rigueur de conception et culture artisanale. La structure en bois poli, sinueuse et\",\"breadcrumb\":{\"@id\":\"https:\/\/www.rimadesio.it\/fr\/product\/ascot\/#breadcrumb\"},\"inLanguage\":\"fr-FR\",\"potentialAction\":[{\"@type\":\"ReadAction\",\"target\":[\"https:\/\/www.rimadesio.it\/fr\/product\/ascot\/\"]}]},{\"@type\":\"BreadcrumbList\",\"@id\":\"https:\/\/www.rimadesio.it\/fr\/product\/ascot\/#breadcrumb\",\"itemListElement\":[{\"@type\":\"ListItem\",\"position\":1,\"name\":\"Homepage\",\"item\":\"https:\/\/www.rimadesio.it\/fr\/\"},{\"@type\":\"ListItem\",\"position\":2,\"name\":\"Produits\",\"item\":\"https:\/\/www.rimadesio.it\/fr\/product\/\"},{\"@type\":\"ListItem\",\"position\":3,\"name\":\"Compl\u00e9ments d'ameublement\",\"item\":\"https:\/\/www.rimadesio.it\/fr\/product-category\/complements-dameublement\/\"},{\"@type\":\"ListItem\",\"position\":4,\"name\":\"Fauteuils\",\"item\":\"https:\/\/www.rimadesio.it\/fr\/product-category\/complements-dameublement\/fauteuils\/\"},{\"@type\":\"ListItem\",\"position\":5,\"name\":\"ASCOT\"}]},{\"@type\":\"WebSite\",\"@id\":\"https:\/\/www.rimadesio.it\/fr\/#website\",\"url\":\"https:\/\/www.rimadesio.it\/fr\/\",\"name\":\"Rimadesio\",\"description\":\"Rimadesio official website\",\"publisher\":{\"@id\":\"https:\/\/www.rimadesio.it\/fr\/#organization\"},\"potentialAction\":[{\"@type\":\"SearchAction\",\"target\":{\"@type\":\"EntryPoint\",\"urlTemplate\":\"https:\/\/www.rimadesio.it\/fr\/?s={search_term_string}\"},\"query-input\":\"required name=search_term_string\"}],\"inLanguage\":\"fr-FR\"},{\"@type\":\"Organization\",\"@id\":\"https:\/\/www.rimadesio.it\/fr\/#organization\",\"name\":\"Rimadesio\",\"url\":\"https:\/\/www.rimadesio.it\/fr\/\",\"logo\":{\"@type\":\"ImageObject\",\"inLanguage\":\"fr-FR\",\"@id\":\"https:\/\/www.rimadesio.it\/fr\/#\/schema\/logo\/image\/\",\"url\":\"https:\/\/static.rimadesio.it\/media\/2021\/08\/Logo.png\",\"contentUrl\":\"https:\/\/static.rimadesio.it\/media\/2021\/08\/Logo.png\",\"width\":102,\"height\":18,\"caption\":\"Rimadesio\"},\"image\":{\"@id\":\"https:\/\/www.rimadesio.it\/fr\/#\/schema\/logo\/image\/\"}}]}<\/script>\n<!-- \/ Yoast SEO plugin. -->","yoast_head_json":{"title":"ASCOT - Rimadesio","description":"Ascot interpr\u00e8te le fauteuil lounge comme une synth\u00e8se entre rigueur de conception et culture artisanale. La structure en bois poli, sinueuse et","robots":{"index":"index","follow":"follow","max-snippet":"max-snippet:-1","max-image-preview":"max-image-preview:large","max-video-preview":"max-video-preview:-1"},"canonical":"https:\/\/www.rimadesio.it\/fr\/product\/ascot\/","og_locale":"fr_FR","og_type":"article","og_title":"ASCOT - Rimadesio","og_description":"Ascot interpr\u00e8te le fauteuil lounge comme une synth\u00e8se entre rigueur de conception et culture artisanale. La structure en bois poli, sinueuse et","og_url":"https:\/\/www.rimadesio.it\/fr\/product\/ascot\/","og_site_name":"Rimadesio","article_modified_time":"2026-04-20T12:06:41+00:00","twitter_card":"summary_large_image","twitter_misc":{"Est. reading time":"1 minute"},"schema":{"@context":"https:\/\/schema.org","@graph":[{"@type":"WebPage","@id":"https:\/\/www.rimadesio.it\/fr\/product\/ascot\/","url":"https:\/\/www.rimadesio.it\/fr\/product\/ascot\/","name":"ASCOT - Rimadesio","isPartOf":{"@id":"https:\/\/www.rimadesio.it\/fr\/#website"},"datePublished":"2026-04-20T06:34:53+00:00","dateModified":"2026-04-20T12:06:41+00:00","description":"Ascot interpr\u00e8te le fauteuil lounge comme une synth\u00e8se entre rigueur de conception et culture artisanale. La structure en bois poli, sinueuse et","breadcrumb":{"@id":"https:\/\/www.rimadesio.it\/fr\/product\/ascot\/#breadcrumb"},"inLanguage":"fr-FR","potentialAction":[{"@type":"ReadAction","target":["https:\/\/www.rimadesio.it\/fr\/product\/ascot\/"]}]},{"@type":"BreadcrumbList","@id":"https:\/\/www.rimadesio.it\/fr\/product\/ascot\/#breadcrumb","itemListElement":[{"@type":"ListItem","position":1,"name":"Homepage","item":"https:\/\/www.rimadesio.it\/fr\/"},{"@type":"ListItem","position":2,"name":"Produits","item":"https:\/\/www.rimadesio.it\/fr\/product\/"},{"@type":"ListItem","position":3,"name":"Compl\u00e9ments d'ameublement","item":"https:\/\/www.rimadesio.it\/fr\/product-category\/complements-dameublement\/"},{"@type":"ListItem","position":4,"name":"Fauteuils","item":"https:\/\/www.rimadesio.it\/fr\/product-category\/complements-dameublement\/fauteuils\/"},{"@type":"ListItem","position":5,"name":"ASCOT"}]},{"@type":"WebSite","@id":"https:\/\/www.rimadesio.it\/fr\/#website","url":"https:\/\/www.rimadesio.it\/fr\/","name":"Rimadesio","description":"Rimadesio official website","publisher":{"@id":"https:\/\/www.rimadesio.it\/fr\/#organization"},"potentialAction":[{"@type":"SearchAction","target":{"@type":"EntryPoint","urlTemplate":"https:\/\/www.rimadesio.it\/fr\/?s={search_term_string}"},"query-input":"required name=search_term_string"}],"inLanguage":"fr-FR"},{"@type":"Organization","@id":"https:\/\/www.rimadesio.it\/fr\/#organization","name":"Rimadesio","url":"https:\/\/www.rimadesio.it\/fr\/","logo":{"@type":"ImageObject","inLanguage":"fr-FR","@id":"https:\/\/www.rimadesio.it\/fr\/#\/schema\/logo\/image\/","url":"https:\/\/static.rimadesio.it\/media\/2021\/08\/Logo.png","contentUrl":"https:\/\/static.rimadesio.it\/media\/2021\/08\/Logo.png","width":102,"height":18,"caption":"Rimadesio"},"image":{"@id":"https:\/\/www.rimadesio.it\/fr\/#\/schema\/logo\/image\/"}}]}},"_links":{"self":[{"href":"https:\/\/www.rimadesio.it\/fr\/wp-json\/wp\/v2\/product\/171569"}],"collection":[{"href":"https:\/\/www.rimadesio.it\/fr\/wp-json\/wp\/v2\/product"}],"about":[{"href":"https:\/\/www.rimadesio.it\/fr\/wp-json\/wp\/v2\/types\/product"}],"wp:attachment":[{"href":"https:\/\/www.rimadesio.it\/fr\/wp-json\/wp\/v2\/media?parent=171569"}],"wp:term":[{"taxonomy":"product_category","embeddable":true,"href":"https:\/\/www.rimadesio.it\/fr\/wp-json\/wp\/v2\/product_category?post=171569"}],"curies":[{"name":"wp","href":"https:\/\/api.w.org\/{rel}","templated":true}]}}