{"id":171501,"date":"2026-04-20T08:37:03","date_gmt":"2026-04-20T06:37:03","guid":{"rendered":"https:\/\/www.rimadesio.it\/?post_type=product&#038;p=171501"},"modified":"2026-04-21T09:54:23","modified_gmt":"2026-04-21T07:54:23","slug":"air-syncro","status":"publish","type":"product","link":"https:\/\/www.rimadesio.it\/fr\/product\/air-syncro\/","title":{"rendered":"AIR"},"content":{"rendered":"<p>Le syst\u00e8me de portes Air se d\u00e9cline en deux versions : coulissantes sur rail Rimadesio et Syncro. Air coulissante est un panneau coulissant qui se distingue par une esth\u00e9tique \u00e9pur\u00e9e et un mouvement fluide, tandis qu\u2019Air Syncro est dot\u00e9e d\u2019un m\u00e9canisme permettant le d\u00e9placement synchronis\u00e9 et simultan\u00e9 de tous les panneaux. D\u00e9pourvus de pivot au sol, les panneaux coulissent avec pr\u00e9cision et fluidit\u00e9 dans les deux sens, jusqu\u2019\u00e0 se superposer parfaitement.<\/p>\n","protected":false},"featured_media":0,"template":"","product_category":[721,424,425],"acf":[],"yoast_head":"<!-- This site is optimized with the Yoast SEO plugin v20.4 - https:\/\/yoast.com\/wordpress\/plugins\/seo\/ -->\n<title>AIR - Rimadesio<\/title>\n<meta name=\"description\" content=\"Le syst\u00e8me de portes Air se d\u00e9cline en deux versions : coulissantes sur rail Rimadesio et Syncro. Air coulissante est un panneau coulissant qui se\" \/>\n<meta name=\"robots\" content=\"index, follow, max-snippet:-1, max-image-preview:large, max-video-preview:-1\" \/>\n<link rel=\"canonical\" href=\"https:\/\/www.rimadesio.it\/fr\/product\/air-syncro\/\" \/>\n<meta property=\"og:locale\" content=\"fr_FR\" \/>\n<meta property=\"og:type\" content=\"article\" \/>\n<meta property=\"og:title\" content=\"AIR - Rimadesio\" \/>\n<meta property=\"og:description\" content=\"Le syst\u00e8me de portes Air se d\u00e9cline en deux versions : coulissantes sur rail Rimadesio et Syncro. Air coulissante est un panneau coulissant qui se\" \/>\n<meta property=\"og:url\" content=\"https:\/\/www.rimadesio.it\/fr\/product\/air-syncro\/\" \/>\n<meta property=\"og:site_name\" content=\"Rimadesio\" \/>\n<meta property=\"article:modified_time\" content=\"2026-04-21T07:54:23+00:00\" \/>\n<meta name=\"twitter:card\" content=\"summary_large_image\" \/>\n<script type=\"application\/ld+json\" class=\"yoast-schema-graph\">{\"@context\":\"https:\/\/schema.org\",\"@graph\":[{\"@type\":\"WebPage\",\"@id\":\"https:\/\/www.rimadesio.it\/fr\/product\/air-syncro\/\",\"url\":\"https:\/\/www.rimadesio.it\/fr\/product\/air-syncro\/\",\"name\":\"AIR - Rimadesio\",\"isPartOf\":{\"@id\":\"https:\/\/www.rimadesio.it\/fr\/#website\"},\"datePublished\":\"2026-04-20T06:37:03+00:00\",\"dateModified\":\"2026-04-21T07:54:23+00:00\",\"description\":\"Le syst\u00e8me de portes Air se d\u00e9cline en deux versions : coulissantes sur rail Rimadesio et Syncro. Air coulissante est un panneau coulissant qui se\",\"breadcrumb\":{\"@id\":\"https:\/\/www.rimadesio.it\/fr\/product\/air-syncro\/#breadcrumb\"},\"inLanguage\":\"fr-FR\",\"potentialAction\":[{\"@type\":\"ReadAction\",\"target\":[\"https:\/\/www.rimadesio.it\/fr\/product\/air-syncro\/\"]}]},{\"@type\":\"BreadcrumbList\",\"@id\":\"https:\/\/www.rimadesio.it\/fr\/product\/air-syncro\/#breadcrumb\",\"itemListElement\":[{\"@type\":\"ListItem\",\"position\":1,\"name\":\"Homepage\",\"item\":\"https:\/\/www.rimadesio.it\/fr\/\"},{\"@type\":\"ListItem\",\"position\":2,\"name\":\"Produits\",\"item\":\"https:\/\/www.rimadesio.it\/fr\/product\/\"},{\"@type\":\"ListItem\",\"position\":3,\"name\":\"AIR\"}]},{\"@type\":\"WebSite\",\"@id\":\"https:\/\/www.rimadesio.it\/fr\/#website\",\"url\":\"https:\/\/www.rimadesio.it\/fr\/\",\"name\":\"Rimadesio\",\"description\":\"Rimadesio official website\",\"publisher\":{\"@id\":\"https:\/\/www.rimadesio.it\/fr\/#organization\"},\"potentialAction\":[{\"@type\":\"SearchAction\",\"target\":{\"@type\":\"EntryPoint\",\"urlTemplate\":\"https:\/\/www.rimadesio.it\/fr\/?s={search_term_string}\"},\"query-input\":\"required name=search_term_string\"}],\"inLanguage\":\"fr-FR\"},{\"@type\":\"Organization\",\"@id\":\"https:\/\/www.rimadesio.it\/fr\/#organization\",\"name\":\"Rimadesio\",\"url\":\"https:\/\/www.rimadesio.it\/fr\/\",\"logo\":{\"@type\":\"ImageObject\",\"inLanguage\":\"fr-FR\",\"@id\":\"https:\/\/www.rimadesio.it\/fr\/#\/schema\/logo\/image\/\",\"url\":\"https:\/\/static.rimadesio.it\/media\/2021\/08\/Logo.png\",\"contentUrl\":\"https:\/\/static.rimadesio.it\/media\/2021\/08\/Logo.png\",\"width\":102,\"height\":18,\"caption\":\"Rimadesio\"},\"image\":{\"@id\":\"https:\/\/www.rimadesio.it\/fr\/#\/schema\/logo\/image\/\"}}]}<\/script>\n<!-- \/ Yoast SEO plugin. -->","yoast_head_json":{"title":"AIR - Rimadesio","description":"Le syst\u00e8me de portes Air se d\u00e9cline en deux versions : coulissantes sur rail Rimadesio et Syncro. Air coulissante est un panneau coulissant qui se","robots":{"index":"index","follow":"follow","max-snippet":"max-snippet:-1","max-image-preview":"max-image-preview:large","max-video-preview":"max-video-preview:-1"},"canonical":"https:\/\/www.rimadesio.it\/fr\/product\/air-syncro\/","og_locale":"fr_FR","og_type":"article","og_title":"AIR - Rimadesio","og_description":"Le syst\u00e8me de portes Air se d\u00e9cline en deux versions : coulissantes sur rail Rimadesio et Syncro. Air coulissante est un panneau coulissant qui se","og_url":"https:\/\/www.rimadesio.it\/fr\/product\/air-syncro\/","og_site_name":"Rimadesio","article_modified_time":"2026-04-21T07:54:23+00:00","twitter_card":"summary_large_image","schema":{"@context":"https:\/\/schema.org","@graph":[{"@type":"WebPage","@id":"https:\/\/www.rimadesio.it\/fr\/product\/air-syncro\/","url":"https:\/\/www.rimadesio.it\/fr\/product\/air-syncro\/","name":"AIR - Rimadesio","isPartOf":{"@id":"https:\/\/www.rimadesio.it\/fr\/#website"},"datePublished":"2026-04-20T06:37:03+00:00","dateModified":"2026-04-21T07:54:23+00:00","description":"Le syst\u00e8me de portes Air se d\u00e9cline en deux versions : coulissantes sur rail Rimadesio et Syncro. Air coulissante est un panneau coulissant qui se","breadcrumb":{"@id":"https:\/\/www.rimadesio.it\/fr\/product\/air-syncro\/#breadcrumb"},"inLanguage":"fr-FR","potentialAction":[{"@type":"ReadAction","target":["https:\/\/www.rimadesio.it\/fr\/product\/air-syncro\/"]}]},{"@type":"BreadcrumbList","@id":"https:\/\/www.rimadesio.it\/fr\/product\/air-syncro\/#breadcrumb","itemListElement":[{"@type":"ListItem","position":1,"name":"Homepage","item":"https:\/\/www.rimadesio.it\/fr\/"},{"@type":"ListItem","position":2,"name":"Produits","item":"https:\/\/www.rimadesio.it\/fr\/product\/"},{"@type":"ListItem","position":3,"name":"AIR"}]},{"@type":"WebSite","@id":"https:\/\/www.rimadesio.it\/fr\/#website","url":"https:\/\/www.rimadesio.it\/fr\/","name":"Rimadesio","description":"Rimadesio official website","publisher":{"@id":"https:\/\/www.rimadesio.it\/fr\/#organization"},"potentialAction":[{"@type":"SearchAction","target":{"@type":"EntryPoint","urlTemplate":"https:\/\/www.rimadesio.it\/fr\/?s={search_term_string}"},"query-input":"required name=search_term_string"}],"inLanguage":"fr-FR"},{"@type":"Organization","@id":"https:\/\/www.rimadesio.it\/fr\/#organization","name":"Rimadesio","url":"https:\/\/www.rimadesio.it\/fr\/","logo":{"@type":"ImageObject","inLanguage":"fr-FR","@id":"https:\/\/www.rimadesio.it\/fr\/#\/schema\/logo\/image\/","url":"https:\/\/static.rimadesio.it\/media\/2021\/08\/Logo.png","contentUrl":"https:\/\/static.rimadesio.it\/media\/2021\/08\/Logo.png","width":102,"height":18,"caption":"Rimadesio"},"image":{"@id":"https:\/\/www.rimadesio.it\/fr\/#\/schema\/logo\/image\/"}}]}},"_links":{"self":[{"href":"https:\/\/www.rimadesio.it\/fr\/wp-json\/wp\/v2\/product\/171501"}],"collection":[{"href":"https:\/\/www.rimadesio.it\/fr\/wp-json\/wp\/v2\/product"}],"about":[{"href":"https:\/\/www.rimadesio.it\/fr\/wp-json\/wp\/v2\/types\/product"}],"wp:attachment":[{"href":"https:\/\/www.rimadesio.it\/fr\/wp-json\/wp\/v2\/media?parent=171501"}],"wp:term":[{"taxonomy":"product_category","embeddable":true,"href":"https:\/\/www.rimadesio.it\/fr\/wp-json\/wp\/v2\/product_category?post=171501"}],"curies":[{"name":"wp","href":"https:\/\/api.w.org\/{rel}","templated":true}]}}