{"id":171096,"date":"2026-03-02T08:33:36","date_gmt":"2026-03-02T07:33:36","guid":{"rendered":"https:\/\/www.rimadesio.it\/product\/hedon\/"},"modified":"2026-04-15T09:38:04","modified_gmt":"2026-04-15T07:38:04","slug":"hedon","status":"publish","type":"product","link":"https:\/\/www.rimadesio.it\/fr\/product\/hedon\/","title":{"rendered":"Hedon"},"content":{"rendered":"<p>Avec Hedon, le dressing d\u00e9passe l&#8217;aspect fonctionnel pour rev\u00eatir toutes les qualit\u00e9s esth\u00e9tiques d&#8217;un espace protagoniste de la maison. Caract\u00e9ris\u00e9 par des \u00e9l\u00e9ments horizontaux d&#8217;\u00e9paisseur minimale et par le style raffin\u00e9 de chaque d\u00e9tail, Hedon associe une grande vari\u00e9t\u00e9 de combinaisons de rangements et d&#8217;accessoires aux avantages d&#8217;un projet toujours sur mesure. Design Giuseppe Bavuso.<\/p>\n","protected":false},"featured_media":0,"template":"","product_category":[418,402],"acf":[],"yoast_head":"<!-- This site is optimized with the Yoast SEO plugin v20.4 - https:\/\/yoast.com\/wordpress\/plugins\/seo\/ -->\n<title>Hedon - Rimadesio<\/title>\n<meta name=\"description\" content=\"Avec Hedon, le dressing d\u00e9passe l&#039;aspect fonctionnel pour rev\u00eatir toutes les qualit\u00e9s esth\u00e9tiques d&#039;un espace protagoniste de la maison. Caract\u00e9ris\u00e9 par\" \/>\n<meta name=\"robots\" content=\"index, follow, max-snippet:-1, max-image-preview:large, max-video-preview:-1\" \/>\n<link rel=\"canonical\" href=\"https:\/\/www.rimadesio.it\/fr\/product\/hedon\/\" \/>\n<meta property=\"og:locale\" content=\"fr_FR\" \/>\n<meta property=\"og:type\" content=\"article\" \/>\n<meta property=\"og:title\" content=\"Hedon - Rimadesio\" \/>\n<meta property=\"og:description\" content=\"Avec Hedon, le dressing d\u00e9passe l&#039;aspect fonctionnel pour rev\u00eatir toutes les qualit\u00e9s esth\u00e9tiques d&#039;un espace protagoniste de la maison. Caract\u00e9ris\u00e9 par\" \/>\n<meta property=\"og:url\" content=\"https:\/\/www.rimadesio.it\/fr\/product\/hedon\/\" \/>\n<meta property=\"og:site_name\" content=\"Rimadesio\" \/>\n<meta property=\"article:modified_time\" content=\"2026-04-15T07:38:04+00:00\" \/>\n<meta name=\"twitter:card\" content=\"summary_large_image\" \/>\n<script type=\"application\/ld+json\" class=\"yoast-schema-graph\">{\"@context\":\"https:\/\/schema.org\",\"@graph\":[{\"@type\":\"WebPage\",\"@id\":\"https:\/\/www.rimadesio.it\/fr\/product\/hedon\/\",\"url\":\"https:\/\/www.rimadesio.it\/fr\/product\/hedon\/\",\"name\":\"Hedon - Rimadesio\",\"isPartOf\":{\"@id\":\"https:\/\/www.rimadesio.it\/fr\/#website\"},\"datePublished\":\"2026-03-02T07:33:36+00:00\",\"dateModified\":\"2026-04-15T07:38:04+00:00\",\"description\":\"Avec Hedon, le dressing d\u00e9passe l'aspect fonctionnel pour rev\u00eatir toutes les qualit\u00e9s esth\u00e9tiques d'un espace protagoniste de la maison. Caract\u00e9ris\u00e9 par\",\"breadcrumb\":{\"@id\":\"https:\/\/www.rimadesio.it\/fr\/product\/hedon\/#breadcrumb\"},\"inLanguage\":\"fr-FR\",\"potentialAction\":[{\"@type\":\"ReadAction\",\"target\":[\"https:\/\/www.rimadesio.it\/fr\/product\/hedon\/\"]}]},{\"@type\":\"BreadcrumbList\",\"@id\":\"https:\/\/www.rimadesio.it\/fr\/product\/hedon\/#breadcrumb\",\"itemListElement\":[{\"@type\":\"ListItem\",\"position\":1,\"name\":\"Homepage\",\"item\":\"https:\/\/www.rimadesio.it\/fr\/\"},{\"@type\":\"ListItem\",\"position\":2,\"name\":\"Produits\",\"item\":\"https:\/\/www.rimadesio.it\/fr\/product\/\"},{\"@type\":\"ListItem\",\"position\":3,\"name\":\"Syst\u00e8mes nuit\",\"item\":\"https:\/\/www.rimadesio.it\/fr\/product-category\/systemes-nuit\/\"},{\"@type\":\"ListItem\",\"position\":4,\"name\":\"Dressings\",\"item\":\"https:\/\/www.rimadesio.it\/fr\/product-category\/systemes-nuit\/cabines-armoire\/\"},{\"@type\":\"ListItem\",\"position\":5,\"name\":\"Hedon\"}]},{\"@type\":\"WebSite\",\"@id\":\"https:\/\/www.rimadesio.it\/fr\/#website\",\"url\":\"https:\/\/www.rimadesio.it\/fr\/\",\"name\":\"Rimadesio\",\"description\":\"Rimadesio official website\",\"publisher\":{\"@id\":\"https:\/\/www.rimadesio.it\/fr\/#organization\"},\"potentialAction\":[{\"@type\":\"SearchAction\",\"target\":{\"@type\":\"EntryPoint\",\"urlTemplate\":\"https:\/\/www.rimadesio.it\/fr\/?s={search_term_string}\"},\"query-input\":\"required name=search_term_string\"}],\"inLanguage\":\"fr-FR\"},{\"@type\":\"Organization\",\"@id\":\"https:\/\/www.rimadesio.it\/fr\/#organization\",\"name\":\"Rimadesio\",\"url\":\"https:\/\/www.rimadesio.it\/fr\/\",\"logo\":{\"@type\":\"ImageObject\",\"inLanguage\":\"fr-FR\",\"@id\":\"https:\/\/www.rimadesio.it\/fr\/#\/schema\/logo\/image\/\",\"url\":\"https:\/\/static.rimadesio.it\/media\/2021\/08\/Logo.png\",\"contentUrl\":\"https:\/\/static.rimadesio.it\/media\/2021\/08\/Logo.png\",\"width\":102,\"height\":18,\"caption\":\"Rimadesio\"},\"image\":{\"@id\":\"https:\/\/www.rimadesio.it\/fr\/#\/schema\/logo\/image\/\"}}]}<\/script>\n<!-- \/ Yoast SEO plugin. -->","yoast_head_json":{"title":"Hedon - Rimadesio","description":"Avec Hedon, le dressing d\u00e9passe l'aspect fonctionnel pour rev\u00eatir toutes les qualit\u00e9s esth\u00e9tiques d'un espace protagoniste de la maison. Caract\u00e9ris\u00e9 par","robots":{"index":"index","follow":"follow","max-snippet":"max-snippet:-1","max-image-preview":"max-image-preview:large","max-video-preview":"max-video-preview:-1"},"canonical":"https:\/\/www.rimadesio.it\/fr\/product\/hedon\/","og_locale":"fr_FR","og_type":"article","og_title":"Hedon - Rimadesio","og_description":"Avec Hedon, le dressing d\u00e9passe l'aspect fonctionnel pour rev\u00eatir toutes les qualit\u00e9s esth\u00e9tiques d'un espace protagoniste de la maison. Caract\u00e9ris\u00e9 par","og_url":"https:\/\/www.rimadesio.it\/fr\/product\/hedon\/","og_site_name":"Rimadesio","article_modified_time":"2026-04-15T07:38:04+00:00","twitter_card":"summary_large_image","schema":{"@context":"https:\/\/schema.org","@graph":[{"@type":"WebPage","@id":"https:\/\/www.rimadesio.it\/fr\/product\/hedon\/","url":"https:\/\/www.rimadesio.it\/fr\/product\/hedon\/","name":"Hedon - Rimadesio","isPartOf":{"@id":"https:\/\/www.rimadesio.it\/fr\/#website"},"datePublished":"2026-03-02T07:33:36+00:00","dateModified":"2026-04-15T07:38:04+00:00","description":"Avec Hedon, le dressing d\u00e9passe l'aspect fonctionnel pour rev\u00eatir toutes les qualit\u00e9s esth\u00e9tiques d'un espace protagoniste de la maison. Caract\u00e9ris\u00e9 par","breadcrumb":{"@id":"https:\/\/www.rimadesio.it\/fr\/product\/hedon\/#breadcrumb"},"inLanguage":"fr-FR","potentialAction":[{"@type":"ReadAction","target":["https:\/\/www.rimadesio.it\/fr\/product\/hedon\/"]}]},{"@type":"BreadcrumbList","@id":"https:\/\/www.rimadesio.it\/fr\/product\/hedon\/#breadcrumb","itemListElement":[{"@type":"ListItem","position":1,"name":"Homepage","item":"https:\/\/www.rimadesio.it\/fr\/"},{"@type":"ListItem","position":2,"name":"Produits","item":"https:\/\/www.rimadesio.it\/fr\/product\/"},{"@type":"ListItem","position":3,"name":"Syst\u00e8mes nuit","item":"https:\/\/www.rimadesio.it\/fr\/product-category\/systemes-nuit\/"},{"@type":"ListItem","position":4,"name":"Dressings","item":"https:\/\/www.rimadesio.it\/fr\/product-category\/systemes-nuit\/cabines-armoire\/"},{"@type":"ListItem","position":5,"name":"Hedon"}]},{"@type":"WebSite","@id":"https:\/\/www.rimadesio.it\/fr\/#website","url":"https:\/\/www.rimadesio.it\/fr\/","name":"Rimadesio","description":"Rimadesio official website","publisher":{"@id":"https:\/\/www.rimadesio.it\/fr\/#organization"},"potentialAction":[{"@type":"SearchAction","target":{"@type":"EntryPoint","urlTemplate":"https:\/\/www.rimadesio.it\/fr\/?s={search_term_string}"},"query-input":"required name=search_term_string"}],"inLanguage":"fr-FR"},{"@type":"Organization","@id":"https:\/\/www.rimadesio.it\/fr\/#organization","name":"Rimadesio","url":"https:\/\/www.rimadesio.it\/fr\/","logo":{"@type":"ImageObject","inLanguage":"fr-FR","@id":"https:\/\/www.rimadesio.it\/fr\/#\/schema\/logo\/image\/","url":"https:\/\/static.rimadesio.it\/media\/2021\/08\/Logo.png","contentUrl":"https:\/\/static.rimadesio.it\/media\/2021\/08\/Logo.png","width":102,"height":18,"caption":"Rimadesio"},"image":{"@id":"https:\/\/www.rimadesio.it\/fr\/#\/schema\/logo\/image\/"}}]}},"_links":{"self":[{"href":"https:\/\/www.rimadesio.it\/fr\/wp-json\/wp\/v2\/product\/171096"}],"collection":[{"href":"https:\/\/www.rimadesio.it\/fr\/wp-json\/wp\/v2\/product"}],"about":[{"href":"https:\/\/www.rimadesio.it\/fr\/wp-json\/wp\/v2\/types\/product"}],"wp:attachment":[{"href":"https:\/\/www.rimadesio.it\/fr\/wp-json\/wp\/v2\/media?parent=171096"}],"wp:term":[{"taxonomy":"product_category","embeddable":true,"href":"https:\/\/www.rimadesio.it\/fr\/wp-json\/wp\/v2\/product_category?post=171096"}],"curies":[{"name":"wp","href":"https:\/\/api.w.org\/{rel}","templated":true}]}}