{"id":168421,"date":"2025-04-07T08:29:34","date_gmt":"2025-04-07T06:29:34","guid":{"rendered":"https:\/\/www.rimadesio.it\/?post_type=product&#038;p=168421"},"modified":"2026-04-27T15:10:15","modified_gmt":"2026-04-27T13:10:15","slug":"lambda","status":"publish","type":"product","link":"https:\/\/www.rimadesio.it\/fr\/product\/lambda\/","title":{"rendered":"Lambda"},"content":{"rendered":"<p>Des lignes fluides et \u00e9l\u00e9gantes pour une table sculpturale, \u00e9quilibre parfait entre l\u00e9g\u00e8ret\u00e9 visuelle et originalit\u00e9 formelle. L&#8217;origine du projet Lambda repose sur la conception de la base, compos\u00e9e de deux \u00e9l\u00e9ments semblables \u00e0 des feuilles oppos\u00e9es qui, \u00e0 partir d&#8217;une forme rectiligne, se courbent vers le haut en se rapprochant du centre. Le r\u00e9sultat esth\u00e9tique, qui rappelle la lettre grecque dont il prend son nom, appara\u00eet aussi \u00e9l\u00e9gant et d\u00e9licat sur le plan formel, qu\u2019extraordinairement robuste sur le plan structurel. La table exprime au mieux son potentiel esth\u00e9tique dans sa version mono-mat\u00e9riau, o\u00f9 le veinage du marbre, le dessin naturel du bois et les textures douces obtenues gr\u00e2ce \u00e0 l&#8217;application artisanale de la nouvelle finition Terrae Rimadesio conf\u00e8rent une grande valeur expressive.<\/p>\n","protected":false},"featured_media":0,"template":"","product_category":[380,595,378,414],"acf":[],"yoast_head":"<!-- This site is optimized with the Yoast SEO plugin v20.4 - https:\/\/yoast.com\/wordpress\/plugins\/seo\/ -->\n<title>Lambda - Rimadesio<\/title>\n<meta name=\"description\" content=\"Des lignes fluides et \u00e9l\u00e9gantes pour une table sculpturale, \u00e9quilibre parfait entre l\u00e9g\u00e8ret\u00e9 visuelle et originalit\u00e9 formelle. L&#039;origine du projet Lambda\" \/>\n<meta name=\"robots\" content=\"index, follow, max-snippet:-1, max-image-preview:large, max-video-preview:-1\" \/>\n<link rel=\"canonical\" href=\"https:\/\/www.rimadesio.it\/fr\/product\/lambda\/\" \/>\n<meta property=\"og:locale\" content=\"fr_FR\" \/>\n<meta property=\"og:type\" content=\"article\" \/>\n<meta property=\"og:title\" content=\"Lambda - Rimadesio\" \/>\n<meta property=\"og:description\" content=\"Des lignes fluides et \u00e9l\u00e9gantes pour une table sculpturale, \u00e9quilibre parfait entre l\u00e9g\u00e8ret\u00e9 visuelle et originalit\u00e9 formelle. L&#039;origine du projet Lambda\" \/>\n<meta property=\"og:url\" content=\"https:\/\/www.rimadesio.it\/fr\/product\/lambda\/\" \/>\n<meta property=\"og:site_name\" content=\"Rimadesio\" \/>\n<meta property=\"article:modified_time\" content=\"2026-04-27T13:10:15+00:00\" \/>\n<meta name=\"twitter:card\" content=\"summary_large_image\" \/>\n<meta name=\"twitter:label1\" content=\"Est. reading time\" \/>\n\t<meta name=\"twitter:data1\" content=\"1 minute\" \/>\n<script type=\"application\/ld+json\" class=\"yoast-schema-graph\">{\"@context\":\"https:\/\/schema.org\",\"@graph\":[{\"@type\":\"WebPage\",\"@id\":\"https:\/\/www.rimadesio.it\/fr\/product\/lambda\/\",\"url\":\"https:\/\/www.rimadesio.it\/fr\/product\/lambda\/\",\"name\":\"Lambda - Rimadesio\",\"isPartOf\":{\"@id\":\"https:\/\/www.rimadesio.it\/fr\/#website\"},\"datePublished\":\"2025-04-07T06:29:34+00:00\",\"dateModified\":\"2026-04-27T13:10:15+00:00\",\"description\":\"Des lignes fluides et \u00e9l\u00e9gantes pour une table sculpturale, \u00e9quilibre parfait entre l\u00e9g\u00e8ret\u00e9 visuelle et originalit\u00e9 formelle. L'origine du projet Lambda\",\"breadcrumb\":{\"@id\":\"https:\/\/www.rimadesio.it\/fr\/product\/lambda\/#breadcrumb\"},\"inLanguage\":\"fr-FR\",\"potentialAction\":[{\"@type\":\"ReadAction\",\"target\":[\"https:\/\/www.rimadesio.it\/fr\/product\/lambda\/\"]}]},{\"@type\":\"BreadcrumbList\",\"@id\":\"https:\/\/www.rimadesio.it\/fr\/product\/lambda\/#breadcrumb\",\"itemListElement\":[{\"@type\":\"ListItem\",\"position\":1,\"name\":\"Homepage\",\"item\":\"https:\/\/www.rimadesio.it\/fr\/\"},{\"@type\":\"ListItem\",\"position\":2,\"name\":\"Produits\",\"item\":\"https:\/\/www.rimadesio.it\/fr\/product\/\"},{\"@type\":\"ListItem\",\"position\":3,\"name\":\"Tables\",\"item\":\"https:\/\/www.rimadesio.it\/fr\/product-category\/tables-fr\/\"},{\"@type\":\"ListItem\",\"position\":4,\"name\":\"Tables\",\"item\":\"https:\/\/www.rimadesio.it\/fr\/product-category\/tables-fr\/tables-fr-2\/\"},{\"@type\":\"ListItem\",\"position\":5,\"name\":\"Lambda\"}]},{\"@type\":\"WebSite\",\"@id\":\"https:\/\/www.rimadesio.it\/fr\/#website\",\"url\":\"https:\/\/www.rimadesio.it\/fr\/\",\"name\":\"Rimadesio\",\"description\":\"Rimadesio official website\",\"publisher\":{\"@id\":\"https:\/\/www.rimadesio.it\/fr\/#organization\"},\"potentialAction\":[{\"@type\":\"SearchAction\",\"target\":{\"@type\":\"EntryPoint\",\"urlTemplate\":\"https:\/\/www.rimadesio.it\/fr\/?s={search_term_string}\"},\"query-input\":\"required name=search_term_string\"}],\"inLanguage\":\"fr-FR\"},{\"@type\":\"Organization\",\"@id\":\"https:\/\/www.rimadesio.it\/fr\/#organization\",\"name\":\"Rimadesio\",\"url\":\"https:\/\/www.rimadesio.it\/fr\/\",\"logo\":{\"@type\":\"ImageObject\",\"inLanguage\":\"fr-FR\",\"@id\":\"https:\/\/www.rimadesio.it\/fr\/#\/schema\/logo\/image\/\",\"url\":\"https:\/\/static.rimadesio.it\/media\/2021\/08\/Logo.png\",\"contentUrl\":\"https:\/\/static.rimadesio.it\/media\/2021\/08\/Logo.png\",\"width\":102,\"height\":18,\"caption\":\"Rimadesio\"},\"image\":{\"@id\":\"https:\/\/www.rimadesio.it\/fr\/#\/schema\/logo\/image\/\"}}]}<\/script>\n<!-- \/ Yoast SEO plugin. -->","yoast_head_json":{"title":"Lambda - Rimadesio","description":"Des lignes fluides et \u00e9l\u00e9gantes pour une table sculpturale, \u00e9quilibre parfait entre l\u00e9g\u00e8ret\u00e9 visuelle et originalit\u00e9 formelle. L'origine du projet Lambda","robots":{"index":"index","follow":"follow","max-snippet":"max-snippet:-1","max-image-preview":"max-image-preview:large","max-video-preview":"max-video-preview:-1"},"canonical":"https:\/\/www.rimadesio.it\/fr\/product\/lambda\/","og_locale":"fr_FR","og_type":"article","og_title":"Lambda - Rimadesio","og_description":"Des lignes fluides et \u00e9l\u00e9gantes pour une table sculpturale, \u00e9quilibre parfait entre l\u00e9g\u00e8ret\u00e9 visuelle et originalit\u00e9 formelle. L'origine du projet Lambda","og_url":"https:\/\/www.rimadesio.it\/fr\/product\/lambda\/","og_site_name":"Rimadesio","article_modified_time":"2026-04-27T13:10:15+00:00","twitter_card":"summary_large_image","twitter_misc":{"Est. reading time":"1 minute"},"schema":{"@context":"https:\/\/schema.org","@graph":[{"@type":"WebPage","@id":"https:\/\/www.rimadesio.it\/fr\/product\/lambda\/","url":"https:\/\/www.rimadesio.it\/fr\/product\/lambda\/","name":"Lambda - Rimadesio","isPartOf":{"@id":"https:\/\/www.rimadesio.it\/fr\/#website"},"datePublished":"2025-04-07T06:29:34+00:00","dateModified":"2026-04-27T13:10:15+00:00","description":"Des lignes fluides et \u00e9l\u00e9gantes pour une table sculpturale, \u00e9quilibre parfait entre l\u00e9g\u00e8ret\u00e9 visuelle et originalit\u00e9 formelle. L'origine du projet Lambda","breadcrumb":{"@id":"https:\/\/www.rimadesio.it\/fr\/product\/lambda\/#breadcrumb"},"inLanguage":"fr-FR","potentialAction":[{"@type":"ReadAction","target":["https:\/\/www.rimadesio.it\/fr\/product\/lambda\/"]}]},{"@type":"BreadcrumbList","@id":"https:\/\/www.rimadesio.it\/fr\/product\/lambda\/#breadcrumb","itemListElement":[{"@type":"ListItem","position":1,"name":"Homepage","item":"https:\/\/www.rimadesio.it\/fr\/"},{"@type":"ListItem","position":2,"name":"Produits","item":"https:\/\/www.rimadesio.it\/fr\/product\/"},{"@type":"ListItem","position":3,"name":"Tables","item":"https:\/\/www.rimadesio.it\/fr\/product-category\/tables-fr\/"},{"@type":"ListItem","position":4,"name":"Tables","item":"https:\/\/www.rimadesio.it\/fr\/product-category\/tables-fr\/tables-fr-2\/"},{"@type":"ListItem","position":5,"name":"Lambda"}]},{"@type":"WebSite","@id":"https:\/\/www.rimadesio.it\/fr\/#website","url":"https:\/\/www.rimadesio.it\/fr\/","name":"Rimadesio","description":"Rimadesio official website","publisher":{"@id":"https:\/\/www.rimadesio.it\/fr\/#organization"},"potentialAction":[{"@type":"SearchAction","target":{"@type":"EntryPoint","urlTemplate":"https:\/\/www.rimadesio.it\/fr\/?s={search_term_string}"},"query-input":"required name=search_term_string"}],"inLanguage":"fr-FR"},{"@type":"Organization","@id":"https:\/\/www.rimadesio.it\/fr\/#organization","name":"Rimadesio","url":"https:\/\/www.rimadesio.it\/fr\/","logo":{"@type":"ImageObject","inLanguage":"fr-FR","@id":"https:\/\/www.rimadesio.it\/fr\/#\/schema\/logo\/image\/","url":"https:\/\/static.rimadesio.it\/media\/2021\/08\/Logo.png","contentUrl":"https:\/\/static.rimadesio.it\/media\/2021\/08\/Logo.png","width":102,"height":18,"caption":"Rimadesio"},"image":{"@id":"https:\/\/www.rimadesio.it\/fr\/#\/schema\/logo\/image\/"}}]}},"_links":{"self":[{"href":"https:\/\/www.rimadesio.it\/fr\/wp-json\/wp\/v2\/product\/168421"}],"collection":[{"href":"https:\/\/www.rimadesio.it\/fr\/wp-json\/wp\/v2\/product"}],"about":[{"href":"https:\/\/www.rimadesio.it\/fr\/wp-json\/wp\/v2\/types\/product"}],"wp:attachment":[{"href":"https:\/\/www.rimadesio.it\/fr\/wp-json\/wp\/v2\/media?parent=168421"}],"wp:term":[{"taxonomy":"product_category","embeddable":true,"href":"https:\/\/www.rimadesio.it\/fr\/wp-json\/wp\/v2\/product_category?post=168421"}],"curies":[{"name":"wp","href":"https:\/\/api.w.org\/{rel}","templated":true}]}}