{"id":168340,"date":"2025-04-07T08:26:42","date_gmt":"2025-04-07T06:26:42","guid":{"rendered":"https:\/\/www.rimadesio.it\/?post_type=product&#038;p=168340"},"modified":"2026-04-16T10:22:13","modified_gmt":"2026-04-16T08:22:13","slug":"sophis","status":"publish","type":"product","link":"https:\/\/www.rimadesio.it\/fr\/product\/sophis\/","title":{"rendered":"Sophis"},"content":{"rendered":"<p>Une pi\u00e8ce imm\u00e9diatement familiale et accueillante, et qui parall\u00e8lement sait affirmer sa personnalit\u00e9 \u00e0 travers des d\u00e9tails raffin\u00e9s. La qualit\u00e9 de Sophis se refl\u00e8te dans la finition de sa structure en bois, particuli\u00e8rement soign\u00e9e dans le grand dossier enveloppant, et au niveau des points de liaison entre les pieds et les bords de l&#8217;assise matelass\u00e9e. Des d\u00e9tails pr\u00e9cieux, qui, associ\u00e9s \u00e0 la vari\u00e9t\u00e9 de combinaisons offertes par la collection de finitions Rimadesio, font de Sophis un accessoire d&#8217;ameublement polyvalent et stylistiquement distinctif.<\/p>\n","protected":false},"featured_media":0,"template":"","product_category":[661,414],"acf":[],"yoast_head":"<!-- This site is optimized with the Yoast SEO plugin v20.4 - https:\/\/yoast.com\/wordpress\/plugins\/seo\/ -->\n<title>Sophis - Rimadesio<\/title>\n<meta name=\"description\" content=\"Une pi\u00e8ce imm\u00e9diatement familiale et accueillante, et qui parall\u00e8lement sait affirmer sa personnalit\u00e9 \u00e0 travers des d\u00e9tails raffin\u00e9s. La qualit\u00e9 de Sophis\" \/>\n<meta name=\"robots\" content=\"index, follow, max-snippet:-1, max-image-preview:large, max-video-preview:-1\" \/>\n<link rel=\"canonical\" href=\"https:\/\/www.rimadesio.it\/fr\/product\/sophis\/\" \/>\n<meta property=\"og:locale\" content=\"fr_FR\" \/>\n<meta property=\"og:type\" content=\"article\" \/>\n<meta property=\"og:title\" content=\"Sophis - Rimadesio\" \/>\n<meta property=\"og:description\" content=\"Une pi\u00e8ce imm\u00e9diatement familiale et accueillante, et qui parall\u00e8lement sait affirmer sa personnalit\u00e9 \u00e0 travers des d\u00e9tails raffin\u00e9s. La qualit\u00e9 de Sophis\" \/>\n<meta property=\"og:url\" content=\"https:\/\/www.rimadesio.it\/fr\/product\/sophis\/\" \/>\n<meta property=\"og:site_name\" content=\"Rimadesio\" \/>\n<meta property=\"article:modified_time\" content=\"2026-04-16T08:22:13+00:00\" \/>\n<meta name=\"twitter:card\" content=\"summary_large_image\" \/>\n<script type=\"application\/ld+json\" class=\"yoast-schema-graph\">{\"@context\":\"https:\/\/schema.org\",\"@graph\":[{\"@type\":\"WebPage\",\"@id\":\"https:\/\/www.rimadesio.it\/fr\/product\/sophis\/\",\"url\":\"https:\/\/www.rimadesio.it\/fr\/product\/sophis\/\",\"name\":\"Sophis - Rimadesio\",\"isPartOf\":{\"@id\":\"https:\/\/www.rimadesio.it\/fr\/#website\"},\"datePublished\":\"2025-04-07T06:26:42+00:00\",\"dateModified\":\"2026-04-16T08:22:13+00:00\",\"description\":\"Une pi\u00e8ce imm\u00e9diatement familiale et accueillante, et qui parall\u00e8lement sait affirmer sa personnalit\u00e9 \u00e0 travers des d\u00e9tails raffin\u00e9s. La qualit\u00e9 de Sophis\",\"breadcrumb\":{\"@id\":\"https:\/\/www.rimadesio.it\/fr\/product\/sophis\/#breadcrumb\"},\"inLanguage\":\"fr-FR\",\"potentialAction\":[{\"@type\":\"ReadAction\",\"target\":[\"https:\/\/www.rimadesio.it\/fr\/product\/sophis\/\"]}]},{\"@type\":\"BreadcrumbList\",\"@id\":\"https:\/\/www.rimadesio.it\/fr\/product\/sophis\/#breadcrumb\",\"itemListElement\":[{\"@type\":\"ListItem\",\"position\":1,\"name\":\"Homepage\",\"item\":\"https:\/\/www.rimadesio.it\/fr\/\"},{\"@type\":\"ListItem\",\"position\":2,\"name\":\"Produits\",\"item\":\"https:\/\/www.rimadesio.it\/fr\/product\/\"},{\"@type\":\"ListItem\",\"position\":3,\"name\":\"Compl\u00e9ments d'ameublement\",\"item\":\"https:\/\/www.rimadesio.it\/fr\/product-category\/complements-dameublement\/\"},{\"@type\":\"ListItem\",\"position\":4,\"name\":\"Chaises\",\"item\":\"https:\/\/www.rimadesio.it\/fr\/product-category\/complements-dameublement\/chaises\/\"},{\"@type\":\"ListItem\",\"position\":5,\"name\":\"Sophis\"}]},{\"@type\":\"WebSite\",\"@id\":\"https:\/\/www.rimadesio.it\/fr\/#website\",\"url\":\"https:\/\/www.rimadesio.it\/fr\/\",\"name\":\"Rimadesio\",\"description\":\"Rimadesio official website\",\"publisher\":{\"@id\":\"https:\/\/www.rimadesio.it\/fr\/#organization\"},\"potentialAction\":[{\"@type\":\"SearchAction\",\"target\":{\"@type\":\"EntryPoint\",\"urlTemplate\":\"https:\/\/www.rimadesio.it\/fr\/?s={search_term_string}\"},\"query-input\":\"required name=search_term_string\"}],\"inLanguage\":\"fr-FR\"},{\"@type\":\"Organization\",\"@id\":\"https:\/\/www.rimadesio.it\/fr\/#organization\",\"name\":\"Rimadesio\",\"url\":\"https:\/\/www.rimadesio.it\/fr\/\",\"logo\":{\"@type\":\"ImageObject\",\"inLanguage\":\"fr-FR\",\"@id\":\"https:\/\/www.rimadesio.it\/fr\/#\/schema\/logo\/image\/\",\"url\":\"https:\/\/static.rimadesio.it\/media\/2021\/08\/Logo.png\",\"contentUrl\":\"https:\/\/static.rimadesio.it\/media\/2021\/08\/Logo.png\",\"width\":102,\"height\":18,\"caption\":\"Rimadesio\"},\"image\":{\"@id\":\"https:\/\/www.rimadesio.it\/fr\/#\/schema\/logo\/image\/\"}}]}<\/script>\n<!-- \/ Yoast SEO plugin. -->","yoast_head_json":{"title":"Sophis - Rimadesio","description":"Une pi\u00e8ce imm\u00e9diatement familiale et accueillante, et qui parall\u00e8lement sait affirmer sa personnalit\u00e9 \u00e0 travers des d\u00e9tails raffin\u00e9s. La qualit\u00e9 de Sophis","robots":{"index":"index","follow":"follow","max-snippet":"max-snippet:-1","max-image-preview":"max-image-preview:large","max-video-preview":"max-video-preview:-1"},"canonical":"https:\/\/www.rimadesio.it\/fr\/product\/sophis\/","og_locale":"fr_FR","og_type":"article","og_title":"Sophis - Rimadesio","og_description":"Une pi\u00e8ce imm\u00e9diatement familiale et accueillante, et qui parall\u00e8lement sait affirmer sa personnalit\u00e9 \u00e0 travers des d\u00e9tails raffin\u00e9s. La qualit\u00e9 de Sophis","og_url":"https:\/\/www.rimadesio.it\/fr\/product\/sophis\/","og_site_name":"Rimadesio","article_modified_time":"2026-04-16T08:22:13+00:00","twitter_card":"summary_large_image","schema":{"@context":"https:\/\/schema.org","@graph":[{"@type":"WebPage","@id":"https:\/\/www.rimadesio.it\/fr\/product\/sophis\/","url":"https:\/\/www.rimadesio.it\/fr\/product\/sophis\/","name":"Sophis - Rimadesio","isPartOf":{"@id":"https:\/\/www.rimadesio.it\/fr\/#website"},"datePublished":"2025-04-07T06:26:42+00:00","dateModified":"2026-04-16T08:22:13+00:00","description":"Une pi\u00e8ce imm\u00e9diatement familiale et accueillante, et qui parall\u00e8lement sait affirmer sa personnalit\u00e9 \u00e0 travers des d\u00e9tails raffin\u00e9s. La qualit\u00e9 de Sophis","breadcrumb":{"@id":"https:\/\/www.rimadesio.it\/fr\/product\/sophis\/#breadcrumb"},"inLanguage":"fr-FR","potentialAction":[{"@type":"ReadAction","target":["https:\/\/www.rimadesio.it\/fr\/product\/sophis\/"]}]},{"@type":"BreadcrumbList","@id":"https:\/\/www.rimadesio.it\/fr\/product\/sophis\/#breadcrumb","itemListElement":[{"@type":"ListItem","position":1,"name":"Homepage","item":"https:\/\/www.rimadesio.it\/fr\/"},{"@type":"ListItem","position":2,"name":"Produits","item":"https:\/\/www.rimadesio.it\/fr\/product\/"},{"@type":"ListItem","position":3,"name":"Compl\u00e9ments d'ameublement","item":"https:\/\/www.rimadesio.it\/fr\/product-category\/complements-dameublement\/"},{"@type":"ListItem","position":4,"name":"Chaises","item":"https:\/\/www.rimadesio.it\/fr\/product-category\/complements-dameublement\/chaises\/"},{"@type":"ListItem","position":5,"name":"Sophis"}]},{"@type":"WebSite","@id":"https:\/\/www.rimadesio.it\/fr\/#website","url":"https:\/\/www.rimadesio.it\/fr\/","name":"Rimadesio","description":"Rimadesio official website","publisher":{"@id":"https:\/\/www.rimadesio.it\/fr\/#organization"},"potentialAction":[{"@type":"SearchAction","target":{"@type":"EntryPoint","urlTemplate":"https:\/\/www.rimadesio.it\/fr\/?s={search_term_string}"},"query-input":"required name=search_term_string"}],"inLanguage":"fr-FR"},{"@type":"Organization","@id":"https:\/\/www.rimadesio.it\/fr\/#organization","name":"Rimadesio","url":"https:\/\/www.rimadesio.it\/fr\/","logo":{"@type":"ImageObject","inLanguage":"fr-FR","@id":"https:\/\/www.rimadesio.it\/fr\/#\/schema\/logo\/image\/","url":"https:\/\/static.rimadesio.it\/media\/2021\/08\/Logo.png","contentUrl":"https:\/\/static.rimadesio.it\/media\/2021\/08\/Logo.png","width":102,"height":18,"caption":"Rimadesio"},"image":{"@id":"https:\/\/www.rimadesio.it\/fr\/#\/schema\/logo\/image\/"}}]}},"_links":{"self":[{"href":"https:\/\/www.rimadesio.it\/fr\/wp-json\/wp\/v2\/product\/168340"}],"collection":[{"href":"https:\/\/www.rimadesio.it\/fr\/wp-json\/wp\/v2\/product"}],"about":[{"href":"https:\/\/www.rimadesio.it\/fr\/wp-json\/wp\/v2\/types\/product"}],"wp:attachment":[{"href":"https:\/\/www.rimadesio.it\/fr\/wp-json\/wp\/v2\/media?parent=168340"}],"wp:term":[{"taxonomy":"product_category","embeddable":true,"href":"https:\/\/www.rimadesio.it\/fr\/wp-json\/wp\/v2\/product_category?post=168340"}],"curies":[{"name":"wp","href":"https:\/\/api.w.org\/{rel}","templated":true}]}}