{"id":168268,"date":"2025-04-24T09:41:50","date_gmt":"2025-04-24T07:41:50","guid":{"rendered":"https:\/\/www.rimadesio.it\/?post_type=product&#038;p=168268"},"modified":"2026-04-16T10:20:36","modified_gmt":"2026-04-16T08:20:36","slug":"sinua","status":"publish","type":"product","link":"https:\/\/www.rimadesio.it\/fr\/product\/sinua\/","title":{"rendered":"Sinua"},"content":{"rendered":"<p>Le caract\u00e8re contemporain de Sinua est d\u00e9fini par le design particulier de la structure en bois qui s&#8217;\u00e9tend sur toute la hauteur, en accueillant au centre la coque de l&#8217;assise et parall\u00e8lement l&#8217;insertion des supports arri\u00e8re. La qualit\u00e9 esth\u00e9tique est soulign\u00e9e par l&#8217;attention artisanale port\u00e9e aux d\u00e9tails, allant du pon\u00e7age minutieux des pi\u00e8ces en bois au rev\u00eatement raffin\u00e9 de l&#8217;assise et du dossier. Une chaise \u00e9l\u00e9gante et confortable qui, gr\u00e2ce \u00e0 la vari\u00e9t\u00e9 de combinaisons possibles parmi les finitions de la collection, repr\u00e9sente un compl\u00e9ment polyvalent et caract\u00e9risant pour le projet de salle \u00e0 manger.<\/p>\n","protected":false},"featured_media":0,"template":"","product_category":[661,414],"acf":[],"yoast_head":"<!-- This site is optimized with the Yoast SEO plugin v20.4 - https:\/\/yoast.com\/wordpress\/plugins\/seo\/ -->\n<title>Sinua - Rimadesio<\/title>\n<meta name=\"description\" content=\"Le caract\u00e8re contemporain de Sinua est d\u00e9fini par le design particulier de la structure en bois qui s&#039;\u00e9tend sur toute la hauteur, en accueillant au centre\" \/>\n<meta name=\"robots\" content=\"index, follow, max-snippet:-1, max-image-preview:large, max-video-preview:-1\" \/>\n<link rel=\"canonical\" href=\"https:\/\/www.rimadesio.it\/fr\/product\/sinua\/\" \/>\n<meta property=\"og:locale\" content=\"fr_FR\" \/>\n<meta property=\"og:type\" content=\"article\" \/>\n<meta property=\"og:title\" content=\"Sinua - Rimadesio\" \/>\n<meta property=\"og:description\" content=\"Le caract\u00e8re contemporain de Sinua est d\u00e9fini par le design particulier de la structure en bois qui s&#039;\u00e9tend sur toute la hauteur, en accueillant au centre\" \/>\n<meta property=\"og:url\" content=\"https:\/\/www.rimadesio.it\/fr\/product\/sinua\/\" \/>\n<meta property=\"og:site_name\" content=\"Rimadesio\" \/>\n<meta property=\"article:modified_time\" content=\"2026-04-16T08:20:36+00:00\" \/>\n<meta name=\"twitter:card\" content=\"summary_large_image\" \/>\n<meta name=\"twitter:label1\" content=\"Est. reading time\" \/>\n\t<meta name=\"twitter:data1\" content=\"1 minute\" \/>\n<script type=\"application\/ld+json\" class=\"yoast-schema-graph\">{\"@context\":\"https:\/\/schema.org\",\"@graph\":[{\"@type\":\"WebPage\",\"@id\":\"https:\/\/www.rimadesio.it\/fr\/product\/sinua\/\",\"url\":\"https:\/\/www.rimadesio.it\/fr\/product\/sinua\/\",\"name\":\"Sinua - Rimadesio\",\"isPartOf\":{\"@id\":\"https:\/\/www.rimadesio.it\/fr\/#website\"},\"datePublished\":\"2025-04-24T07:41:50+00:00\",\"dateModified\":\"2026-04-16T08:20:36+00:00\",\"description\":\"Le caract\u00e8re contemporain de Sinua est d\u00e9fini par le design particulier de la structure en bois qui s'\u00e9tend sur toute la hauteur, en accueillant au centre\",\"breadcrumb\":{\"@id\":\"https:\/\/www.rimadesio.it\/fr\/product\/sinua\/#breadcrumb\"},\"inLanguage\":\"fr-FR\",\"potentialAction\":[{\"@type\":\"ReadAction\",\"target\":[\"https:\/\/www.rimadesio.it\/fr\/product\/sinua\/\"]}]},{\"@type\":\"BreadcrumbList\",\"@id\":\"https:\/\/www.rimadesio.it\/fr\/product\/sinua\/#breadcrumb\",\"itemListElement\":[{\"@type\":\"ListItem\",\"position\":1,\"name\":\"Homepage\",\"item\":\"https:\/\/www.rimadesio.it\/fr\/\"},{\"@type\":\"ListItem\",\"position\":2,\"name\":\"Produits\",\"item\":\"https:\/\/www.rimadesio.it\/fr\/product\/\"},{\"@type\":\"ListItem\",\"position\":3,\"name\":\"Compl\u00e9ments d'ameublement\",\"item\":\"https:\/\/www.rimadesio.it\/fr\/product-category\/complements-dameublement\/\"},{\"@type\":\"ListItem\",\"position\":4,\"name\":\"Chaises\",\"item\":\"https:\/\/www.rimadesio.it\/fr\/product-category\/complements-dameublement\/chaises\/\"},{\"@type\":\"ListItem\",\"position\":5,\"name\":\"Sinua\"}]},{\"@type\":\"WebSite\",\"@id\":\"https:\/\/www.rimadesio.it\/fr\/#website\",\"url\":\"https:\/\/www.rimadesio.it\/fr\/\",\"name\":\"Rimadesio\",\"description\":\"Rimadesio official website\",\"publisher\":{\"@id\":\"https:\/\/www.rimadesio.it\/fr\/#organization\"},\"potentialAction\":[{\"@type\":\"SearchAction\",\"target\":{\"@type\":\"EntryPoint\",\"urlTemplate\":\"https:\/\/www.rimadesio.it\/fr\/?s={search_term_string}\"},\"query-input\":\"required name=search_term_string\"}],\"inLanguage\":\"fr-FR\"},{\"@type\":\"Organization\",\"@id\":\"https:\/\/www.rimadesio.it\/fr\/#organization\",\"name\":\"Rimadesio\",\"url\":\"https:\/\/www.rimadesio.it\/fr\/\",\"logo\":{\"@type\":\"ImageObject\",\"inLanguage\":\"fr-FR\",\"@id\":\"https:\/\/www.rimadesio.it\/fr\/#\/schema\/logo\/image\/\",\"url\":\"https:\/\/static.rimadesio.it\/media\/2021\/08\/Logo.png\",\"contentUrl\":\"https:\/\/static.rimadesio.it\/media\/2021\/08\/Logo.png\",\"width\":102,\"height\":18,\"caption\":\"Rimadesio\"},\"image\":{\"@id\":\"https:\/\/www.rimadesio.it\/fr\/#\/schema\/logo\/image\/\"}}]}<\/script>\n<!-- \/ Yoast SEO plugin. -->","yoast_head_json":{"title":"Sinua - Rimadesio","description":"Le caract\u00e8re contemporain de Sinua est d\u00e9fini par le design particulier de la structure en bois qui s'\u00e9tend sur toute la hauteur, en accueillant au centre","robots":{"index":"index","follow":"follow","max-snippet":"max-snippet:-1","max-image-preview":"max-image-preview:large","max-video-preview":"max-video-preview:-1"},"canonical":"https:\/\/www.rimadesio.it\/fr\/product\/sinua\/","og_locale":"fr_FR","og_type":"article","og_title":"Sinua - Rimadesio","og_description":"Le caract\u00e8re contemporain de Sinua est d\u00e9fini par le design particulier de la structure en bois qui s'\u00e9tend sur toute la hauteur, en accueillant au centre","og_url":"https:\/\/www.rimadesio.it\/fr\/product\/sinua\/","og_site_name":"Rimadesio","article_modified_time":"2026-04-16T08:20:36+00:00","twitter_card":"summary_large_image","twitter_misc":{"Est. reading time":"1 minute"},"schema":{"@context":"https:\/\/schema.org","@graph":[{"@type":"WebPage","@id":"https:\/\/www.rimadesio.it\/fr\/product\/sinua\/","url":"https:\/\/www.rimadesio.it\/fr\/product\/sinua\/","name":"Sinua - Rimadesio","isPartOf":{"@id":"https:\/\/www.rimadesio.it\/fr\/#website"},"datePublished":"2025-04-24T07:41:50+00:00","dateModified":"2026-04-16T08:20:36+00:00","description":"Le caract\u00e8re contemporain de Sinua est d\u00e9fini par le design particulier de la structure en bois qui s'\u00e9tend sur toute la hauteur, en accueillant au centre","breadcrumb":{"@id":"https:\/\/www.rimadesio.it\/fr\/product\/sinua\/#breadcrumb"},"inLanguage":"fr-FR","potentialAction":[{"@type":"ReadAction","target":["https:\/\/www.rimadesio.it\/fr\/product\/sinua\/"]}]},{"@type":"BreadcrumbList","@id":"https:\/\/www.rimadesio.it\/fr\/product\/sinua\/#breadcrumb","itemListElement":[{"@type":"ListItem","position":1,"name":"Homepage","item":"https:\/\/www.rimadesio.it\/fr\/"},{"@type":"ListItem","position":2,"name":"Produits","item":"https:\/\/www.rimadesio.it\/fr\/product\/"},{"@type":"ListItem","position":3,"name":"Compl\u00e9ments d'ameublement","item":"https:\/\/www.rimadesio.it\/fr\/product-category\/complements-dameublement\/"},{"@type":"ListItem","position":4,"name":"Chaises","item":"https:\/\/www.rimadesio.it\/fr\/product-category\/complements-dameublement\/chaises\/"},{"@type":"ListItem","position":5,"name":"Sinua"}]},{"@type":"WebSite","@id":"https:\/\/www.rimadesio.it\/fr\/#website","url":"https:\/\/www.rimadesio.it\/fr\/","name":"Rimadesio","description":"Rimadesio official website","publisher":{"@id":"https:\/\/www.rimadesio.it\/fr\/#organization"},"potentialAction":[{"@type":"SearchAction","target":{"@type":"EntryPoint","urlTemplate":"https:\/\/www.rimadesio.it\/fr\/?s={search_term_string}"},"query-input":"required name=search_term_string"}],"inLanguage":"fr-FR"},{"@type":"Organization","@id":"https:\/\/www.rimadesio.it\/fr\/#organization","name":"Rimadesio","url":"https:\/\/www.rimadesio.it\/fr\/","logo":{"@type":"ImageObject","inLanguage":"fr-FR","@id":"https:\/\/www.rimadesio.it\/fr\/#\/schema\/logo\/image\/","url":"https:\/\/static.rimadesio.it\/media\/2021\/08\/Logo.png","contentUrl":"https:\/\/static.rimadesio.it\/media\/2021\/08\/Logo.png","width":102,"height":18,"caption":"Rimadesio"},"image":{"@id":"https:\/\/www.rimadesio.it\/fr\/#\/schema\/logo\/image\/"}}]}},"_links":{"self":[{"href":"https:\/\/www.rimadesio.it\/fr\/wp-json\/wp\/v2\/product\/168268"}],"collection":[{"href":"https:\/\/www.rimadesio.it\/fr\/wp-json\/wp\/v2\/product"}],"about":[{"href":"https:\/\/www.rimadesio.it\/fr\/wp-json\/wp\/v2\/types\/product"}],"wp:attachment":[{"href":"https:\/\/www.rimadesio.it\/fr\/wp-json\/wp\/v2\/media?parent=168268"}],"wp:term":[{"taxonomy":"product_category","embeddable":true,"href":"https:\/\/www.rimadesio.it\/fr\/wp-json\/wp\/v2\/product_category?post=168268"}],"curies":[{"name":"wp","href":"https:\/\/api.w.org\/{rel}","templated":true}]}}