{"id":166504,"date":"2024-09-24T15:18:32","date_gmt":"2024-09-24T13:18:32","guid":{"rendered":"https:\/\/www.rimadesio.it\/?post_type=product&#038;p=166504"},"modified":"2025-03-12T15:24:22","modified_gmt":"2025-03-12T14:24:22","slug":"rialto-comodini","status":"publish","type":"product","link":"https:\/\/www.rimadesio.it\/fr\/product\/rialto-comodini\/","title":{"rendered":"Rialto"},"content":{"rendered":"<p>La collection Rialto r\u00e9unit des meubles de caract\u00e8re, imm\u00e9diatement identifiables, toujours coh\u00e9rents avec la philosophie Rimadesio: concevoir et r\u00e9aliser des produits avec des lignes \u00e9pur\u00e9es, contemporaines et con\u00e7u pour durer dans le temps.<\/p>\n","protected":false},"featured_media":0,"template":"","product_category":[402,593],"acf":[],"yoast_head":"<!-- This site is optimized with the Yoast SEO plugin v20.4 - https:\/\/yoast.com\/wordpress\/plugins\/seo\/ -->\n<title>Rialto - Rimadesio<\/title>\n<meta name=\"description\" content=\"La collection Rialto r\u00e9unit des meubles de caract\u00e8re, imm\u00e9diatement identifiables, toujours coh\u00e9rents avec la philosophie Rimadesio: concevoir et r\u00e9aliser\" \/>\n<meta name=\"robots\" content=\"index, follow, max-snippet:-1, max-image-preview:large, max-video-preview:-1\" \/>\n<link rel=\"canonical\" href=\"https:\/\/www.rimadesio.it\/fr\/product\/rialto-comodini\/\" \/>\n<meta property=\"og:locale\" content=\"fr_FR\" \/>\n<meta property=\"og:type\" content=\"article\" \/>\n<meta property=\"og:title\" content=\"Rialto - Rimadesio\" \/>\n<meta property=\"og:description\" content=\"La collection Rialto r\u00e9unit des meubles de caract\u00e8re, imm\u00e9diatement identifiables, toujours coh\u00e9rents avec la philosophie Rimadesio: concevoir et r\u00e9aliser\" \/>\n<meta property=\"og:url\" content=\"https:\/\/www.rimadesio.it\/fr\/product\/rialto-comodini\/\" \/>\n<meta property=\"og:site_name\" content=\"Rimadesio\" \/>\n<meta property=\"article:modified_time\" content=\"2025-03-12T14:24:22+00:00\" \/>\n<meta name=\"twitter:card\" content=\"summary_large_image\" \/>\n<script type=\"application\/ld+json\" class=\"yoast-schema-graph\">{\"@context\":\"https:\/\/schema.org\",\"@graph\":[{\"@type\":\"WebPage\",\"@id\":\"https:\/\/www.rimadesio.it\/fr\/product\/rialto-comodini\/\",\"url\":\"https:\/\/www.rimadesio.it\/fr\/product\/rialto-comodini\/\",\"name\":\"Rialto - Rimadesio\",\"isPartOf\":{\"@id\":\"https:\/\/www.rimadesio.it\/fr\/#website\"},\"datePublished\":\"2024-09-24T13:18:32+00:00\",\"dateModified\":\"2025-03-12T14:24:22+00:00\",\"description\":\"La collection Rialto r\u00e9unit des meubles de caract\u00e8re, imm\u00e9diatement identifiables, toujours coh\u00e9rents avec la philosophie Rimadesio: concevoir et r\u00e9aliser\",\"breadcrumb\":{\"@id\":\"https:\/\/www.rimadesio.it\/fr\/product\/rialto-comodini\/#breadcrumb\"},\"inLanguage\":\"fr-FR\",\"potentialAction\":[{\"@type\":\"ReadAction\",\"target\":[\"https:\/\/www.rimadesio.it\/fr\/product\/rialto-comodini\/\"]}]},{\"@type\":\"BreadcrumbList\",\"@id\":\"https:\/\/www.rimadesio.it\/fr\/product\/rialto-comodini\/#breadcrumb\",\"itemListElement\":[{\"@type\":\"ListItem\",\"position\":1,\"name\":\"Homepage\",\"item\":\"https:\/\/www.rimadesio.it\/fr\/\"},{\"@type\":\"ListItem\",\"position\":2,\"name\":\"Produits\",\"item\":\"https:\/\/www.rimadesio.it\/fr\/product\/\"},{\"@type\":\"ListItem\",\"position\":3,\"name\":\"Syst\u00e8mes nuit\",\"item\":\"https:\/\/www.rimadesio.it\/fr\/product-category\/systemes-nuit\/\"},{\"@type\":\"ListItem\",\"position\":4,\"name\":\"Chevets\",\"item\":\"https:\/\/www.rimadesio.it\/fr\/product-category\/systemes-nuit\/chevets\/\"},{\"@type\":\"ListItem\",\"position\":5,\"name\":\"Rialto\"}]},{\"@type\":\"WebSite\",\"@id\":\"https:\/\/www.rimadesio.it\/fr\/#website\",\"url\":\"https:\/\/www.rimadesio.it\/fr\/\",\"name\":\"Rimadesio\",\"description\":\"Rimadesio official website\",\"publisher\":{\"@id\":\"https:\/\/www.rimadesio.it\/fr\/#organization\"},\"potentialAction\":[{\"@type\":\"SearchAction\",\"target\":{\"@type\":\"EntryPoint\",\"urlTemplate\":\"https:\/\/www.rimadesio.it\/fr\/?s={search_term_string}\"},\"query-input\":\"required name=search_term_string\"}],\"inLanguage\":\"fr-FR\"},{\"@type\":\"Organization\",\"@id\":\"https:\/\/www.rimadesio.it\/fr\/#organization\",\"name\":\"Rimadesio\",\"url\":\"https:\/\/www.rimadesio.it\/fr\/\",\"logo\":{\"@type\":\"ImageObject\",\"inLanguage\":\"fr-FR\",\"@id\":\"https:\/\/www.rimadesio.it\/fr\/#\/schema\/logo\/image\/\",\"url\":\"https:\/\/static.rimadesio.it\/media\/2021\/08\/Logo.png\",\"contentUrl\":\"https:\/\/static.rimadesio.it\/media\/2021\/08\/Logo.png\",\"width\":102,\"height\":18,\"caption\":\"Rimadesio\"},\"image\":{\"@id\":\"https:\/\/www.rimadesio.it\/fr\/#\/schema\/logo\/image\/\"}}]}<\/script>\n<!-- \/ Yoast SEO plugin. -->","yoast_head_json":{"title":"Rialto - Rimadesio","description":"La collection Rialto r\u00e9unit des meubles de caract\u00e8re, imm\u00e9diatement identifiables, toujours coh\u00e9rents avec la philosophie Rimadesio: concevoir et r\u00e9aliser","robots":{"index":"index","follow":"follow","max-snippet":"max-snippet:-1","max-image-preview":"max-image-preview:large","max-video-preview":"max-video-preview:-1"},"canonical":"https:\/\/www.rimadesio.it\/fr\/product\/rialto-comodini\/","og_locale":"fr_FR","og_type":"article","og_title":"Rialto - Rimadesio","og_description":"La collection Rialto r\u00e9unit des meubles de caract\u00e8re, imm\u00e9diatement identifiables, toujours coh\u00e9rents avec la philosophie Rimadesio: concevoir et r\u00e9aliser","og_url":"https:\/\/www.rimadesio.it\/fr\/product\/rialto-comodini\/","og_site_name":"Rimadesio","article_modified_time":"2025-03-12T14:24:22+00:00","twitter_card":"summary_large_image","schema":{"@context":"https:\/\/schema.org","@graph":[{"@type":"WebPage","@id":"https:\/\/www.rimadesio.it\/fr\/product\/rialto-comodini\/","url":"https:\/\/www.rimadesio.it\/fr\/product\/rialto-comodini\/","name":"Rialto - Rimadesio","isPartOf":{"@id":"https:\/\/www.rimadesio.it\/fr\/#website"},"datePublished":"2024-09-24T13:18:32+00:00","dateModified":"2025-03-12T14:24:22+00:00","description":"La collection Rialto r\u00e9unit des meubles de caract\u00e8re, imm\u00e9diatement identifiables, toujours coh\u00e9rents avec la philosophie Rimadesio: concevoir et r\u00e9aliser","breadcrumb":{"@id":"https:\/\/www.rimadesio.it\/fr\/product\/rialto-comodini\/#breadcrumb"},"inLanguage":"fr-FR","potentialAction":[{"@type":"ReadAction","target":["https:\/\/www.rimadesio.it\/fr\/product\/rialto-comodini\/"]}]},{"@type":"BreadcrumbList","@id":"https:\/\/www.rimadesio.it\/fr\/product\/rialto-comodini\/#breadcrumb","itemListElement":[{"@type":"ListItem","position":1,"name":"Homepage","item":"https:\/\/www.rimadesio.it\/fr\/"},{"@type":"ListItem","position":2,"name":"Produits","item":"https:\/\/www.rimadesio.it\/fr\/product\/"},{"@type":"ListItem","position":3,"name":"Syst\u00e8mes nuit","item":"https:\/\/www.rimadesio.it\/fr\/product-category\/systemes-nuit\/"},{"@type":"ListItem","position":4,"name":"Chevets","item":"https:\/\/www.rimadesio.it\/fr\/product-category\/systemes-nuit\/chevets\/"},{"@type":"ListItem","position":5,"name":"Rialto"}]},{"@type":"WebSite","@id":"https:\/\/www.rimadesio.it\/fr\/#website","url":"https:\/\/www.rimadesio.it\/fr\/","name":"Rimadesio","description":"Rimadesio official website","publisher":{"@id":"https:\/\/www.rimadesio.it\/fr\/#organization"},"potentialAction":[{"@type":"SearchAction","target":{"@type":"EntryPoint","urlTemplate":"https:\/\/www.rimadesio.it\/fr\/?s={search_term_string}"},"query-input":"required name=search_term_string"}],"inLanguage":"fr-FR"},{"@type":"Organization","@id":"https:\/\/www.rimadesio.it\/fr\/#organization","name":"Rimadesio","url":"https:\/\/www.rimadesio.it\/fr\/","logo":{"@type":"ImageObject","inLanguage":"fr-FR","@id":"https:\/\/www.rimadesio.it\/fr\/#\/schema\/logo\/image\/","url":"https:\/\/static.rimadesio.it\/media\/2021\/08\/Logo.png","contentUrl":"https:\/\/static.rimadesio.it\/media\/2021\/08\/Logo.png","width":102,"height":18,"caption":"Rimadesio"},"image":{"@id":"https:\/\/www.rimadesio.it\/fr\/#\/schema\/logo\/image\/"}}]}},"_links":{"self":[{"href":"https:\/\/www.rimadesio.it\/fr\/wp-json\/wp\/v2\/product\/166504"}],"collection":[{"href":"https:\/\/www.rimadesio.it\/fr\/wp-json\/wp\/v2\/product"}],"about":[{"href":"https:\/\/www.rimadesio.it\/fr\/wp-json\/wp\/v2\/types\/product"}],"wp:attachment":[{"href":"https:\/\/www.rimadesio.it\/fr\/wp-json\/wp\/v2\/media?parent=166504"}],"wp:term":[{"taxonomy":"product_category","embeddable":true,"href":"https:\/\/www.rimadesio.it\/fr\/wp-json\/wp\/v2\/product_category?post=166504"}],"curies":[{"name":"wp","href":"https:\/\/api.w.org\/{rel}","templated":true}]}}