{"id":166449,"date":"2024-09-19T15:33:25","date_gmt":"2024-09-19T13:33:25","guid":{"rendered":"https:\/\/www.rimadesio.it\/product\/kanji\/"},"modified":"2026-04-15T12:14:30","modified_gmt":"2026-04-15T10:14:30","slug":"kanji","status":"publish","type":"product","link":"https:\/\/www.rimadesio.it\/fr\/product\/kanji\/","title":{"rendered":"Kanji"},"content":{"rendered":"<p>Tiss\u00e9 selon la technique kilim, kanji pr\u00e9sente au centre des poils plus hauts, nou\u00e9s \u00e0 la main, qui rappellent le trait typique du pinceau de l\u2019id\u00e9ogramme japonais.. Disponible en format rond en ivoire.<\/p>\n","protected":false},"featured_media":0,"template":"","product_category":[636,414],"acf":[],"yoast_head":"<!-- This site is optimized with the Yoast SEO plugin v20.4 - https:\/\/yoast.com\/wordpress\/plugins\/seo\/ -->\n<title>Kanji - Rimadesio<\/title>\n<meta name=\"description\" content=\"Tiss\u00e9 selon la technique kilim, kanji pr\u00e9sente au centre des poils plus hauts, nou\u00e9s \u00e0 la main, qui rappellent le trait typique du pinceau de l\u2019id\u00e9ogramme\" \/>\n<meta name=\"robots\" content=\"index, follow, max-snippet:-1, max-image-preview:large, max-video-preview:-1\" \/>\n<link rel=\"canonical\" href=\"https:\/\/www.rimadesio.it\/fr\/product\/kanji\/\" \/>\n<meta property=\"og:locale\" content=\"fr_FR\" \/>\n<meta property=\"og:type\" content=\"article\" \/>\n<meta property=\"og:title\" content=\"Kanji - Rimadesio\" \/>\n<meta property=\"og:description\" content=\"Tiss\u00e9 selon la technique kilim, kanji pr\u00e9sente au centre des poils plus hauts, nou\u00e9s \u00e0 la main, qui rappellent le trait typique du pinceau de l\u2019id\u00e9ogramme\" \/>\n<meta property=\"og:url\" content=\"https:\/\/www.rimadesio.it\/fr\/product\/kanji\/\" \/>\n<meta property=\"og:site_name\" content=\"Rimadesio\" \/>\n<meta property=\"article:modified_time\" content=\"2026-04-15T10:14:30+00:00\" \/>\n<meta name=\"twitter:card\" content=\"summary_large_image\" \/>\n<script type=\"application\/ld+json\" class=\"yoast-schema-graph\">{\"@context\":\"https:\/\/schema.org\",\"@graph\":[{\"@type\":\"WebPage\",\"@id\":\"https:\/\/www.rimadesio.it\/fr\/product\/kanji\/\",\"url\":\"https:\/\/www.rimadesio.it\/fr\/product\/kanji\/\",\"name\":\"Kanji - Rimadesio\",\"isPartOf\":{\"@id\":\"https:\/\/www.rimadesio.it\/fr\/#website\"},\"datePublished\":\"2024-09-19T13:33:25+00:00\",\"dateModified\":\"2026-04-15T10:14:30+00:00\",\"description\":\"Tiss\u00e9 selon la technique kilim, kanji pr\u00e9sente au centre des poils plus hauts, nou\u00e9s \u00e0 la main, qui rappellent le trait typique du pinceau de l\u2019id\u00e9ogramme\",\"breadcrumb\":{\"@id\":\"https:\/\/www.rimadesio.it\/fr\/product\/kanji\/#breadcrumb\"},\"inLanguage\":\"fr-FR\",\"potentialAction\":[{\"@type\":\"ReadAction\",\"target\":[\"https:\/\/www.rimadesio.it\/fr\/product\/kanji\/\"]}]},{\"@type\":\"BreadcrumbList\",\"@id\":\"https:\/\/www.rimadesio.it\/fr\/product\/kanji\/#breadcrumb\",\"itemListElement\":[{\"@type\":\"ListItem\",\"position\":1,\"name\":\"Homepage\",\"item\":\"https:\/\/www.rimadesio.it\/fr\/\"},{\"@type\":\"ListItem\",\"position\":2,\"name\":\"Produits\",\"item\":\"https:\/\/www.rimadesio.it\/fr\/product\/\"},{\"@type\":\"ListItem\",\"position\":3,\"name\":\"Compl\u00e9ments d'ameublement\",\"item\":\"https:\/\/www.rimadesio.it\/fr\/product-category\/complements-dameublement\/\"},{\"@type\":\"ListItem\",\"position\":4,\"name\":\"Tapis\",\"item\":\"https:\/\/www.rimadesio.it\/fr\/product-category\/complements-dameublement\/tappeti-fr\/\"},{\"@type\":\"ListItem\",\"position\":5,\"name\":\"Kanji\"}]},{\"@type\":\"WebSite\",\"@id\":\"https:\/\/www.rimadesio.it\/fr\/#website\",\"url\":\"https:\/\/www.rimadesio.it\/fr\/\",\"name\":\"Rimadesio\",\"description\":\"Rimadesio official website\",\"publisher\":{\"@id\":\"https:\/\/www.rimadesio.it\/fr\/#organization\"},\"potentialAction\":[{\"@type\":\"SearchAction\",\"target\":{\"@type\":\"EntryPoint\",\"urlTemplate\":\"https:\/\/www.rimadesio.it\/fr\/?s={search_term_string}\"},\"query-input\":\"required name=search_term_string\"}],\"inLanguage\":\"fr-FR\"},{\"@type\":\"Organization\",\"@id\":\"https:\/\/www.rimadesio.it\/fr\/#organization\",\"name\":\"Rimadesio\",\"url\":\"https:\/\/www.rimadesio.it\/fr\/\",\"logo\":{\"@type\":\"ImageObject\",\"inLanguage\":\"fr-FR\",\"@id\":\"https:\/\/www.rimadesio.it\/fr\/#\/schema\/logo\/image\/\",\"url\":\"https:\/\/static.rimadesio.it\/media\/2021\/08\/Logo.png\",\"contentUrl\":\"https:\/\/static.rimadesio.it\/media\/2021\/08\/Logo.png\",\"width\":102,\"height\":18,\"caption\":\"Rimadesio\"},\"image\":{\"@id\":\"https:\/\/www.rimadesio.it\/fr\/#\/schema\/logo\/image\/\"}}]}<\/script>\n<!-- \/ Yoast SEO plugin. -->","yoast_head_json":{"title":"Kanji - Rimadesio","description":"Tiss\u00e9 selon la technique kilim, kanji pr\u00e9sente au centre des poils plus hauts, nou\u00e9s \u00e0 la main, qui rappellent le trait typique du pinceau de l\u2019id\u00e9ogramme","robots":{"index":"index","follow":"follow","max-snippet":"max-snippet:-1","max-image-preview":"max-image-preview:large","max-video-preview":"max-video-preview:-1"},"canonical":"https:\/\/www.rimadesio.it\/fr\/product\/kanji\/","og_locale":"fr_FR","og_type":"article","og_title":"Kanji - Rimadesio","og_description":"Tiss\u00e9 selon la technique kilim, kanji pr\u00e9sente au centre des poils plus hauts, nou\u00e9s \u00e0 la main, qui rappellent le trait typique du pinceau de l\u2019id\u00e9ogramme","og_url":"https:\/\/www.rimadesio.it\/fr\/product\/kanji\/","og_site_name":"Rimadesio","article_modified_time":"2026-04-15T10:14:30+00:00","twitter_card":"summary_large_image","schema":{"@context":"https:\/\/schema.org","@graph":[{"@type":"WebPage","@id":"https:\/\/www.rimadesio.it\/fr\/product\/kanji\/","url":"https:\/\/www.rimadesio.it\/fr\/product\/kanji\/","name":"Kanji - Rimadesio","isPartOf":{"@id":"https:\/\/www.rimadesio.it\/fr\/#website"},"datePublished":"2024-09-19T13:33:25+00:00","dateModified":"2026-04-15T10:14:30+00:00","description":"Tiss\u00e9 selon la technique kilim, kanji pr\u00e9sente au centre des poils plus hauts, nou\u00e9s \u00e0 la main, qui rappellent le trait typique du pinceau de l\u2019id\u00e9ogramme","breadcrumb":{"@id":"https:\/\/www.rimadesio.it\/fr\/product\/kanji\/#breadcrumb"},"inLanguage":"fr-FR","potentialAction":[{"@type":"ReadAction","target":["https:\/\/www.rimadesio.it\/fr\/product\/kanji\/"]}]},{"@type":"BreadcrumbList","@id":"https:\/\/www.rimadesio.it\/fr\/product\/kanji\/#breadcrumb","itemListElement":[{"@type":"ListItem","position":1,"name":"Homepage","item":"https:\/\/www.rimadesio.it\/fr\/"},{"@type":"ListItem","position":2,"name":"Produits","item":"https:\/\/www.rimadesio.it\/fr\/product\/"},{"@type":"ListItem","position":3,"name":"Compl\u00e9ments d'ameublement","item":"https:\/\/www.rimadesio.it\/fr\/product-category\/complements-dameublement\/"},{"@type":"ListItem","position":4,"name":"Tapis","item":"https:\/\/www.rimadesio.it\/fr\/product-category\/complements-dameublement\/tappeti-fr\/"},{"@type":"ListItem","position":5,"name":"Kanji"}]},{"@type":"WebSite","@id":"https:\/\/www.rimadesio.it\/fr\/#website","url":"https:\/\/www.rimadesio.it\/fr\/","name":"Rimadesio","description":"Rimadesio official website","publisher":{"@id":"https:\/\/www.rimadesio.it\/fr\/#organization"},"potentialAction":[{"@type":"SearchAction","target":{"@type":"EntryPoint","urlTemplate":"https:\/\/www.rimadesio.it\/fr\/?s={search_term_string}"},"query-input":"required name=search_term_string"}],"inLanguage":"fr-FR"},{"@type":"Organization","@id":"https:\/\/www.rimadesio.it\/fr\/#organization","name":"Rimadesio","url":"https:\/\/www.rimadesio.it\/fr\/","logo":{"@type":"ImageObject","inLanguage":"fr-FR","@id":"https:\/\/www.rimadesio.it\/fr\/#\/schema\/logo\/image\/","url":"https:\/\/static.rimadesio.it\/media\/2021\/08\/Logo.png","contentUrl":"https:\/\/static.rimadesio.it\/media\/2021\/08\/Logo.png","width":102,"height":18,"caption":"Rimadesio"},"image":{"@id":"https:\/\/www.rimadesio.it\/fr\/#\/schema\/logo\/image\/"}}]}},"_links":{"self":[{"href":"https:\/\/www.rimadesio.it\/fr\/wp-json\/wp\/v2\/product\/166449"}],"collection":[{"href":"https:\/\/www.rimadesio.it\/fr\/wp-json\/wp\/v2\/product"}],"about":[{"href":"https:\/\/www.rimadesio.it\/fr\/wp-json\/wp\/v2\/types\/product"}],"wp:attachment":[{"href":"https:\/\/www.rimadesio.it\/fr\/wp-json\/wp\/v2\/media?parent=166449"}],"wp:term":[{"taxonomy":"product_category","embeddable":true,"href":"https:\/\/www.rimadesio.it\/fr\/wp-json\/wp\/v2\/product_category?post=166449"}],"curies":[{"name":"wp","href":"https:\/\/api.w.org\/{rel}","templated":true}]}}