{"id":166440,"date":"2024-09-19T15:31:18","date_gmt":"2024-09-19T13:31:18","guid":{"rendered":"https:\/\/www.rimadesio.it\/product\/kita\/"},"modified":"2026-04-15T12:16:32","modified_gmt":"2026-04-15T10:16:32","slug":"kita","status":"publish","type":"product","link":"https:\/\/www.rimadesio.it\/fr\/product\/kita\/","title":{"rendered":"Kita"},"content":{"rendered":"<p>Tiss\u00e9 selon la technique kilim, kita affiche une d\u00e9licate tresse centrale, directement tiss\u00e9e \u00e0 partir des fils de la trame, et qui \u00e9voque le dessin d\u2019une cr\u00eate de montagne. Disponible en 2 tailles et 3 couleurs: granite, forest, clay.<\/p>\n","protected":false},"featured_media":0,"template":"","product_category":[636,414],"acf":[],"yoast_head":"<!-- This site is optimized with the Yoast SEO plugin v20.4 - https:\/\/yoast.com\/wordpress\/plugins\/seo\/ -->\n<title>Kita - Rimadesio<\/title>\n<meta name=\"description\" content=\"Tiss\u00e9 selon la technique kilim, kita affiche une d\u00e9licate tresse centrale, directement tiss\u00e9e \u00e0 partir des fils de la trame, et qui \u00e9voque le dessin d\u2019une\" \/>\n<meta name=\"robots\" content=\"index, follow, max-snippet:-1, max-image-preview:large, max-video-preview:-1\" \/>\n<link rel=\"canonical\" href=\"https:\/\/www.rimadesio.it\/fr\/product\/kita\/\" \/>\n<meta property=\"og:locale\" content=\"fr_FR\" \/>\n<meta property=\"og:type\" content=\"article\" \/>\n<meta property=\"og:title\" content=\"Kita - Rimadesio\" \/>\n<meta property=\"og:description\" content=\"Tiss\u00e9 selon la technique kilim, kita affiche une d\u00e9licate tresse centrale, directement tiss\u00e9e \u00e0 partir des fils de la trame, et qui \u00e9voque le dessin d\u2019une\" \/>\n<meta property=\"og:url\" content=\"https:\/\/www.rimadesio.it\/fr\/product\/kita\/\" \/>\n<meta property=\"og:site_name\" content=\"Rimadesio\" \/>\n<meta property=\"article:modified_time\" content=\"2026-04-15T10:16:32+00:00\" \/>\n<meta name=\"twitter:card\" content=\"summary_large_image\" \/>\n<script type=\"application\/ld+json\" class=\"yoast-schema-graph\">{\"@context\":\"https:\/\/schema.org\",\"@graph\":[{\"@type\":\"WebPage\",\"@id\":\"https:\/\/www.rimadesio.it\/fr\/product\/kita\/\",\"url\":\"https:\/\/www.rimadesio.it\/fr\/product\/kita\/\",\"name\":\"Kita - Rimadesio\",\"isPartOf\":{\"@id\":\"https:\/\/www.rimadesio.it\/fr\/#website\"},\"datePublished\":\"2024-09-19T13:31:18+00:00\",\"dateModified\":\"2026-04-15T10:16:32+00:00\",\"description\":\"Tiss\u00e9 selon la technique kilim, kita affiche une d\u00e9licate tresse centrale, directement tiss\u00e9e \u00e0 partir des fils de la trame, et qui \u00e9voque le dessin d\u2019une\",\"breadcrumb\":{\"@id\":\"https:\/\/www.rimadesio.it\/fr\/product\/kita\/#breadcrumb\"},\"inLanguage\":\"fr-FR\",\"potentialAction\":[{\"@type\":\"ReadAction\",\"target\":[\"https:\/\/www.rimadesio.it\/fr\/product\/kita\/\"]}]},{\"@type\":\"BreadcrumbList\",\"@id\":\"https:\/\/www.rimadesio.it\/fr\/product\/kita\/#breadcrumb\",\"itemListElement\":[{\"@type\":\"ListItem\",\"position\":1,\"name\":\"Homepage\",\"item\":\"https:\/\/www.rimadesio.it\/fr\/\"},{\"@type\":\"ListItem\",\"position\":2,\"name\":\"Produits\",\"item\":\"https:\/\/www.rimadesio.it\/fr\/product\/\"},{\"@type\":\"ListItem\",\"position\":3,\"name\":\"Compl\u00e9ments d'ameublement\",\"item\":\"https:\/\/www.rimadesio.it\/fr\/product-category\/complements-dameublement\/\"},{\"@type\":\"ListItem\",\"position\":4,\"name\":\"Tapis\",\"item\":\"https:\/\/www.rimadesio.it\/fr\/product-category\/complements-dameublement\/tappeti-fr\/\"},{\"@type\":\"ListItem\",\"position\":5,\"name\":\"Kita\"}]},{\"@type\":\"WebSite\",\"@id\":\"https:\/\/www.rimadesio.it\/fr\/#website\",\"url\":\"https:\/\/www.rimadesio.it\/fr\/\",\"name\":\"Rimadesio\",\"description\":\"Rimadesio official website\",\"publisher\":{\"@id\":\"https:\/\/www.rimadesio.it\/fr\/#organization\"},\"potentialAction\":[{\"@type\":\"SearchAction\",\"target\":{\"@type\":\"EntryPoint\",\"urlTemplate\":\"https:\/\/www.rimadesio.it\/fr\/?s={search_term_string}\"},\"query-input\":\"required name=search_term_string\"}],\"inLanguage\":\"fr-FR\"},{\"@type\":\"Organization\",\"@id\":\"https:\/\/www.rimadesio.it\/fr\/#organization\",\"name\":\"Rimadesio\",\"url\":\"https:\/\/www.rimadesio.it\/fr\/\",\"logo\":{\"@type\":\"ImageObject\",\"inLanguage\":\"fr-FR\",\"@id\":\"https:\/\/www.rimadesio.it\/fr\/#\/schema\/logo\/image\/\",\"url\":\"https:\/\/static.rimadesio.it\/media\/2021\/08\/Logo.png\",\"contentUrl\":\"https:\/\/static.rimadesio.it\/media\/2021\/08\/Logo.png\",\"width\":102,\"height\":18,\"caption\":\"Rimadesio\"},\"image\":{\"@id\":\"https:\/\/www.rimadesio.it\/fr\/#\/schema\/logo\/image\/\"}}]}<\/script>\n<!-- \/ Yoast SEO plugin. -->","yoast_head_json":{"title":"Kita - Rimadesio","description":"Tiss\u00e9 selon la technique kilim, kita affiche une d\u00e9licate tresse centrale, directement tiss\u00e9e \u00e0 partir des fils de la trame, et qui \u00e9voque le dessin d\u2019une","robots":{"index":"index","follow":"follow","max-snippet":"max-snippet:-1","max-image-preview":"max-image-preview:large","max-video-preview":"max-video-preview:-1"},"canonical":"https:\/\/www.rimadesio.it\/fr\/product\/kita\/","og_locale":"fr_FR","og_type":"article","og_title":"Kita - Rimadesio","og_description":"Tiss\u00e9 selon la technique kilim, kita affiche une d\u00e9licate tresse centrale, directement tiss\u00e9e \u00e0 partir des fils de la trame, et qui \u00e9voque le dessin d\u2019une","og_url":"https:\/\/www.rimadesio.it\/fr\/product\/kita\/","og_site_name":"Rimadesio","article_modified_time":"2026-04-15T10:16:32+00:00","twitter_card":"summary_large_image","schema":{"@context":"https:\/\/schema.org","@graph":[{"@type":"WebPage","@id":"https:\/\/www.rimadesio.it\/fr\/product\/kita\/","url":"https:\/\/www.rimadesio.it\/fr\/product\/kita\/","name":"Kita - Rimadesio","isPartOf":{"@id":"https:\/\/www.rimadesio.it\/fr\/#website"},"datePublished":"2024-09-19T13:31:18+00:00","dateModified":"2026-04-15T10:16:32+00:00","description":"Tiss\u00e9 selon la technique kilim, kita affiche une d\u00e9licate tresse centrale, directement tiss\u00e9e \u00e0 partir des fils de la trame, et qui \u00e9voque le dessin d\u2019une","breadcrumb":{"@id":"https:\/\/www.rimadesio.it\/fr\/product\/kita\/#breadcrumb"},"inLanguage":"fr-FR","potentialAction":[{"@type":"ReadAction","target":["https:\/\/www.rimadesio.it\/fr\/product\/kita\/"]}]},{"@type":"BreadcrumbList","@id":"https:\/\/www.rimadesio.it\/fr\/product\/kita\/#breadcrumb","itemListElement":[{"@type":"ListItem","position":1,"name":"Homepage","item":"https:\/\/www.rimadesio.it\/fr\/"},{"@type":"ListItem","position":2,"name":"Produits","item":"https:\/\/www.rimadesio.it\/fr\/product\/"},{"@type":"ListItem","position":3,"name":"Compl\u00e9ments d'ameublement","item":"https:\/\/www.rimadesio.it\/fr\/product-category\/complements-dameublement\/"},{"@type":"ListItem","position":4,"name":"Tapis","item":"https:\/\/www.rimadesio.it\/fr\/product-category\/complements-dameublement\/tappeti-fr\/"},{"@type":"ListItem","position":5,"name":"Kita"}]},{"@type":"WebSite","@id":"https:\/\/www.rimadesio.it\/fr\/#website","url":"https:\/\/www.rimadesio.it\/fr\/","name":"Rimadesio","description":"Rimadesio official website","publisher":{"@id":"https:\/\/www.rimadesio.it\/fr\/#organization"},"potentialAction":[{"@type":"SearchAction","target":{"@type":"EntryPoint","urlTemplate":"https:\/\/www.rimadesio.it\/fr\/?s={search_term_string}"},"query-input":"required name=search_term_string"}],"inLanguage":"fr-FR"},{"@type":"Organization","@id":"https:\/\/www.rimadesio.it\/fr\/#organization","name":"Rimadesio","url":"https:\/\/www.rimadesio.it\/fr\/","logo":{"@type":"ImageObject","inLanguage":"fr-FR","@id":"https:\/\/www.rimadesio.it\/fr\/#\/schema\/logo\/image\/","url":"https:\/\/static.rimadesio.it\/media\/2021\/08\/Logo.png","contentUrl":"https:\/\/static.rimadesio.it\/media\/2021\/08\/Logo.png","width":102,"height":18,"caption":"Rimadesio"},"image":{"@id":"https:\/\/www.rimadesio.it\/fr\/#\/schema\/logo\/image\/"}}]}},"_links":{"self":[{"href":"https:\/\/www.rimadesio.it\/fr\/wp-json\/wp\/v2\/product\/166440"}],"collection":[{"href":"https:\/\/www.rimadesio.it\/fr\/wp-json\/wp\/v2\/product"}],"about":[{"href":"https:\/\/www.rimadesio.it\/fr\/wp-json\/wp\/v2\/types\/product"}],"wp:attachment":[{"href":"https:\/\/www.rimadesio.it\/fr\/wp-json\/wp\/v2\/media?parent=166440"}],"wp:term":[{"taxonomy":"product_category","embeddable":true,"href":"https:\/\/www.rimadesio.it\/fr\/wp-json\/wp\/v2\/product_category?post=166440"}],"curies":[{"name":"wp","href":"https:\/\/api.w.org\/{rel}","templated":true}]}}