{"id":166417,"date":"2024-09-23T12:09:51","date_gmt":"2024-09-23T10:09:51","guid":{"rendered":"https:\/\/www.rimadesio.it\/?post_type=product&#038;p=166417"},"modified":"2026-04-15T12:18:21","modified_gmt":"2026-04-15T10:18:21","slug":"miglio","status":"publish","type":"product","link":"https:\/\/www.rimadesio.it\/fr\/product\/miglio\/","title":{"rendered":"Miglio"},"content":{"rendered":"<p>Fabriqu\u00e9 en Inde, dans l&#8217;\u00c9tat du Rajasthan, au nord du pays, le tapis Miglio est compos\u00e9 de fibres de laine vierge non trait\u00e9e de haute qualit\u00e9 provenant de Nouvelle-Z\u00e9lande, envelopp\u00e9es \u00e0 la main dans un fil fin de jute, lui-m\u00eame tiss\u00e9 dans une cha\u00eene de coton. Disponible en 2 tailles et en format rond, en 3 couleurs: rice, grey, charcoal.<\/p>\n","protected":false},"featured_media":0,"template":"","product_category":[636,414],"acf":[],"yoast_head":"<!-- This site is optimized with the Yoast SEO plugin v20.4 - https:\/\/yoast.com\/wordpress\/plugins\/seo\/ -->\n<title>Miglio - Rimadesio<\/title>\n<meta name=\"description\" content=\"Fabriqu\u00e9 en Inde, dans l&#039;\u00c9tat du Rajasthan, au nord du pays, le tapis Miglio est compos\u00e9 de fibres de laine vierge non trait\u00e9e de haute qualit\u00e9 provenant\" \/>\n<meta name=\"robots\" content=\"index, follow, max-snippet:-1, max-image-preview:large, max-video-preview:-1\" \/>\n<link rel=\"canonical\" href=\"https:\/\/www.rimadesio.it\/fr\/product\/miglio\/\" \/>\n<meta property=\"og:locale\" content=\"fr_FR\" \/>\n<meta property=\"og:type\" content=\"article\" \/>\n<meta property=\"og:title\" content=\"Miglio - Rimadesio\" \/>\n<meta property=\"og:description\" content=\"Fabriqu\u00e9 en Inde, dans l&#039;\u00c9tat du Rajasthan, au nord du pays, le tapis Miglio est compos\u00e9 de fibres de laine vierge non trait\u00e9e de haute qualit\u00e9 provenant\" \/>\n<meta property=\"og:url\" content=\"https:\/\/www.rimadesio.it\/fr\/product\/miglio\/\" \/>\n<meta property=\"og:site_name\" content=\"Rimadesio\" \/>\n<meta property=\"article:modified_time\" content=\"2026-04-15T10:18:21+00:00\" \/>\n<meta name=\"twitter:card\" content=\"summary_large_image\" \/>\n<script type=\"application\/ld+json\" class=\"yoast-schema-graph\">{\"@context\":\"https:\/\/schema.org\",\"@graph\":[{\"@type\":\"WebPage\",\"@id\":\"https:\/\/www.rimadesio.it\/fr\/product\/miglio\/\",\"url\":\"https:\/\/www.rimadesio.it\/fr\/product\/miglio\/\",\"name\":\"Miglio - Rimadesio\",\"isPartOf\":{\"@id\":\"https:\/\/www.rimadesio.it\/fr\/#website\"},\"datePublished\":\"2024-09-23T10:09:51+00:00\",\"dateModified\":\"2026-04-15T10:18:21+00:00\",\"description\":\"Fabriqu\u00e9 en Inde, dans l'\u00c9tat du Rajasthan, au nord du pays, le tapis Miglio est compos\u00e9 de fibres de laine vierge non trait\u00e9e de haute qualit\u00e9 provenant\",\"breadcrumb\":{\"@id\":\"https:\/\/www.rimadesio.it\/fr\/product\/miglio\/#breadcrumb\"},\"inLanguage\":\"fr-FR\",\"potentialAction\":[{\"@type\":\"ReadAction\",\"target\":[\"https:\/\/www.rimadesio.it\/fr\/product\/miglio\/\"]}]},{\"@type\":\"BreadcrumbList\",\"@id\":\"https:\/\/www.rimadesio.it\/fr\/product\/miglio\/#breadcrumb\",\"itemListElement\":[{\"@type\":\"ListItem\",\"position\":1,\"name\":\"Homepage\",\"item\":\"https:\/\/www.rimadesio.it\/fr\/\"},{\"@type\":\"ListItem\",\"position\":2,\"name\":\"Produits\",\"item\":\"https:\/\/www.rimadesio.it\/fr\/product\/\"},{\"@type\":\"ListItem\",\"position\":3,\"name\":\"Compl\u00e9ments d'ameublement\",\"item\":\"https:\/\/www.rimadesio.it\/fr\/product-category\/complements-dameublement\/\"},{\"@type\":\"ListItem\",\"position\":4,\"name\":\"Tapis\",\"item\":\"https:\/\/www.rimadesio.it\/fr\/product-category\/complements-dameublement\/tappeti-fr\/\"},{\"@type\":\"ListItem\",\"position\":5,\"name\":\"Miglio\"}]},{\"@type\":\"WebSite\",\"@id\":\"https:\/\/www.rimadesio.it\/fr\/#website\",\"url\":\"https:\/\/www.rimadesio.it\/fr\/\",\"name\":\"Rimadesio\",\"description\":\"Rimadesio official website\",\"publisher\":{\"@id\":\"https:\/\/www.rimadesio.it\/fr\/#organization\"},\"potentialAction\":[{\"@type\":\"SearchAction\",\"target\":{\"@type\":\"EntryPoint\",\"urlTemplate\":\"https:\/\/www.rimadesio.it\/fr\/?s={search_term_string}\"},\"query-input\":\"required name=search_term_string\"}],\"inLanguage\":\"fr-FR\"},{\"@type\":\"Organization\",\"@id\":\"https:\/\/www.rimadesio.it\/fr\/#organization\",\"name\":\"Rimadesio\",\"url\":\"https:\/\/www.rimadesio.it\/fr\/\",\"logo\":{\"@type\":\"ImageObject\",\"inLanguage\":\"fr-FR\",\"@id\":\"https:\/\/www.rimadesio.it\/fr\/#\/schema\/logo\/image\/\",\"url\":\"https:\/\/static.rimadesio.it\/media\/2021\/08\/Logo.png\",\"contentUrl\":\"https:\/\/static.rimadesio.it\/media\/2021\/08\/Logo.png\",\"width\":102,\"height\":18,\"caption\":\"Rimadesio\"},\"image\":{\"@id\":\"https:\/\/www.rimadesio.it\/fr\/#\/schema\/logo\/image\/\"}}]}<\/script>\n<!-- \/ Yoast SEO plugin. -->","yoast_head_json":{"title":"Miglio - Rimadesio","description":"Fabriqu\u00e9 en Inde, dans l'\u00c9tat du Rajasthan, au nord du pays, le tapis Miglio est compos\u00e9 de fibres de laine vierge non trait\u00e9e de haute qualit\u00e9 provenant","robots":{"index":"index","follow":"follow","max-snippet":"max-snippet:-1","max-image-preview":"max-image-preview:large","max-video-preview":"max-video-preview:-1"},"canonical":"https:\/\/www.rimadesio.it\/fr\/product\/miglio\/","og_locale":"fr_FR","og_type":"article","og_title":"Miglio - Rimadesio","og_description":"Fabriqu\u00e9 en Inde, dans l'\u00c9tat du Rajasthan, au nord du pays, le tapis Miglio est compos\u00e9 de fibres de laine vierge non trait\u00e9e de haute qualit\u00e9 provenant","og_url":"https:\/\/www.rimadesio.it\/fr\/product\/miglio\/","og_site_name":"Rimadesio","article_modified_time":"2026-04-15T10:18:21+00:00","twitter_card":"summary_large_image","schema":{"@context":"https:\/\/schema.org","@graph":[{"@type":"WebPage","@id":"https:\/\/www.rimadesio.it\/fr\/product\/miglio\/","url":"https:\/\/www.rimadesio.it\/fr\/product\/miglio\/","name":"Miglio - Rimadesio","isPartOf":{"@id":"https:\/\/www.rimadesio.it\/fr\/#website"},"datePublished":"2024-09-23T10:09:51+00:00","dateModified":"2026-04-15T10:18:21+00:00","description":"Fabriqu\u00e9 en Inde, dans l'\u00c9tat du Rajasthan, au nord du pays, le tapis Miglio est compos\u00e9 de fibres de laine vierge non trait\u00e9e de haute qualit\u00e9 provenant","breadcrumb":{"@id":"https:\/\/www.rimadesio.it\/fr\/product\/miglio\/#breadcrumb"},"inLanguage":"fr-FR","potentialAction":[{"@type":"ReadAction","target":["https:\/\/www.rimadesio.it\/fr\/product\/miglio\/"]}]},{"@type":"BreadcrumbList","@id":"https:\/\/www.rimadesio.it\/fr\/product\/miglio\/#breadcrumb","itemListElement":[{"@type":"ListItem","position":1,"name":"Homepage","item":"https:\/\/www.rimadesio.it\/fr\/"},{"@type":"ListItem","position":2,"name":"Produits","item":"https:\/\/www.rimadesio.it\/fr\/product\/"},{"@type":"ListItem","position":3,"name":"Compl\u00e9ments d'ameublement","item":"https:\/\/www.rimadesio.it\/fr\/product-category\/complements-dameublement\/"},{"@type":"ListItem","position":4,"name":"Tapis","item":"https:\/\/www.rimadesio.it\/fr\/product-category\/complements-dameublement\/tappeti-fr\/"},{"@type":"ListItem","position":5,"name":"Miglio"}]},{"@type":"WebSite","@id":"https:\/\/www.rimadesio.it\/fr\/#website","url":"https:\/\/www.rimadesio.it\/fr\/","name":"Rimadesio","description":"Rimadesio official website","publisher":{"@id":"https:\/\/www.rimadesio.it\/fr\/#organization"},"potentialAction":[{"@type":"SearchAction","target":{"@type":"EntryPoint","urlTemplate":"https:\/\/www.rimadesio.it\/fr\/?s={search_term_string}"},"query-input":"required name=search_term_string"}],"inLanguage":"fr-FR"},{"@type":"Organization","@id":"https:\/\/www.rimadesio.it\/fr\/#organization","name":"Rimadesio","url":"https:\/\/www.rimadesio.it\/fr\/","logo":{"@type":"ImageObject","inLanguage":"fr-FR","@id":"https:\/\/www.rimadesio.it\/fr\/#\/schema\/logo\/image\/","url":"https:\/\/static.rimadesio.it\/media\/2021\/08\/Logo.png","contentUrl":"https:\/\/static.rimadesio.it\/media\/2021\/08\/Logo.png","width":102,"height":18,"caption":"Rimadesio"},"image":{"@id":"https:\/\/www.rimadesio.it\/fr\/#\/schema\/logo\/image\/"}}]}},"_links":{"self":[{"href":"https:\/\/www.rimadesio.it\/fr\/wp-json\/wp\/v2\/product\/166417"}],"collection":[{"href":"https:\/\/www.rimadesio.it\/fr\/wp-json\/wp\/v2\/product"}],"about":[{"href":"https:\/\/www.rimadesio.it\/fr\/wp-json\/wp\/v2\/types\/product"}],"wp:attachment":[{"href":"https:\/\/www.rimadesio.it\/fr\/wp-json\/wp\/v2\/media?parent=166417"}],"wp:term":[{"taxonomy":"product_category","embeddable":true,"href":"https:\/\/www.rimadesio.it\/fr\/wp-json\/wp\/v2\/product_category?post=166417"}],"curies":[{"name":"wp","href":"https:\/\/api.w.org\/{rel}","templated":true}]}}