{"id":164295,"date":"2024-07-12T15:08:57","date_gmt":"2024-07-12T13:08:57","guid":{"rendered":"https:\/\/www.rimadesio.it\/product\/rialto-specchi\/"},"modified":"2025-03-12T09:55:50","modified_gmt":"2025-03-12T08:55:50","slug":"rialto-specchi","status":"publish","type":"product","link":"https:\/\/www.rimadesio.it\/fr\/product\/rialto-specchi\/","title":{"rendered":"Rialto miroirs"},"content":{"rendered":"<p>Les miroirs Rialto sont propos\u00e9s en version sur pied ou suspendue. Le cadre en aluminium laqu\u00e9 est disponible dans toutes les couleurs Ecolorsystem, brown et nickel grigio. Dans la version avec \u00e9clairage, le c\u00e2ble \u00e9lectrique est recouvert de tissu pour \u00eatre \u00e9l\u00e9gant et discret.<\/p>\n","protected":false},"featured_media":0,"template":"","product_category":[548,414],"acf":[],"yoast_head":"<!-- This site is optimized with the Yoast SEO plugin v20.4 - https:\/\/yoast.com\/wordpress\/plugins\/seo\/ -->\n<title>Rialto miroirs - Rimadesio<\/title>\n<meta name=\"description\" content=\"Les miroirs Rialto sont propos\u00e9s en version sur pied ou suspendue. Le cadre en aluminium laqu\u00e9 est disponible dans toutes les couleurs Ecolorsystem, brown\" \/>\n<meta name=\"robots\" content=\"index, follow, max-snippet:-1, max-image-preview:large, max-video-preview:-1\" \/>\n<link rel=\"canonical\" href=\"https:\/\/www.rimadesio.it\/fr\/product\/rialto-specchi\/\" \/>\n<meta property=\"og:locale\" content=\"fr_FR\" \/>\n<meta property=\"og:type\" content=\"article\" \/>\n<meta property=\"og:title\" content=\"Rialto miroirs - Rimadesio\" \/>\n<meta property=\"og:description\" content=\"Les miroirs Rialto sont propos\u00e9s en version sur pied ou suspendue. Le cadre en aluminium laqu\u00e9 est disponible dans toutes les couleurs Ecolorsystem, brown\" \/>\n<meta property=\"og:url\" content=\"https:\/\/www.rimadesio.it\/fr\/product\/rialto-specchi\/\" \/>\n<meta property=\"og:site_name\" content=\"Rimadesio\" \/>\n<meta property=\"article:modified_time\" content=\"2025-03-12T08:55:50+00:00\" \/>\n<meta name=\"twitter:card\" content=\"summary_large_image\" \/>\n<script type=\"application\/ld+json\" class=\"yoast-schema-graph\">{\"@context\":\"https:\/\/schema.org\",\"@graph\":[{\"@type\":\"WebPage\",\"@id\":\"https:\/\/www.rimadesio.it\/fr\/product\/rialto-specchi\/\",\"url\":\"https:\/\/www.rimadesio.it\/fr\/product\/rialto-specchi\/\",\"name\":\"Rialto miroirs - Rimadesio\",\"isPartOf\":{\"@id\":\"https:\/\/www.rimadesio.it\/fr\/#website\"},\"datePublished\":\"2024-07-12T13:08:57+00:00\",\"dateModified\":\"2025-03-12T08:55:50+00:00\",\"description\":\"Les miroirs Rialto sont propos\u00e9s en version sur pied ou suspendue. Le cadre en aluminium laqu\u00e9 est disponible dans toutes les couleurs Ecolorsystem, brown\",\"breadcrumb\":{\"@id\":\"https:\/\/www.rimadesio.it\/fr\/product\/rialto-specchi\/#breadcrumb\"},\"inLanguage\":\"fr-FR\",\"potentialAction\":[{\"@type\":\"ReadAction\",\"target\":[\"https:\/\/www.rimadesio.it\/fr\/product\/rialto-specchi\/\"]}]},{\"@type\":\"BreadcrumbList\",\"@id\":\"https:\/\/www.rimadesio.it\/fr\/product\/rialto-specchi\/#breadcrumb\",\"itemListElement\":[{\"@type\":\"ListItem\",\"position\":1,\"name\":\"Homepage\",\"item\":\"https:\/\/www.rimadesio.it\/fr\/\"},{\"@type\":\"ListItem\",\"position\":2,\"name\":\"Produits\",\"item\":\"https:\/\/www.rimadesio.it\/fr\/product\/\"},{\"@type\":\"ListItem\",\"position\":3,\"name\":\"Compl\u00e9ments d'ameublement\",\"item\":\"https:\/\/www.rimadesio.it\/fr\/product-category\/complements-dameublement\/\"},{\"@type\":\"ListItem\",\"position\":4,\"name\":\"Miroirs\",\"item\":\"https:\/\/www.rimadesio.it\/fr\/product-category\/complements-dameublement\/miroirs\/\"},{\"@type\":\"ListItem\",\"position\":5,\"name\":\"Rialto miroirs\"}]},{\"@type\":\"WebSite\",\"@id\":\"https:\/\/www.rimadesio.it\/fr\/#website\",\"url\":\"https:\/\/www.rimadesio.it\/fr\/\",\"name\":\"Rimadesio\",\"description\":\"Rimadesio official website\",\"publisher\":{\"@id\":\"https:\/\/www.rimadesio.it\/fr\/#organization\"},\"potentialAction\":[{\"@type\":\"SearchAction\",\"target\":{\"@type\":\"EntryPoint\",\"urlTemplate\":\"https:\/\/www.rimadesio.it\/fr\/?s={search_term_string}\"},\"query-input\":\"required name=search_term_string\"}],\"inLanguage\":\"fr-FR\"},{\"@type\":\"Organization\",\"@id\":\"https:\/\/www.rimadesio.it\/fr\/#organization\",\"name\":\"Rimadesio\",\"url\":\"https:\/\/www.rimadesio.it\/fr\/\",\"logo\":{\"@type\":\"ImageObject\",\"inLanguage\":\"fr-FR\",\"@id\":\"https:\/\/www.rimadesio.it\/fr\/#\/schema\/logo\/image\/\",\"url\":\"https:\/\/static.rimadesio.it\/media\/2021\/08\/Logo.png\",\"contentUrl\":\"https:\/\/static.rimadesio.it\/media\/2021\/08\/Logo.png\",\"width\":102,\"height\":18,\"caption\":\"Rimadesio\"},\"image\":{\"@id\":\"https:\/\/www.rimadesio.it\/fr\/#\/schema\/logo\/image\/\"}}]}<\/script>\n<!-- \/ Yoast SEO plugin. -->","yoast_head_json":{"title":"Rialto miroirs - Rimadesio","description":"Les miroirs Rialto sont propos\u00e9s en version sur pied ou suspendue. Le cadre en aluminium laqu\u00e9 est disponible dans toutes les couleurs Ecolorsystem, brown","robots":{"index":"index","follow":"follow","max-snippet":"max-snippet:-1","max-image-preview":"max-image-preview:large","max-video-preview":"max-video-preview:-1"},"canonical":"https:\/\/www.rimadesio.it\/fr\/product\/rialto-specchi\/","og_locale":"fr_FR","og_type":"article","og_title":"Rialto miroirs - Rimadesio","og_description":"Les miroirs Rialto sont propos\u00e9s en version sur pied ou suspendue. Le cadre en aluminium laqu\u00e9 est disponible dans toutes les couleurs Ecolorsystem, brown","og_url":"https:\/\/www.rimadesio.it\/fr\/product\/rialto-specchi\/","og_site_name":"Rimadesio","article_modified_time":"2025-03-12T08:55:50+00:00","twitter_card":"summary_large_image","schema":{"@context":"https:\/\/schema.org","@graph":[{"@type":"WebPage","@id":"https:\/\/www.rimadesio.it\/fr\/product\/rialto-specchi\/","url":"https:\/\/www.rimadesio.it\/fr\/product\/rialto-specchi\/","name":"Rialto miroirs - Rimadesio","isPartOf":{"@id":"https:\/\/www.rimadesio.it\/fr\/#website"},"datePublished":"2024-07-12T13:08:57+00:00","dateModified":"2025-03-12T08:55:50+00:00","description":"Les miroirs Rialto sont propos\u00e9s en version sur pied ou suspendue. Le cadre en aluminium laqu\u00e9 est disponible dans toutes les couleurs Ecolorsystem, brown","breadcrumb":{"@id":"https:\/\/www.rimadesio.it\/fr\/product\/rialto-specchi\/#breadcrumb"},"inLanguage":"fr-FR","potentialAction":[{"@type":"ReadAction","target":["https:\/\/www.rimadesio.it\/fr\/product\/rialto-specchi\/"]}]},{"@type":"BreadcrumbList","@id":"https:\/\/www.rimadesio.it\/fr\/product\/rialto-specchi\/#breadcrumb","itemListElement":[{"@type":"ListItem","position":1,"name":"Homepage","item":"https:\/\/www.rimadesio.it\/fr\/"},{"@type":"ListItem","position":2,"name":"Produits","item":"https:\/\/www.rimadesio.it\/fr\/product\/"},{"@type":"ListItem","position":3,"name":"Compl\u00e9ments d'ameublement","item":"https:\/\/www.rimadesio.it\/fr\/product-category\/complements-dameublement\/"},{"@type":"ListItem","position":4,"name":"Miroirs","item":"https:\/\/www.rimadesio.it\/fr\/product-category\/complements-dameublement\/miroirs\/"},{"@type":"ListItem","position":5,"name":"Rialto miroirs"}]},{"@type":"WebSite","@id":"https:\/\/www.rimadesio.it\/fr\/#website","url":"https:\/\/www.rimadesio.it\/fr\/","name":"Rimadesio","description":"Rimadesio official website","publisher":{"@id":"https:\/\/www.rimadesio.it\/fr\/#organization"},"potentialAction":[{"@type":"SearchAction","target":{"@type":"EntryPoint","urlTemplate":"https:\/\/www.rimadesio.it\/fr\/?s={search_term_string}"},"query-input":"required name=search_term_string"}],"inLanguage":"fr-FR"},{"@type":"Organization","@id":"https:\/\/www.rimadesio.it\/fr\/#organization","name":"Rimadesio","url":"https:\/\/www.rimadesio.it\/fr\/","logo":{"@type":"ImageObject","inLanguage":"fr-FR","@id":"https:\/\/www.rimadesio.it\/fr\/#\/schema\/logo\/image\/","url":"https:\/\/static.rimadesio.it\/media\/2021\/08\/Logo.png","contentUrl":"https:\/\/static.rimadesio.it\/media\/2021\/08\/Logo.png","width":102,"height":18,"caption":"Rimadesio"},"image":{"@id":"https:\/\/www.rimadesio.it\/fr\/#\/schema\/logo\/image\/"}}]}},"_links":{"self":[{"href":"https:\/\/www.rimadesio.it\/fr\/wp-json\/wp\/v2\/product\/164295"}],"collection":[{"href":"https:\/\/www.rimadesio.it\/fr\/wp-json\/wp\/v2\/product"}],"about":[{"href":"https:\/\/www.rimadesio.it\/fr\/wp-json\/wp\/v2\/types\/product"}],"wp:attachment":[{"href":"https:\/\/www.rimadesio.it\/fr\/wp-json\/wp\/v2\/media?parent=164295"}],"wp:term":[{"taxonomy":"product_category","embeddable":true,"href":"https:\/\/www.rimadesio.it\/fr\/wp-json\/wp\/v2\/product_category?post=164295"}],"curies":[{"name":"wp","href":"https:\/\/api.w.org\/{rel}","templated":true}]}}