{"id":164029,"date":"2024-06-25T14:22:58","date_gmt":"2024-06-25T12:22:58","guid":{"rendered":"https:\/\/www.rimadesio.it\/product\/air-system\/"},"modified":"2026-04-21T10:10:40","modified_gmt":"2026-04-21T08:10:40","slug":"air-system","status":"publish","type":"product","link":"https:\/\/www.rimadesio.it\/fr\/product\/air-system\/","title":{"rendered":"Air system"},"content":{"rendered":"<p>Syst\u00e8me de panneaux fixes qui, associ\u00e9 avec les portes bidirectionnelles de la collection, permet une d\u00e9finition libre des espaces, gr\u00e2ce \u00e0 des compositions lin\u00e9aires, en ange ou en forme de T et dans des solutions de centre pi\u00e8ce ou en niche. Air System est disponible en quatre configuration esth\u00e9tiques (grid, plus, regular et pure), toujours sur mesure et personnalisable dans les mat\u00e9riaux et les finitions.<\/p>\n","protected":false},"featured_media":0,"template":"","product_category":[424,379,410,597],"acf":[],"yoast_head":"<!-- This site is optimized with the Yoast SEO plugin v20.4 - https:\/\/yoast.com\/wordpress\/plugins\/seo\/ -->\n<title>Air system - Rimadesio<\/title>\n<meta name=\"description\" content=\"Syst\u00e8me de panneaux fixes qui, associ\u00e9 avec les portes bidirectionnelles de la collection, permet une d\u00e9finition libre des espaces, gr\u00e2ce \u00e0 des\" \/>\n<meta name=\"robots\" content=\"index, follow, max-snippet:-1, max-image-preview:large, max-video-preview:-1\" \/>\n<link rel=\"canonical\" href=\"https:\/\/www.rimadesio.it\/fr\/product\/air-system\/\" \/>\n<meta property=\"og:locale\" content=\"fr_FR\" \/>\n<meta property=\"og:type\" content=\"article\" \/>\n<meta property=\"og:title\" content=\"Air system - Rimadesio\" \/>\n<meta property=\"og:description\" content=\"Syst\u00e8me de panneaux fixes qui, associ\u00e9 avec les portes bidirectionnelles de la collection, permet une d\u00e9finition libre des espaces, gr\u00e2ce \u00e0 des\" \/>\n<meta property=\"og:url\" content=\"https:\/\/www.rimadesio.it\/fr\/product\/air-system\/\" \/>\n<meta property=\"og:site_name\" content=\"Rimadesio\" \/>\n<meta property=\"article:modified_time\" content=\"2026-04-21T08:10:40+00:00\" \/>\n<meta name=\"twitter:card\" content=\"summary_large_image\" \/>\n<script type=\"application\/ld+json\" class=\"yoast-schema-graph\">{\"@context\":\"https:\/\/schema.org\",\"@graph\":[{\"@type\":\"WebPage\",\"@id\":\"https:\/\/www.rimadesio.it\/fr\/product\/air-system\/\",\"url\":\"https:\/\/www.rimadesio.it\/fr\/product\/air-system\/\",\"name\":\"Air system - Rimadesio\",\"isPartOf\":{\"@id\":\"https:\/\/www.rimadesio.it\/fr\/#website\"},\"datePublished\":\"2024-06-25T12:22:58+00:00\",\"dateModified\":\"2026-04-21T08:10:40+00:00\",\"description\":\"Syst\u00e8me de panneaux fixes qui, associ\u00e9 avec les portes bidirectionnelles de la collection, permet une d\u00e9finition libre des espaces, gr\u00e2ce \u00e0 des\",\"breadcrumb\":{\"@id\":\"https:\/\/www.rimadesio.it\/fr\/product\/air-system\/#breadcrumb\"},\"inLanguage\":\"fr-FR\",\"potentialAction\":[{\"@type\":\"ReadAction\",\"target\":[\"https:\/\/www.rimadesio.it\/fr\/product\/air-system\/\"]}]},{\"@type\":\"BreadcrumbList\",\"@id\":\"https:\/\/www.rimadesio.it\/fr\/product\/air-system\/#breadcrumb\",\"itemListElement\":[{\"@type\":\"ListItem\",\"position\":1,\"name\":\"Homepage\",\"item\":\"https:\/\/www.rimadesio.it\/fr\/\"},{\"@type\":\"ListItem\",\"position\":2,\"name\":\"Produits\",\"item\":\"https:\/\/www.rimadesio.it\/fr\/product\/\"},{\"@type\":\"ListItem\",\"position\":3,\"name\":\"Panneaux coulissants\",\"item\":\"https:\/\/www.rimadesio.it\/fr\/product-category\/panneaux-coulissants\/\"},{\"@type\":\"ListItem\",\"position\":4,\"name\":\"Syst\u00e8mes de cloison fixe\",\"item\":\"https:\/\/www.rimadesio.it\/fr\/product-category\/panneaux-coulissants\/separateur-espace\/\"},{\"@type\":\"ListItem\",\"position\":5,\"name\":\"Air system\"}]},{\"@type\":\"WebSite\",\"@id\":\"https:\/\/www.rimadesio.it\/fr\/#website\",\"url\":\"https:\/\/www.rimadesio.it\/fr\/\",\"name\":\"Rimadesio\",\"description\":\"Rimadesio official website\",\"publisher\":{\"@id\":\"https:\/\/www.rimadesio.it\/fr\/#organization\"},\"potentialAction\":[{\"@type\":\"SearchAction\",\"target\":{\"@type\":\"EntryPoint\",\"urlTemplate\":\"https:\/\/www.rimadesio.it\/fr\/?s={search_term_string}\"},\"query-input\":\"required name=search_term_string\"}],\"inLanguage\":\"fr-FR\"},{\"@type\":\"Organization\",\"@id\":\"https:\/\/www.rimadesio.it\/fr\/#organization\",\"name\":\"Rimadesio\",\"url\":\"https:\/\/www.rimadesio.it\/fr\/\",\"logo\":{\"@type\":\"ImageObject\",\"inLanguage\":\"fr-FR\",\"@id\":\"https:\/\/www.rimadesio.it\/fr\/#\/schema\/logo\/image\/\",\"url\":\"https:\/\/static.rimadesio.it\/media\/2021\/08\/Logo.png\",\"contentUrl\":\"https:\/\/static.rimadesio.it\/media\/2021\/08\/Logo.png\",\"width\":102,\"height\":18,\"caption\":\"Rimadesio\"},\"image\":{\"@id\":\"https:\/\/www.rimadesio.it\/fr\/#\/schema\/logo\/image\/\"}}]}<\/script>\n<!-- \/ Yoast SEO plugin. -->","yoast_head_json":{"title":"Air system - Rimadesio","description":"Syst\u00e8me de panneaux fixes qui, associ\u00e9 avec les portes bidirectionnelles de la collection, permet une d\u00e9finition libre des espaces, gr\u00e2ce \u00e0 des","robots":{"index":"index","follow":"follow","max-snippet":"max-snippet:-1","max-image-preview":"max-image-preview:large","max-video-preview":"max-video-preview:-1"},"canonical":"https:\/\/www.rimadesio.it\/fr\/product\/air-system\/","og_locale":"fr_FR","og_type":"article","og_title":"Air system - Rimadesio","og_description":"Syst\u00e8me de panneaux fixes qui, associ\u00e9 avec les portes bidirectionnelles de la collection, permet une d\u00e9finition libre des espaces, gr\u00e2ce \u00e0 des","og_url":"https:\/\/www.rimadesio.it\/fr\/product\/air-system\/","og_site_name":"Rimadesio","article_modified_time":"2026-04-21T08:10:40+00:00","twitter_card":"summary_large_image","schema":{"@context":"https:\/\/schema.org","@graph":[{"@type":"WebPage","@id":"https:\/\/www.rimadesio.it\/fr\/product\/air-system\/","url":"https:\/\/www.rimadesio.it\/fr\/product\/air-system\/","name":"Air system - Rimadesio","isPartOf":{"@id":"https:\/\/www.rimadesio.it\/fr\/#website"},"datePublished":"2024-06-25T12:22:58+00:00","dateModified":"2026-04-21T08:10:40+00:00","description":"Syst\u00e8me de panneaux fixes qui, associ\u00e9 avec les portes bidirectionnelles de la collection, permet une d\u00e9finition libre des espaces, gr\u00e2ce \u00e0 des","breadcrumb":{"@id":"https:\/\/www.rimadesio.it\/fr\/product\/air-system\/#breadcrumb"},"inLanguage":"fr-FR","potentialAction":[{"@type":"ReadAction","target":["https:\/\/www.rimadesio.it\/fr\/product\/air-system\/"]}]},{"@type":"BreadcrumbList","@id":"https:\/\/www.rimadesio.it\/fr\/product\/air-system\/#breadcrumb","itemListElement":[{"@type":"ListItem","position":1,"name":"Homepage","item":"https:\/\/www.rimadesio.it\/fr\/"},{"@type":"ListItem","position":2,"name":"Produits","item":"https:\/\/www.rimadesio.it\/fr\/product\/"},{"@type":"ListItem","position":3,"name":"Panneaux coulissants","item":"https:\/\/www.rimadesio.it\/fr\/product-category\/panneaux-coulissants\/"},{"@type":"ListItem","position":4,"name":"Syst\u00e8mes de cloison fixe","item":"https:\/\/www.rimadesio.it\/fr\/product-category\/panneaux-coulissants\/separateur-espace\/"},{"@type":"ListItem","position":5,"name":"Air system"}]},{"@type":"WebSite","@id":"https:\/\/www.rimadesio.it\/fr\/#website","url":"https:\/\/www.rimadesio.it\/fr\/","name":"Rimadesio","description":"Rimadesio official website","publisher":{"@id":"https:\/\/www.rimadesio.it\/fr\/#organization"},"potentialAction":[{"@type":"SearchAction","target":{"@type":"EntryPoint","urlTemplate":"https:\/\/www.rimadesio.it\/fr\/?s={search_term_string}"},"query-input":"required name=search_term_string"}],"inLanguage":"fr-FR"},{"@type":"Organization","@id":"https:\/\/www.rimadesio.it\/fr\/#organization","name":"Rimadesio","url":"https:\/\/www.rimadesio.it\/fr\/","logo":{"@type":"ImageObject","inLanguage":"fr-FR","@id":"https:\/\/www.rimadesio.it\/fr\/#\/schema\/logo\/image\/","url":"https:\/\/static.rimadesio.it\/media\/2021\/08\/Logo.png","contentUrl":"https:\/\/static.rimadesio.it\/media\/2021\/08\/Logo.png","width":102,"height":18,"caption":"Rimadesio"},"image":{"@id":"https:\/\/www.rimadesio.it\/fr\/#\/schema\/logo\/image\/"}}]}},"_links":{"self":[{"href":"https:\/\/www.rimadesio.it\/fr\/wp-json\/wp\/v2\/product\/164029"}],"collection":[{"href":"https:\/\/www.rimadesio.it\/fr\/wp-json\/wp\/v2\/product"}],"about":[{"href":"https:\/\/www.rimadesio.it\/fr\/wp-json\/wp\/v2\/types\/product"}],"wp:attachment":[{"href":"https:\/\/www.rimadesio.it\/fr\/wp-json\/wp\/v2\/media?parent=164029"}],"wp:term":[{"taxonomy":"product_category","embeddable":true,"href":"https:\/\/www.rimadesio.it\/fr\/wp-json\/wp\/v2\/product_category?post=164029"}],"curies":[{"name":"wp","href":"https:\/\/api.w.org\/{rel}","templated":true}]}}