{"id":161982,"date":"2024-04-02T11:55:31","date_gmt":"2024-04-02T09:55:31","guid":{"rendered":"https:\/\/www.rimadesio.it\/?post_type=product&#038;p=161982"},"modified":"2026-04-21T10:16:30","modified_gmt":"2026-04-21T08:16:30","slug":"air","status":"publish","type":"product","link":"https:\/\/www.rimadesio.it\/fr\/product\/air\/","title":{"rendered":"Air"},"content":{"rendered":"<p>Air est un syst\u00e8me de porte pivotante bidirectionnelle \u00e0 toute hauteur, double face et coplanaire au mur. La structure est con\u00e7ue de mani\u00e8re \u00e0 proposer un large \u00e9ventail de finitions et une qualit\u00e9 fonctionnelle maximale. La polyvalence de ce produit permet une installation murale sans jambage ou une int\u00e9gration dans la boiserie Modulor. Toujours r\u00e9alis\u00e9 sur mesure, les dimensions maximales sont de 3600 mm en hauteur et 2040 mm en largeur.<\/p>\n","protected":false},"featured_media":0,"template":"","product_category":[406,423],"acf":[],"yoast_head":"<!-- This site is optimized with the Yoast SEO plugin v20.4 - https:\/\/yoast.com\/wordpress\/plugins\/seo\/ -->\n<title>Air - Rimadesio<\/title>\n<meta name=\"description\" content=\"Air est un syst\u00e8me de porte pivotante bidirectionnelle \u00e0 toute hauteur, double face et coplanaire au mur. La structure est con\u00e7ue de mani\u00e8re \u00e0 proposer un\" \/>\n<meta name=\"robots\" content=\"index, follow, max-snippet:-1, max-image-preview:large, max-video-preview:-1\" \/>\n<link rel=\"canonical\" href=\"https:\/\/www.rimadesio.it\/fr\/product\/air\/\" \/>\n<meta property=\"og:locale\" content=\"fr_FR\" \/>\n<meta property=\"og:type\" content=\"article\" \/>\n<meta property=\"og:title\" content=\"Air - Rimadesio\" \/>\n<meta property=\"og:description\" content=\"Air est un syst\u00e8me de porte pivotante bidirectionnelle \u00e0 toute hauteur, double face et coplanaire au mur. La structure est con\u00e7ue de mani\u00e8re \u00e0 proposer un\" \/>\n<meta property=\"og:url\" content=\"https:\/\/www.rimadesio.it\/fr\/product\/air\/\" \/>\n<meta property=\"og:site_name\" content=\"Rimadesio\" \/>\n<meta property=\"article:modified_time\" content=\"2026-04-21T08:16:30+00:00\" \/>\n<meta name=\"twitter:card\" content=\"summary_large_image\" \/>\n<script type=\"application\/ld+json\" class=\"yoast-schema-graph\">{\"@context\":\"https:\/\/schema.org\",\"@graph\":[{\"@type\":\"WebPage\",\"@id\":\"https:\/\/www.rimadesio.it\/fr\/product\/air\/\",\"url\":\"https:\/\/www.rimadesio.it\/fr\/product\/air\/\",\"name\":\"Air - Rimadesio\",\"isPartOf\":{\"@id\":\"https:\/\/www.rimadesio.it\/fr\/#website\"},\"datePublished\":\"2024-04-02T09:55:31+00:00\",\"dateModified\":\"2026-04-21T08:16:30+00:00\",\"description\":\"Air est un syst\u00e8me de porte pivotante bidirectionnelle \u00e0 toute hauteur, double face et coplanaire au mur. La structure est con\u00e7ue de mani\u00e8re \u00e0 proposer un\",\"breadcrumb\":{\"@id\":\"https:\/\/www.rimadesio.it\/fr\/product\/air\/#breadcrumb\"},\"inLanguage\":\"fr-FR\",\"potentialAction\":[{\"@type\":\"ReadAction\",\"target\":[\"https:\/\/www.rimadesio.it\/fr\/product\/air\/\"]}]},{\"@type\":\"BreadcrumbList\",\"@id\":\"https:\/\/www.rimadesio.it\/fr\/product\/air\/#breadcrumb\",\"itemListElement\":[{\"@type\":\"ListItem\",\"position\":1,\"name\":\"Homepage\",\"item\":\"https:\/\/www.rimadesio.it\/fr\/\"},{\"@type\":\"ListItem\",\"position\":2,\"name\":\"Produits\",\"item\":\"https:\/\/www.rimadesio.it\/fr\/product\/\"},{\"@type\":\"ListItem\",\"position\":3,\"name\":\"Portes\",\"item\":\"https:\/\/www.rimadesio.it\/fr\/product-category\/portes\/\"},{\"@type\":\"ListItem\",\"position\":4,\"name\":\"Bidirectionnelles\",\"item\":\"https:\/\/www.rimadesio.it\/fr\/product-category\/portes\/bidirectionnel\/\"},{\"@type\":\"ListItem\",\"position\":5,\"name\":\"Air\"}]},{\"@type\":\"WebSite\",\"@id\":\"https:\/\/www.rimadesio.it\/fr\/#website\",\"url\":\"https:\/\/www.rimadesio.it\/fr\/\",\"name\":\"Rimadesio\",\"description\":\"Rimadesio official website\",\"publisher\":{\"@id\":\"https:\/\/www.rimadesio.it\/fr\/#organization\"},\"potentialAction\":[{\"@type\":\"SearchAction\",\"target\":{\"@type\":\"EntryPoint\",\"urlTemplate\":\"https:\/\/www.rimadesio.it\/fr\/?s={search_term_string}\"},\"query-input\":\"required name=search_term_string\"}],\"inLanguage\":\"fr-FR\"},{\"@type\":\"Organization\",\"@id\":\"https:\/\/www.rimadesio.it\/fr\/#organization\",\"name\":\"Rimadesio\",\"url\":\"https:\/\/www.rimadesio.it\/fr\/\",\"logo\":{\"@type\":\"ImageObject\",\"inLanguage\":\"fr-FR\",\"@id\":\"https:\/\/www.rimadesio.it\/fr\/#\/schema\/logo\/image\/\",\"url\":\"https:\/\/static.rimadesio.it\/media\/2021\/08\/Logo.png\",\"contentUrl\":\"https:\/\/static.rimadesio.it\/media\/2021\/08\/Logo.png\",\"width\":102,\"height\":18,\"caption\":\"Rimadesio\"},\"image\":{\"@id\":\"https:\/\/www.rimadesio.it\/fr\/#\/schema\/logo\/image\/\"}}]}<\/script>\n<!-- \/ Yoast SEO plugin. -->","yoast_head_json":{"title":"Air - Rimadesio","description":"Air est un syst\u00e8me de porte pivotante bidirectionnelle \u00e0 toute hauteur, double face et coplanaire au mur. La structure est con\u00e7ue de mani\u00e8re \u00e0 proposer un","robots":{"index":"index","follow":"follow","max-snippet":"max-snippet:-1","max-image-preview":"max-image-preview:large","max-video-preview":"max-video-preview:-1"},"canonical":"https:\/\/www.rimadesio.it\/fr\/product\/air\/","og_locale":"fr_FR","og_type":"article","og_title":"Air - Rimadesio","og_description":"Air est un syst\u00e8me de porte pivotante bidirectionnelle \u00e0 toute hauteur, double face et coplanaire au mur. La structure est con\u00e7ue de mani\u00e8re \u00e0 proposer un","og_url":"https:\/\/www.rimadesio.it\/fr\/product\/air\/","og_site_name":"Rimadesio","article_modified_time":"2026-04-21T08:16:30+00:00","twitter_card":"summary_large_image","schema":{"@context":"https:\/\/schema.org","@graph":[{"@type":"WebPage","@id":"https:\/\/www.rimadesio.it\/fr\/product\/air\/","url":"https:\/\/www.rimadesio.it\/fr\/product\/air\/","name":"Air - Rimadesio","isPartOf":{"@id":"https:\/\/www.rimadesio.it\/fr\/#website"},"datePublished":"2024-04-02T09:55:31+00:00","dateModified":"2026-04-21T08:16:30+00:00","description":"Air est un syst\u00e8me de porte pivotante bidirectionnelle \u00e0 toute hauteur, double face et coplanaire au mur. La structure est con\u00e7ue de mani\u00e8re \u00e0 proposer un","breadcrumb":{"@id":"https:\/\/www.rimadesio.it\/fr\/product\/air\/#breadcrumb"},"inLanguage":"fr-FR","potentialAction":[{"@type":"ReadAction","target":["https:\/\/www.rimadesio.it\/fr\/product\/air\/"]}]},{"@type":"BreadcrumbList","@id":"https:\/\/www.rimadesio.it\/fr\/product\/air\/#breadcrumb","itemListElement":[{"@type":"ListItem","position":1,"name":"Homepage","item":"https:\/\/www.rimadesio.it\/fr\/"},{"@type":"ListItem","position":2,"name":"Produits","item":"https:\/\/www.rimadesio.it\/fr\/product\/"},{"@type":"ListItem","position":3,"name":"Portes","item":"https:\/\/www.rimadesio.it\/fr\/product-category\/portes\/"},{"@type":"ListItem","position":4,"name":"Bidirectionnelles","item":"https:\/\/www.rimadesio.it\/fr\/product-category\/portes\/bidirectionnel\/"},{"@type":"ListItem","position":5,"name":"Air"}]},{"@type":"WebSite","@id":"https:\/\/www.rimadesio.it\/fr\/#website","url":"https:\/\/www.rimadesio.it\/fr\/","name":"Rimadesio","description":"Rimadesio official website","publisher":{"@id":"https:\/\/www.rimadesio.it\/fr\/#organization"},"potentialAction":[{"@type":"SearchAction","target":{"@type":"EntryPoint","urlTemplate":"https:\/\/www.rimadesio.it\/fr\/?s={search_term_string}"},"query-input":"required name=search_term_string"}],"inLanguage":"fr-FR"},{"@type":"Organization","@id":"https:\/\/www.rimadesio.it\/fr\/#organization","name":"Rimadesio","url":"https:\/\/www.rimadesio.it\/fr\/","logo":{"@type":"ImageObject","inLanguage":"fr-FR","@id":"https:\/\/www.rimadesio.it\/fr\/#\/schema\/logo\/image\/","url":"https:\/\/static.rimadesio.it\/media\/2021\/08\/Logo.png","contentUrl":"https:\/\/static.rimadesio.it\/media\/2021\/08\/Logo.png","width":102,"height":18,"caption":"Rimadesio"},"image":{"@id":"https:\/\/www.rimadesio.it\/fr\/#\/schema\/logo\/image\/"}}]}},"_links":{"self":[{"href":"https:\/\/www.rimadesio.it\/fr\/wp-json\/wp\/v2\/product\/161982"}],"collection":[{"href":"https:\/\/www.rimadesio.it\/fr\/wp-json\/wp\/v2\/product"}],"about":[{"href":"https:\/\/www.rimadesio.it\/fr\/wp-json\/wp\/v2\/types\/product"}],"wp:attachment":[{"href":"https:\/\/www.rimadesio.it\/fr\/wp-json\/wp\/v2\/media?parent=161982"}],"wp:term":[{"taxonomy":"product_category","embeddable":true,"href":"https:\/\/www.rimadesio.it\/fr\/wp-json\/wp\/v2\/product_category?post=161982"}],"curies":[{"name":"wp","href":"https:\/\/api.w.org\/{rel}","templated":true}]}}