{"id":161773,"date":"2024-03-26T15:28:26","date_gmt":"2024-03-26T14:28:26","guid":{"rendered":"https:\/\/www.rimadesio.it\/?post_type=product&#038;p=161773"},"modified":"2026-04-15T10:34:08","modified_gmt":"2026-04-15T08:34:08","slug":"altair","status":"publish","type":"product","link":"https:\/\/www.rimadesio.it\/fr\/product\/altair\/","title":{"rendered":"Altair"},"content":{"rendered":"<p>Altair est un syst\u00e8me de rangements double face disponible en diff\u00e9rentes dimensions, et destin\u00e9 aux espaces domestiques ou publics. L\u2019\u00e9l\u00e9ment caract\u00e9ristique de ce syst\u00e8me est le grand tiroir avec ouverture double face, coulissant sur des guides escamotables qui permettent d\u2019extraire les grands plateaux en olmo et rovere termotrattato. Ce syst\u00e8me peut \u00eatre personnalis\u00e9 en termes de finitions et d\u2019accessoires selon les besoins du client, pour \u00eatre assorti \u00e0 tous les meubles de la collection.<\/p>\n","protected":false},"featured_media":0,"template":"","product_category":[416,592,402,414],"acf":[],"yoast_head":"<!-- This site is optimized with the Yoast SEO plugin v20.4 - https:\/\/yoast.com\/wordpress\/plugins\/seo\/ -->\n<title>Altair - Rimadesio<\/title>\n<meta name=\"description\" content=\"Altair est un syst\u00e8me de rangements double face disponible en diff\u00e9rentes dimensions, et destin\u00e9 aux espaces domestiques ou publics. L\u2019\u00e9l\u00e9ment\" \/>\n<meta name=\"robots\" content=\"index, follow, max-snippet:-1, max-image-preview:large, max-video-preview:-1\" \/>\n<link rel=\"canonical\" href=\"https:\/\/www.rimadesio.it\/fr\/product\/altair\/\" \/>\n<meta property=\"og:locale\" content=\"fr_FR\" \/>\n<meta property=\"og:type\" content=\"article\" \/>\n<meta property=\"og:title\" content=\"Altair - Rimadesio\" \/>\n<meta property=\"og:description\" content=\"Altair est un syst\u00e8me de rangements double face disponible en diff\u00e9rentes dimensions, et destin\u00e9 aux espaces domestiques ou publics. L\u2019\u00e9l\u00e9ment\" \/>\n<meta property=\"og:url\" content=\"https:\/\/www.rimadesio.it\/fr\/product\/altair\/\" \/>\n<meta property=\"og:site_name\" content=\"Rimadesio\" \/>\n<meta property=\"article:modified_time\" content=\"2026-04-15T08:34:08+00:00\" \/>\n<meta name=\"twitter:card\" content=\"summary_large_image\" \/>\n<script type=\"application\/ld+json\" class=\"yoast-schema-graph\">{\"@context\":\"https:\/\/schema.org\",\"@graph\":[{\"@type\":\"WebPage\",\"@id\":\"https:\/\/www.rimadesio.it\/fr\/product\/altair\/\",\"url\":\"https:\/\/www.rimadesio.it\/fr\/product\/altair\/\",\"name\":\"Altair - Rimadesio\",\"isPartOf\":{\"@id\":\"https:\/\/www.rimadesio.it\/fr\/#website\"},\"datePublished\":\"2024-03-26T14:28:26+00:00\",\"dateModified\":\"2026-04-15T08:34:08+00:00\",\"description\":\"Altair est un syst\u00e8me de rangements double face disponible en diff\u00e9rentes dimensions, et destin\u00e9 aux espaces domestiques ou publics. L\u2019\u00e9l\u00e9ment\",\"breadcrumb\":{\"@id\":\"https:\/\/www.rimadesio.it\/fr\/product\/altair\/#breadcrumb\"},\"inLanguage\":\"fr-FR\",\"potentialAction\":[{\"@type\":\"ReadAction\",\"target\":[\"https:\/\/www.rimadesio.it\/fr\/product\/altair\/\"]}]},{\"@type\":\"BreadcrumbList\",\"@id\":\"https:\/\/www.rimadesio.it\/fr\/product\/altair\/#breadcrumb\",\"itemListElement\":[{\"@type\":\"ListItem\",\"position\":1,\"name\":\"Homepage\",\"item\":\"https:\/\/www.rimadesio.it\/fr\/\"},{\"@type\":\"ListItem\",\"position\":2,\"name\":\"Produits\",\"item\":\"https:\/\/www.rimadesio.it\/fr\/product\/\"},{\"@type\":\"ListItem\",\"position\":3,\"name\":\"Syst\u00e8mes nuit\",\"item\":\"https:\/\/www.rimadesio.it\/fr\/product-category\/systemes-nuit\/\"},{\"@type\":\"ListItem\",\"position\":4,\"name\":\"Rangements\",\"item\":\"https:\/\/www.rimadesio.it\/fr\/product-category\/systemes-nuit\/rangements\/\"},{\"@type\":\"ListItem\",\"position\":5,\"name\":\"Altair\"}]},{\"@type\":\"WebSite\",\"@id\":\"https:\/\/www.rimadesio.it\/fr\/#website\",\"url\":\"https:\/\/www.rimadesio.it\/fr\/\",\"name\":\"Rimadesio\",\"description\":\"Rimadesio official website\",\"publisher\":{\"@id\":\"https:\/\/www.rimadesio.it\/fr\/#organization\"},\"potentialAction\":[{\"@type\":\"SearchAction\",\"target\":{\"@type\":\"EntryPoint\",\"urlTemplate\":\"https:\/\/www.rimadesio.it\/fr\/?s={search_term_string}\"},\"query-input\":\"required name=search_term_string\"}],\"inLanguage\":\"fr-FR\"},{\"@type\":\"Organization\",\"@id\":\"https:\/\/www.rimadesio.it\/fr\/#organization\",\"name\":\"Rimadesio\",\"url\":\"https:\/\/www.rimadesio.it\/fr\/\",\"logo\":{\"@type\":\"ImageObject\",\"inLanguage\":\"fr-FR\",\"@id\":\"https:\/\/www.rimadesio.it\/fr\/#\/schema\/logo\/image\/\",\"url\":\"https:\/\/static.rimadesio.it\/media\/2021\/08\/Logo.png\",\"contentUrl\":\"https:\/\/static.rimadesio.it\/media\/2021\/08\/Logo.png\",\"width\":102,\"height\":18,\"caption\":\"Rimadesio\"},\"image\":{\"@id\":\"https:\/\/www.rimadesio.it\/fr\/#\/schema\/logo\/image\/\"}}]}<\/script>\n<!-- \/ Yoast SEO plugin. -->","yoast_head_json":{"title":"Altair - Rimadesio","description":"Altair est un syst\u00e8me de rangements double face disponible en diff\u00e9rentes dimensions, et destin\u00e9 aux espaces domestiques ou publics. L\u2019\u00e9l\u00e9ment","robots":{"index":"index","follow":"follow","max-snippet":"max-snippet:-1","max-image-preview":"max-image-preview:large","max-video-preview":"max-video-preview:-1"},"canonical":"https:\/\/www.rimadesio.it\/fr\/product\/altair\/","og_locale":"fr_FR","og_type":"article","og_title":"Altair - Rimadesio","og_description":"Altair est un syst\u00e8me de rangements double face disponible en diff\u00e9rentes dimensions, et destin\u00e9 aux espaces domestiques ou publics. L\u2019\u00e9l\u00e9ment","og_url":"https:\/\/www.rimadesio.it\/fr\/product\/altair\/","og_site_name":"Rimadesio","article_modified_time":"2026-04-15T08:34:08+00:00","twitter_card":"summary_large_image","schema":{"@context":"https:\/\/schema.org","@graph":[{"@type":"WebPage","@id":"https:\/\/www.rimadesio.it\/fr\/product\/altair\/","url":"https:\/\/www.rimadesio.it\/fr\/product\/altair\/","name":"Altair - Rimadesio","isPartOf":{"@id":"https:\/\/www.rimadesio.it\/fr\/#website"},"datePublished":"2024-03-26T14:28:26+00:00","dateModified":"2026-04-15T08:34:08+00:00","description":"Altair est un syst\u00e8me de rangements double face disponible en diff\u00e9rentes dimensions, et destin\u00e9 aux espaces domestiques ou publics. L\u2019\u00e9l\u00e9ment","breadcrumb":{"@id":"https:\/\/www.rimadesio.it\/fr\/product\/altair\/#breadcrumb"},"inLanguage":"fr-FR","potentialAction":[{"@type":"ReadAction","target":["https:\/\/www.rimadesio.it\/fr\/product\/altair\/"]}]},{"@type":"BreadcrumbList","@id":"https:\/\/www.rimadesio.it\/fr\/product\/altair\/#breadcrumb","itemListElement":[{"@type":"ListItem","position":1,"name":"Homepage","item":"https:\/\/www.rimadesio.it\/fr\/"},{"@type":"ListItem","position":2,"name":"Produits","item":"https:\/\/www.rimadesio.it\/fr\/product\/"},{"@type":"ListItem","position":3,"name":"Syst\u00e8mes nuit","item":"https:\/\/www.rimadesio.it\/fr\/product-category\/systemes-nuit\/"},{"@type":"ListItem","position":4,"name":"Rangements","item":"https:\/\/www.rimadesio.it\/fr\/product-category\/systemes-nuit\/rangements\/"},{"@type":"ListItem","position":5,"name":"Altair"}]},{"@type":"WebSite","@id":"https:\/\/www.rimadesio.it\/fr\/#website","url":"https:\/\/www.rimadesio.it\/fr\/","name":"Rimadesio","description":"Rimadesio official website","publisher":{"@id":"https:\/\/www.rimadesio.it\/fr\/#organization"},"potentialAction":[{"@type":"SearchAction","target":{"@type":"EntryPoint","urlTemplate":"https:\/\/www.rimadesio.it\/fr\/?s={search_term_string}"},"query-input":"required name=search_term_string"}],"inLanguage":"fr-FR"},{"@type":"Organization","@id":"https:\/\/www.rimadesio.it\/fr\/#organization","name":"Rimadesio","url":"https:\/\/www.rimadesio.it\/fr\/","logo":{"@type":"ImageObject","inLanguage":"fr-FR","@id":"https:\/\/www.rimadesio.it\/fr\/#\/schema\/logo\/image\/","url":"https:\/\/static.rimadesio.it\/media\/2021\/08\/Logo.png","contentUrl":"https:\/\/static.rimadesio.it\/media\/2021\/08\/Logo.png","width":102,"height":18,"caption":"Rimadesio"},"image":{"@id":"https:\/\/www.rimadesio.it\/fr\/#\/schema\/logo\/image\/"}}]}},"_links":{"self":[{"href":"https:\/\/www.rimadesio.it\/fr\/wp-json\/wp\/v2\/product\/161773"}],"collection":[{"href":"https:\/\/www.rimadesio.it\/fr\/wp-json\/wp\/v2\/product"}],"about":[{"href":"https:\/\/www.rimadesio.it\/fr\/wp-json\/wp\/v2\/types\/product"}],"wp:attachment":[{"href":"https:\/\/www.rimadesio.it\/fr\/wp-json\/wp\/v2\/media?parent=161773"}],"wp:term":[{"taxonomy":"product_category","embeddable":true,"href":"https:\/\/www.rimadesio.it\/fr\/wp-json\/wp\/v2\/product_category?post=161773"}],"curies":[{"name":"wp","href":"https:\/\/api.w.org\/{rel}","templated":true}]}}