{"id":156211,"date":"2022-03-29T16:30:57","date_gmt":"2022-03-29T14:30:57","guid":{"rendered":"https:\/\/www.rimadesio.it\/product\/interior-six-2021\/"},"modified":"2022-03-29T16:32:44","modified_gmt":"2022-03-29T14:32:44","slug":"interior-six-2021","status":"publish","type":"product","link":"https:\/\/www.rimadesio.it\/fr\/product\/interior-six-2021\/","title":{"rendered":"Interior six"},"content":{"rendered":"<p>En version murale, autoportante ou ouverte : le syst\u00e8me Cover est compl\u00e9t\u00e9 pour permettre une plus grande libert\u00e9 de conception. Parfaitement uniforme dans ses am\u00e9nagements int\u00e9rieurs et ses finitions, Cover Open est con\u00e7ue pour compl\u00e9ter les autres versions et sugg\u00e9rer avec elles un style original et coh\u00e9rent, fait de pr\u00e9cision et de qualit\u00e9 formelle.<\/p>\n","protected":false},"featured_media":0,"template":"","product_category":[],"acf":[],"yoast_head":"<!-- This site is optimized with the Yoast SEO plugin v20.4 - https:\/\/yoast.com\/wordpress\/plugins\/seo\/ -->\n<title>New Interiors 6 | novit\u00e0 collezione Rimadesio<\/title>\n<meta name=\"description\" content=\"En version murale, autoportante ou ouverte : le syst\u00e8me Cover est compl\u00e9t\u00e9 pour permettre une plus grande libert\u00e9 de conception. Parfaitement uniforme\" \/>\n<meta name=\"robots\" content=\"index, follow, max-snippet:-1, max-image-preview:large, max-video-preview:-1\" \/>\n<link rel=\"canonical\" href=\"https:\/\/www.rimadesio.it\/fr\/product\/interior-six-2021\/\" \/>\n<meta property=\"og:locale\" content=\"fr_FR\" \/>\n<meta property=\"og:type\" content=\"article\" \/>\n<meta property=\"og:title\" content=\"New Interiors 6 | novit\u00e0 collezione Rimadesio\" \/>\n<meta property=\"og:description\" content=\"En version murale, autoportante ou ouverte : le syst\u00e8me Cover est compl\u00e9t\u00e9 pour permettre une plus grande libert\u00e9 de conception. Parfaitement uniforme\" \/>\n<meta property=\"og:url\" content=\"https:\/\/www.rimadesio.it\/fr\/product\/interior-six-2021\/\" \/>\n<meta property=\"og:site_name\" content=\"Rimadesio\" \/>\n<meta property=\"article:modified_time\" content=\"2022-03-29T14:32:44+00:00\" \/>\n<meta name=\"twitter:card\" content=\"summary_large_image\" \/>\n<script type=\"application\/ld+json\" class=\"yoast-schema-graph\">{\"@context\":\"https:\/\/schema.org\",\"@graph\":[{\"@type\":\"WebPage\",\"@id\":\"https:\/\/www.rimadesio.it\/fr\/product\/interior-six-2021\/\",\"url\":\"https:\/\/www.rimadesio.it\/fr\/product\/interior-six-2021\/\",\"name\":\"New Interiors 6 | novit\u00e0 collezione Rimadesio\",\"isPartOf\":{\"@id\":\"https:\/\/www.rimadesio.it\/fr\/#website\"},\"datePublished\":\"2022-03-29T14:30:57+00:00\",\"dateModified\":\"2022-03-29T14:32:44+00:00\",\"description\":\"En version murale, autoportante ou ouverte : le syst\u00e8me Cover est compl\u00e9t\u00e9 pour permettre une plus grande libert\u00e9 de conception. Parfaitement uniforme\",\"breadcrumb\":{\"@id\":\"https:\/\/www.rimadesio.it\/fr\/product\/interior-six-2021\/#breadcrumb\"},\"inLanguage\":\"fr-FR\",\"potentialAction\":[{\"@type\":\"ReadAction\",\"target\":[\"https:\/\/www.rimadesio.it\/fr\/product\/interior-six-2021\/\"]}]},{\"@type\":\"BreadcrumbList\",\"@id\":\"https:\/\/www.rimadesio.it\/fr\/product\/interior-six-2021\/#breadcrumb\",\"itemListElement\":[{\"@type\":\"ListItem\",\"position\":1,\"name\":\"Homepage\",\"item\":\"https:\/\/www.rimadesio.it\/fr\/\"},{\"@type\":\"ListItem\",\"position\":2,\"name\":\"Produits\",\"item\":\"https:\/\/www.rimadesio.it\/fr\/product\/\"},{\"@type\":\"ListItem\",\"position\":3,\"name\":\"Interior six\"}]},{\"@type\":\"WebSite\",\"@id\":\"https:\/\/www.rimadesio.it\/fr\/#website\",\"url\":\"https:\/\/www.rimadesio.it\/fr\/\",\"name\":\"Rimadesio\",\"description\":\"Rimadesio official website\",\"publisher\":{\"@id\":\"https:\/\/www.rimadesio.it\/fr\/#organization\"},\"potentialAction\":[{\"@type\":\"SearchAction\",\"target\":{\"@type\":\"EntryPoint\",\"urlTemplate\":\"https:\/\/www.rimadesio.it\/fr\/?s={search_term_string}\"},\"query-input\":\"required name=search_term_string\"}],\"inLanguage\":\"fr-FR\"},{\"@type\":\"Organization\",\"@id\":\"https:\/\/www.rimadesio.it\/fr\/#organization\",\"name\":\"Rimadesio\",\"url\":\"https:\/\/www.rimadesio.it\/fr\/\",\"logo\":{\"@type\":\"ImageObject\",\"inLanguage\":\"fr-FR\",\"@id\":\"https:\/\/www.rimadesio.it\/fr\/#\/schema\/logo\/image\/\",\"url\":\"https:\/\/static.rimadesio.it\/media\/2021\/08\/Logo.png\",\"contentUrl\":\"https:\/\/static.rimadesio.it\/media\/2021\/08\/Logo.png\",\"width\":102,\"height\":18,\"caption\":\"Rimadesio\"},\"image\":{\"@id\":\"https:\/\/www.rimadesio.it\/fr\/#\/schema\/logo\/image\/\"}}]}<\/script>\n<!-- \/ Yoast SEO plugin. -->","yoast_head_json":{"title":"New Interiors 6 | novit\u00e0 collezione Rimadesio","description":"En version murale, autoportante ou ouverte : le syst\u00e8me Cover est compl\u00e9t\u00e9 pour permettre une plus grande libert\u00e9 de conception. Parfaitement uniforme","robots":{"index":"index","follow":"follow","max-snippet":"max-snippet:-1","max-image-preview":"max-image-preview:large","max-video-preview":"max-video-preview:-1"},"canonical":"https:\/\/www.rimadesio.it\/fr\/product\/interior-six-2021\/","og_locale":"fr_FR","og_type":"article","og_title":"New Interiors 6 | novit\u00e0 collezione Rimadesio","og_description":"En version murale, autoportante ou ouverte : le syst\u00e8me Cover est compl\u00e9t\u00e9 pour permettre une plus grande libert\u00e9 de conception. Parfaitement uniforme","og_url":"https:\/\/www.rimadesio.it\/fr\/product\/interior-six-2021\/","og_site_name":"Rimadesio","article_modified_time":"2022-03-29T14:32:44+00:00","twitter_card":"summary_large_image","schema":{"@context":"https:\/\/schema.org","@graph":[{"@type":"WebPage","@id":"https:\/\/www.rimadesio.it\/fr\/product\/interior-six-2021\/","url":"https:\/\/www.rimadesio.it\/fr\/product\/interior-six-2021\/","name":"New Interiors 6 | novit\u00e0 collezione Rimadesio","isPartOf":{"@id":"https:\/\/www.rimadesio.it\/fr\/#website"},"datePublished":"2022-03-29T14:30:57+00:00","dateModified":"2022-03-29T14:32:44+00:00","description":"En version murale, autoportante ou ouverte : le syst\u00e8me Cover est compl\u00e9t\u00e9 pour permettre une plus grande libert\u00e9 de conception. Parfaitement uniforme","breadcrumb":{"@id":"https:\/\/www.rimadesio.it\/fr\/product\/interior-six-2021\/#breadcrumb"},"inLanguage":"fr-FR","potentialAction":[{"@type":"ReadAction","target":["https:\/\/www.rimadesio.it\/fr\/product\/interior-six-2021\/"]}]},{"@type":"BreadcrumbList","@id":"https:\/\/www.rimadesio.it\/fr\/product\/interior-six-2021\/#breadcrumb","itemListElement":[{"@type":"ListItem","position":1,"name":"Homepage","item":"https:\/\/www.rimadesio.it\/fr\/"},{"@type":"ListItem","position":2,"name":"Produits","item":"https:\/\/www.rimadesio.it\/fr\/product\/"},{"@type":"ListItem","position":3,"name":"Interior six"}]},{"@type":"WebSite","@id":"https:\/\/www.rimadesio.it\/fr\/#website","url":"https:\/\/www.rimadesio.it\/fr\/","name":"Rimadesio","description":"Rimadesio official website","publisher":{"@id":"https:\/\/www.rimadesio.it\/fr\/#organization"},"potentialAction":[{"@type":"SearchAction","target":{"@type":"EntryPoint","urlTemplate":"https:\/\/www.rimadesio.it\/fr\/?s={search_term_string}"},"query-input":"required name=search_term_string"}],"inLanguage":"fr-FR"},{"@type":"Organization","@id":"https:\/\/www.rimadesio.it\/fr\/#organization","name":"Rimadesio","url":"https:\/\/www.rimadesio.it\/fr\/","logo":{"@type":"ImageObject","inLanguage":"fr-FR","@id":"https:\/\/www.rimadesio.it\/fr\/#\/schema\/logo\/image\/","url":"https:\/\/static.rimadesio.it\/media\/2021\/08\/Logo.png","contentUrl":"https:\/\/static.rimadesio.it\/media\/2021\/08\/Logo.png","width":102,"height":18,"caption":"Rimadesio"},"image":{"@id":"https:\/\/www.rimadesio.it\/fr\/#\/schema\/logo\/image\/"}}]}},"_links":{"self":[{"href":"https:\/\/www.rimadesio.it\/fr\/wp-json\/wp\/v2\/product\/156211"}],"collection":[{"href":"https:\/\/www.rimadesio.it\/fr\/wp-json\/wp\/v2\/product"}],"about":[{"href":"https:\/\/www.rimadesio.it\/fr\/wp-json\/wp\/v2\/types\/product"}],"wp:attachment":[{"href":"https:\/\/www.rimadesio.it\/fr\/wp-json\/wp\/v2\/media?parent=156211"}],"wp:term":[{"taxonomy":"product_category","embeddable":true,"href":"https:\/\/www.rimadesio.it\/fr\/wp-json\/wp\/v2\/product_category?post=156211"}],"curies":[{"name":"wp","href":"https:\/\/api.w.org\/{rel}","templated":true}]}}