{"id":155985,"date":"2022-03-29T10:14:47","date_gmt":"2022-03-29T08:14:47","guid":{"rendered":"https:\/\/www.rimadesio.it\/product\/zen-frame\/"},"modified":"2026-04-15T16:43:26","modified_gmt":"2026-04-15T14:43:26","slug":"zen-frame","status":"publish","type":"product","link":"https:\/\/www.rimadesio.it\/fr\/product\/zen-frame\/","title":{"rendered":"Zen frame"},"content":{"rendered":"<div class=\"page\" title=\"Page 80\">\n<div class=\"layoutArea\">\n<div class=\"column\">\n<p>Disponible dans la version battante et galandage, Zen se caract\u00e9rise par le design essentiel de la structure. La version battante permet une installation avec ouverture \u00e0 tirer ou \u00e0 pousser. Toujours sur mesure, Zen s\u2019int\u00e8gre parfaitement \u00e0 l\u2019architecture des pi\u00e8ces, en cr\u00e9ant des solutions de haute qualit\u00e9 avec un haut niveau d\u2019originalit\u00e9. Zen Frame diff\u00e8re du Zen, gr\u00e2ce \u00e0 la simplicit\u00e9 d\u2019assemblage de son jambage telescopique.<\/p>\n<\/div>\n<\/div>\n<\/div>\n","protected":false},"featured_media":0,"template":"","product_category":[408,406,411],"acf":[],"yoast_head":"<!-- This site is optimized with the Yoast SEO plugin v20.4 - https:\/\/yoast.com\/wordpress\/plugins\/seo\/ -->\n<title>Zen Frame portes int\u00e9rieures| Rimadesio<\/title>\n<meta name=\"description\" content=\"D\u00e9couvrez les portes int\u00e9rieures Zen Frame by Rimadesio. Des solutions au design contemporain, r\u00e9alis\u00e9es sur mesure. Haute qualit\u00e9 Made in Italy.\" \/>\n<meta name=\"robots\" content=\"index, follow, max-snippet:-1, max-image-preview:large, max-video-preview:-1\" \/>\n<link rel=\"canonical\" href=\"https:\/\/www.rimadesio.it\/fr\/product\/zen-frame\/\" \/>\n<meta property=\"og:locale\" content=\"fr_FR\" \/>\n<meta property=\"og:type\" content=\"article\" \/>\n<meta property=\"og:title\" content=\"Zen Frame portes int\u00e9rieures| Rimadesio\" \/>\n<meta property=\"og:description\" content=\"D\u00e9couvrez les portes int\u00e9rieures Zen Frame by Rimadesio. Des solutions au design contemporain, r\u00e9alis\u00e9es sur mesure. Haute qualit\u00e9 Made in Italy.\" \/>\n<meta property=\"og:url\" content=\"https:\/\/www.rimadesio.it\/fr\/product\/zen-frame\/\" \/>\n<meta property=\"og:site_name\" content=\"Rimadesio\" \/>\n<meta property=\"article:modified_time\" content=\"2026-04-15T14:43:26+00:00\" \/>\n<meta name=\"twitter:card\" content=\"summary_large_image\" \/>\n<script type=\"application\/ld+json\" class=\"yoast-schema-graph\">{\"@context\":\"https:\/\/schema.org\",\"@graph\":[{\"@type\":\"WebPage\",\"@id\":\"https:\/\/www.rimadesio.it\/fr\/product\/zen-frame\/\",\"url\":\"https:\/\/www.rimadesio.it\/fr\/product\/zen-frame\/\",\"name\":\"Zen Frame portes int\u00e9rieures| Rimadesio\",\"isPartOf\":{\"@id\":\"https:\/\/www.rimadesio.it\/fr\/#website\"},\"datePublished\":\"2022-03-29T08:14:47+00:00\",\"dateModified\":\"2026-04-15T14:43:26+00:00\",\"description\":\"D\u00e9couvrez les portes int\u00e9rieures Zen Frame by Rimadesio. Des solutions au design contemporain, r\u00e9alis\u00e9es sur mesure. Haute qualit\u00e9 Made in Italy.\",\"breadcrumb\":{\"@id\":\"https:\/\/www.rimadesio.it\/fr\/product\/zen-frame\/#breadcrumb\"},\"inLanguage\":\"fr-FR\",\"potentialAction\":[{\"@type\":\"ReadAction\",\"target\":[\"https:\/\/www.rimadesio.it\/fr\/product\/zen-frame\/\"]}]},{\"@type\":\"BreadcrumbList\",\"@id\":\"https:\/\/www.rimadesio.it\/fr\/product\/zen-frame\/#breadcrumb\",\"itemListElement\":[{\"@type\":\"ListItem\",\"position\":1,\"name\":\"Homepage\",\"item\":\"https:\/\/www.rimadesio.it\/fr\/\"},{\"@type\":\"ListItem\",\"position\":2,\"name\":\"Produits\",\"item\":\"https:\/\/www.rimadesio.it\/fr\/product\/\"},{\"@type\":\"ListItem\",\"position\":3,\"name\":\"Portes\",\"item\":\"https:\/\/www.rimadesio.it\/fr\/product-category\/portes\/\"},{\"@type\":\"ListItem\",\"position\":4,\"name\":\"Ras cloison\",\"item\":\"https:\/\/www.rimadesio.it\/fr\/product-category\/portes\/ras-cloison\/\"},{\"@type\":\"ListItem\",\"position\":5,\"name\":\"Zen frame\"}]},{\"@type\":\"WebSite\",\"@id\":\"https:\/\/www.rimadesio.it\/fr\/#website\",\"url\":\"https:\/\/www.rimadesio.it\/fr\/\",\"name\":\"Rimadesio\",\"description\":\"Rimadesio official website\",\"publisher\":{\"@id\":\"https:\/\/www.rimadesio.it\/fr\/#organization\"},\"potentialAction\":[{\"@type\":\"SearchAction\",\"target\":{\"@type\":\"EntryPoint\",\"urlTemplate\":\"https:\/\/www.rimadesio.it\/fr\/?s={search_term_string}\"},\"query-input\":\"required name=search_term_string\"}],\"inLanguage\":\"fr-FR\"},{\"@type\":\"Organization\",\"@id\":\"https:\/\/www.rimadesio.it\/fr\/#organization\",\"name\":\"Rimadesio\",\"url\":\"https:\/\/www.rimadesio.it\/fr\/\",\"logo\":{\"@type\":\"ImageObject\",\"inLanguage\":\"fr-FR\",\"@id\":\"https:\/\/www.rimadesio.it\/fr\/#\/schema\/logo\/image\/\",\"url\":\"https:\/\/static.rimadesio.it\/media\/2021\/08\/Logo.png\",\"contentUrl\":\"https:\/\/static.rimadesio.it\/media\/2021\/08\/Logo.png\",\"width\":102,\"height\":18,\"caption\":\"Rimadesio\"},\"image\":{\"@id\":\"https:\/\/www.rimadesio.it\/fr\/#\/schema\/logo\/image\/\"}}]}<\/script>\n<!-- \/ Yoast SEO plugin. -->","yoast_head_json":{"title":"Zen Frame portes int\u00e9rieures| Rimadesio","description":"D\u00e9couvrez les portes int\u00e9rieures Zen Frame by Rimadesio. Des solutions au design contemporain, r\u00e9alis\u00e9es sur mesure. Haute qualit\u00e9 Made in Italy.","robots":{"index":"index","follow":"follow","max-snippet":"max-snippet:-1","max-image-preview":"max-image-preview:large","max-video-preview":"max-video-preview:-1"},"canonical":"https:\/\/www.rimadesio.it\/fr\/product\/zen-frame\/","og_locale":"fr_FR","og_type":"article","og_title":"Zen Frame portes int\u00e9rieures| Rimadesio","og_description":"D\u00e9couvrez les portes int\u00e9rieures Zen Frame by Rimadesio. Des solutions au design contemporain, r\u00e9alis\u00e9es sur mesure. Haute qualit\u00e9 Made in Italy.","og_url":"https:\/\/www.rimadesio.it\/fr\/product\/zen-frame\/","og_site_name":"Rimadesio","article_modified_time":"2026-04-15T14:43:26+00:00","twitter_card":"summary_large_image","schema":{"@context":"https:\/\/schema.org","@graph":[{"@type":"WebPage","@id":"https:\/\/www.rimadesio.it\/fr\/product\/zen-frame\/","url":"https:\/\/www.rimadesio.it\/fr\/product\/zen-frame\/","name":"Zen Frame portes int\u00e9rieures| Rimadesio","isPartOf":{"@id":"https:\/\/www.rimadesio.it\/fr\/#website"},"datePublished":"2022-03-29T08:14:47+00:00","dateModified":"2026-04-15T14:43:26+00:00","description":"D\u00e9couvrez les portes int\u00e9rieures Zen Frame by Rimadesio. Des solutions au design contemporain, r\u00e9alis\u00e9es sur mesure. Haute qualit\u00e9 Made in Italy.","breadcrumb":{"@id":"https:\/\/www.rimadesio.it\/fr\/product\/zen-frame\/#breadcrumb"},"inLanguage":"fr-FR","potentialAction":[{"@type":"ReadAction","target":["https:\/\/www.rimadesio.it\/fr\/product\/zen-frame\/"]}]},{"@type":"BreadcrumbList","@id":"https:\/\/www.rimadesio.it\/fr\/product\/zen-frame\/#breadcrumb","itemListElement":[{"@type":"ListItem","position":1,"name":"Homepage","item":"https:\/\/www.rimadesio.it\/fr\/"},{"@type":"ListItem","position":2,"name":"Produits","item":"https:\/\/www.rimadesio.it\/fr\/product\/"},{"@type":"ListItem","position":3,"name":"Portes","item":"https:\/\/www.rimadesio.it\/fr\/product-category\/portes\/"},{"@type":"ListItem","position":4,"name":"Ras cloison","item":"https:\/\/www.rimadesio.it\/fr\/product-category\/portes\/ras-cloison\/"},{"@type":"ListItem","position":5,"name":"Zen frame"}]},{"@type":"WebSite","@id":"https:\/\/www.rimadesio.it\/fr\/#website","url":"https:\/\/www.rimadesio.it\/fr\/","name":"Rimadesio","description":"Rimadesio official website","publisher":{"@id":"https:\/\/www.rimadesio.it\/fr\/#organization"},"potentialAction":[{"@type":"SearchAction","target":{"@type":"EntryPoint","urlTemplate":"https:\/\/www.rimadesio.it\/fr\/?s={search_term_string}"},"query-input":"required name=search_term_string"}],"inLanguage":"fr-FR"},{"@type":"Organization","@id":"https:\/\/www.rimadesio.it\/fr\/#organization","name":"Rimadesio","url":"https:\/\/www.rimadesio.it\/fr\/","logo":{"@type":"ImageObject","inLanguage":"fr-FR","@id":"https:\/\/www.rimadesio.it\/fr\/#\/schema\/logo\/image\/","url":"https:\/\/static.rimadesio.it\/media\/2021\/08\/Logo.png","contentUrl":"https:\/\/static.rimadesio.it\/media\/2021\/08\/Logo.png","width":102,"height":18,"caption":"Rimadesio"},"image":{"@id":"https:\/\/www.rimadesio.it\/fr\/#\/schema\/logo\/image\/"}}]}},"_links":{"self":[{"href":"https:\/\/www.rimadesio.it\/fr\/wp-json\/wp\/v2\/product\/155985"}],"collection":[{"href":"https:\/\/www.rimadesio.it\/fr\/wp-json\/wp\/v2\/product"}],"about":[{"href":"https:\/\/www.rimadesio.it\/fr\/wp-json\/wp\/v2\/types\/product"}],"wp:attachment":[{"href":"https:\/\/www.rimadesio.it\/fr\/wp-json\/wp\/v2\/media?parent=155985"}],"wp:term":[{"taxonomy":"product_category","embeddable":true,"href":"https:\/\/www.rimadesio.it\/fr\/wp-json\/wp\/v2\/product_category?post=155985"}],"curies":[{"name":"wp","href":"https:\/\/api.w.org\/{rel}","templated":true}]}}