{"id":155984,"date":"2022-03-29T10:13:39","date_gmt":"2022-03-29T08:13:39","guid":{"rendered":"https:\/\/www.rimadesio.it\/product\/interior-four-2021\/"},"modified":"2022-03-29T10:13:39","modified_gmt":"2022-03-29T08:13:39","slug":"interior-four-2021","status":"publish","type":"product","link":"https:\/\/www.rimadesio.it\/fr\/product\/interior-four-2021\/","title":{"rendered":"Interior four"},"content":{"rendered":"<p>De nouvelles solutions de composition gr\u00e2ce au syst\u00e8me Self Plan, disponible en version bureau et meuble living. La proposition comprend des plans suspendus particuliers sur lesquels il est possible de disposer librement les caissons d\u00e9di\u00e9s. Dans la pi\u00e8ce, Modulor r\u00e9pond \u00e0 diff\u00e9rentes fonctions de projet, esth\u00e9tiques et de rangement, en s\u2019adaptant avec d\u00e9sinvolture \u00e0 la complexit\u00e9 de l\u2019espace.<\/p>\n","protected":false},"featured_media":0,"template":"","product_category":[],"acf":[],"yoast_head":"<!-- This site is optimized with the Yoast SEO plugin v20.4 - https:\/\/yoast.com\/wordpress\/plugins\/seo\/ -->\n<title>New Interiors 4 | nouveaut\u00e9s de la collection Rimadesio<\/title>\n<meta name=\"description\" content=\"De nouvelles solutions de composition gr\u00e2ce au syst\u00e8me Self Plan, disponible en version bureau et meuble living. La proposition comprend des plans\" \/>\n<meta name=\"robots\" content=\"index, follow, max-snippet:-1, max-image-preview:large, max-video-preview:-1\" \/>\n<link rel=\"canonical\" href=\"https:\/\/www.rimadesio.it\/fr\/product\/interior-four-2021\/\" \/>\n<meta property=\"og:locale\" content=\"fr_FR\" \/>\n<meta property=\"og:type\" content=\"article\" \/>\n<meta property=\"og:title\" content=\"New Interiors 4 | nouveaut\u00e9s de la collection Rimadesio\" \/>\n<meta property=\"og:description\" content=\"De nouvelles solutions de composition gr\u00e2ce au syst\u00e8me Self Plan, disponible en version bureau et meuble living. La proposition comprend des plans\" \/>\n<meta property=\"og:url\" content=\"https:\/\/www.rimadesio.it\/fr\/product\/interior-four-2021\/\" \/>\n<meta property=\"og:site_name\" content=\"Rimadesio\" \/>\n<meta name=\"twitter:card\" content=\"summary_large_image\" \/>\n<script type=\"application\/ld+json\" class=\"yoast-schema-graph\">{\"@context\":\"https:\/\/schema.org\",\"@graph\":[{\"@type\":\"WebPage\",\"@id\":\"https:\/\/www.rimadesio.it\/fr\/product\/interior-four-2021\/\",\"url\":\"https:\/\/www.rimadesio.it\/fr\/product\/interior-four-2021\/\",\"name\":\"New Interiors 4 | nouveaut\u00e9s de la collection Rimadesio\",\"isPartOf\":{\"@id\":\"https:\/\/www.rimadesio.it\/fr\/#website\"},\"datePublished\":\"2022-03-29T08:13:39+00:00\",\"dateModified\":\"2022-03-29T08:13:39+00:00\",\"description\":\"De nouvelles solutions de composition gr\u00e2ce au syst\u00e8me Self Plan, disponible en version bureau et meuble living. La proposition comprend des plans\",\"breadcrumb\":{\"@id\":\"https:\/\/www.rimadesio.it\/fr\/product\/interior-four-2021\/#breadcrumb\"},\"inLanguage\":\"fr-FR\",\"potentialAction\":[{\"@type\":\"ReadAction\",\"target\":[\"https:\/\/www.rimadesio.it\/fr\/product\/interior-four-2021\/\"]}]},{\"@type\":\"BreadcrumbList\",\"@id\":\"https:\/\/www.rimadesio.it\/fr\/product\/interior-four-2021\/#breadcrumb\",\"itemListElement\":[{\"@type\":\"ListItem\",\"position\":1,\"name\":\"Homepage\",\"item\":\"https:\/\/www.rimadesio.it\/fr\/\"},{\"@type\":\"ListItem\",\"position\":2,\"name\":\"Produits\",\"item\":\"https:\/\/www.rimadesio.it\/fr\/product\/\"},{\"@type\":\"ListItem\",\"position\":3,\"name\":\"Interior four\"}]},{\"@type\":\"WebSite\",\"@id\":\"https:\/\/www.rimadesio.it\/fr\/#website\",\"url\":\"https:\/\/www.rimadesio.it\/fr\/\",\"name\":\"Rimadesio\",\"description\":\"Rimadesio official website\",\"publisher\":{\"@id\":\"https:\/\/www.rimadesio.it\/fr\/#organization\"},\"potentialAction\":[{\"@type\":\"SearchAction\",\"target\":{\"@type\":\"EntryPoint\",\"urlTemplate\":\"https:\/\/www.rimadesio.it\/fr\/?s={search_term_string}\"},\"query-input\":\"required name=search_term_string\"}],\"inLanguage\":\"fr-FR\"},{\"@type\":\"Organization\",\"@id\":\"https:\/\/www.rimadesio.it\/fr\/#organization\",\"name\":\"Rimadesio\",\"url\":\"https:\/\/www.rimadesio.it\/fr\/\",\"logo\":{\"@type\":\"ImageObject\",\"inLanguage\":\"fr-FR\",\"@id\":\"https:\/\/www.rimadesio.it\/fr\/#\/schema\/logo\/image\/\",\"url\":\"https:\/\/static.rimadesio.it\/media\/2021\/08\/Logo.png\",\"contentUrl\":\"https:\/\/static.rimadesio.it\/media\/2021\/08\/Logo.png\",\"width\":102,\"height\":18,\"caption\":\"Rimadesio\"},\"image\":{\"@id\":\"https:\/\/www.rimadesio.it\/fr\/#\/schema\/logo\/image\/\"}}]}<\/script>\n<!-- \/ Yoast SEO plugin. -->","yoast_head_json":{"title":"New Interiors 4 | nouveaut\u00e9s de la collection Rimadesio","description":"De nouvelles solutions de composition gr\u00e2ce au syst\u00e8me Self Plan, disponible en version bureau et meuble living. La proposition comprend des plans","robots":{"index":"index","follow":"follow","max-snippet":"max-snippet:-1","max-image-preview":"max-image-preview:large","max-video-preview":"max-video-preview:-1"},"canonical":"https:\/\/www.rimadesio.it\/fr\/product\/interior-four-2021\/","og_locale":"fr_FR","og_type":"article","og_title":"New Interiors 4 | nouveaut\u00e9s de la collection Rimadesio","og_description":"De nouvelles solutions de composition gr\u00e2ce au syst\u00e8me Self Plan, disponible en version bureau et meuble living. La proposition comprend des plans","og_url":"https:\/\/www.rimadesio.it\/fr\/product\/interior-four-2021\/","og_site_name":"Rimadesio","twitter_card":"summary_large_image","schema":{"@context":"https:\/\/schema.org","@graph":[{"@type":"WebPage","@id":"https:\/\/www.rimadesio.it\/fr\/product\/interior-four-2021\/","url":"https:\/\/www.rimadesio.it\/fr\/product\/interior-four-2021\/","name":"New Interiors 4 | nouveaut\u00e9s de la collection Rimadesio","isPartOf":{"@id":"https:\/\/www.rimadesio.it\/fr\/#website"},"datePublished":"2022-03-29T08:13:39+00:00","dateModified":"2022-03-29T08:13:39+00:00","description":"De nouvelles solutions de composition gr\u00e2ce au syst\u00e8me Self Plan, disponible en version bureau et meuble living. La proposition comprend des plans","breadcrumb":{"@id":"https:\/\/www.rimadesio.it\/fr\/product\/interior-four-2021\/#breadcrumb"},"inLanguage":"fr-FR","potentialAction":[{"@type":"ReadAction","target":["https:\/\/www.rimadesio.it\/fr\/product\/interior-four-2021\/"]}]},{"@type":"BreadcrumbList","@id":"https:\/\/www.rimadesio.it\/fr\/product\/interior-four-2021\/#breadcrumb","itemListElement":[{"@type":"ListItem","position":1,"name":"Homepage","item":"https:\/\/www.rimadesio.it\/fr\/"},{"@type":"ListItem","position":2,"name":"Produits","item":"https:\/\/www.rimadesio.it\/fr\/product\/"},{"@type":"ListItem","position":3,"name":"Interior four"}]},{"@type":"WebSite","@id":"https:\/\/www.rimadesio.it\/fr\/#website","url":"https:\/\/www.rimadesio.it\/fr\/","name":"Rimadesio","description":"Rimadesio official website","publisher":{"@id":"https:\/\/www.rimadesio.it\/fr\/#organization"},"potentialAction":[{"@type":"SearchAction","target":{"@type":"EntryPoint","urlTemplate":"https:\/\/www.rimadesio.it\/fr\/?s={search_term_string}"},"query-input":"required name=search_term_string"}],"inLanguage":"fr-FR"},{"@type":"Organization","@id":"https:\/\/www.rimadesio.it\/fr\/#organization","name":"Rimadesio","url":"https:\/\/www.rimadesio.it\/fr\/","logo":{"@type":"ImageObject","inLanguage":"fr-FR","@id":"https:\/\/www.rimadesio.it\/fr\/#\/schema\/logo\/image\/","url":"https:\/\/static.rimadesio.it\/media\/2021\/08\/Logo.png","contentUrl":"https:\/\/static.rimadesio.it\/media\/2021\/08\/Logo.png","width":102,"height":18,"caption":"Rimadesio"},"image":{"@id":"https:\/\/www.rimadesio.it\/fr\/#\/schema\/logo\/image\/"}}]}},"_links":{"self":[{"href":"https:\/\/www.rimadesio.it\/fr\/wp-json\/wp\/v2\/product\/155984"}],"collection":[{"href":"https:\/\/www.rimadesio.it\/fr\/wp-json\/wp\/v2\/product"}],"about":[{"href":"https:\/\/www.rimadesio.it\/fr\/wp-json\/wp\/v2\/types\/product"}],"wp:attachment":[{"href":"https:\/\/www.rimadesio.it\/fr\/wp-json\/wp\/v2\/media?parent=155984"}],"wp:term":[{"taxonomy":"product_category","embeddable":true,"href":"https:\/\/www.rimadesio.it\/fr\/wp-json\/wp\/v2\/product_category?post=155984"}],"curies":[{"name":"wp","href":"https:\/\/api.w.org\/{rel}","templated":true}]}}