{"id":155983,"date":"2022-03-29T10:12:41","date_gmt":"2022-03-29T08:12:41","guid":{"rendered":"https:\/\/www.rimadesio.it\/product\/modulor-office\/"},"modified":"2026-04-15T09:50:31","modified_gmt":"2026-04-15T07:50:31","slug":"modulor-office","status":"publish","type":"product","link":"https:\/\/www.rimadesio.it\/fr\/product\/modulor-office\/","title":{"rendered":"Modulor"},"content":{"rendered":"<p>Un syst\u00e8me de boiseries \u00e9quip\u00e9es, une nouvelle solution pour qualifier, \u00e9quiper et personnaliser les surfaces de l\u2019environnement domestique et professionnel. Toujours personnalis\u00e9, adaptable \u00e0 chaque situation architecturale, Modulor permet de cr\u00e9er g\u00e9om\u00e9tries organis\u00e9es et compos\u00e9es, de positionner librement les \u00e9tag\u00e8res, les conteneurs ou les vitrines, de choisir entre une grande vari\u00e9t\u00e9 de mat\u00e9riaux et finitions exclusives.<\/p>\n","protected":false},"featured_media":0,"template":"","product_category":[401],"acf":[],"yoast_head":"<!-- This site is optimized with the Yoast SEO plugin v20.4 - https:\/\/yoast.com\/wordpress\/plugins\/seo\/ -->\n<title>Modulor syst\u00e8me boiserie de design pour bureau| Rimadesio<\/title>\n<meta name=\"description\" content=\"D\u00e9couvrez le syst\u00e8me boiserie pour le bureau de Rimadesio. Solutions de design, toujours sur mesure. Qualit\u00e9 made in Italy.\" \/>\n<meta name=\"robots\" content=\"index, follow, max-snippet:-1, max-image-preview:large, max-video-preview:-1\" \/>\n<link rel=\"canonical\" href=\"https:\/\/www.rimadesio.it\/fr\/product\/modulor-office\/\" \/>\n<meta property=\"og:locale\" content=\"fr_FR\" \/>\n<meta property=\"og:type\" content=\"article\" \/>\n<meta property=\"og:title\" content=\"Modulor syst\u00e8me boiserie de design pour bureau| Rimadesio\" \/>\n<meta property=\"og:description\" content=\"D\u00e9couvrez le syst\u00e8me boiserie pour le bureau de Rimadesio. Solutions de design, toujours sur mesure. Qualit\u00e9 made in Italy.\" \/>\n<meta property=\"og:url\" content=\"https:\/\/www.rimadesio.it\/fr\/product\/modulor-office\/\" \/>\n<meta property=\"og:site_name\" content=\"Rimadesio\" \/>\n<meta property=\"article:modified_time\" content=\"2026-04-15T07:50:31+00:00\" \/>\n<meta name=\"twitter:card\" content=\"summary_large_image\" \/>\n<script type=\"application\/ld+json\" class=\"yoast-schema-graph\">{\"@context\":\"https:\/\/schema.org\",\"@graph\":[{\"@type\":\"WebPage\",\"@id\":\"https:\/\/www.rimadesio.it\/fr\/product\/modulor-office\/\",\"url\":\"https:\/\/www.rimadesio.it\/fr\/product\/modulor-office\/\",\"name\":\"Modulor syst\u00e8me boiserie de design pour bureau| Rimadesio\",\"isPartOf\":{\"@id\":\"https:\/\/www.rimadesio.it\/fr\/#website\"},\"datePublished\":\"2022-03-29T08:12:41+00:00\",\"dateModified\":\"2026-04-15T07:50:31+00:00\",\"description\":\"D\u00e9couvrez le syst\u00e8me boiserie pour le bureau de Rimadesio. Solutions de design, toujours sur mesure. Qualit\u00e9 made in Italy.\",\"breadcrumb\":{\"@id\":\"https:\/\/www.rimadesio.it\/fr\/product\/modulor-office\/#breadcrumb\"},\"inLanguage\":\"fr-FR\",\"potentialAction\":[{\"@type\":\"ReadAction\",\"target\":[\"https:\/\/www.rimadesio.it\/fr\/product\/modulor-office\/\"]}]},{\"@type\":\"BreadcrumbList\",\"@id\":\"https:\/\/www.rimadesio.it\/fr\/product\/modulor-office\/#breadcrumb\",\"itemListElement\":[{\"@type\":\"ListItem\",\"position\":1,\"name\":\"Homepage\",\"item\":\"https:\/\/www.rimadesio.it\/fr\/\"},{\"@type\":\"ListItem\",\"position\":2,\"name\":\"Produits\",\"item\":\"https:\/\/www.rimadesio.it\/fr\/product\/\"},{\"@type\":\"ListItem\",\"position\":3,\"name\":\"Modulor Boiserie\",\"item\":\"https:\/\/www.rimadesio.it\/fr\/product-category\/modulor-jour\/\"},{\"@type\":\"ListItem\",\"position\":4,\"name\":\"Modulor\"}]},{\"@type\":\"WebSite\",\"@id\":\"https:\/\/www.rimadesio.it\/fr\/#website\",\"url\":\"https:\/\/www.rimadesio.it\/fr\/\",\"name\":\"Rimadesio\",\"description\":\"Rimadesio official website\",\"publisher\":{\"@id\":\"https:\/\/www.rimadesio.it\/fr\/#organization\"},\"potentialAction\":[{\"@type\":\"SearchAction\",\"target\":{\"@type\":\"EntryPoint\",\"urlTemplate\":\"https:\/\/www.rimadesio.it\/fr\/?s={search_term_string}\"},\"query-input\":\"required name=search_term_string\"}],\"inLanguage\":\"fr-FR\"},{\"@type\":\"Organization\",\"@id\":\"https:\/\/www.rimadesio.it\/fr\/#organization\",\"name\":\"Rimadesio\",\"url\":\"https:\/\/www.rimadesio.it\/fr\/\",\"logo\":{\"@type\":\"ImageObject\",\"inLanguage\":\"fr-FR\",\"@id\":\"https:\/\/www.rimadesio.it\/fr\/#\/schema\/logo\/image\/\",\"url\":\"https:\/\/static.rimadesio.it\/media\/2021\/08\/Logo.png\",\"contentUrl\":\"https:\/\/static.rimadesio.it\/media\/2021\/08\/Logo.png\",\"width\":102,\"height\":18,\"caption\":\"Rimadesio\"},\"image\":{\"@id\":\"https:\/\/www.rimadesio.it\/fr\/#\/schema\/logo\/image\/\"}}]}<\/script>\n<!-- \/ Yoast SEO plugin. -->","yoast_head_json":{"title":"Modulor syst\u00e8me boiserie de design pour bureau| Rimadesio","description":"D\u00e9couvrez le syst\u00e8me boiserie pour le bureau de Rimadesio. Solutions de design, toujours sur mesure. Qualit\u00e9 made in Italy.","robots":{"index":"index","follow":"follow","max-snippet":"max-snippet:-1","max-image-preview":"max-image-preview:large","max-video-preview":"max-video-preview:-1"},"canonical":"https:\/\/www.rimadesio.it\/fr\/product\/modulor-office\/","og_locale":"fr_FR","og_type":"article","og_title":"Modulor syst\u00e8me boiserie de design pour bureau| Rimadesio","og_description":"D\u00e9couvrez le syst\u00e8me boiserie pour le bureau de Rimadesio. Solutions de design, toujours sur mesure. Qualit\u00e9 made in Italy.","og_url":"https:\/\/www.rimadesio.it\/fr\/product\/modulor-office\/","og_site_name":"Rimadesio","article_modified_time":"2026-04-15T07:50:31+00:00","twitter_card":"summary_large_image","schema":{"@context":"https:\/\/schema.org","@graph":[{"@type":"WebPage","@id":"https:\/\/www.rimadesio.it\/fr\/product\/modulor-office\/","url":"https:\/\/www.rimadesio.it\/fr\/product\/modulor-office\/","name":"Modulor syst\u00e8me boiserie de design pour bureau| Rimadesio","isPartOf":{"@id":"https:\/\/www.rimadesio.it\/fr\/#website"},"datePublished":"2022-03-29T08:12:41+00:00","dateModified":"2026-04-15T07:50:31+00:00","description":"D\u00e9couvrez le syst\u00e8me boiserie pour le bureau de Rimadesio. Solutions de design, toujours sur mesure. Qualit\u00e9 made in Italy.","breadcrumb":{"@id":"https:\/\/www.rimadesio.it\/fr\/product\/modulor-office\/#breadcrumb"},"inLanguage":"fr-FR","potentialAction":[{"@type":"ReadAction","target":["https:\/\/www.rimadesio.it\/fr\/product\/modulor-office\/"]}]},{"@type":"BreadcrumbList","@id":"https:\/\/www.rimadesio.it\/fr\/product\/modulor-office\/#breadcrumb","itemListElement":[{"@type":"ListItem","position":1,"name":"Homepage","item":"https:\/\/www.rimadesio.it\/fr\/"},{"@type":"ListItem","position":2,"name":"Produits","item":"https:\/\/www.rimadesio.it\/fr\/product\/"},{"@type":"ListItem","position":3,"name":"Modulor Boiserie","item":"https:\/\/www.rimadesio.it\/fr\/product-category\/modulor-jour\/"},{"@type":"ListItem","position":4,"name":"Modulor"}]},{"@type":"WebSite","@id":"https:\/\/www.rimadesio.it\/fr\/#website","url":"https:\/\/www.rimadesio.it\/fr\/","name":"Rimadesio","description":"Rimadesio official website","publisher":{"@id":"https:\/\/www.rimadesio.it\/fr\/#organization"},"potentialAction":[{"@type":"SearchAction","target":{"@type":"EntryPoint","urlTemplate":"https:\/\/www.rimadesio.it\/fr\/?s={search_term_string}"},"query-input":"required name=search_term_string"}],"inLanguage":"fr-FR"},{"@type":"Organization","@id":"https:\/\/www.rimadesio.it\/fr\/#organization","name":"Rimadesio","url":"https:\/\/www.rimadesio.it\/fr\/","logo":{"@type":"ImageObject","inLanguage":"fr-FR","@id":"https:\/\/www.rimadesio.it\/fr\/#\/schema\/logo\/image\/","url":"https:\/\/static.rimadesio.it\/media\/2021\/08\/Logo.png","contentUrl":"https:\/\/static.rimadesio.it\/media\/2021\/08\/Logo.png","width":102,"height":18,"caption":"Rimadesio"},"image":{"@id":"https:\/\/www.rimadesio.it\/fr\/#\/schema\/logo\/image\/"}}]}},"_links":{"self":[{"href":"https:\/\/www.rimadesio.it\/fr\/wp-json\/wp\/v2\/product\/155983"}],"collection":[{"href":"https:\/\/www.rimadesio.it\/fr\/wp-json\/wp\/v2\/product"}],"about":[{"href":"https:\/\/www.rimadesio.it\/fr\/wp-json\/wp\/v2\/types\/product"}],"wp:attachment":[{"href":"https:\/\/www.rimadesio.it\/fr\/wp-json\/wp\/v2\/media?parent=155983"}],"wp:term":[{"taxonomy":"product_category","embeddable":true,"href":"https:\/\/www.rimadesio.it\/fr\/wp-json\/wp\/v2\/product_category?post=155983"}],"curies":[{"name":"wp","href":"https:\/\/api.w.org\/{rel}","templated":true}]}}