{"id":155000,"date":"2018-05-24T14:26:46","date_gmt":"2018-05-24T12:26:46","guid":{"rendered":"https:\/\/www.rimadesio.it\/product\/manta\/"},"modified":"2026-04-16T09:49:25","modified_gmt":"2026-04-16T07:49:25","slug":"manta","status":"publish","type":"product","link":"https:\/\/www.rimadesio.it\/fr\/product\/manta\/","title":{"rendered":"Manta"},"content":{"rendered":"<p>Un syst\u00e8me de table qui exprime clairement l&#8217;engagement de Rimadesio de parvenir \u00e0 l&#8217;originalit\u00e9 esth\u00e9tique \u00e0 travers la recherche et l&#8217;innovation technologique. La structure modulaire en aluminium moul\u00e9 sous pression et le ridant central en alliage d&#8217;aluminium tremp\u00e9 permettent de garantir la plus grande fiabilit\u00e9 avec des profils de moindre \u00e9paisseur tandis que la conception modulaire de la structure permet de la d\u00e9cliner dans des dimensions exceptionnelles.<\/p>\n","protected":false},"featured_media":0,"template":"","product_category":[380,595,378,414],"acf":[],"yoast_head":"<!-- This site is optimized with the Yoast SEO plugin v20.4 - https:\/\/yoast.com\/wordpress\/plugins\/seo\/ -->\n<title>Manta tavoli di design| Rimadesio<\/title>\n<meta name=\"description\" content=\"Scopri la gamma di tavoli Manta by Rimadesio. Soluzioni di design, personalizzabili. Alta qualit\u00e0 made in Italy.\" \/>\n<meta name=\"robots\" content=\"index, follow, max-snippet:-1, max-image-preview:large, max-video-preview:-1\" \/>\n<link rel=\"canonical\" href=\"https:\/\/www.rimadesio.it\/fr\/product\/manta\/\" \/>\n<meta property=\"og:locale\" content=\"fr_FR\" \/>\n<meta property=\"og:type\" content=\"article\" \/>\n<meta property=\"og:title\" content=\"Manta tavoli di design| Rimadesio\" \/>\n<meta property=\"og:description\" content=\"Scopri la gamma di tavoli Manta by Rimadesio. Soluzioni di design, personalizzabili. Alta qualit\u00e0 made in Italy.\" \/>\n<meta property=\"og:url\" content=\"https:\/\/www.rimadesio.it\/fr\/product\/manta\/\" \/>\n<meta property=\"og:site_name\" content=\"Rimadesio\" \/>\n<meta property=\"article:modified_time\" content=\"2026-04-16T07:49:25+00:00\" \/>\n<meta name=\"twitter:card\" content=\"summary_large_image\" \/>\n<script type=\"application\/ld+json\" class=\"yoast-schema-graph\">{\"@context\":\"https:\/\/schema.org\",\"@graph\":[{\"@type\":\"WebPage\",\"@id\":\"https:\/\/www.rimadesio.it\/fr\/product\/manta\/\",\"url\":\"https:\/\/www.rimadesio.it\/fr\/product\/manta\/\",\"name\":\"Manta tavoli di design| Rimadesio\",\"isPartOf\":{\"@id\":\"https:\/\/www.rimadesio.it\/fr\/#website\"},\"datePublished\":\"2018-05-24T12:26:46+00:00\",\"dateModified\":\"2026-04-16T07:49:25+00:00\",\"description\":\"Scopri la gamma di tavoli Manta by Rimadesio. Soluzioni di design, personalizzabili. Alta qualit\u00e0 made in Italy.\",\"breadcrumb\":{\"@id\":\"https:\/\/www.rimadesio.it\/fr\/product\/manta\/#breadcrumb\"},\"inLanguage\":\"fr-FR\",\"potentialAction\":[{\"@type\":\"ReadAction\",\"target\":[\"https:\/\/www.rimadesio.it\/fr\/product\/manta\/\"]}]},{\"@type\":\"BreadcrumbList\",\"@id\":\"https:\/\/www.rimadesio.it\/fr\/product\/manta\/#breadcrumb\",\"itemListElement\":[{\"@type\":\"ListItem\",\"position\":1,\"name\":\"Homepage\",\"item\":\"https:\/\/www.rimadesio.it\/fr\/\"},{\"@type\":\"ListItem\",\"position\":2,\"name\":\"Produits\",\"item\":\"https:\/\/www.rimadesio.it\/fr\/product\/\"},{\"@type\":\"ListItem\",\"position\":3,\"name\":\"Tables\",\"item\":\"https:\/\/www.rimadesio.it\/fr\/product-category\/tables-fr\/\"},{\"@type\":\"ListItem\",\"position\":4,\"name\":\"Tables\",\"item\":\"https:\/\/www.rimadesio.it\/fr\/product-category\/tables-fr\/tables-fr-2\/\"},{\"@type\":\"ListItem\",\"position\":5,\"name\":\"Manta\"}]},{\"@type\":\"WebSite\",\"@id\":\"https:\/\/www.rimadesio.it\/fr\/#website\",\"url\":\"https:\/\/www.rimadesio.it\/fr\/\",\"name\":\"Rimadesio\",\"description\":\"Rimadesio official website\",\"publisher\":{\"@id\":\"https:\/\/www.rimadesio.it\/fr\/#organization\"},\"potentialAction\":[{\"@type\":\"SearchAction\",\"target\":{\"@type\":\"EntryPoint\",\"urlTemplate\":\"https:\/\/www.rimadesio.it\/fr\/?s={search_term_string}\"},\"query-input\":\"required name=search_term_string\"}],\"inLanguage\":\"fr-FR\"},{\"@type\":\"Organization\",\"@id\":\"https:\/\/www.rimadesio.it\/fr\/#organization\",\"name\":\"Rimadesio\",\"url\":\"https:\/\/www.rimadesio.it\/fr\/\",\"logo\":{\"@type\":\"ImageObject\",\"inLanguage\":\"fr-FR\",\"@id\":\"https:\/\/www.rimadesio.it\/fr\/#\/schema\/logo\/image\/\",\"url\":\"https:\/\/static.rimadesio.it\/media\/2021\/08\/Logo.png\",\"contentUrl\":\"https:\/\/static.rimadesio.it\/media\/2021\/08\/Logo.png\",\"width\":102,\"height\":18,\"caption\":\"Rimadesio\"},\"image\":{\"@id\":\"https:\/\/www.rimadesio.it\/fr\/#\/schema\/logo\/image\/\"}}]}<\/script>\n<!-- \/ Yoast SEO plugin. -->","yoast_head_json":{"title":"Manta tavoli di design| Rimadesio","description":"Scopri la gamma di tavoli Manta by Rimadesio. Soluzioni di design, personalizzabili. Alta qualit\u00e0 made in Italy.","robots":{"index":"index","follow":"follow","max-snippet":"max-snippet:-1","max-image-preview":"max-image-preview:large","max-video-preview":"max-video-preview:-1"},"canonical":"https:\/\/www.rimadesio.it\/fr\/product\/manta\/","og_locale":"fr_FR","og_type":"article","og_title":"Manta tavoli di design| Rimadesio","og_description":"Scopri la gamma di tavoli Manta by Rimadesio. Soluzioni di design, personalizzabili. Alta qualit\u00e0 made in Italy.","og_url":"https:\/\/www.rimadesio.it\/fr\/product\/manta\/","og_site_name":"Rimadesio","article_modified_time":"2026-04-16T07:49:25+00:00","twitter_card":"summary_large_image","schema":{"@context":"https:\/\/schema.org","@graph":[{"@type":"WebPage","@id":"https:\/\/www.rimadesio.it\/fr\/product\/manta\/","url":"https:\/\/www.rimadesio.it\/fr\/product\/manta\/","name":"Manta tavoli di design| Rimadesio","isPartOf":{"@id":"https:\/\/www.rimadesio.it\/fr\/#website"},"datePublished":"2018-05-24T12:26:46+00:00","dateModified":"2026-04-16T07:49:25+00:00","description":"Scopri la gamma di tavoli Manta by Rimadesio. Soluzioni di design, personalizzabili. Alta qualit\u00e0 made in Italy.","breadcrumb":{"@id":"https:\/\/www.rimadesio.it\/fr\/product\/manta\/#breadcrumb"},"inLanguage":"fr-FR","potentialAction":[{"@type":"ReadAction","target":["https:\/\/www.rimadesio.it\/fr\/product\/manta\/"]}]},{"@type":"BreadcrumbList","@id":"https:\/\/www.rimadesio.it\/fr\/product\/manta\/#breadcrumb","itemListElement":[{"@type":"ListItem","position":1,"name":"Homepage","item":"https:\/\/www.rimadesio.it\/fr\/"},{"@type":"ListItem","position":2,"name":"Produits","item":"https:\/\/www.rimadesio.it\/fr\/product\/"},{"@type":"ListItem","position":3,"name":"Tables","item":"https:\/\/www.rimadesio.it\/fr\/product-category\/tables-fr\/"},{"@type":"ListItem","position":4,"name":"Tables","item":"https:\/\/www.rimadesio.it\/fr\/product-category\/tables-fr\/tables-fr-2\/"},{"@type":"ListItem","position":5,"name":"Manta"}]},{"@type":"WebSite","@id":"https:\/\/www.rimadesio.it\/fr\/#website","url":"https:\/\/www.rimadesio.it\/fr\/","name":"Rimadesio","description":"Rimadesio official website","publisher":{"@id":"https:\/\/www.rimadesio.it\/fr\/#organization"},"potentialAction":[{"@type":"SearchAction","target":{"@type":"EntryPoint","urlTemplate":"https:\/\/www.rimadesio.it\/fr\/?s={search_term_string}"},"query-input":"required name=search_term_string"}],"inLanguage":"fr-FR"},{"@type":"Organization","@id":"https:\/\/www.rimadesio.it\/fr\/#organization","name":"Rimadesio","url":"https:\/\/www.rimadesio.it\/fr\/","logo":{"@type":"ImageObject","inLanguage":"fr-FR","@id":"https:\/\/www.rimadesio.it\/fr\/#\/schema\/logo\/image\/","url":"https:\/\/static.rimadesio.it\/media\/2021\/08\/Logo.png","contentUrl":"https:\/\/static.rimadesio.it\/media\/2021\/08\/Logo.png","width":102,"height":18,"caption":"Rimadesio"},"image":{"@id":"https:\/\/www.rimadesio.it\/fr\/#\/schema\/logo\/image\/"}}]}},"_links":{"self":[{"href":"https:\/\/www.rimadesio.it\/fr\/wp-json\/wp\/v2\/product\/155000"}],"collection":[{"href":"https:\/\/www.rimadesio.it\/fr\/wp-json\/wp\/v2\/product"}],"about":[{"href":"https:\/\/www.rimadesio.it\/fr\/wp-json\/wp\/v2\/types\/product"}],"wp:attachment":[{"href":"https:\/\/www.rimadesio.it\/fr\/wp-json\/wp\/v2\/media?parent=155000"}],"wp:term":[{"taxonomy":"product_category","embeddable":true,"href":"https:\/\/www.rimadesio.it\/fr\/wp-json\/wp\/v2\/product_category?post=155000"}],"curies":[{"name":"wp","href":"https:\/\/api.w.org\/{rel}","templated":true}]}}