{"id":154999,"date":"2022-03-21T16:29:18","date_gmt":"2022-03-21T15:29:18","guid":{"rendered":"https:\/\/www.rimadesio.it\/product\/spazio\/"},"modified":"2026-04-16T10:25:33","modified_gmt":"2026-04-16T08:25:33","slug":"spazio","status":"publish","type":"product","link":"https:\/\/www.rimadesio.it\/fr\/product\/spazio\/","title":{"rendered":"Spazio"},"content":{"rendered":"<p>Syst\u00e8me intercloison en verre, toujours sur mesure, qui pr\u00e9voit des solutions lin\u00e9aires, d&#8217;angle et finales pour l&#8217;organisation interne des environnements domestiques, publics ou professionnels.<\/p>\n<p>L&#8217;\u00e9clectisme de projet de Spazio est soulign\u00e9 par la libre combinaison avec les vantaux coulissants et les portes battantes Moon, Sail et Zen. Les solutions de coordination entre les finitions des verres et de l&#8217;aluminium des \u00e9l\u00e9ments structurels.<\/p>\n","protected":false},"featured_media":0,"template":"","product_category":[424,410],"acf":[],"yoast_head":"<!-- This site is optimized with the Yoast SEO plugin v20.4 - https:\/\/yoast.com\/wordpress\/plugins\/seo\/ -->\n<title>Spazio sistema interparete in vetro| Rimadesio<\/title>\n<meta name=\"description\" content=\"Scopri le soluzioni interparete Rimadesio. Sistemi su misura e personalizzabili. Design e alta qualit\u00e0 made in Italy.\" \/>\n<meta name=\"robots\" content=\"index, follow, max-snippet:-1, max-image-preview:large, max-video-preview:-1\" \/>\n<link rel=\"canonical\" href=\"https:\/\/www.rimadesio.it\/fr\/product\/spazio\/\" \/>\n<meta property=\"og:locale\" content=\"fr_FR\" \/>\n<meta property=\"og:type\" content=\"article\" \/>\n<meta property=\"og:title\" content=\"Spazio sistema interparete in vetro| Rimadesio\" \/>\n<meta property=\"og:description\" content=\"Scopri le soluzioni interparete Rimadesio. Sistemi su misura e personalizzabili. Design e alta qualit\u00e0 made in Italy.\" \/>\n<meta property=\"og:url\" content=\"https:\/\/www.rimadesio.it\/fr\/product\/spazio\/\" \/>\n<meta property=\"og:site_name\" content=\"Rimadesio\" \/>\n<meta property=\"article:modified_time\" content=\"2026-04-16T08:25:33+00:00\" \/>\n<meta name=\"twitter:card\" content=\"summary_large_image\" \/>\n<script type=\"application\/ld+json\" class=\"yoast-schema-graph\">{\"@context\":\"https:\/\/schema.org\",\"@graph\":[{\"@type\":\"WebPage\",\"@id\":\"https:\/\/www.rimadesio.it\/fr\/product\/spazio\/\",\"url\":\"https:\/\/www.rimadesio.it\/fr\/product\/spazio\/\",\"name\":\"Spazio sistema interparete in vetro| Rimadesio\",\"isPartOf\":{\"@id\":\"https:\/\/www.rimadesio.it\/fr\/#website\"},\"datePublished\":\"2022-03-21T15:29:18+00:00\",\"dateModified\":\"2026-04-16T08:25:33+00:00\",\"description\":\"Scopri le soluzioni interparete Rimadesio. Sistemi su misura e personalizzabili. Design e alta qualit\u00e0 made in Italy.\",\"breadcrumb\":{\"@id\":\"https:\/\/www.rimadesio.it\/fr\/product\/spazio\/#breadcrumb\"},\"inLanguage\":\"fr-FR\",\"potentialAction\":[{\"@type\":\"ReadAction\",\"target\":[\"https:\/\/www.rimadesio.it\/fr\/product\/spazio\/\"]}]},{\"@type\":\"BreadcrumbList\",\"@id\":\"https:\/\/www.rimadesio.it\/fr\/product\/spazio\/#breadcrumb\",\"itemListElement\":[{\"@type\":\"ListItem\",\"position\":1,\"name\":\"Homepage\",\"item\":\"https:\/\/www.rimadesio.it\/fr\/\"},{\"@type\":\"ListItem\",\"position\":2,\"name\":\"Produits\",\"item\":\"https:\/\/www.rimadesio.it\/fr\/product\/\"},{\"@type\":\"ListItem\",\"position\":3,\"name\":\"Panneaux coulissants\",\"item\":\"https:\/\/www.rimadesio.it\/fr\/product-category\/panneaux-coulissants\/\"},{\"@type\":\"ListItem\",\"position\":4,\"name\":\"Syst\u00e8mes de cloison fixe\",\"item\":\"https:\/\/www.rimadesio.it\/fr\/product-category\/panneaux-coulissants\/separateur-espace\/\"},{\"@type\":\"ListItem\",\"position\":5,\"name\":\"Spazio\"}]},{\"@type\":\"WebSite\",\"@id\":\"https:\/\/www.rimadesio.it\/fr\/#website\",\"url\":\"https:\/\/www.rimadesio.it\/fr\/\",\"name\":\"Rimadesio\",\"description\":\"Rimadesio official website\",\"publisher\":{\"@id\":\"https:\/\/www.rimadesio.it\/fr\/#organization\"},\"potentialAction\":[{\"@type\":\"SearchAction\",\"target\":{\"@type\":\"EntryPoint\",\"urlTemplate\":\"https:\/\/www.rimadesio.it\/fr\/?s={search_term_string}\"},\"query-input\":\"required name=search_term_string\"}],\"inLanguage\":\"fr-FR\"},{\"@type\":\"Organization\",\"@id\":\"https:\/\/www.rimadesio.it\/fr\/#organization\",\"name\":\"Rimadesio\",\"url\":\"https:\/\/www.rimadesio.it\/fr\/\",\"logo\":{\"@type\":\"ImageObject\",\"inLanguage\":\"fr-FR\",\"@id\":\"https:\/\/www.rimadesio.it\/fr\/#\/schema\/logo\/image\/\",\"url\":\"https:\/\/static.rimadesio.it\/media\/2021\/08\/Logo.png\",\"contentUrl\":\"https:\/\/static.rimadesio.it\/media\/2021\/08\/Logo.png\",\"width\":102,\"height\":18,\"caption\":\"Rimadesio\"},\"image\":{\"@id\":\"https:\/\/www.rimadesio.it\/fr\/#\/schema\/logo\/image\/\"}}]}<\/script>\n<!-- \/ Yoast SEO plugin. -->","yoast_head_json":{"title":"Spazio sistema interparete in vetro| Rimadesio","description":"Scopri le soluzioni interparete Rimadesio. Sistemi su misura e personalizzabili. Design e alta qualit\u00e0 made in Italy.","robots":{"index":"index","follow":"follow","max-snippet":"max-snippet:-1","max-image-preview":"max-image-preview:large","max-video-preview":"max-video-preview:-1"},"canonical":"https:\/\/www.rimadesio.it\/fr\/product\/spazio\/","og_locale":"fr_FR","og_type":"article","og_title":"Spazio sistema interparete in vetro| Rimadesio","og_description":"Scopri le soluzioni interparete Rimadesio. Sistemi su misura e personalizzabili. Design e alta qualit\u00e0 made in Italy.","og_url":"https:\/\/www.rimadesio.it\/fr\/product\/spazio\/","og_site_name":"Rimadesio","article_modified_time":"2026-04-16T08:25:33+00:00","twitter_card":"summary_large_image","schema":{"@context":"https:\/\/schema.org","@graph":[{"@type":"WebPage","@id":"https:\/\/www.rimadesio.it\/fr\/product\/spazio\/","url":"https:\/\/www.rimadesio.it\/fr\/product\/spazio\/","name":"Spazio sistema interparete in vetro| Rimadesio","isPartOf":{"@id":"https:\/\/www.rimadesio.it\/fr\/#website"},"datePublished":"2022-03-21T15:29:18+00:00","dateModified":"2026-04-16T08:25:33+00:00","description":"Scopri le soluzioni interparete Rimadesio. Sistemi su misura e personalizzabili. Design e alta qualit\u00e0 made in Italy.","breadcrumb":{"@id":"https:\/\/www.rimadesio.it\/fr\/product\/spazio\/#breadcrumb"},"inLanguage":"fr-FR","potentialAction":[{"@type":"ReadAction","target":["https:\/\/www.rimadesio.it\/fr\/product\/spazio\/"]}]},{"@type":"BreadcrumbList","@id":"https:\/\/www.rimadesio.it\/fr\/product\/spazio\/#breadcrumb","itemListElement":[{"@type":"ListItem","position":1,"name":"Homepage","item":"https:\/\/www.rimadesio.it\/fr\/"},{"@type":"ListItem","position":2,"name":"Produits","item":"https:\/\/www.rimadesio.it\/fr\/product\/"},{"@type":"ListItem","position":3,"name":"Panneaux coulissants","item":"https:\/\/www.rimadesio.it\/fr\/product-category\/panneaux-coulissants\/"},{"@type":"ListItem","position":4,"name":"Syst\u00e8mes de cloison fixe","item":"https:\/\/www.rimadesio.it\/fr\/product-category\/panneaux-coulissants\/separateur-espace\/"},{"@type":"ListItem","position":5,"name":"Spazio"}]},{"@type":"WebSite","@id":"https:\/\/www.rimadesio.it\/fr\/#website","url":"https:\/\/www.rimadesio.it\/fr\/","name":"Rimadesio","description":"Rimadesio official website","publisher":{"@id":"https:\/\/www.rimadesio.it\/fr\/#organization"},"potentialAction":[{"@type":"SearchAction","target":{"@type":"EntryPoint","urlTemplate":"https:\/\/www.rimadesio.it\/fr\/?s={search_term_string}"},"query-input":"required name=search_term_string"}],"inLanguage":"fr-FR"},{"@type":"Organization","@id":"https:\/\/www.rimadesio.it\/fr\/#organization","name":"Rimadesio","url":"https:\/\/www.rimadesio.it\/fr\/","logo":{"@type":"ImageObject","inLanguage":"fr-FR","@id":"https:\/\/www.rimadesio.it\/fr\/#\/schema\/logo\/image\/","url":"https:\/\/static.rimadesio.it\/media\/2021\/08\/Logo.png","contentUrl":"https:\/\/static.rimadesio.it\/media\/2021\/08\/Logo.png","width":102,"height":18,"caption":"Rimadesio"},"image":{"@id":"https:\/\/www.rimadesio.it\/fr\/#\/schema\/logo\/image\/"}}]}},"_links":{"self":[{"href":"https:\/\/www.rimadesio.it\/fr\/wp-json\/wp\/v2\/product\/154999"}],"collection":[{"href":"https:\/\/www.rimadesio.it\/fr\/wp-json\/wp\/v2\/product"}],"about":[{"href":"https:\/\/www.rimadesio.it\/fr\/wp-json\/wp\/v2\/types\/product"}],"wp:attachment":[{"href":"https:\/\/www.rimadesio.it\/fr\/wp-json\/wp\/v2\/media?parent=154999"}],"wp:term":[{"taxonomy":"product_category","embeddable":true,"href":"https:\/\/www.rimadesio.it\/fr\/wp-json\/wp\/v2\/product_category?post=154999"}],"curies":[{"name":"wp","href":"https:\/\/api.w.org\/{rel}","templated":true}]}}