{"id":154983,"date":"2022-03-21T16:17:34","date_gmt":"2022-03-21T15:17:34","guid":{"rendered":"https:\/\/www.rimadesio.it\/product\/abacus-living\/"},"modified":"2026-04-15T09:13:36","modified_gmt":"2026-04-15T07:13:36","slug":"abacus-living","status":"publish","type":"product","link":"https:\/\/www.rimadesio.it\/fr\/product\/abacus-living\/","title":{"rendered":"Abacus living"},"content":{"rendered":"<p>C&#8217;est une nouvelle conception du syst\u00e8me jour. Le projet est compos\u00e9 d&#8217;une boiserie en verre laqu\u00e9, surface pure qui s&#8217;anime de lumi\u00e8re et reflets, o\u00f9 s&#8217;ins\u00e8rent les caissons enti\u00e8rement en verre avec tiroirs et vantaux coulissants, \u00e9tag\u00e8res tr\u00e8s fines et vitrine avec vantail basculant. Les dossiers sont dot\u00e9s d&#8217;un syst\u00e8me d&#8217;\u00e9clairage led dans la partie sup\u00e9rieure et inf\u00e9rieure. Le vaste choix de caissons et accessoires consacr\u00e9s \u00e0 la zone living et au HiFi permet de formuler des solutions en ligne avec les habitudes les plus contemporaines, caract\u00e9ris\u00e9es par l&#8217;esth\u00e9tique du verre.<\/p>\n","protected":false},"featured_media":0,"template":"","product_category":[413,591,412],"acf":[],"yoast_head":"<!-- This site is optimized with the Yoast SEO plugin v20.4 - https:\/\/yoast.com\/wordpress\/plugins\/seo\/ -->\n<title>Abacus Living sistema giorno | Rimadesio<\/title>\n<meta name=\"description\" content=\"C&#039;est une nouvelle conception du syst\u00e8me jour. Le projet est compos\u00e9 d&#039;une boiserie en verre laqu\u00e9, surface pure qui s&#039;anime de lumi\u00e8re et reflets, o\u00f9\" \/>\n<meta name=\"robots\" content=\"index, follow, max-snippet:-1, max-image-preview:large, max-video-preview:-1\" \/>\n<link rel=\"canonical\" href=\"https:\/\/www.rimadesio.it\/fr\/product\/abacus-living\/\" \/>\n<meta property=\"og:locale\" content=\"fr_FR\" \/>\n<meta property=\"og:type\" content=\"article\" \/>\n<meta property=\"og:title\" content=\"Abacus Living sistema giorno | Rimadesio\" \/>\n<meta property=\"og:description\" content=\"C&#039;est une nouvelle conception du syst\u00e8me jour. Le projet est compos\u00e9 d&#039;une boiserie en verre laqu\u00e9, surface pure qui s&#039;anime de lumi\u00e8re et reflets, o\u00f9\" \/>\n<meta property=\"og:url\" content=\"https:\/\/www.rimadesio.it\/fr\/product\/abacus-living\/\" \/>\n<meta property=\"og:site_name\" content=\"Rimadesio\" \/>\n<meta property=\"article:modified_time\" content=\"2026-04-15T07:13:36+00:00\" \/>\n<meta name=\"twitter:card\" content=\"summary_large_image\" \/>\n<meta name=\"twitter:label1\" content=\"Est. reading time\" \/>\n\t<meta name=\"twitter:data1\" content=\"1 minute\" \/>\n<script type=\"application\/ld+json\" class=\"yoast-schema-graph\">{\"@context\":\"https:\/\/schema.org\",\"@graph\":[{\"@type\":\"WebPage\",\"@id\":\"https:\/\/www.rimadesio.it\/fr\/product\/abacus-living\/\",\"url\":\"https:\/\/www.rimadesio.it\/fr\/product\/abacus-living\/\",\"name\":\"Abacus Living sistema giorno | Rimadesio\",\"isPartOf\":{\"@id\":\"https:\/\/www.rimadesio.it\/fr\/#website\"},\"datePublished\":\"2022-03-21T15:17:34+00:00\",\"dateModified\":\"2026-04-15T07:13:36+00:00\",\"description\":\"C'est une nouvelle conception du syst\u00e8me jour. Le projet est compos\u00e9 d'une boiserie en verre laqu\u00e9, surface pure qui s'anime de lumi\u00e8re et reflets, o\u00f9\",\"breadcrumb\":{\"@id\":\"https:\/\/www.rimadesio.it\/fr\/product\/abacus-living\/#breadcrumb\"},\"inLanguage\":\"fr-FR\",\"potentialAction\":[{\"@type\":\"ReadAction\",\"target\":[\"https:\/\/www.rimadesio.it\/fr\/product\/abacus-living\/\"]}]},{\"@type\":\"BreadcrumbList\",\"@id\":\"https:\/\/www.rimadesio.it\/fr\/product\/abacus-living\/#breadcrumb\",\"itemListElement\":[{\"@type\":\"ListItem\",\"position\":1,\"name\":\"Homepage\",\"item\":\"https:\/\/www.rimadesio.it\/fr\/\"},{\"@type\":\"ListItem\",\"position\":2,\"name\":\"Produits\",\"item\":\"https:\/\/www.rimadesio.it\/fr\/product\/\"},{\"@type\":\"ListItem\",\"position\":3,\"name\":\"Syst\u00e8mes jour\",\"item\":\"https:\/\/www.rimadesio.it\/fr\/product-category\/systemes-jour\/\"},{\"@type\":\"ListItem\",\"position\":4,\"name\":\"Mobilier modulaire\",\"item\":\"https:\/\/www.rimadesio.it\/fr\/product-category\/systemes-jour\/systemes-composables\/\"},{\"@type\":\"ListItem\",\"position\":5,\"name\":\"Abacus living\"}]},{\"@type\":\"WebSite\",\"@id\":\"https:\/\/www.rimadesio.it\/fr\/#website\",\"url\":\"https:\/\/www.rimadesio.it\/fr\/\",\"name\":\"Rimadesio\",\"description\":\"Rimadesio official website\",\"publisher\":{\"@id\":\"https:\/\/www.rimadesio.it\/fr\/#organization\"},\"potentialAction\":[{\"@type\":\"SearchAction\",\"target\":{\"@type\":\"EntryPoint\",\"urlTemplate\":\"https:\/\/www.rimadesio.it\/fr\/?s={search_term_string}\"},\"query-input\":\"required name=search_term_string\"}],\"inLanguage\":\"fr-FR\"},{\"@type\":\"Organization\",\"@id\":\"https:\/\/www.rimadesio.it\/fr\/#organization\",\"name\":\"Rimadesio\",\"url\":\"https:\/\/www.rimadesio.it\/fr\/\",\"logo\":{\"@type\":\"ImageObject\",\"inLanguage\":\"fr-FR\",\"@id\":\"https:\/\/www.rimadesio.it\/fr\/#\/schema\/logo\/image\/\",\"url\":\"https:\/\/static.rimadesio.it\/media\/2021\/08\/Logo.png\",\"contentUrl\":\"https:\/\/static.rimadesio.it\/media\/2021\/08\/Logo.png\",\"width\":102,\"height\":18,\"caption\":\"Rimadesio\"},\"image\":{\"@id\":\"https:\/\/www.rimadesio.it\/fr\/#\/schema\/logo\/image\/\"}}]}<\/script>\n<!-- \/ Yoast SEO plugin. -->","yoast_head_json":{"title":"Abacus Living sistema giorno | Rimadesio","description":"C'est une nouvelle conception du syst\u00e8me jour. Le projet est compos\u00e9 d'une boiserie en verre laqu\u00e9, surface pure qui s'anime de lumi\u00e8re et reflets, o\u00f9","robots":{"index":"index","follow":"follow","max-snippet":"max-snippet:-1","max-image-preview":"max-image-preview:large","max-video-preview":"max-video-preview:-1"},"canonical":"https:\/\/www.rimadesio.it\/fr\/product\/abacus-living\/","og_locale":"fr_FR","og_type":"article","og_title":"Abacus Living sistema giorno | Rimadesio","og_description":"C'est une nouvelle conception du syst\u00e8me jour. Le projet est compos\u00e9 d'une boiserie en verre laqu\u00e9, surface pure qui s'anime de lumi\u00e8re et reflets, o\u00f9","og_url":"https:\/\/www.rimadesio.it\/fr\/product\/abacus-living\/","og_site_name":"Rimadesio","article_modified_time":"2026-04-15T07:13:36+00:00","twitter_card":"summary_large_image","twitter_misc":{"Est. reading time":"1 minute"},"schema":{"@context":"https:\/\/schema.org","@graph":[{"@type":"WebPage","@id":"https:\/\/www.rimadesio.it\/fr\/product\/abacus-living\/","url":"https:\/\/www.rimadesio.it\/fr\/product\/abacus-living\/","name":"Abacus Living sistema giorno | Rimadesio","isPartOf":{"@id":"https:\/\/www.rimadesio.it\/fr\/#website"},"datePublished":"2022-03-21T15:17:34+00:00","dateModified":"2026-04-15T07:13:36+00:00","description":"C'est une nouvelle conception du syst\u00e8me jour. Le projet est compos\u00e9 d'une boiserie en verre laqu\u00e9, surface pure qui s'anime de lumi\u00e8re et reflets, o\u00f9","breadcrumb":{"@id":"https:\/\/www.rimadesio.it\/fr\/product\/abacus-living\/#breadcrumb"},"inLanguage":"fr-FR","potentialAction":[{"@type":"ReadAction","target":["https:\/\/www.rimadesio.it\/fr\/product\/abacus-living\/"]}]},{"@type":"BreadcrumbList","@id":"https:\/\/www.rimadesio.it\/fr\/product\/abacus-living\/#breadcrumb","itemListElement":[{"@type":"ListItem","position":1,"name":"Homepage","item":"https:\/\/www.rimadesio.it\/fr\/"},{"@type":"ListItem","position":2,"name":"Produits","item":"https:\/\/www.rimadesio.it\/fr\/product\/"},{"@type":"ListItem","position":3,"name":"Syst\u00e8mes jour","item":"https:\/\/www.rimadesio.it\/fr\/product-category\/systemes-jour\/"},{"@type":"ListItem","position":4,"name":"Mobilier modulaire","item":"https:\/\/www.rimadesio.it\/fr\/product-category\/systemes-jour\/systemes-composables\/"},{"@type":"ListItem","position":5,"name":"Abacus living"}]},{"@type":"WebSite","@id":"https:\/\/www.rimadesio.it\/fr\/#website","url":"https:\/\/www.rimadesio.it\/fr\/","name":"Rimadesio","description":"Rimadesio official website","publisher":{"@id":"https:\/\/www.rimadesio.it\/fr\/#organization"},"potentialAction":[{"@type":"SearchAction","target":{"@type":"EntryPoint","urlTemplate":"https:\/\/www.rimadesio.it\/fr\/?s={search_term_string}"},"query-input":"required name=search_term_string"}],"inLanguage":"fr-FR"},{"@type":"Organization","@id":"https:\/\/www.rimadesio.it\/fr\/#organization","name":"Rimadesio","url":"https:\/\/www.rimadesio.it\/fr\/","logo":{"@type":"ImageObject","inLanguage":"fr-FR","@id":"https:\/\/www.rimadesio.it\/fr\/#\/schema\/logo\/image\/","url":"https:\/\/static.rimadesio.it\/media\/2021\/08\/Logo.png","contentUrl":"https:\/\/static.rimadesio.it\/media\/2021\/08\/Logo.png","width":102,"height":18,"caption":"Rimadesio"},"image":{"@id":"https:\/\/www.rimadesio.it\/fr\/#\/schema\/logo\/image\/"}}]}},"_links":{"self":[{"href":"https:\/\/www.rimadesio.it\/fr\/wp-json\/wp\/v2\/product\/154983"}],"collection":[{"href":"https:\/\/www.rimadesio.it\/fr\/wp-json\/wp\/v2\/product"}],"about":[{"href":"https:\/\/www.rimadesio.it\/fr\/wp-json\/wp\/v2\/types\/product"}],"wp:attachment":[{"href":"https:\/\/www.rimadesio.it\/fr\/wp-json\/wp\/v2\/media?parent=154983"}],"wp:term":[{"taxonomy":"product_category","embeddable":true,"href":"https:\/\/www.rimadesio.it\/fr\/wp-json\/wp\/v2\/product_category?post=154983"}],"curies":[{"name":"wp","href":"https:\/\/api.w.org\/{rel}","templated":true}]}}