{"id":154976,"date":"2022-03-21T16:15:35","date_gmt":"2022-03-21T15:15:35","guid":{"rendered":"https:\/\/www.rimadesio.it\/product\/ala\/"},"modified":"2026-04-15T10:27:49","modified_gmt":"2026-04-15T08:27:49","slug":"ala","status":"publish","type":"product","link":"https:\/\/www.rimadesio.it\/fr\/product\/ala\/","title":{"rendered":"Ala"},"content":{"rendered":"<p>Parfois les ameublements d\u00e9passent les limites fonctionnelles et se pr\u00e9sentent comme de nouvelles solutions pour caract\u00e9riser l&#8217;espace, id\u00e9aux pour ranger les objets auxquels on tient le plus. C&#8217;est le cas des caissons Ala, vitrines con\u00e7ues comme un \u00e9crin pr\u00e9cieux, qui s&#8217;ouvre sur des tiroirs en bois de noyer caract\u00e9ris\u00e9s par la construction traditionnelle<span class=\"Apple-converted-space\">\u00a0<\/span>\u00ab \u00a0queue d&#8217;hirondelle \u00bb et suspendus sur une structure int\u00e9rieure cach\u00e9e. Un meuble qui a une forte expressivit\u00e9, con\u00e7u sur une intuition technique \u00e9volu\u00e9e qui se r\u00e9v\u00e8le comme un meuble esth\u00e9tiquement surprenant.<\/p>\n","protected":false},"featured_media":0,"template":"","product_category":[592,404,402,414],"acf":[],"yoast_head":"<!-- This site is optimized with the Yoast SEO plugin v20.4 - https:\/\/yoast.com\/wordpress\/plugins\/seo\/ -->\n<title>Ala cassettiere per la zona notte | Rimadesio<\/title>\n<meta name=\"description\" content=\"Parfois les ameublements d\u00e9passent les limites fonctionnelles et se pr\u00e9sentent comme de nouvelles solutions pour caract\u00e9riser l&#039;espace, id\u00e9aux pour ranger\" \/>\n<meta name=\"robots\" content=\"index, follow, max-snippet:-1, max-image-preview:large, max-video-preview:-1\" \/>\n<link rel=\"canonical\" href=\"https:\/\/www.rimadesio.it\/fr\/product\/ala\/\" \/>\n<meta property=\"og:locale\" content=\"fr_FR\" \/>\n<meta property=\"og:type\" content=\"article\" \/>\n<meta property=\"og:title\" content=\"Ala cassettiere per la zona notte | Rimadesio\" \/>\n<meta property=\"og:description\" content=\"Parfois les ameublements d\u00e9passent les limites fonctionnelles et se pr\u00e9sentent comme de nouvelles solutions pour caract\u00e9riser l&#039;espace, id\u00e9aux pour ranger\" \/>\n<meta property=\"og:url\" content=\"https:\/\/www.rimadesio.it\/fr\/product\/ala\/\" \/>\n<meta property=\"og:site_name\" content=\"Rimadesio\" \/>\n<meta property=\"article:modified_time\" content=\"2026-04-15T08:27:49+00:00\" \/>\n<meta name=\"twitter:card\" content=\"summary_large_image\" \/>\n<script type=\"application\/ld+json\" class=\"yoast-schema-graph\">{\"@context\":\"https:\/\/schema.org\",\"@graph\":[{\"@type\":\"WebPage\",\"@id\":\"https:\/\/www.rimadesio.it\/fr\/product\/ala\/\",\"url\":\"https:\/\/www.rimadesio.it\/fr\/product\/ala\/\",\"name\":\"Ala cassettiere per la zona notte | Rimadesio\",\"isPartOf\":{\"@id\":\"https:\/\/www.rimadesio.it\/fr\/#website\"},\"datePublished\":\"2022-03-21T15:15:35+00:00\",\"dateModified\":\"2026-04-15T08:27:49+00:00\",\"description\":\"Parfois les ameublements d\u00e9passent les limites fonctionnelles et se pr\u00e9sentent comme de nouvelles solutions pour caract\u00e9riser l'espace, id\u00e9aux pour ranger\",\"breadcrumb\":{\"@id\":\"https:\/\/www.rimadesio.it\/fr\/product\/ala\/#breadcrumb\"},\"inLanguage\":\"fr-FR\",\"potentialAction\":[{\"@type\":\"ReadAction\",\"target\":[\"https:\/\/www.rimadesio.it\/fr\/product\/ala\/\"]}]},{\"@type\":\"BreadcrumbList\",\"@id\":\"https:\/\/www.rimadesio.it\/fr\/product\/ala\/#breadcrumb\",\"itemListElement\":[{\"@type\":\"ListItem\",\"position\":1,\"name\":\"Homepage\",\"item\":\"https:\/\/www.rimadesio.it\/fr\/\"},{\"@type\":\"ListItem\",\"position\":2,\"name\":\"Produits\",\"item\":\"https:\/\/www.rimadesio.it\/fr\/product\/\"},{\"@type\":\"ListItem\",\"position\":3,\"name\":\"Syst\u00e8mes nuit\",\"item\":\"https:\/\/www.rimadesio.it\/fr\/product-category\/systemes-nuit\/\"},{\"@type\":\"ListItem\",\"position\":4,\"name\":\"Rangements\",\"item\":\"https:\/\/www.rimadesio.it\/fr\/product-category\/systemes-nuit\/rangements\/\"},{\"@type\":\"ListItem\",\"position\":5,\"name\":\"Ala\"}]},{\"@type\":\"WebSite\",\"@id\":\"https:\/\/www.rimadesio.it\/fr\/#website\",\"url\":\"https:\/\/www.rimadesio.it\/fr\/\",\"name\":\"Rimadesio\",\"description\":\"Rimadesio official website\",\"publisher\":{\"@id\":\"https:\/\/www.rimadesio.it\/fr\/#organization\"},\"potentialAction\":[{\"@type\":\"SearchAction\",\"target\":{\"@type\":\"EntryPoint\",\"urlTemplate\":\"https:\/\/www.rimadesio.it\/fr\/?s={search_term_string}\"},\"query-input\":\"required name=search_term_string\"}],\"inLanguage\":\"fr-FR\"},{\"@type\":\"Organization\",\"@id\":\"https:\/\/www.rimadesio.it\/fr\/#organization\",\"name\":\"Rimadesio\",\"url\":\"https:\/\/www.rimadesio.it\/fr\/\",\"logo\":{\"@type\":\"ImageObject\",\"inLanguage\":\"fr-FR\",\"@id\":\"https:\/\/www.rimadesio.it\/fr\/#\/schema\/logo\/image\/\",\"url\":\"https:\/\/static.rimadesio.it\/media\/2021\/08\/Logo.png\",\"contentUrl\":\"https:\/\/static.rimadesio.it\/media\/2021\/08\/Logo.png\",\"width\":102,\"height\":18,\"caption\":\"Rimadesio\"},\"image\":{\"@id\":\"https:\/\/www.rimadesio.it\/fr\/#\/schema\/logo\/image\/\"}}]}<\/script>\n<!-- \/ Yoast SEO plugin. -->","yoast_head_json":{"title":"Ala cassettiere per la zona notte | Rimadesio","description":"Parfois les ameublements d\u00e9passent les limites fonctionnelles et se pr\u00e9sentent comme de nouvelles solutions pour caract\u00e9riser l'espace, id\u00e9aux pour ranger","robots":{"index":"index","follow":"follow","max-snippet":"max-snippet:-1","max-image-preview":"max-image-preview:large","max-video-preview":"max-video-preview:-1"},"canonical":"https:\/\/www.rimadesio.it\/fr\/product\/ala\/","og_locale":"fr_FR","og_type":"article","og_title":"Ala cassettiere per la zona notte | Rimadesio","og_description":"Parfois les ameublements d\u00e9passent les limites fonctionnelles et se pr\u00e9sentent comme de nouvelles solutions pour caract\u00e9riser l'espace, id\u00e9aux pour ranger","og_url":"https:\/\/www.rimadesio.it\/fr\/product\/ala\/","og_site_name":"Rimadesio","article_modified_time":"2026-04-15T08:27:49+00:00","twitter_card":"summary_large_image","schema":{"@context":"https:\/\/schema.org","@graph":[{"@type":"WebPage","@id":"https:\/\/www.rimadesio.it\/fr\/product\/ala\/","url":"https:\/\/www.rimadesio.it\/fr\/product\/ala\/","name":"Ala cassettiere per la zona notte | Rimadesio","isPartOf":{"@id":"https:\/\/www.rimadesio.it\/fr\/#website"},"datePublished":"2022-03-21T15:15:35+00:00","dateModified":"2026-04-15T08:27:49+00:00","description":"Parfois les ameublements d\u00e9passent les limites fonctionnelles et se pr\u00e9sentent comme de nouvelles solutions pour caract\u00e9riser l'espace, id\u00e9aux pour ranger","breadcrumb":{"@id":"https:\/\/www.rimadesio.it\/fr\/product\/ala\/#breadcrumb"},"inLanguage":"fr-FR","potentialAction":[{"@type":"ReadAction","target":["https:\/\/www.rimadesio.it\/fr\/product\/ala\/"]}]},{"@type":"BreadcrumbList","@id":"https:\/\/www.rimadesio.it\/fr\/product\/ala\/#breadcrumb","itemListElement":[{"@type":"ListItem","position":1,"name":"Homepage","item":"https:\/\/www.rimadesio.it\/fr\/"},{"@type":"ListItem","position":2,"name":"Produits","item":"https:\/\/www.rimadesio.it\/fr\/product\/"},{"@type":"ListItem","position":3,"name":"Syst\u00e8mes nuit","item":"https:\/\/www.rimadesio.it\/fr\/product-category\/systemes-nuit\/"},{"@type":"ListItem","position":4,"name":"Rangements","item":"https:\/\/www.rimadesio.it\/fr\/product-category\/systemes-nuit\/rangements\/"},{"@type":"ListItem","position":5,"name":"Ala"}]},{"@type":"WebSite","@id":"https:\/\/www.rimadesio.it\/fr\/#website","url":"https:\/\/www.rimadesio.it\/fr\/","name":"Rimadesio","description":"Rimadesio official website","publisher":{"@id":"https:\/\/www.rimadesio.it\/fr\/#organization"},"potentialAction":[{"@type":"SearchAction","target":{"@type":"EntryPoint","urlTemplate":"https:\/\/www.rimadesio.it\/fr\/?s={search_term_string}"},"query-input":"required name=search_term_string"}],"inLanguage":"fr-FR"},{"@type":"Organization","@id":"https:\/\/www.rimadesio.it\/fr\/#organization","name":"Rimadesio","url":"https:\/\/www.rimadesio.it\/fr\/","logo":{"@type":"ImageObject","inLanguage":"fr-FR","@id":"https:\/\/www.rimadesio.it\/fr\/#\/schema\/logo\/image\/","url":"https:\/\/static.rimadesio.it\/media\/2021\/08\/Logo.png","contentUrl":"https:\/\/static.rimadesio.it\/media\/2021\/08\/Logo.png","width":102,"height":18,"caption":"Rimadesio"},"image":{"@id":"https:\/\/www.rimadesio.it\/fr\/#\/schema\/logo\/image\/"}}]}},"_links":{"self":[{"href":"https:\/\/www.rimadesio.it\/fr\/wp-json\/wp\/v2\/product\/154976"}],"collection":[{"href":"https:\/\/www.rimadesio.it\/fr\/wp-json\/wp\/v2\/product"}],"about":[{"href":"https:\/\/www.rimadesio.it\/fr\/wp-json\/wp\/v2\/types\/product"}],"wp:attachment":[{"href":"https:\/\/www.rimadesio.it\/fr\/wp-json\/wp\/v2\/media?parent=154976"}],"wp:term":[{"taxonomy":"product_category","embeddable":true,"href":"https:\/\/www.rimadesio.it\/fr\/wp-json\/wp\/v2\/product_category?post=154976"}],"curies":[{"name":"wp","href":"https:\/\/api.w.org\/{rel}","templated":true}]}}