{"id":154973,"date":"2018-08-30T16:05:31","date_gmt":"2018-08-30T14:05:31","guid":{"rendered":"https:\/\/www.rimadesio.it\/product\/dress-bold\/"},"modified":"2026-04-15T09:36:21","modified_gmt":"2026-04-15T07:36:21","slug":"dress-bold","status":"publish","type":"product","link":"https:\/\/www.rimadesio.it\/fr\/product\/dress-bold\/","title":{"rendered":"Dress bold"},"content":{"rendered":"<p>Dress bold est un syst\u00e8me permettant de cr\u00e9er des dressings personnalisables au plus haut point, avec la possibilit\u00e9 de cr\u00e9er des compositions sur mesure dans des solutions lin\u00e9aires, d&#8217;angle et en forme de U. Deux possibilit\u00e9s esth\u00e9tiques son bien possibles: avec montants apparents ou panneaux muraux, disponibles en verre laqu\u00e9 brillant ou mat, en tissu, similicuir, rafia, bois, miroir, Litech, et en option un \u00e9clairage sup\u00e9rieur \u00e0 LED.<\/p>\n","protected":false},"featured_media":0,"template":"","product_category":[418,402],"acf":[],"yoast_head":"<!-- This site is optimized with the Yoast SEO plugin v20.4 - https:\/\/yoast.com\/wordpress\/plugins\/seo\/ -->\n<title>Dress Bold cabine armadio | Rimadesio<\/title>\n<meta name=\"description\" content=\"Scopri le cabine armadio Dress Bold by Rimadesio. Soluzioni dal design contemporaneo, realizzate su misura. Alta qualit\u00e0 Made in Italy.\" \/>\n<meta name=\"robots\" content=\"index, follow, max-snippet:-1, max-image-preview:large, max-video-preview:-1\" \/>\n<link rel=\"canonical\" href=\"https:\/\/www.rimadesio.it\/fr\/product\/dress-bold\/\" \/>\n<meta property=\"og:locale\" content=\"fr_FR\" \/>\n<meta property=\"og:type\" content=\"article\" \/>\n<meta property=\"og:title\" content=\"Dress Bold cabine armadio | Rimadesio\" \/>\n<meta property=\"og:description\" content=\"Scopri le cabine armadio Dress Bold by Rimadesio. Soluzioni dal design contemporaneo, realizzate su misura. Alta qualit\u00e0 Made in Italy.\" \/>\n<meta property=\"og:url\" content=\"https:\/\/www.rimadesio.it\/fr\/product\/dress-bold\/\" \/>\n<meta property=\"og:site_name\" content=\"Rimadesio\" \/>\n<meta property=\"article:modified_time\" content=\"2026-04-15T07:36:21+00:00\" \/>\n<meta name=\"twitter:card\" content=\"summary_large_image\" \/>\n<script type=\"application\/ld+json\" class=\"yoast-schema-graph\">{\"@context\":\"https:\/\/schema.org\",\"@graph\":[{\"@type\":\"WebPage\",\"@id\":\"https:\/\/www.rimadesio.it\/fr\/product\/dress-bold\/\",\"url\":\"https:\/\/www.rimadesio.it\/fr\/product\/dress-bold\/\",\"name\":\"Dress Bold cabine armadio | Rimadesio\",\"isPartOf\":{\"@id\":\"https:\/\/www.rimadesio.it\/fr\/#website\"},\"datePublished\":\"2018-08-30T14:05:31+00:00\",\"dateModified\":\"2026-04-15T07:36:21+00:00\",\"description\":\"Scopri le cabine armadio Dress Bold by Rimadesio. Soluzioni dal design contemporaneo, realizzate su misura. Alta qualit\u00e0 Made in Italy.\",\"breadcrumb\":{\"@id\":\"https:\/\/www.rimadesio.it\/fr\/product\/dress-bold\/#breadcrumb\"},\"inLanguage\":\"fr-FR\",\"potentialAction\":[{\"@type\":\"ReadAction\",\"target\":[\"https:\/\/www.rimadesio.it\/fr\/product\/dress-bold\/\"]}]},{\"@type\":\"BreadcrumbList\",\"@id\":\"https:\/\/www.rimadesio.it\/fr\/product\/dress-bold\/#breadcrumb\",\"itemListElement\":[{\"@type\":\"ListItem\",\"position\":1,\"name\":\"Homepage\",\"item\":\"https:\/\/www.rimadesio.it\/fr\/\"},{\"@type\":\"ListItem\",\"position\":2,\"name\":\"Produits\",\"item\":\"https:\/\/www.rimadesio.it\/fr\/product\/\"},{\"@type\":\"ListItem\",\"position\":3,\"name\":\"Syst\u00e8mes nuit\",\"item\":\"https:\/\/www.rimadesio.it\/fr\/product-category\/systemes-nuit\/\"},{\"@type\":\"ListItem\",\"position\":4,\"name\":\"Dressings\",\"item\":\"https:\/\/www.rimadesio.it\/fr\/product-category\/systemes-nuit\/cabines-armoire\/\"},{\"@type\":\"ListItem\",\"position\":5,\"name\":\"Dress bold\"}]},{\"@type\":\"WebSite\",\"@id\":\"https:\/\/www.rimadesio.it\/fr\/#website\",\"url\":\"https:\/\/www.rimadesio.it\/fr\/\",\"name\":\"Rimadesio\",\"description\":\"Rimadesio official website\",\"publisher\":{\"@id\":\"https:\/\/www.rimadesio.it\/fr\/#organization\"},\"potentialAction\":[{\"@type\":\"SearchAction\",\"target\":{\"@type\":\"EntryPoint\",\"urlTemplate\":\"https:\/\/www.rimadesio.it\/fr\/?s={search_term_string}\"},\"query-input\":\"required name=search_term_string\"}],\"inLanguage\":\"fr-FR\"},{\"@type\":\"Organization\",\"@id\":\"https:\/\/www.rimadesio.it\/fr\/#organization\",\"name\":\"Rimadesio\",\"url\":\"https:\/\/www.rimadesio.it\/fr\/\",\"logo\":{\"@type\":\"ImageObject\",\"inLanguage\":\"fr-FR\",\"@id\":\"https:\/\/www.rimadesio.it\/fr\/#\/schema\/logo\/image\/\",\"url\":\"https:\/\/static.rimadesio.it\/media\/2021\/08\/Logo.png\",\"contentUrl\":\"https:\/\/static.rimadesio.it\/media\/2021\/08\/Logo.png\",\"width\":102,\"height\":18,\"caption\":\"Rimadesio\"},\"image\":{\"@id\":\"https:\/\/www.rimadesio.it\/fr\/#\/schema\/logo\/image\/\"}}]}<\/script>\n<!-- \/ Yoast SEO plugin. -->","yoast_head_json":{"title":"Dress Bold cabine armadio | Rimadesio","description":"Scopri le cabine armadio Dress Bold by Rimadesio. Soluzioni dal design contemporaneo, realizzate su misura. Alta qualit\u00e0 Made in Italy.","robots":{"index":"index","follow":"follow","max-snippet":"max-snippet:-1","max-image-preview":"max-image-preview:large","max-video-preview":"max-video-preview:-1"},"canonical":"https:\/\/www.rimadesio.it\/fr\/product\/dress-bold\/","og_locale":"fr_FR","og_type":"article","og_title":"Dress Bold cabine armadio | Rimadesio","og_description":"Scopri le cabine armadio Dress Bold by Rimadesio. Soluzioni dal design contemporaneo, realizzate su misura. Alta qualit\u00e0 Made in Italy.","og_url":"https:\/\/www.rimadesio.it\/fr\/product\/dress-bold\/","og_site_name":"Rimadesio","article_modified_time":"2026-04-15T07:36:21+00:00","twitter_card":"summary_large_image","schema":{"@context":"https:\/\/schema.org","@graph":[{"@type":"WebPage","@id":"https:\/\/www.rimadesio.it\/fr\/product\/dress-bold\/","url":"https:\/\/www.rimadesio.it\/fr\/product\/dress-bold\/","name":"Dress Bold cabine armadio | Rimadesio","isPartOf":{"@id":"https:\/\/www.rimadesio.it\/fr\/#website"},"datePublished":"2018-08-30T14:05:31+00:00","dateModified":"2026-04-15T07:36:21+00:00","description":"Scopri le cabine armadio Dress Bold by Rimadesio. Soluzioni dal design contemporaneo, realizzate su misura. Alta qualit\u00e0 Made in Italy.","breadcrumb":{"@id":"https:\/\/www.rimadesio.it\/fr\/product\/dress-bold\/#breadcrumb"},"inLanguage":"fr-FR","potentialAction":[{"@type":"ReadAction","target":["https:\/\/www.rimadesio.it\/fr\/product\/dress-bold\/"]}]},{"@type":"BreadcrumbList","@id":"https:\/\/www.rimadesio.it\/fr\/product\/dress-bold\/#breadcrumb","itemListElement":[{"@type":"ListItem","position":1,"name":"Homepage","item":"https:\/\/www.rimadesio.it\/fr\/"},{"@type":"ListItem","position":2,"name":"Produits","item":"https:\/\/www.rimadesio.it\/fr\/product\/"},{"@type":"ListItem","position":3,"name":"Syst\u00e8mes nuit","item":"https:\/\/www.rimadesio.it\/fr\/product-category\/systemes-nuit\/"},{"@type":"ListItem","position":4,"name":"Dressings","item":"https:\/\/www.rimadesio.it\/fr\/product-category\/systemes-nuit\/cabines-armoire\/"},{"@type":"ListItem","position":5,"name":"Dress bold"}]},{"@type":"WebSite","@id":"https:\/\/www.rimadesio.it\/fr\/#website","url":"https:\/\/www.rimadesio.it\/fr\/","name":"Rimadesio","description":"Rimadesio official website","publisher":{"@id":"https:\/\/www.rimadesio.it\/fr\/#organization"},"potentialAction":[{"@type":"SearchAction","target":{"@type":"EntryPoint","urlTemplate":"https:\/\/www.rimadesio.it\/fr\/?s={search_term_string}"},"query-input":"required name=search_term_string"}],"inLanguage":"fr-FR"},{"@type":"Organization","@id":"https:\/\/www.rimadesio.it\/fr\/#organization","name":"Rimadesio","url":"https:\/\/www.rimadesio.it\/fr\/","logo":{"@type":"ImageObject","inLanguage":"fr-FR","@id":"https:\/\/www.rimadesio.it\/fr\/#\/schema\/logo\/image\/","url":"https:\/\/static.rimadesio.it\/media\/2021\/08\/Logo.png","contentUrl":"https:\/\/static.rimadesio.it\/media\/2021\/08\/Logo.png","width":102,"height":18,"caption":"Rimadesio"},"image":{"@id":"https:\/\/www.rimadesio.it\/fr\/#\/schema\/logo\/image\/"}}]}},"_links":{"self":[{"href":"https:\/\/www.rimadesio.it\/fr\/wp-json\/wp\/v2\/product\/154973"}],"collection":[{"href":"https:\/\/www.rimadesio.it\/fr\/wp-json\/wp\/v2\/product"}],"about":[{"href":"https:\/\/www.rimadesio.it\/fr\/wp-json\/wp\/v2\/types\/product"}],"wp:attachment":[{"href":"https:\/\/www.rimadesio.it\/fr\/wp-json\/wp\/v2\/media?parent=154973"}],"wp:term":[{"taxonomy":"product_category","embeddable":true,"href":"https:\/\/www.rimadesio.it\/fr\/wp-json\/wp\/v2\/product_category?post=154973"}],"curies":[{"name":"wp","href":"https:\/\/api.w.org\/{rel}","templated":true}]}}