{"id":154971,"date":"2022-03-21T16:14:28","date_gmt":"2022-03-21T15:14:28","guid":{"rendered":"https:\/\/www.rimadesio.it\/product\/abacus\/"},"modified":"2026-04-15T09:15:15","modified_gmt":"2026-04-15T07:15:15","slug":"abacus","status":"publish","type":"product","link":"https:\/\/www.rimadesio.it\/fr\/product\/abacus\/","title":{"rendered":"Abacus"},"content":{"rendered":"<p>Avec Abacus, le dressing devient une pi\u00e8ce en similicuir, dans laquelle s&#8217;ins\u00e8rent des \u00e9l\u00e9ments horizontaux d&#8217;\u00e9paisseur minimale et \u00e0 la rigueur g\u00e9om\u00e9trique maximale. Un projet interpr\u00e9t\u00e9 dans un style minimaliste et coh\u00e9rent jusque dans les moindres d\u00e9tails, des accessoires aux rangements pour organiser l&#8217;espace du placard, disponibles en similicuir, rafia, tissu, Litech, verre laqu\u00e9 brillant et mat, sahara ou diamante.<\/p>\n","protected":false},"featured_media":0,"template":"","product_category":[418,402],"acf":[],"yoast_head":"<!-- This site is optimized with the Yoast SEO plugin v20.4 - https:\/\/yoast.com\/wordpress\/plugins\/seo\/ -->\n<title>Abacus cabine armadio | Rimadesio<\/title>\n<meta name=\"description\" content=\"Avec Abacus, le dressing devient une pi\u00e8ce en similicuir, dans laquelle s&#039;ins\u00e8rent des \u00e9l\u00e9ments horizontaux d&#039;\u00e9paisseur minimale et \u00e0 la rigueur\" \/>\n<meta name=\"robots\" content=\"index, follow, max-snippet:-1, max-image-preview:large, max-video-preview:-1\" \/>\n<link rel=\"canonical\" href=\"https:\/\/www.rimadesio.it\/fr\/product\/abacus\/\" \/>\n<meta property=\"og:locale\" content=\"fr_FR\" \/>\n<meta property=\"og:type\" content=\"article\" \/>\n<meta property=\"og:title\" content=\"Abacus cabine armadio | Rimadesio\" \/>\n<meta property=\"og:description\" content=\"Avec Abacus, le dressing devient une pi\u00e8ce en similicuir, dans laquelle s&#039;ins\u00e8rent des \u00e9l\u00e9ments horizontaux d&#039;\u00e9paisseur minimale et \u00e0 la rigueur\" \/>\n<meta property=\"og:url\" content=\"https:\/\/www.rimadesio.it\/fr\/product\/abacus\/\" \/>\n<meta property=\"og:site_name\" content=\"Rimadesio\" \/>\n<meta property=\"article:modified_time\" content=\"2026-04-15T07:15:15+00:00\" \/>\n<meta name=\"twitter:card\" content=\"summary_large_image\" \/>\n<script type=\"application\/ld+json\" class=\"yoast-schema-graph\">{\"@context\":\"https:\/\/schema.org\",\"@graph\":[{\"@type\":\"WebPage\",\"@id\":\"https:\/\/www.rimadesio.it\/fr\/product\/abacus\/\",\"url\":\"https:\/\/www.rimadesio.it\/fr\/product\/abacus\/\",\"name\":\"Abacus cabine armadio | Rimadesio\",\"isPartOf\":{\"@id\":\"https:\/\/www.rimadesio.it\/fr\/#website\"},\"datePublished\":\"2022-03-21T15:14:28+00:00\",\"dateModified\":\"2026-04-15T07:15:15+00:00\",\"description\":\"Avec Abacus, le dressing devient une pi\u00e8ce en similicuir, dans laquelle s'ins\u00e8rent des \u00e9l\u00e9ments horizontaux d'\u00e9paisseur minimale et \u00e0 la rigueur\",\"breadcrumb\":{\"@id\":\"https:\/\/www.rimadesio.it\/fr\/product\/abacus\/#breadcrumb\"},\"inLanguage\":\"fr-FR\",\"potentialAction\":[{\"@type\":\"ReadAction\",\"target\":[\"https:\/\/www.rimadesio.it\/fr\/product\/abacus\/\"]}]},{\"@type\":\"BreadcrumbList\",\"@id\":\"https:\/\/www.rimadesio.it\/fr\/product\/abacus\/#breadcrumb\",\"itemListElement\":[{\"@type\":\"ListItem\",\"position\":1,\"name\":\"Homepage\",\"item\":\"https:\/\/www.rimadesio.it\/fr\/\"},{\"@type\":\"ListItem\",\"position\":2,\"name\":\"Produits\",\"item\":\"https:\/\/www.rimadesio.it\/fr\/product\/\"},{\"@type\":\"ListItem\",\"position\":3,\"name\":\"Syst\u00e8mes nuit\",\"item\":\"https:\/\/www.rimadesio.it\/fr\/product-category\/systemes-nuit\/\"},{\"@type\":\"ListItem\",\"position\":4,\"name\":\"Dressings\",\"item\":\"https:\/\/www.rimadesio.it\/fr\/product-category\/systemes-nuit\/cabines-armoire\/\"},{\"@type\":\"ListItem\",\"position\":5,\"name\":\"Abacus\"}]},{\"@type\":\"WebSite\",\"@id\":\"https:\/\/www.rimadesio.it\/fr\/#website\",\"url\":\"https:\/\/www.rimadesio.it\/fr\/\",\"name\":\"Rimadesio\",\"description\":\"Rimadesio official website\",\"publisher\":{\"@id\":\"https:\/\/www.rimadesio.it\/fr\/#organization\"},\"potentialAction\":[{\"@type\":\"SearchAction\",\"target\":{\"@type\":\"EntryPoint\",\"urlTemplate\":\"https:\/\/www.rimadesio.it\/fr\/?s={search_term_string}\"},\"query-input\":\"required name=search_term_string\"}],\"inLanguage\":\"fr-FR\"},{\"@type\":\"Organization\",\"@id\":\"https:\/\/www.rimadesio.it\/fr\/#organization\",\"name\":\"Rimadesio\",\"url\":\"https:\/\/www.rimadesio.it\/fr\/\",\"logo\":{\"@type\":\"ImageObject\",\"inLanguage\":\"fr-FR\",\"@id\":\"https:\/\/www.rimadesio.it\/fr\/#\/schema\/logo\/image\/\",\"url\":\"https:\/\/static.rimadesio.it\/media\/2021\/08\/Logo.png\",\"contentUrl\":\"https:\/\/static.rimadesio.it\/media\/2021\/08\/Logo.png\",\"width\":102,\"height\":18,\"caption\":\"Rimadesio\"},\"image\":{\"@id\":\"https:\/\/www.rimadesio.it\/fr\/#\/schema\/logo\/image\/\"}}]}<\/script>\n<!-- \/ Yoast SEO plugin. -->","yoast_head_json":{"title":"Abacus cabine armadio | Rimadesio","description":"Avec Abacus, le dressing devient une pi\u00e8ce en similicuir, dans laquelle s'ins\u00e8rent des \u00e9l\u00e9ments horizontaux d'\u00e9paisseur minimale et \u00e0 la rigueur","robots":{"index":"index","follow":"follow","max-snippet":"max-snippet:-1","max-image-preview":"max-image-preview:large","max-video-preview":"max-video-preview:-1"},"canonical":"https:\/\/www.rimadesio.it\/fr\/product\/abacus\/","og_locale":"fr_FR","og_type":"article","og_title":"Abacus cabine armadio | Rimadesio","og_description":"Avec Abacus, le dressing devient une pi\u00e8ce en similicuir, dans laquelle s'ins\u00e8rent des \u00e9l\u00e9ments horizontaux d'\u00e9paisseur minimale et \u00e0 la rigueur","og_url":"https:\/\/www.rimadesio.it\/fr\/product\/abacus\/","og_site_name":"Rimadesio","article_modified_time":"2026-04-15T07:15:15+00:00","twitter_card":"summary_large_image","schema":{"@context":"https:\/\/schema.org","@graph":[{"@type":"WebPage","@id":"https:\/\/www.rimadesio.it\/fr\/product\/abacus\/","url":"https:\/\/www.rimadesio.it\/fr\/product\/abacus\/","name":"Abacus cabine armadio | Rimadesio","isPartOf":{"@id":"https:\/\/www.rimadesio.it\/fr\/#website"},"datePublished":"2022-03-21T15:14:28+00:00","dateModified":"2026-04-15T07:15:15+00:00","description":"Avec Abacus, le dressing devient une pi\u00e8ce en similicuir, dans laquelle s'ins\u00e8rent des \u00e9l\u00e9ments horizontaux d'\u00e9paisseur minimale et \u00e0 la rigueur","breadcrumb":{"@id":"https:\/\/www.rimadesio.it\/fr\/product\/abacus\/#breadcrumb"},"inLanguage":"fr-FR","potentialAction":[{"@type":"ReadAction","target":["https:\/\/www.rimadesio.it\/fr\/product\/abacus\/"]}]},{"@type":"BreadcrumbList","@id":"https:\/\/www.rimadesio.it\/fr\/product\/abacus\/#breadcrumb","itemListElement":[{"@type":"ListItem","position":1,"name":"Homepage","item":"https:\/\/www.rimadesio.it\/fr\/"},{"@type":"ListItem","position":2,"name":"Produits","item":"https:\/\/www.rimadesio.it\/fr\/product\/"},{"@type":"ListItem","position":3,"name":"Syst\u00e8mes nuit","item":"https:\/\/www.rimadesio.it\/fr\/product-category\/systemes-nuit\/"},{"@type":"ListItem","position":4,"name":"Dressings","item":"https:\/\/www.rimadesio.it\/fr\/product-category\/systemes-nuit\/cabines-armoire\/"},{"@type":"ListItem","position":5,"name":"Abacus"}]},{"@type":"WebSite","@id":"https:\/\/www.rimadesio.it\/fr\/#website","url":"https:\/\/www.rimadesio.it\/fr\/","name":"Rimadesio","description":"Rimadesio official website","publisher":{"@id":"https:\/\/www.rimadesio.it\/fr\/#organization"},"potentialAction":[{"@type":"SearchAction","target":{"@type":"EntryPoint","urlTemplate":"https:\/\/www.rimadesio.it\/fr\/?s={search_term_string}"},"query-input":"required name=search_term_string"}],"inLanguage":"fr-FR"},{"@type":"Organization","@id":"https:\/\/www.rimadesio.it\/fr\/#organization","name":"Rimadesio","url":"https:\/\/www.rimadesio.it\/fr\/","logo":{"@type":"ImageObject","inLanguage":"fr-FR","@id":"https:\/\/www.rimadesio.it\/fr\/#\/schema\/logo\/image\/","url":"https:\/\/static.rimadesio.it\/media\/2021\/08\/Logo.png","contentUrl":"https:\/\/static.rimadesio.it\/media\/2021\/08\/Logo.png","width":102,"height":18,"caption":"Rimadesio"},"image":{"@id":"https:\/\/www.rimadesio.it\/fr\/#\/schema\/logo\/image\/"}}]}},"_links":{"self":[{"href":"https:\/\/www.rimadesio.it\/fr\/wp-json\/wp\/v2\/product\/154971"}],"collection":[{"href":"https:\/\/www.rimadesio.it\/fr\/wp-json\/wp\/v2\/product"}],"about":[{"href":"https:\/\/www.rimadesio.it\/fr\/wp-json\/wp\/v2\/types\/product"}],"wp:attachment":[{"href":"https:\/\/www.rimadesio.it\/fr\/wp-json\/wp\/v2\/media?parent=154971"}],"wp:term":[{"taxonomy":"product_category","embeddable":true,"href":"https:\/\/www.rimadesio.it\/fr\/wp-json\/wp\/v2\/product_category?post=154971"}],"curies":[{"name":"wp","href":"https:\/\/api.w.org\/{rel}","templated":true}]}}