{"id":154970,"date":"2022-03-21T16:14:17","date_gmt":"2022-03-21T15:14:17","guid":{"rendered":"https:\/\/www.rimadesio.it\/product\/alambra-isola\/"},"modified":"2026-04-15T10:29:17","modified_gmt":"2026-04-15T08:29:17","slug":"alambra-isola","status":"publish","type":"product","link":"https:\/\/www.rimadesio.it\/fr\/product\/alambra-isola\/","title":{"rendered":"Alambra isola"},"content":{"rendered":"<p>Le syst\u00e8me Alambra s&#8217;enrichit d&#8217;une nouvelle proposition avec plateau en verre transparent en versions caisson centre pi\u00e8ce.<\/p>\n<p>Une collection caract\u00e9ris\u00e9e par la structure particuli\u00e8re en aluminium, par le dessin exclusif des d\u00e9tails, par les m\u00e9canismes de mouvement et dot\u00e9e d&#8217;un \u00e9clairage \u00e0 led int\u00e9gr\u00e9 dans les \u00e9tag\u00e8res.<\/p>\n","protected":false},"featured_media":0,"template":"","product_category":[416,592,402,412,414],"acf":[],"yoast_head":"<!-- This site is optimized with the Yoast SEO plugin v20.4 - https:\/\/yoast.com\/wordpress\/plugins\/seo\/ -->\n<title>Alambra isola - Rimadesio<\/title>\n<meta name=\"description\" content=\"Le syst\u00e8me Alambra s&#039;enrichit d&#039;une nouvelle proposition avec plateau en verre transparent en versions caisson centre pi\u00e8ce. Une collection caract\u00e9ris\u00e9e\" \/>\n<meta name=\"robots\" content=\"index, follow, max-snippet:-1, max-image-preview:large, max-video-preview:-1\" \/>\n<link rel=\"canonical\" href=\"https:\/\/www.rimadesio.it\/fr\/product\/alambra-isola\/\" \/>\n<meta property=\"og:locale\" content=\"fr_FR\" \/>\n<meta property=\"og:type\" content=\"article\" \/>\n<meta property=\"og:title\" content=\"Alambra isola - Rimadesio\" \/>\n<meta property=\"og:description\" content=\"Le syst\u00e8me Alambra s&#039;enrichit d&#039;une nouvelle proposition avec plateau en verre transparent en versions caisson centre pi\u00e8ce. Une collection caract\u00e9ris\u00e9e\" \/>\n<meta property=\"og:url\" content=\"https:\/\/www.rimadesio.it\/fr\/product\/alambra-isola\/\" \/>\n<meta property=\"og:site_name\" content=\"Rimadesio\" \/>\n<meta property=\"article:modified_time\" content=\"2026-04-15T08:29:17+00:00\" \/>\n<meta name=\"twitter:card\" content=\"summary_large_image\" \/>\n<script type=\"application\/ld+json\" class=\"yoast-schema-graph\">{\"@context\":\"https:\/\/schema.org\",\"@graph\":[{\"@type\":\"WebPage\",\"@id\":\"https:\/\/www.rimadesio.it\/fr\/product\/alambra-isola\/\",\"url\":\"https:\/\/www.rimadesio.it\/fr\/product\/alambra-isola\/\",\"name\":\"Alambra isola - Rimadesio\",\"isPartOf\":{\"@id\":\"https:\/\/www.rimadesio.it\/fr\/#website\"},\"datePublished\":\"2022-03-21T15:14:17+00:00\",\"dateModified\":\"2026-04-15T08:29:17+00:00\",\"description\":\"Le syst\u00e8me Alambra s'enrichit d'une nouvelle proposition avec plateau en verre transparent en versions caisson centre pi\u00e8ce. Une collection caract\u00e9ris\u00e9e\",\"breadcrumb\":{\"@id\":\"https:\/\/www.rimadesio.it\/fr\/product\/alambra-isola\/#breadcrumb\"},\"inLanguage\":\"fr-FR\",\"potentialAction\":[{\"@type\":\"ReadAction\",\"target\":[\"https:\/\/www.rimadesio.it\/fr\/product\/alambra-isola\/\"]}]},{\"@type\":\"BreadcrumbList\",\"@id\":\"https:\/\/www.rimadesio.it\/fr\/product\/alambra-isola\/#breadcrumb\",\"itemListElement\":[{\"@type\":\"ListItem\",\"position\":1,\"name\":\"Homepage\",\"item\":\"https:\/\/www.rimadesio.it\/fr\/\"},{\"@type\":\"ListItem\",\"position\":2,\"name\":\"Produits\",\"item\":\"https:\/\/www.rimadesio.it\/fr\/product\/\"},{\"@type\":\"ListItem\",\"position\":3,\"name\":\"Syst\u00e8mes nuit\",\"item\":\"https:\/\/www.rimadesio.it\/fr\/product-category\/systemes-nuit\/\"},{\"@type\":\"ListItem\",\"position\":4,\"name\":\"Rangements\",\"item\":\"https:\/\/www.rimadesio.it\/fr\/product-category\/systemes-nuit\/rangements\/\"},{\"@type\":\"ListItem\",\"position\":5,\"name\":\"Alambra isola\"}]},{\"@type\":\"WebSite\",\"@id\":\"https:\/\/www.rimadesio.it\/fr\/#website\",\"url\":\"https:\/\/www.rimadesio.it\/fr\/\",\"name\":\"Rimadesio\",\"description\":\"Rimadesio official website\",\"publisher\":{\"@id\":\"https:\/\/www.rimadesio.it\/fr\/#organization\"},\"potentialAction\":[{\"@type\":\"SearchAction\",\"target\":{\"@type\":\"EntryPoint\",\"urlTemplate\":\"https:\/\/www.rimadesio.it\/fr\/?s={search_term_string}\"},\"query-input\":\"required name=search_term_string\"}],\"inLanguage\":\"fr-FR\"},{\"@type\":\"Organization\",\"@id\":\"https:\/\/www.rimadesio.it\/fr\/#organization\",\"name\":\"Rimadesio\",\"url\":\"https:\/\/www.rimadesio.it\/fr\/\",\"logo\":{\"@type\":\"ImageObject\",\"inLanguage\":\"fr-FR\",\"@id\":\"https:\/\/www.rimadesio.it\/fr\/#\/schema\/logo\/image\/\",\"url\":\"https:\/\/static.rimadesio.it\/media\/2021\/08\/Logo.png\",\"contentUrl\":\"https:\/\/static.rimadesio.it\/media\/2021\/08\/Logo.png\",\"width\":102,\"height\":18,\"caption\":\"Rimadesio\"},\"image\":{\"@id\":\"https:\/\/www.rimadesio.it\/fr\/#\/schema\/logo\/image\/\"}}]}<\/script>\n<!-- \/ Yoast SEO plugin. -->","yoast_head_json":{"title":"Alambra isola - Rimadesio","description":"Le syst\u00e8me Alambra s'enrichit d'une nouvelle proposition avec plateau en verre transparent en versions caisson centre pi\u00e8ce. Une collection caract\u00e9ris\u00e9e","robots":{"index":"index","follow":"follow","max-snippet":"max-snippet:-1","max-image-preview":"max-image-preview:large","max-video-preview":"max-video-preview:-1"},"canonical":"https:\/\/www.rimadesio.it\/fr\/product\/alambra-isola\/","og_locale":"fr_FR","og_type":"article","og_title":"Alambra isola - Rimadesio","og_description":"Le syst\u00e8me Alambra s'enrichit d'une nouvelle proposition avec plateau en verre transparent en versions caisson centre pi\u00e8ce. Une collection caract\u00e9ris\u00e9e","og_url":"https:\/\/www.rimadesio.it\/fr\/product\/alambra-isola\/","og_site_name":"Rimadesio","article_modified_time":"2026-04-15T08:29:17+00:00","twitter_card":"summary_large_image","schema":{"@context":"https:\/\/schema.org","@graph":[{"@type":"WebPage","@id":"https:\/\/www.rimadesio.it\/fr\/product\/alambra-isola\/","url":"https:\/\/www.rimadesio.it\/fr\/product\/alambra-isola\/","name":"Alambra isola - Rimadesio","isPartOf":{"@id":"https:\/\/www.rimadesio.it\/fr\/#website"},"datePublished":"2022-03-21T15:14:17+00:00","dateModified":"2026-04-15T08:29:17+00:00","description":"Le syst\u00e8me Alambra s'enrichit d'une nouvelle proposition avec plateau en verre transparent en versions caisson centre pi\u00e8ce. Une collection caract\u00e9ris\u00e9e","breadcrumb":{"@id":"https:\/\/www.rimadesio.it\/fr\/product\/alambra-isola\/#breadcrumb"},"inLanguage":"fr-FR","potentialAction":[{"@type":"ReadAction","target":["https:\/\/www.rimadesio.it\/fr\/product\/alambra-isola\/"]}]},{"@type":"BreadcrumbList","@id":"https:\/\/www.rimadesio.it\/fr\/product\/alambra-isola\/#breadcrumb","itemListElement":[{"@type":"ListItem","position":1,"name":"Homepage","item":"https:\/\/www.rimadesio.it\/fr\/"},{"@type":"ListItem","position":2,"name":"Produits","item":"https:\/\/www.rimadesio.it\/fr\/product\/"},{"@type":"ListItem","position":3,"name":"Syst\u00e8mes nuit","item":"https:\/\/www.rimadesio.it\/fr\/product-category\/systemes-nuit\/"},{"@type":"ListItem","position":4,"name":"Rangements","item":"https:\/\/www.rimadesio.it\/fr\/product-category\/systemes-nuit\/rangements\/"},{"@type":"ListItem","position":5,"name":"Alambra isola"}]},{"@type":"WebSite","@id":"https:\/\/www.rimadesio.it\/fr\/#website","url":"https:\/\/www.rimadesio.it\/fr\/","name":"Rimadesio","description":"Rimadesio official website","publisher":{"@id":"https:\/\/www.rimadesio.it\/fr\/#organization"},"potentialAction":[{"@type":"SearchAction","target":{"@type":"EntryPoint","urlTemplate":"https:\/\/www.rimadesio.it\/fr\/?s={search_term_string}"},"query-input":"required name=search_term_string"}],"inLanguage":"fr-FR"},{"@type":"Organization","@id":"https:\/\/www.rimadesio.it\/fr\/#organization","name":"Rimadesio","url":"https:\/\/www.rimadesio.it\/fr\/","logo":{"@type":"ImageObject","inLanguage":"fr-FR","@id":"https:\/\/www.rimadesio.it\/fr\/#\/schema\/logo\/image\/","url":"https:\/\/static.rimadesio.it\/media\/2021\/08\/Logo.png","contentUrl":"https:\/\/static.rimadesio.it\/media\/2021\/08\/Logo.png","width":102,"height":18,"caption":"Rimadesio"},"image":{"@id":"https:\/\/www.rimadesio.it\/fr\/#\/schema\/logo\/image\/"}}]}},"_links":{"self":[{"href":"https:\/\/www.rimadesio.it\/fr\/wp-json\/wp\/v2\/product\/154970"}],"collection":[{"href":"https:\/\/www.rimadesio.it\/fr\/wp-json\/wp\/v2\/product"}],"about":[{"href":"https:\/\/www.rimadesio.it\/fr\/wp-json\/wp\/v2\/types\/product"}],"wp:attachment":[{"href":"https:\/\/www.rimadesio.it\/fr\/wp-json\/wp\/v2\/media?parent=154970"}],"wp:term":[{"taxonomy":"product_category","embeddable":true,"href":"https:\/\/www.rimadesio.it\/fr\/wp-json\/wp\/v2\/product_category?post=154970"}],"curies":[{"name":"wp","href":"https:\/\/api.w.org\/{rel}","templated":true}]}}