{"id":154962,"date":"2022-03-21T16:10:45","date_gmt":"2022-03-21T15:10:45","guid":{"rendered":"https:\/\/www.rimadesio.it\/product\/interior-one\/"},"modified":"2022-03-21T16:10:45","modified_gmt":"2022-03-21T15:10:45","slug":"interior-one","status":"publish","type":"product","link":"https:\/\/www.rimadesio.it\/fr\/product\/interior-one\/","title":{"rendered":"Interior one"},"content":{"rendered":"<p>La qualit\u00e9 d&#8217;une pi\u00e8ce est r\u00e9gie par des \u00e9quilibres subtils. Parmi ceux-l\u00e0 le rapport entre le besoin d&#8217;ordre et le d\u00e9sir d&#8217;originalit\u00e9, ou la combinaison entre les diff\u00e9rentes valeurs expressives des finitions. Dans la partie living pr\u00e9sent\u00e9e, la rigueur g\u00e9om\u00e9trique de la boiserie Modulor en verre sahara contraste avec la force expressive de la table Francis avec plateau en noyer, v\u00e9ritable protagoniste de l&#8217;espace.<\/p>\n","protected":false},"featured_media":0,"template":"","product_category":[405],"acf":[],"yoast_head":"<!-- This site is optimized with the Yoast SEO plugin v20.4 - https:\/\/yoast.com\/wordpress\/plugins\/seo\/ -->\n<title>New Interiors 1 | novit\u00e0 collezione Rimadesio<\/title>\n<meta name=\"description\" content=\"La qualit\u00e9 d&#039;une pi\u00e8ce est r\u00e9gie par des \u00e9quilibres subtils. Parmi ceux-l\u00e0 le rapport entre le besoin d&#039;ordre et le d\u00e9sir d&#039;originalit\u00e9, ou la combinaison\" \/>\n<meta name=\"robots\" content=\"index, follow, max-snippet:-1, max-image-preview:large, max-video-preview:-1\" \/>\n<link rel=\"canonical\" href=\"https:\/\/www.rimadesio.it\/fr\/product\/interior-one\/\" \/>\n<meta property=\"og:locale\" content=\"fr_FR\" \/>\n<meta property=\"og:type\" content=\"article\" \/>\n<meta property=\"og:title\" content=\"New Interiors 1 | novit\u00e0 collezione Rimadesio\" \/>\n<meta property=\"og:description\" content=\"La qualit\u00e9 d&#039;une pi\u00e8ce est r\u00e9gie par des \u00e9quilibres subtils. Parmi ceux-l\u00e0 le rapport entre le besoin d&#039;ordre et le d\u00e9sir d&#039;originalit\u00e9, ou la combinaison\" \/>\n<meta property=\"og:url\" content=\"https:\/\/www.rimadesio.it\/fr\/product\/interior-one\/\" \/>\n<meta property=\"og:site_name\" content=\"Rimadesio\" \/>\n<meta name=\"twitter:card\" content=\"summary_large_image\" \/>\n<script type=\"application\/ld+json\" class=\"yoast-schema-graph\">{\"@context\":\"https:\/\/schema.org\",\"@graph\":[{\"@type\":\"WebPage\",\"@id\":\"https:\/\/www.rimadesio.it\/fr\/product\/interior-one\/\",\"url\":\"https:\/\/www.rimadesio.it\/fr\/product\/interior-one\/\",\"name\":\"New Interiors 1 | novit\u00e0 collezione Rimadesio\",\"isPartOf\":{\"@id\":\"https:\/\/www.rimadesio.it\/fr\/#website\"},\"datePublished\":\"2022-03-21T15:10:45+00:00\",\"dateModified\":\"2022-03-21T15:10:45+00:00\",\"description\":\"La qualit\u00e9 d'une pi\u00e8ce est r\u00e9gie par des \u00e9quilibres subtils. Parmi ceux-l\u00e0 le rapport entre le besoin d'ordre et le d\u00e9sir d'originalit\u00e9, ou la combinaison\",\"breadcrumb\":{\"@id\":\"https:\/\/www.rimadesio.it\/fr\/product\/interior-one\/#breadcrumb\"},\"inLanguage\":\"fr-FR\",\"potentialAction\":[{\"@type\":\"ReadAction\",\"target\":[\"https:\/\/www.rimadesio.it\/fr\/product\/interior-one\/\"]}]},{\"@type\":\"BreadcrumbList\",\"@id\":\"https:\/\/www.rimadesio.it\/fr\/product\/interior-one\/#breadcrumb\",\"itemListElement\":[{\"@type\":\"ListItem\",\"position\":1,\"name\":\"Homepage\",\"item\":\"https:\/\/www.rimadesio.it\/fr\/\"},{\"@type\":\"ListItem\",\"position\":2,\"name\":\"Produits\",\"item\":\"https:\/\/www.rimadesio.it\/fr\/product\/\"},{\"@type\":\"ListItem\",\"position\":3,\"name\":\"New interiors\",\"item\":\"https:\/\/www.rimadesio.it\/fr\/product-category\/new-interiors-fr\/\"},{\"@type\":\"ListItem\",\"position\":4,\"name\":\"Interior one\"}]},{\"@type\":\"WebSite\",\"@id\":\"https:\/\/www.rimadesio.it\/fr\/#website\",\"url\":\"https:\/\/www.rimadesio.it\/fr\/\",\"name\":\"Rimadesio\",\"description\":\"Rimadesio official website\",\"publisher\":{\"@id\":\"https:\/\/www.rimadesio.it\/fr\/#organization\"},\"potentialAction\":[{\"@type\":\"SearchAction\",\"target\":{\"@type\":\"EntryPoint\",\"urlTemplate\":\"https:\/\/www.rimadesio.it\/fr\/?s={search_term_string}\"},\"query-input\":\"required name=search_term_string\"}],\"inLanguage\":\"fr-FR\"},{\"@type\":\"Organization\",\"@id\":\"https:\/\/www.rimadesio.it\/fr\/#organization\",\"name\":\"Rimadesio\",\"url\":\"https:\/\/www.rimadesio.it\/fr\/\",\"logo\":{\"@type\":\"ImageObject\",\"inLanguage\":\"fr-FR\",\"@id\":\"https:\/\/www.rimadesio.it\/fr\/#\/schema\/logo\/image\/\",\"url\":\"https:\/\/static.rimadesio.it\/media\/2021\/08\/Logo.png\",\"contentUrl\":\"https:\/\/static.rimadesio.it\/media\/2021\/08\/Logo.png\",\"width\":102,\"height\":18,\"caption\":\"Rimadesio\"},\"image\":{\"@id\":\"https:\/\/www.rimadesio.it\/fr\/#\/schema\/logo\/image\/\"}}]}<\/script>\n<!-- \/ Yoast SEO plugin. -->","yoast_head_json":{"title":"New Interiors 1 | novit\u00e0 collezione Rimadesio","description":"La qualit\u00e9 d'une pi\u00e8ce est r\u00e9gie par des \u00e9quilibres subtils. Parmi ceux-l\u00e0 le rapport entre le besoin d'ordre et le d\u00e9sir d'originalit\u00e9, ou la combinaison","robots":{"index":"index","follow":"follow","max-snippet":"max-snippet:-1","max-image-preview":"max-image-preview:large","max-video-preview":"max-video-preview:-1"},"canonical":"https:\/\/www.rimadesio.it\/fr\/product\/interior-one\/","og_locale":"fr_FR","og_type":"article","og_title":"New Interiors 1 | novit\u00e0 collezione Rimadesio","og_description":"La qualit\u00e9 d'une pi\u00e8ce est r\u00e9gie par des \u00e9quilibres subtils. Parmi ceux-l\u00e0 le rapport entre le besoin d'ordre et le d\u00e9sir d'originalit\u00e9, ou la combinaison","og_url":"https:\/\/www.rimadesio.it\/fr\/product\/interior-one\/","og_site_name":"Rimadesio","twitter_card":"summary_large_image","schema":{"@context":"https:\/\/schema.org","@graph":[{"@type":"WebPage","@id":"https:\/\/www.rimadesio.it\/fr\/product\/interior-one\/","url":"https:\/\/www.rimadesio.it\/fr\/product\/interior-one\/","name":"New Interiors 1 | novit\u00e0 collezione Rimadesio","isPartOf":{"@id":"https:\/\/www.rimadesio.it\/fr\/#website"},"datePublished":"2022-03-21T15:10:45+00:00","dateModified":"2022-03-21T15:10:45+00:00","description":"La qualit\u00e9 d'une pi\u00e8ce est r\u00e9gie par des \u00e9quilibres subtils. Parmi ceux-l\u00e0 le rapport entre le besoin d'ordre et le d\u00e9sir d'originalit\u00e9, ou la combinaison","breadcrumb":{"@id":"https:\/\/www.rimadesio.it\/fr\/product\/interior-one\/#breadcrumb"},"inLanguage":"fr-FR","potentialAction":[{"@type":"ReadAction","target":["https:\/\/www.rimadesio.it\/fr\/product\/interior-one\/"]}]},{"@type":"BreadcrumbList","@id":"https:\/\/www.rimadesio.it\/fr\/product\/interior-one\/#breadcrumb","itemListElement":[{"@type":"ListItem","position":1,"name":"Homepage","item":"https:\/\/www.rimadesio.it\/fr\/"},{"@type":"ListItem","position":2,"name":"Produits","item":"https:\/\/www.rimadesio.it\/fr\/product\/"},{"@type":"ListItem","position":3,"name":"New interiors","item":"https:\/\/www.rimadesio.it\/fr\/product-category\/new-interiors-fr\/"},{"@type":"ListItem","position":4,"name":"Interior one"}]},{"@type":"WebSite","@id":"https:\/\/www.rimadesio.it\/fr\/#website","url":"https:\/\/www.rimadesio.it\/fr\/","name":"Rimadesio","description":"Rimadesio official website","publisher":{"@id":"https:\/\/www.rimadesio.it\/fr\/#organization"},"potentialAction":[{"@type":"SearchAction","target":{"@type":"EntryPoint","urlTemplate":"https:\/\/www.rimadesio.it\/fr\/?s={search_term_string}"},"query-input":"required name=search_term_string"}],"inLanguage":"fr-FR"},{"@type":"Organization","@id":"https:\/\/www.rimadesio.it\/fr\/#organization","name":"Rimadesio","url":"https:\/\/www.rimadesio.it\/fr\/","logo":{"@type":"ImageObject","inLanguage":"fr-FR","@id":"https:\/\/www.rimadesio.it\/fr\/#\/schema\/logo\/image\/","url":"https:\/\/static.rimadesio.it\/media\/2021\/08\/Logo.png","contentUrl":"https:\/\/static.rimadesio.it\/media\/2021\/08\/Logo.png","width":102,"height":18,"caption":"Rimadesio"},"image":{"@id":"https:\/\/www.rimadesio.it\/fr\/#\/schema\/logo\/image\/"}}]}},"_links":{"self":[{"href":"https:\/\/www.rimadesio.it\/fr\/wp-json\/wp\/v2\/product\/154962"}],"collection":[{"href":"https:\/\/www.rimadesio.it\/fr\/wp-json\/wp\/v2\/product"}],"about":[{"href":"https:\/\/www.rimadesio.it\/fr\/wp-json\/wp\/v2\/types\/product"}],"wp:attachment":[{"href":"https:\/\/www.rimadesio.it\/fr\/wp-json\/wp\/v2\/media?parent=154962"}],"wp:term":[{"taxonomy":"product_category","embeddable":true,"href":"https:\/\/www.rimadesio.it\/fr\/wp-json\/wp\/v2\/product_category?post=154962"}],"curies":[{"name":"wp","href":"https:\/\/api.w.org\/{rel}","templated":true}]}}