{"id":154961,"date":"2022-03-21T16:10:04","date_gmt":"2022-03-21T15:10:04","guid":{"rendered":"https:\/\/www.rimadesio.it\/product\/interior-two\/"},"modified":"2022-03-21T16:10:04","modified_gmt":"2022-03-21T15:10:04","slug":"interior-two","status":"publish","type":"product","link":"https:\/\/www.rimadesio.it\/fr\/product\/interior-two\/","title":{"rendered":"Interior two"},"content":{"rendered":"<p>Caract\u00e9riser le style de la pi\u00e8ce, jouer la fonction de rangement, sugg\u00e9rer des solutions pour exposer et mettre en valeur des objets auxquels on tient : voici les fonctions \u00e9videntes de la boiserie Modulor. En plus de cela, le syst\u00e8me permet d&#8217;aligner d&#8217;\u00e9ventuelles irr\u00e9gularit\u00e9s des cloisons et donc d&#8217;am\u00e9liorer, au stade du projet, les g\u00e9om\u00e9tries de l&#8217;espace.<\/p>\n","protected":false},"featured_media":0,"template":"","product_category":[405],"acf":[],"yoast_head":"<!-- This site is optimized with the Yoast SEO plugin v20.4 - https:\/\/yoast.com\/wordpress\/plugins\/seo\/ -->\n<title>Interior two - Rimadesio<\/title>\n<meta name=\"description\" content=\"Caract\u00e9riser le style de la pi\u00e8ce, jouer la fonction de rangement, sugg\u00e9rer des solutions pour exposer et mettre en valeur des objets auxquels on tient :\" \/>\n<meta name=\"robots\" content=\"index, follow, max-snippet:-1, max-image-preview:large, max-video-preview:-1\" \/>\n<link rel=\"canonical\" href=\"https:\/\/www.rimadesio.it\/fr\/product\/interior-two\/\" \/>\n<meta property=\"og:locale\" content=\"fr_FR\" \/>\n<meta property=\"og:type\" content=\"article\" \/>\n<meta property=\"og:title\" content=\"Interior two - Rimadesio\" \/>\n<meta property=\"og:description\" content=\"Caract\u00e9riser le style de la pi\u00e8ce, jouer la fonction de rangement, sugg\u00e9rer des solutions pour exposer et mettre en valeur des objets auxquels on tient :\" \/>\n<meta property=\"og:url\" content=\"https:\/\/www.rimadesio.it\/fr\/product\/interior-two\/\" \/>\n<meta property=\"og:site_name\" content=\"Rimadesio\" \/>\n<meta name=\"twitter:card\" content=\"summary_large_image\" \/>\n<script type=\"application\/ld+json\" class=\"yoast-schema-graph\">{\"@context\":\"https:\/\/schema.org\",\"@graph\":[{\"@type\":\"WebPage\",\"@id\":\"https:\/\/www.rimadesio.it\/fr\/product\/interior-two\/\",\"url\":\"https:\/\/www.rimadesio.it\/fr\/product\/interior-two\/\",\"name\":\"Interior two - Rimadesio\",\"isPartOf\":{\"@id\":\"https:\/\/www.rimadesio.it\/fr\/#website\"},\"datePublished\":\"2022-03-21T15:10:04+00:00\",\"dateModified\":\"2022-03-21T15:10:04+00:00\",\"description\":\"Caract\u00e9riser le style de la pi\u00e8ce, jouer la fonction de rangement, sugg\u00e9rer des solutions pour exposer et mettre en valeur des objets auxquels on tient :\",\"breadcrumb\":{\"@id\":\"https:\/\/www.rimadesio.it\/fr\/product\/interior-two\/#breadcrumb\"},\"inLanguage\":\"fr-FR\",\"potentialAction\":[{\"@type\":\"ReadAction\",\"target\":[\"https:\/\/www.rimadesio.it\/fr\/product\/interior-two\/\"]}]},{\"@type\":\"BreadcrumbList\",\"@id\":\"https:\/\/www.rimadesio.it\/fr\/product\/interior-two\/#breadcrumb\",\"itemListElement\":[{\"@type\":\"ListItem\",\"position\":1,\"name\":\"Homepage\",\"item\":\"https:\/\/www.rimadesio.it\/fr\/\"},{\"@type\":\"ListItem\",\"position\":2,\"name\":\"Produits\",\"item\":\"https:\/\/www.rimadesio.it\/fr\/product\/\"},{\"@type\":\"ListItem\",\"position\":3,\"name\":\"New interiors\",\"item\":\"https:\/\/www.rimadesio.it\/fr\/product-category\/new-interiors-fr\/\"},{\"@type\":\"ListItem\",\"position\":4,\"name\":\"Interior two\"}]},{\"@type\":\"WebSite\",\"@id\":\"https:\/\/www.rimadesio.it\/fr\/#website\",\"url\":\"https:\/\/www.rimadesio.it\/fr\/\",\"name\":\"Rimadesio\",\"description\":\"Rimadesio official website\",\"publisher\":{\"@id\":\"https:\/\/www.rimadesio.it\/fr\/#organization\"},\"potentialAction\":[{\"@type\":\"SearchAction\",\"target\":{\"@type\":\"EntryPoint\",\"urlTemplate\":\"https:\/\/www.rimadesio.it\/fr\/?s={search_term_string}\"},\"query-input\":\"required name=search_term_string\"}],\"inLanguage\":\"fr-FR\"},{\"@type\":\"Organization\",\"@id\":\"https:\/\/www.rimadesio.it\/fr\/#organization\",\"name\":\"Rimadesio\",\"url\":\"https:\/\/www.rimadesio.it\/fr\/\",\"logo\":{\"@type\":\"ImageObject\",\"inLanguage\":\"fr-FR\",\"@id\":\"https:\/\/www.rimadesio.it\/fr\/#\/schema\/logo\/image\/\",\"url\":\"https:\/\/static.rimadesio.it\/media\/2021\/08\/Logo.png\",\"contentUrl\":\"https:\/\/static.rimadesio.it\/media\/2021\/08\/Logo.png\",\"width\":102,\"height\":18,\"caption\":\"Rimadesio\"},\"image\":{\"@id\":\"https:\/\/www.rimadesio.it\/fr\/#\/schema\/logo\/image\/\"}}]}<\/script>\n<!-- \/ Yoast SEO plugin. -->","yoast_head_json":{"title":"Interior two - Rimadesio","description":"Caract\u00e9riser le style de la pi\u00e8ce, jouer la fonction de rangement, sugg\u00e9rer des solutions pour exposer et mettre en valeur des objets auxquels on tient :","robots":{"index":"index","follow":"follow","max-snippet":"max-snippet:-1","max-image-preview":"max-image-preview:large","max-video-preview":"max-video-preview:-1"},"canonical":"https:\/\/www.rimadesio.it\/fr\/product\/interior-two\/","og_locale":"fr_FR","og_type":"article","og_title":"Interior two - Rimadesio","og_description":"Caract\u00e9riser le style de la pi\u00e8ce, jouer la fonction de rangement, sugg\u00e9rer des solutions pour exposer et mettre en valeur des objets auxquels on tient :","og_url":"https:\/\/www.rimadesio.it\/fr\/product\/interior-two\/","og_site_name":"Rimadesio","twitter_card":"summary_large_image","schema":{"@context":"https:\/\/schema.org","@graph":[{"@type":"WebPage","@id":"https:\/\/www.rimadesio.it\/fr\/product\/interior-two\/","url":"https:\/\/www.rimadesio.it\/fr\/product\/interior-two\/","name":"Interior two - Rimadesio","isPartOf":{"@id":"https:\/\/www.rimadesio.it\/fr\/#website"},"datePublished":"2022-03-21T15:10:04+00:00","dateModified":"2022-03-21T15:10:04+00:00","description":"Caract\u00e9riser le style de la pi\u00e8ce, jouer la fonction de rangement, sugg\u00e9rer des solutions pour exposer et mettre en valeur des objets auxquels on tient :","breadcrumb":{"@id":"https:\/\/www.rimadesio.it\/fr\/product\/interior-two\/#breadcrumb"},"inLanguage":"fr-FR","potentialAction":[{"@type":"ReadAction","target":["https:\/\/www.rimadesio.it\/fr\/product\/interior-two\/"]}]},{"@type":"BreadcrumbList","@id":"https:\/\/www.rimadesio.it\/fr\/product\/interior-two\/#breadcrumb","itemListElement":[{"@type":"ListItem","position":1,"name":"Homepage","item":"https:\/\/www.rimadesio.it\/fr\/"},{"@type":"ListItem","position":2,"name":"Produits","item":"https:\/\/www.rimadesio.it\/fr\/product\/"},{"@type":"ListItem","position":3,"name":"New interiors","item":"https:\/\/www.rimadesio.it\/fr\/product-category\/new-interiors-fr\/"},{"@type":"ListItem","position":4,"name":"Interior two"}]},{"@type":"WebSite","@id":"https:\/\/www.rimadesio.it\/fr\/#website","url":"https:\/\/www.rimadesio.it\/fr\/","name":"Rimadesio","description":"Rimadesio official website","publisher":{"@id":"https:\/\/www.rimadesio.it\/fr\/#organization"},"potentialAction":[{"@type":"SearchAction","target":{"@type":"EntryPoint","urlTemplate":"https:\/\/www.rimadesio.it\/fr\/?s={search_term_string}"},"query-input":"required name=search_term_string"}],"inLanguage":"fr-FR"},{"@type":"Organization","@id":"https:\/\/www.rimadesio.it\/fr\/#organization","name":"Rimadesio","url":"https:\/\/www.rimadesio.it\/fr\/","logo":{"@type":"ImageObject","inLanguage":"fr-FR","@id":"https:\/\/www.rimadesio.it\/fr\/#\/schema\/logo\/image\/","url":"https:\/\/static.rimadesio.it\/media\/2021\/08\/Logo.png","contentUrl":"https:\/\/static.rimadesio.it\/media\/2021\/08\/Logo.png","width":102,"height":18,"caption":"Rimadesio"},"image":{"@id":"https:\/\/www.rimadesio.it\/fr\/#\/schema\/logo\/image\/"}}]}},"_links":{"self":[{"href":"https:\/\/www.rimadesio.it\/fr\/wp-json\/wp\/v2\/product\/154961"}],"collection":[{"href":"https:\/\/www.rimadesio.it\/fr\/wp-json\/wp\/v2\/product"}],"about":[{"href":"https:\/\/www.rimadesio.it\/fr\/wp-json\/wp\/v2\/types\/product"}],"wp:attachment":[{"href":"https:\/\/www.rimadesio.it\/fr\/wp-json\/wp\/v2\/media?parent=154961"}],"wp:term":[{"taxonomy":"product_category","embeddable":true,"href":"https:\/\/www.rimadesio.it\/fr\/wp-json\/wp\/v2\/product_category?post=154961"}],"curies":[{"name":"wp","href":"https:\/\/api.w.org\/{rel}","templated":true}]}}