{"id":154960,"date":"2022-03-21T16:08:31","date_gmt":"2022-03-21T15:08:31","guid":{"rendered":"https:\/\/www.rimadesio.it\/product\/interior-three\/"},"modified":"2022-03-21T16:08:31","modified_gmt":"2022-03-21T15:08:31","slug":"interior-three","status":"publish","type":"product","link":"https:\/\/www.rimadesio.it\/fr\/product\/interior-three\/","title":{"rendered":"Interior three"},"content":{"rendered":"<p>Une pi\u00e8ce nuit dans laquelle Modulor, \u00a0exprime, dans la finition noyer sahara, toutes ses qualit\u00e9s. Pr\u00e9sence sc\u00e9nographique importante et en m\u00eame temps discr\u00e8te, le syst\u00e8me boiserie s&#8217;adapte avec naturel \u00e0 un espace complexe en se transformant en tant que de besoin en porte ou en espace fen\u00eatre, ou en d\u00e9voilant des espaces \u00e9quip\u00e9s pour le rangement.<\/p>\n","protected":false},"featured_media":0,"template":"","product_category":[405],"acf":[],"yoast_head":"<!-- This site is optimized with the Yoast SEO plugin v20.4 - https:\/\/yoast.com\/wordpress\/plugins\/seo\/ -->\n<title>Interior three - Rimadesio<\/title>\n<meta name=\"description\" content=\"Une pi\u00e8ce nuit dans laquelle Modulor, \u00a0exprime, dans la finition noyer sahara, toutes ses qualit\u00e9s. Pr\u00e9sence sc\u00e9nographique importante et en m\u00eame temps\" \/>\n<meta name=\"robots\" content=\"index, follow, max-snippet:-1, max-image-preview:large, max-video-preview:-1\" \/>\n<link rel=\"canonical\" href=\"https:\/\/www.rimadesio.it\/fr\/product\/interior-three\/\" \/>\n<meta property=\"og:locale\" content=\"fr_FR\" \/>\n<meta property=\"og:type\" content=\"article\" \/>\n<meta property=\"og:title\" content=\"Interior three - Rimadesio\" \/>\n<meta property=\"og:description\" content=\"Une pi\u00e8ce nuit dans laquelle Modulor, \u00a0exprime, dans la finition noyer sahara, toutes ses qualit\u00e9s. Pr\u00e9sence sc\u00e9nographique importante et en m\u00eame temps\" \/>\n<meta property=\"og:url\" content=\"https:\/\/www.rimadesio.it\/fr\/product\/interior-three\/\" \/>\n<meta property=\"og:site_name\" content=\"Rimadesio\" \/>\n<meta name=\"twitter:card\" content=\"summary_large_image\" \/>\n<script type=\"application\/ld+json\" class=\"yoast-schema-graph\">{\"@context\":\"https:\/\/schema.org\",\"@graph\":[{\"@type\":\"WebPage\",\"@id\":\"https:\/\/www.rimadesio.it\/fr\/product\/interior-three\/\",\"url\":\"https:\/\/www.rimadesio.it\/fr\/product\/interior-three\/\",\"name\":\"Interior three - Rimadesio\",\"isPartOf\":{\"@id\":\"https:\/\/www.rimadesio.it\/fr\/#website\"},\"datePublished\":\"2022-03-21T15:08:31+00:00\",\"dateModified\":\"2022-03-21T15:08:31+00:00\",\"description\":\"Une pi\u00e8ce nuit dans laquelle Modulor, \u00a0exprime, dans la finition noyer sahara, toutes ses qualit\u00e9s. Pr\u00e9sence sc\u00e9nographique importante et en m\u00eame temps\",\"breadcrumb\":{\"@id\":\"https:\/\/www.rimadesio.it\/fr\/product\/interior-three\/#breadcrumb\"},\"inLanguage\":\"fr-FR\",\"potentialAction\":[{\"@type\":\"ReadAction\",\"target\":[\"https:\/\/www.rimadesio.it\/fr\/product\/interior-three\/\"]}]},{\"@type\":\"BreadcrumbList\",\"@id\":\"https:\/\/www.rimadesio.it\/fr\/product\/interior-three\/#breadcrumb\",\"itemListElement\":[{\"@type\":\"ListItem\",\"position\":1,\"name\":\"Homepage\",\"item\":\"https:\/\/www.rimadesio.it\/fr\/\"},{\"@type\":\"ListItem\",\"position\":2,\"name\":\"Produits\",\"item\":\"https:\/\/www.rimadesio.it\/fr\/product\/\"},{\"@type\":\"ListItem\",\"position\":3,\"name\":\"New interiors\",\"item\":\"https:\/\/www.rimadesio.it\/fr\/product-category\/new-interiors-fr\/\"},{\"@type\":\"ListItem\",\"position\":4,\"name\":\"Interior three\"}]},{\"@type\":\"WebSite\",\"@id\":\"https:\/\/www.rimadesio.it\/fr\/#website\",\"url\":\"https:\/\/www.rimadesio.it\/fr\/\",\"name\":\"Rimadesio\",\"description\":\"Rimadesio official website\",\"publisher\":{\"@id\":\"https:\/\/www.rimadesio.it\/fr\/#organization\"},\"potentialAction\":[{\"@type\":\"SearchAction\",\"target\":{\"@type\":\"EntryPoint\",\"urlTemplate\":\"https:\/\/www.rimadesio.it\/fr\/?s={search_term_string}\"},\"query-input\":\"required name=search_term_string\"}],\"inLanguage\":\"fr-FR\"},{\"@type\":\"Organization\",\"@id\":\"https:\/\/www.rimadesio.it\/fr\/#organization\",\"name\":\"Rimadesio\",\"url\":\"https:\/\/www.rimadesio.it\/fr\/\",\"logo\":{\"@type\":\"ImageObject\",\"inLanguage\":\"fr-FR\",\"@id\":\"https:\/\/www.rimadesio.it\/fr\/#\/schema\/logo\/image\/\",\"url\":\"https:\/\/static.rimadesio.it\/media\/2021\/08\/Logo.png\",\"contentUrl\":\"https:\/\/static.rimadesio.it\/media\/2021\/08\/Logo.png\",\"width\":102,\"height\":18,\"caption\":\"Rimadesio\"},\"image\":{\"@id\":\"https:\/\/www.rimadesio.it\/fr\/#\/schema\/logo\/image\/\"}}]}<\/script>\n<!-- \/ Yoast SEO plugin. -->","yoast_head_json":{"title":"Interior three - Rimadesio","description":"Une pi\u00e8ce nuit dans laquelle Modulor, \u00a0exprime, dans la finition noyer sahara, toutes ses qualit\u00e9s. Pr\u00e9sence sc\u00e9nographique importante et en m\u00eame temps","robots":{"index":"index","follow":"follow","max-snippet":"max-snippet:-1","max-image-preview":"max-image-preview:large","max-video-preview":"max-video-preview:-1"},"canonical":"https:\/\/www.rimadesio.it\/fr\/product\/interior-three\/","og_locale":"fr_FR","og_type":"article","og_title":"Interior three - Rimadesio","og_description":"Une pi\u00e8ce nuit dans laquelle Modulor, \u00a0exprime, dans la finition noyer sahara, toutes ses qualit\u00e9s. Pr\u00e9sence sc\u00e9nographique importante et en m\u00eame temps","og_url":"https:\/\/www.rimadesio.it\/fr\/product\/interior-three\/","og_site_name":"Rimadesio","twitter_card":"summary_large_image","schema":{"@context":"https:\/\/schema.org","@graph":[{"@type":"WebPage","@id":"https:\/\/www.rimadesio.it\/fr\/product\/interior-three\/","url":"https:\/\/www.rimadesio.it\/fr\/product\/interior-three\/","name":"Interior three - Rimadesio","isPartOf":{"@id":"https:\/\/www.rimadesio.it\/fr\/#website"},"datePublished":"2022-03-21T15:08:31+00:00","dateModified":"2022-03-21T15:08:31+00:00","description":"Une pi\u00e8ce nuit dans laquelle Modulor, \u00a0exprime, dans la finition noyer sahara, toutes ses qualit\u00e9s. Pr\u00e9sence sc\u00e9nographique importante et en m\u00eame temps","breadcrumb":{"@id":"https:\/\/www.rimadesio.it\/fr\/product\/interior-three\/#breadcrumb"},"inLanguage":"fr-FR","potentialAction":[{"@type":"ReadAction","target":["https:\/\/www.rimadesio.it\/fr\/product\/interior-three\/"]}]},{"@type":"BreadcrumbList","@id":"https:\/\/www.rimadesio.it\/fr\/product\/interior-three\/#breadcrumb","itemListElement":[{"@type":"ListItem","position":1,"name":"Homepage","item":"https:\/\/www.rimadesio.it\/fr\/"},{"@type":"ListItem","position":2,"name":"Produits","item":"https:\/\/www.rimadesio.it\/fr\/product\/"},{"@type":"ListItem","position":3,"name":"New interiors","item":"https:\/\/www.rimadesio.it\/fr\/product-category\/new-interiors-fr\/"},{"@type":"ListItem","position":4,"name":"Interior three"}]},{"@type":"WebSite","@id":"https:\/\/www.rimadesio.it\/fr\/#website","url":"https:\/\/www.rimadesio.it\/fr\/","name":"Rimadesio","description":"Rimadesio official website","publisher":{"@id":"https:\/\/www.rimadesio.it\/fr\/#organization"},"potentialAction":[{"@type":"SearchAction","target":{"@type":"EntryPoint","urlTemplate":"https:\/\/www.rimadesio.it\/fr\/?s={search_term_string}"},"query-input":"required name=search_term_string"}],"inLanguage":"fr-FR"},{"@type":"Organization","@id":"https:\/\/www.rimadesio.it\/fr\/#organization","name":"Rimadesio","url":"https:\/\/www.rimadesio.it\/fr\/","logo":{"@type":"ImageObject","inLanguage":"fr-FR","@id":"https:\/\/www.rimadesio.it\/fr\/#\/schema\/logo\/image\/","url":"https:\/\/static.rimadesio.it\/media\/2021\/08\/Logo.png","contentUrl":"https:\/\/static.rimadesio.it\/media\/2021\/08\/Logo.png","width":102,"height":18,"caption":"Rimadesio"},"image":{"@id":"https:\/\/www.rimadesio.it\/fr\/#\/schema\/logo\/image\/"}}]}},"_links":{"self":[{"href":"https:\/\/www.rimadesio.it\/fr\/wp-json\/wp\/v2\/product\/154960"}],"collection":[{"href":"https:\/\/www.rimadesio.it\/fr\/wp-json\/wp\/v2\/product"}],"about":[{"href":"https:\/\/www.rimadesio.it\/fr\/wp-json\/wp\/v2\/types\/product"}],"wp:attachment":[{"href":"https:\/\/www.rimadesio.it\/fr\/wp-json\/wp\/v2\/media?parent=154960"}],"wp:term":[{"taxonomy":"product_category","embeddable":true,"href":"https:\/\/www.rimadesio.it\/fr\/wp-json\/wp\/v2\/product_category?post=154960"}],"curies":[{"name":"wp","href":"https:\/\/api.w.org\/{rel}","templated":true}]}}