{"id":154959,"date":"2022-03-21T16:07:49","date_gmt":"2022-03-21T15:07:49","guid":{"rendered":"https:\/\/www.rimadesio.it\/product\/interior-four\/"},"modified":"2022-03-21T16:07:49","modified_gmt":"2022-03-21T15:07:49","slug":"interior-four","status":"publish","type":"product","link":"https:\/\/www.rimadesio.it\/fr\/product\/interior-four\/","title":{"rendered":"Interior four"},"content":{"rendered":"<p>Une esth\u00e9tique in\u00e9dite pour l&#8217;espace nuit. C&#8217;est en effet le verre, dans la nouvelle finition diamante bronzo, qui caract\u00e9rise toutes les cloisons de la pi\u00e8ce, d\u00e9clin\u00e9es avec Modulor en armoire, porte ou simple boiserie. Comme \u00e9l\u00e9ment de discontinuit\u00e9 de la cloison armoires apparait Vanity, le compartiment \u00e9quip\u00e9 in\u00e9dit, con\u00e7u comme un pratique et pr\u00e9cieux angle priv\u00e9.<\/p>\n","protected":false},"featured_media":0,"template":"","product_category":[405],"acf":[],"yoast_head":"<!-- This site is optimized with the Yoast SEO plugin v20.4 - https:\/\/yoast.com\/wordpress\/plugins\/seo\/ -->\n<title>New Interiors 4 | novit\u00e0 collezione Rimadesio<\/title>\n<meta name=\"description\" content=\"Une esth\u00e9tique in\u00e9dite pour l&#039;espace nuit. C&#039;est en effet le verre, dans la nouvelle finition diamante bronzo, qui caract\u00e9rise toutes les cloisons de la\" \/>\n<meta name=\"robots\" content=\"index, follow, max-snippet:-1, max-image-preview:large, max-video-preview:-1\" \/>\n<link rel=\"canonical\" href=\"https:\/\/www.rimadesio.it\/fr\/product\/interior-four\/\" \/>\n<meta property=\"og:locale\" content=\"fr_FR\" \/>\n<meta property=\"og:type\" content=\"article\" \/>\n<meta property=\"og:title\" content=\"New Interiors 4 | novit\u00e0 collezione Rimadesio\" \/>\n<meta property=\"og:description\" content=\"Une esth\u00e9tique in\u00e9dite pour l&#039;espace nuit. C&#039;est en effet le verre, dans la nouvelle finition diamante bronzo, qui caract\u00e9rise toutes les cloisons de la\" \/>\n<meta property=\"og:url\" content=\"https:\/\/www.rimadesio.it\/fr\/product\/interior-four\/\" \/>\n<meta property=\"og:site_name\" content=\"Rimadesio\" \/>\n<meta name=\"twitter:card\" content=\"summary_large_image\" \/>\n<script type=\"application\/ld+json\" class=\"yoast-schema-graph\">{\"@context\":\"https:\/\/schema.org\",\"@graph\":[{\"@type\":\"WebPage\",\"@id\":\"https:\/\/www.rimadesio.it\/fr\/product\/interior-four\/\",\"url\":\"https:\/\/www.rimadesio.it\/fr\/product\/interior-four\/\",\"name\":\"New Interiors 4 | novit\u00e0 collezione Rimadesio\",\"isPartOf\":{\"@id\":\"https:\/\/www.rimadesio.it\/fr\/#website\"},\"datePublished\":\"2022-03-21T15:07:49+00:00\",\"dateModified\":\"2022-03-21T15:07:49+00:00\",\"description\":\"Une esth\u00e9tique in\u00e9dite pour l'espace nuit. C'est en effet le verre, dans la nouvelle finition diamante bronzo, qui caract\u00e9rise toutes les cloisons de la\",\"breadcrumb\":{\"@id\":\"https:\/\/www.rimadesio.it\/fr\/product\/interior-four\/#breadcrumb\"},\"inLanguage\":\"fr-FR\",\"potentialAction\":[{\"@type\":\"ReadAction\",\"target\":[\"https:\/\/www.rimadesio.it\/fr\/product\/interior-four\/\"]}]},{\"@type\":\"BreadcrumbList\",\"@id\":\"https:\/\/www.rimadesio.it\/fr\/product\/interior-four\/#breadcrumb\",\"itemListElement\":[{\"@type\":\"ListItem\",\"position\":1,\"name\":\"Homepage\",\"item\":\"https:\/\/www.rimadesio.it\/fr\/\"},{\"@type\":\"ListItem\",\"position\":2,\"name\":\"Produits\",\"item\":\"https:\/\/www.rimadesio.it\/fr\/product\/\"},{\"@type\":\"ListItem\",\"position\":3,\"name\":\"New interiors\",\"item\":\"https:\/\/www.rimadesio.it\/fr\/product-category\/new-interiors-fr\/\"},{\"@type\":\"ListItem\",\"position\":4,\"name\":\"Interior four\"}]},{\"@type\":\"WebSite\",\"@id\":\"https:\/\/www.rimadesio.it\/fr\/#website\",\"url\":\"https:\/\/www.rimadesio.it\/fr\/\",\"name\":\"Rimadesio\",\"description\":\"Rimadesio official website\",\"publisher\":{\"@id\":\"https:\/\/www.rimadesio.it\/fr\/#organization\"},\"potentialAction\":[{\"@type\":\"SearchAction\",\"target\":{\"@type\":\"EntryPoint\",\"urlTemplate\":\"https:\/\/www.rimadesio.it\/fr\/?s={search_term_string}\"},\"query-input\":\"required name=search_term_string\"}],\"inLanguage\":\"fr-FR\"},{\"@type\":\"Organization\",\"@id\":\"https:\/\/www.rimadesio.it\/fr\/#organization\",\"name\":\"Rimadesio\",\"url\":\"https:\/\/www.rimadesio.it\/fr\/\",\"logo\":{\"@type\":\"ImageObject\",\"inLanguage\":\"fr-FR\",\"@id\":\"https:\/\/www.rimadesio.it\/fr\/#\/schema\/logo\/image\/\",\"url\":\"https:\/\/static.rimadesio.it\/media\/2021\/08\/Logo.png\",\"contentUrl\":\"https:\/\/static.rimadesio.it\/media\/2021\/08\/Logo.png\",\"width\":102,\"height\":18,\"caption\":\"Rimadesio\"},\"image\":{\"@id\":\"https:\/\/www.rimadesio.it\/fr\/#\/schema\/logo\/image\/\"}}]}<\/script>\n<!-- \/ Yoast SEO plugin. -->","yoast_head_json":{"title":"New Interiors 4 | novit\u00e0 collezione Rimadesio","description":"Une esth\u00e9tique in\u00e9dite pour l'espace nuit. C'est en effet le verre, dans la nouvelle finition diamante bronzo, qui caract\u00e9rise toutes les cloisons de la","robots":{"index":"index","follow":"follow","max-snippet":"max-snippet:-1","max-image-preview":"max-image-preview:large","max-video-preview":"max-video-preview:-1"},"canonical":"https:\/\/www.rimadesio.it\/fr\/product\/interior-four\/","og_locale":"fr_FR","og_type":"article","og_title":"New Interiors 4 | novit\u00e0 collezione Rimadesio","og_description":"Une esth\u00e9tique in\u00e9dite pour l'espace nuit. C'est en effet le verre, dans la nouvelle finition diamante bronzo, qui caract\u00e9rise toutes les cloisons de la","og_url":"https:\/\/www.rimadesio.it\/fr\/product\/interior-four\/","og_site_name":"Rimadesio","twitter_card":"summary_large_image","schema":{"@context":"https:\/\/schema.org","@graph":[{"@type":"WebPage","@id":"https:\/\/www.rimadesio.it\/fr\/product\/interior-four\/","url":"https:\/\/www.rimadesio.it\/fr\/product\/interior-four\/","name":"New Interiors 4 | novit\u00e0 collezione Rimadesio","isPartOf":{"@id":"https:\/\/www.rimadesio.it\/fr\/#website"},"datePublished":"2022-03-21T15:07:49+00:00","dateModified":"2022-03-21T15:07:49+00:00","description":"Une esth\u00e9tique in\u00e9dite pour l'espace nuit. C'est en effet le verre, dans la nouvelle finition diamante bronzo, qui caract\u00e9rise toutes les cloisons de la","breadcrumb":{"@id":"https:\/\/www.rimadesio.it\/fr\/product\/interior-four\/#breadcrumb"},"inLanguage":"fr-FR","potentialAction":[{"@type":"ReadAction","target":["https:\/\/www.rimadesio.it\/fr\/product\/interior-four\/"]}]},{"@type":"BreadcrumbList","@id":"https:\/\/www.rimadesio.it\/fr\/product\/interior-four\/#breadcrumb","itemListElement":[{"@type":"ListItem","position":1,"name":"Homepage","item":"https:\/\/www.rimadesio.it\/fr\/"},{"@type":"ListItem","position":2,"name":"Produits","item":"https:\/\/www.rimadesio.it\/fr\/product\/"},{"@type":"ListItem","position":3,"name":"New interiors","item":"https:\/\/www.rimadesio.it\/fr\/product-category\/new-interiors-fr\/"},{"@type":"ListItem","position":4,"name":"Interior four"}]},{"@type":"WebSite","@id":"https:\/\/www.rimadesio.it\/fr\/#website","url":"https:\/\/www.rimadesio.it\/fr\/","name":"Rimadesio","description":"Rimadesio official website","publisher":{"@id":"https:\/\/www.rimadesio.it\/fr\/#organization"},"potentialAction":[{"@type":"SearchAction","target":{"@type":"EntryPoint","urlTemplate":"https:\/\/www.rimadesio.it\/fr\/?s={search_term_string}"},"query-input":"required name=search_term_string"}],"inLanguage":"fr-FR"},{"@type":"Organization","@id":"https:\/\/www.rimadesio.it\/fr\/#organization","name":"Rimadesio","url":"https:\/\/www.rimadesio.it\/fr\/","logo":{"@type":"ImageObject","inLanguage":"fr-FR","@id":"https:\/\/www.rimadesio.it\/fr\/#\/schema\/logo\/image\/","url":"https:\/\/static.rimadesio.it\/media\/2021\/08\/Logo.png","contentUrl":"https:\/\/static.rimadesio.it\/media\/2021\/08\/Logo.png","width":102,"height":18,"caption":"Rimadesio"},"image":{"@id":"https:\/\/www.rimadesio.it\/fr\/#\/schema\/logo\/image\/"}}]}},"_links":{"self":[{"href":"https:\/\/www.rimadesio.it\/fr\/wp-json\/wp\/v2\/product\/154959"}],"collection":[{"href":"https:\/\/www.rimadesio.it\/fr\/wp-json\/wp\/v2\/product"}],"about":[{"href":"https:\/\/www.rimadesio.it\/fr\/wp-json\/wp\/v2\/types\/product"}],"wp:attachment":[{"href":"https:\/\/www.rimadesio.it\/fr\/wp-json\/wp\/v2\/media?parent=154959"}],"wp:term":[{"taxonomy":"product_category","embeddable":true,"href":"https:\/\/www.rimadesio.it\/fr\/wp-json\/wp\/v2\/product_category?post=154959"}],"curies":[{"name":"wp","href":"https:\/\/api.w.org\/{rel}","templated":true}]}}