{"id":154957,"date":"2022-03-21T16:06:58","date_gmt":"2022-03-21T15:06:58","guid":{"rendered":"https:\/\/www.rimadesio.it\/product\/vanity\/"},"modified":"2026-04-15T09:39:46","modified_gmt":"2026-04-15T07:39:46","slug":"vanity","status":"publish","type":"product","link":"https:\/\/www.rimadesio.it\/fr\/product\/vanity\/","title":{"rendered":"Vanity"},"content":{"rendered":"<p>Un angle pour prendre soin de soi, pens\u00e9 pour ranger les bijoux, produits de beaut\u00e9 et parfums: Vanity est sp\u00e9cialement \u00e9tudi\u00e9 pour s&#8217;int\u00e9grer avec les syst\u00e8mes armoire de la collection Rimadesio gr\u00e2ce \u00e0 une r\u00e9alisation toujours sur mesure en hauteur et en profondeur.<\/p>\n","protected":false},"featured_media":0,"template":"","product_category":[403,402],"acf":[],"yoast_head":"<!-- This site is optimized with the Yoast SEO plugin v20.4 - https:\/\/yoast.com\/wordpress\/plugins\/seo\/ -->\n<title>Vanity mobile beauty | Rimadesio<\/title>\n<meta name=\"description\" content=\"D\u00e9couvrez Vanity, le meuble de beaut\u00e9 de Rimadesio. Une solution de design contemporain, faite sur mesure. Haute qualit\u00e9 Made in Italy.\" \/>\n<meta name=\"robots\" content=\"index, follow, max-snippet:-1, max-image-preview:large, max-video-preview:-1\" \/>\n<link rel=\"canonical\" href=\"https:\/\/www.rimadesio.it\/fr\/product\/vanity\/\" \/>\n<meta property=\"og:locale\" content=\"fr_FR\" \/>\n<meta property=\"og:type\" content=\"article\" \/>\n<meta property=\"og:title\" content=\"Vanity mobile beauty | Rimadesio\" \/>\n<meta property=\"og:description\" content=\"D\u00e9couvrez Vanity, le meuble de beaut\u00e9 de Rimadesio. Une solution de design contemporain, faite sur mesure. Haute qualit\u00e9 Made in Italy.\" \/>\n<meta property=\"og:url\" content=\"https:\/\/www.rimadesio.it\/fr\/product\/vanity\/\" \/>\n<meta property=\"og:site_name\" content=\"Rimadesio\" \/>\n<meta property=\"article:modified_time\" content=\"2026-04-15T07:39:46+00:00\" \/>\n<meta name=\"twitter:card\" content=\"summary_large_image\" \/>\n<script type=\"application\/ld+json\" class=\"yoast-schema-graph\">{\"@context\":\"https:\/\/schema.org\",\"@graph\":[{\"@type\":\"WebPage\",\"@id\":\"https:\/\/www.rimadesio.it\/fr\/product\/vanity\/\",\"url\":\"https:\/\/www.rimadesio.it\/fr\/product\/vanity\/\",\"name\":\"Vanity mobile beauty | Rimadesio\",\"isPartOf\":{\"@id\":\"https:\/\/www.rimadesio.it\/fr\/#website\"},\"datePublished\":\"2022-03-21T15:06:58+00:00\",\"dateModified\":\"2026-04-15T07:39:46+00:00\",\"description\":\"D\u00e9couvrez Vanity, le meuble de beaut\u00e9 de Rimadesio. Une solution de design contemporain, faite sur mesure. Haute qualit\u00e9 Made in Italy.\",\"breadcrumb\":{\"@id\":\"https:\/\/www.rimadesio.it\/fr\/product\/vanity\/#breadcrumb\"},\"inLanguage\":\"fr-FR\",\"potentialAction\":[{\"@type\":\"ReadAction\",\"target\":[\"https:\/\/www.rimadesio.it\/fr\/product\/vanity\/\"]}]},{\"@type\":\"BreadcrumbList\",\"@id\":\"https:\/\/www.rimadesio.it\/fr\/product\/vanity\/#breadcrumb\",\"itemListElement\":[{\"@type\":\"ListItem\",\"position\":1,\"name\":\"Homepage\",\"item\":\"https:\/\/www.rimadesio.it\/fr\/\"},{\"@type\":\"ListItem\",\"position\":2,\"name\":\"Produits\",\"item\":\"https:\/\/www.rimadesio.it\/fr\/product\/\"},{\"@type\":\"ListItem\",\"position\":3,\"name\":\"Syst\u00e8mes nuit\",\"item\":\"https:\/\/www.rimadesio.it\/fr\/product-category\/systemes-nuit\/\"},{\"@type\":\"ListItem\",\"position\":4,\"name\":\"Coin beaut\u00e9\",\"item\":\"https:\/\/www.rimadesio.it\/fr\/product-category\/systemes-nuit\/vanity-fr\/\"},{\"@type\":\"ListItem\",\"position\":5,\"name\":\"Vanity\"}]},{\"@type\":\"WebSite\",\"@id\":\"https:\/\/www.rimadesio.it\/fr\/#website\",\"url\":\"https:\/\/www.rimadesio.it\/fr\/\",\"name\":\"Rimadesio\",\"description\":\"Rimadesio official website\",\"publisher\":{\"@id\":\"https:\/\/www.rimadesio.it\/fr\/#organization\"},\"potentialAction\":[{\"@type\":\"SearchAction\",\"target\":{\"@type\":\"EntryPoint\",\"urlTemplate\":\"https:\/\/www.rimadesio.it\/fr\/?s={search_term_string}\"},\"query-input\":\"required name=search_term_string\"}],\"inLanguage\":\"fr-FR\"},{\"@type\":\"Organization\",\"@id\":\"https:\/\/www.rimadesio.it\/fr\/#organization\",\"name\":\"Rimadesio\",\"url\":\"https:\/\/www.rimadesio.it\/fr\/\",\"logo\":{\"@type\":\"ImageObject\",\"inLanguage\":\"fr-FR\",\"@id\":\"https:\/\/www.rimadesio.it\/fr\/#\/schema\/logo\/image\/\",\"url\":\"https:\/\/static.rimadesio.it\/media\/2021\/08\/Logo.png\",\"contentUrl\":\"https:\/\/static.rimadesio.it\/media\/2021\/08\/Logo.png\",\"width\":102,\"height\":18,\"caption\":\"Rimadesio\"},\"image\":{\"@id\":\"https:\/\/www.rimadesio.it\/fr\/#\/schema\/logo\/image\/\"}}]}<\/script>\n<!-- \/ Yoast SEO plugin. -->","yoast_head_json":{"title":"Vanity mobile beauty | Rimadesio","description":"D\u00e9couvrez Vanity, le meuble de beaut\u00e9 de Rimadesio. Une solution de design contemporain, faite sur mesure. Haute qualit\u00e9 Made in Italy.","robots":{"index":"index","follow":"follow","max-snippet":"max-snippet:-1","max-image-preview":"max-image-preview:large","max-video-preview":"max-video-preview:-1"},"canonical":"https:\/\/www.rimadesio.it\/fr\/product\/vanity\/","og_locale":"fr_FR","og_type":"article","og_title":"Vanity mobile beauty | Rimadesio","og_description":"D\u00e9couvrez Vanity, le meuble de beaut\u00e9 de Rimadesio. Une solution de design contemporain, faite sur mesure. Haute qualit\u00e9 Made in Italy.","og_url":"https:\/\/www.rimadesio.it\/fr\/product\/vanity\/","og_site_name":"Rimadesio","article_modified_time":"2026-04-15T07:39:46+00:00","twitter_card":"summary_large_image","schema":{"@context":"https:\/\/schema.org","@graph":[{"@type":"WebPage","@id":"https:\/\/www.rimadesio.it\/fr\/product\/vanity\/","url":"https:\/\/www.rimadesio.it\/fr\/product\/vanity\/","name":"Vanity mobile beauty | Rimadesio","isPartOf":{"@id":"https:\/\/www.rimadesio.it\/fr\/#website"},"datePublished":"2022-03-21T15:06:58+00:00","dateModified":"2026-04-15T07:39:46+00:00","description":"D\u00e9couvrez Vanity, le meuble de beaut\u00e9 de Rimadesio. Une solution de design contemporain, faite sur mesure. Haute qualit\u00e9 Made in Italy.","breadcrumb":{"@id":"https:\/\/www.rimadesio.it\/fr\/product\/vanity\/#breadcrumb"},"inLanguage":"fr-FR","potentialAction":[{"@type":"ReadAction","target":["https:\/\/www.rimadesio.it\/fr\/product\/vanity\/"]}]},{"@type":"BreadcrumbList","@id":"https:\/\/www.rimadesio.it\/fr\/product\/vanity\/#breadcrumb","itemListElement":[{"@type":"ListItem","position":1,"name":"Homepage","item":"https:\/\/www.rimadesio.it\/fr\/"},{"@type":"ListItem","position":2,"name":"Produits","item":"https:\/\/www.rimadesio.it\/fr\/product\/"},{"@type":"ListItem","position":3,"name":"Syst\u00e8mes nuit","item":"https:\/\/www.rimadesio.it\/fr\/product-category\/systemes-nuit\/"},{"@type":"ListItem","position":4,"name":"Coin beaut\u00e9","item":"https:\/\/www.rimadesio.it\/fr\/product-category\/systemes-nuit\/vanity-fr\/"},{"@type":"ListItem","position":5,"name":"Vanity"}]},{"@type":"WebSite","@id":"https:\/\/www.rimadesio.it\/fr\/#website","url":"https:\/\/www.rimadesio.it\/fr\/","name":"Rimadesio","description":"Rimadesio official website","publisher":{"@id":"https:\/\/www.rimadesio.it\/fr\/#organization"},"potentialAction":[{"@type":"SearchAction","target":{"@type":"EntryPoint","urlTemplate":"https:\/\/www.rimadesio.it\/fr\/?s={search_term_string}"},"query-input":"required name=search_term_string"}],"inLanguage":"fr-FR"},{"@type":"Organization","@id":"https:\/\/www.rimadesio.it\/fr\/#organization","name":"Rimadesio","url":"https:\/\/www.rimadesio.it\/fr\/","logo":{"@type":"ImageObject","inLanguage":"fr-FR","@id":"https:\/\/www.rimadesio.it\/fr\/#\/schema\/logo\/image\/","url":"https:\/\/static.rimadesio.it\/media\/2021\/08\/Logo.png","contentUrl":"https:\/\/static.rimadesio.it\/media\/2021\/08\/Logo.png","width":102,"height":18,"caption":"Rimadesio"},"image":{"@id":"https:\/\/www.rimadesio.it\/fr\/#\/schema\/logo\/image\/"}}]}},"_links":{"self":[{"href":"https:\/\/www.rimadesio.it\/fr\/wp-json\/wp\/v2\/product\/154957"}],"collection":[{"href":"https:\/\/www.rimadesio.it\/fr\/wp-json\/wp\/v2\/product"}],"about":[{"href":"https:\/\/www.rimadesio.it\/fr\/wp-json\/wp\/v2\/types\/product"}],"wp:attachment":[{"href":"https:\/\/www.rimadesio.it\/fr\/wp-json\/wp\/v2\/media?parent=154957"}],"wp:term":[{"taxonomy":"product_category","embeddable":true,"href":"https:\/\/www.rimadesio.it\/fr\/wp-json\/wp\/v2\/product_category?post=154957"}],"curies":[{"name":"wp","href":"https:\/\/api.w.org\/{rel}","templated":true}]}}