{"id":154955,"date":"2022-03-21T16:04:07","date_gmt":"2022-03-21T15:04:07","guid":{"rendered":"https:\/\/www.rimadesio.it\/product\/interior-five-2021\/"},"modified":"2022-03-21T16:04:07","modified_gmt":"2022-03-21T15:04:07","slug":"interior-five-2021","status":"publish","type":"product","link":"https:\/\/www.rimadesio.it\/fr\/product\/interior-five-2021\/","title":{"rendered":"Interior five"},"content":{"rendered":"<p>R\u00e9pondre aux diff\u00e9rents besoins de rangement, typiques de la zone ardire, en sugg\u00e9rant un style unique, r\u00e9sultat de la combinaison entre la qualit\u00e9 des d\u00e9tails, la pr\u00e9cision des mouvements et l&#8217;originalit\u00e9 des mat\u00e9riaux. Une dimension exclusive, interpr\u00e9t\u00e9e par Cover et Cover freestanding avec des transparences qui masquent de fines trames m\u00e9talliques et des surfaces qui cr\u00e9ent des vibrations de lumi\u00e8re toujours diff\u00e9rentes.<\/p>\n","protected":false},"featured_media":0,"template":"","product_category":[],"acf":[],"yoast_head":"<!-- This site is optimized with the Yoast SEO plugin v20.4 - https:\/\/yoast.com\/wordpress\/plugins\/seo\/ -->\n<title>New Interiors 5 | nouveaut\u00e9s collection Rimadesio<\/title>\n<meta name=\"description\" content=\"R\u00e9pondre aux diff\u00e9rents besoins de rangement, typiques de la zone ardire, en sugg\u00e9rant un style unique, r\u00e9sultat de la combinaison entre la qualit\u00e9 des\" \/>\n<meta name=\"robots\" content=\"index, follow, max-snippet:-1, max-image-preview:large, max-video-preview:-1\" \/>\n<link rel=\"canonical\" href=\"https:\/\/www.rimadesio.it\/fr\/product\/interior-five-2021\/\" \/>\n<meta property=\"og:locale\" content=\"fr_FR\" \/>\n<meta property=\"og:type\" content=\"article\" \/>\n<meta property=\"og:title\" content=\"New Interiors 5 | nouveaut\u00e9s collection Rimadesio\" \/>\n<meta property=\"og:description\" content=\"R\u00e9pondre aux diff\u00e9rents besoins de rangement, typiques de la zone ardire, en sugg\u00e9rant un style unique, r\u00e9sultat de la combinaison entre la qualit\u00e9 des\" \/>\n<meta property=\"og:url\" content=\"https:\/\/www.rimadesio.it\/fr\/product\/interior-five-2021\/\" \/>\n<meta property=\"og:site_name\" content=\"Rimadesio\" \/>\n<meta name=\"twitter:card\" content=\"summary_large_image\" \/>\n<script type=\"application\/ld+json\" class=\"yoast-schema-graph\">{\"@context\":\"https:\/\/schema.org\",\"@graph\":[{\"@type\":\"WebPage\",\"@id\":\"https:\/\/www.rimadesio.it\/fr\/product\/interior-five-2021\/\",\"url\":\"https:\/\/www.rimadesio.it\/fr\/product\/interior-five-2021\/\",\"name\":\"New Interiors 5 | nouveaut\u00e9s collection Rimadesio\",\"isPartOf\":{\"@id\":\"https:\/\/www.rimadesio.it\/fr\/#website\"},\"datePublished\":\"2022-03-21T15:04:07+00:00\",\"dateModified\":\"2022-03-21T15:04:07+00:00\",\"description\":\"R\u00e9pondre aux diff\u00e9rents besoins de rangement, typiques de la zone ardire, en sugg\u00e9rant un style unique, r\u00e9sultat de la combinaison entre la qualit\u00e9 des\",\"breadcrumb\":{\"@id\":\"https:\/\/www.rimadesio.it\/fr\/product\/interior-five-2021\/#breadcrumb\"},\"inLanguage\":\"fr-FR\",\"potentialAction\":[{\"@type\":\"ReadAction\",\"target\":[\"https:\/\/www.rimadesio.it\/fr\/product\/interior-five-2021\/\"]}]},{\"@type\":\"BreadcrumbList\",\"@id\":\"https:\/\/www.rimadesio.it\/fr\/product\/interior-five-2021\/#breadcrumb\",\"itemListElement\":[{\"@type\":\"ListItem\",\"position\":1,\"name\":\"Homepage\",\"item\":\"https:\/\/www.rimadesio.it\/fr\/\"},{\"@type\":\"ListItem\",\"position\":2,\"name\":\"Produits\",\"item\":\"https:\/\/www.rimadesio.it\/fr\/product\/\"},{\"@type\":\"ListItem\",\"position\":3,\"name\":\"Interior five\"}]},{\"@type\":\"WebSite\",\"@id\":\"https:\/\/www.rimadesio.it\/fr\/#website\",\"url\":\"https:\/\/www.rimadesio.it\/fr\/\",\"name\":\"Rimadesio\",\"description\":\"Rimadesio official website\",\"publisher\":{\"@id\":\"https:\/\/www.rimadesio.it\/fr\/#organization\"},\"potentialAction\":[{\"@type\":\"SearchAction\",\"target\":{\"@type\":\"EntryPoint\",\"urlTemplate\":\"https:\/\/www.rimadesio.it\/fr\/?s={search_term_string}\"},\"query-input\":\"required name=search_term_string\"}],\"inLanguage\":\"fr-FR\"},{\"@type\":\"Organization\",\"@id\":\"https:\/\/www.rimadesio.it\/fr\/#organization\",\"name\":\"Rimadesio\",\"url\":\"https:\/\/www.rimadesio.it\/fr\/\",\"logo\":{\"@type\":\"ImageObject\",\"inLanguage\":\"fr-FR\",\"@id\":\"https:\/\/www.rimadesio.it\/fr\/#\/schema\/logo\/image\/\",\"url\":\"https:\/\/static.rimadesio.it\/media\/2021\/08\/Logo.png\",\"contentUrl\":\"https:\/\/static.rimadesio.it\/media\/2021\/08\/Logo.png\",\"width\":102,\"height\":18,\"caption\":\"Rimadesio\"},\"image\":{\"@id\":\"https:\/\/www.rimadesio.it\/fr\/#\/schema\/logo\/image\/\"}}]}<\/script>\n<!-- \/ Yoast SEO plugin. -->","yoast_head_json":{"title":"New Interiors 5 | nouveaut\u00e9s collection Rimadesio","description":"R\u00e9pondre aux diff\u00e9rents besoins de rangement, typiques de la zone ardire, en sugg\u00e9rant un style unique, r\u00e9sultat de la combinaison entre la qualit\u00e9 des","robots":{"index":"index","follow":"follow","max-snippet":"max-snippet:-1","max-image-preview":"max-image-preview:large","max-video-preview":"max-video-preview:-1"},"canonical":"https:\/\/www.rimadesio.it\/fr\/product\/interior-five-2021\/","og_locale":"fr_FR","og_type":"article","og_title":"New Interiors 5 | nouveaut\u00e9s collection Rimadesio","og_description":"R\u00e9pondre aux diff\u00e9rents besoins de rangement, typiques de la zone ardire, en sugg\u00e9rant un style unique, r\u00e9sultat de la combinaison entre la qualit\u00e9 des","og_url":"https:\/\/www.rimadesio.it\/fr\/product\/interior-five-2021\/","og_site_name":"Rimadesio","twitter_card":"summary_large_image","schema":{"@context":"https:\/\/schema.org","@graph":[{"@type":"WebPage","@id":"https:\/\/www.rimadesio.it\/fr\/product\/interior-five-2021\/","url":"https:\/\/www.rimadesio.it\/fr\/product\/interior-five-2021\/","name":"New Interiors 5 | nouveaut\u00e9s collection Rimadesio","isPartOf":{"@id":"https:\/\/www.rimadesio.it\/fr\/#website"},"datePublished":"2022-03-21T15:04:07+00:00","dateModified":"2022-03-21T15:04:07+00:00","description":"R\u00e9pondre aux diff\u00e9rents besoins de rangement, typiques de la zone ardire, en sugg\u00e9rant un style unique, r\u00e9sultat de la combinaison entre la qualit\u00e9 des","breadcrumb":{"@id":"https:\/\/www.rimadesio.it\/fr\/product\/interior-five-2021\/#breadcrumb"},"inLanguage":"fr-FR","potentialAction":[{"@type":"ReadAction","target":["https:\/\/www.rimadesio.it\/fr\/product\/interior-five-2021\/"]}]},{"@type":"BreadcrumbList","@id":"https:\/\/www.rimadesio.it\/fr\/product\/interior-five-2021\/#breadcrumb","itemListElement":[{"@type":"ListItem","position":1,"name":"Homepage","item":"https:\/\/www.rimadesio.it\/fr\/"},{"@type":"ListItem","position":2,"name":"Produits","item":"https:\/\/www.rimadesio.it\/fr\/product\/"},{"@type":"ListItem","position":3,"name":"Interior five"}]},{"@type":"WebSite","@id":"https:\/\/www.rimadesio.it\/fr\/#website","url":"https:\/\/www.rimadesio.it\/fr\/","name":"Rimadesio","description":"Rimadesio official website","publisher":{"@id":"https:\/\/www.rimadesio.it\/fr\/#organization"},"potentialAction":[{"@type":"SearchAction","target":{"@type":"EntryPoint","urlTemplate":"https:\/\/www.rimadesio.it\/fr\/?s={search_term_string}"},"query-input":"required name=search_term_string"}],"inLanguage":"fr-FR"},{"@type":"Organization","@id":"https:\/\/www.rimadesio.it\/fr\/#organization","name":"Rimadesio","url":"https:\/\/www.rimadesio.it\/fr\/","logo":{"@type":"ImageObject","inLanguage":"fr-FR","@id":"https:\/\/www.rimadesio.it\/fr\/#\/schema\/logo\/image\/","url":"https:\/\/static.rimadesio.it\/media\/2021\/08\/Logo.png","contentUrl":"https:\/\/static.rimadesio.it\/media\/2021\/08\/Logo.png","width":102,"height":18,"caption":"Rimadesio"},"image":{"@id":"https:\/\/www.rimadesio.it\/fr\/#\/schema\/logo\/image\/"}}]}},"_links":{"self":[{"href":"https:\/\/www.rimadesio.it\/fr\/wp-json\/wp\/v2\/product\/154955"}],"collection":[{"href":"https:\/\/www.rimadesio.it\/fr\/wp-json\/wp\/v2\/product"}],"about":[{"href":"https:\/\/www.rimadesio.it\/fr\/wp-json\/wp\/v2\/types\/product"}],"wp:attachment":[{"href":"https:\/\/www.rimadesio.it\/fr\/wp-json\/wp\/v2\/media?parent=154955"}],"wp:term":[{"taxonomy":"product_category","embeddable":true,"href":"https:\/\/www.rimadesio.it\/fr\/wp-json\/wp\/v2\/product_category?post=154955"}],"curies":[{"name":"wp","href":"https:\/\/api.w.org\/{rel}","templated":true}]}}