{"id":152531,"date":"2022-01-22T17:10:22","date_gmt":"2022-01-22T16:10:22","guid":{"rendered":"https:\/\/www.rimadesio.it\/product\/modulor-retail-2\/"},"modified":"2026-04-15T09:54:31","modified_gmt":"2026-04-15T07:54:31","slug":"modulor-retail-2","status":"publish","type":"product","link":"https:\/\/www.rimadesio.it\/fr\/product\/modulor-retail-2\/","title":{"rendered":"Modulor"},"content":{"rendered":"<p>Une pi\u00e8ce qui souligne toutes les qualit\u00e9s du syst\u00e8me boiserie Modulor : la capacit\u00e9 de s&#8217;adapter \u00e0 toutes les conditions architecturales, des \u00e9quipements complets, des finitions vari\u00e9es. De la zone de d\u00e9gagement rev\u00eatue en similicuir \u00e0 celle centrale en double hauteur en Litech.<\/p>\n","protected":false},"featured_media":0,"template":"","product_category":[401],"acf":[],"yoast_head":"<!-- This site is optimized with the Yoast SEO plugin v20.4 - https:\/\/yoast.com\/wordpress\/plugins\/seo\/ -->\n<title>Modulor syst\u00e8me boiserie de design pour magasins | Rimadesio<\/title>\n<meta name=\"description\" content=\"D\u00e9couvrez le syst\u00e8me boiserie Rimadesio pour le retail. Des solutions de design, toujours sur mesure. Qualit\u00e9 made in Italy.\" \/>\n<meta name=\"robots\" content=\"index, follow, max-snippet:-1, max-image-preview:large, max-video-preview:-1\" \/>\n<link rel=\"canonical\" href=\"https:\/\/www.rimadesio.it\/fr\/product\/modulor-retail-2\/\" \/>\n<meta property=\"og:locale\" content=\"fr_FR\" \/>\n<meta property=\"og:type\" content=\"article\" \/>\n<meta property=\"og:title\" content=\"Modulor syst\u00e8me boiserie de design pour magasins | Rimadesio\" \/>\n<meta property=\"og:description\" content=\"D\u00e9couvrez le syst\u00e8me boiserie Rimadesio pour le retail. Des solutions de design, toujours sur mesure. Qualit\u00e9 made in Italy.\" \/>\n<meta property=\"og:url\" content=\"https:\/\/www.rimadesio.it\/fr\/product\/modulor-retail-2\/\" \/>\n<meta property=\"og:site_name\" content=\"Rimadesio\" \/>\n<meta property=\"article:modified_time\" content=\"2026-04-15T07:54:31+00:00\" \/>\n<meta name=\"twitter:card\" content=\"summary_large_image\" \/>\n<script type=\"application\/ld+json\" class=\"yoast-schema-graph\">{\"@context\":\"https:\/\/schema.org\",\"@graph\":[{\"@type\":\"WebPage\",\"@id\":\"https:\/\/www.rimadesio.it\/fr\/product\/modulor-retail-2\/\",\"url\":\"https:\/\/www.rimadesio.it\/fr\/product\/modulor-retail-2\/\",\"name\":\"Modulor syst\u00e8me boiserie de design pour magasins | Rimadesio\",\"isPartOf\":{\"@id\":\"https:\/\/www.rimadesio.it\/fr\/#website\"},\"datePublished\":\"2022-01-22T16:10:22+00:00\",\"dateModified\":\"2026-04-15T07:54:31+00:00\",\"description\":\"D\u00e9couvrez le syst\u00e8me boiserie Rimadesio pour le retail. Des solutions de design, toujours sur mesure. Qualit\u00e9 made in Italy.\",\"breadcrumb\":{\"@id\":\"https:\/\/www.rimadesio.it\/fr\/product\/modulor-retail-2\/#breadcrumb\"},\"inLanguage\":\"fr-FR\",\"potentialAction\":[{\"@type\":\"ReadAction\",\"target\":[\"https:\/\/www.rimadesio.it\/fr\/product\/modulor-retail-2\/\"]}]},{\"@type\":\"BreadcrumbList\",\"@id\":\"https:\/\/www.rimadesio.it\/fr\/product\/modulor-retail-2\/#breadcrumb\",\"itemListElement\":[{\"@type\":\"ListItem\",\"position\":1,\"name\":\"Homepage\",\"item\":\"https:\/\/www.rimadesio.it\/fr\/\"},{\"@type\":\"ListItem\",\"position\":2,\"name\":\"Produits\",\"item\":\"https:\/\/www.rimadesio.it\/fr\/product\/\"},{\"@type\":\"ListItem\",\"position\":3,\"name\":\"Modulor Boiserie\",\"item\":\"https:\/\/www.rimadesio.it\/fr\/product-category\/modulor-jour\/\"},{\"@type\":\"ListItem\",\"position\":4,\"name\":\"Modulor\"}]},{\"@type\":\"WebSite\",\"@id\":\"https:\/\/www.rimadesio.it\/fr\/#website\",\"url\":\"https:\/\/www.rimadesio.it\/fr\/\",\"name\":\"Rimadesio\",\"description\":\"Rimadesio official website\",\"publisher\":{\"@id\":\"https:\/\/www.rimadesio.it\/fr\/#organization\"},\"potentialAction\":[{\"@type\":\"SearchAction\",\"target\":{\"@type\":\"EntryPoint\",\"urlTemplate\":\"https:\/\/www.rimadesio.it\/fr\/?s={search_term_string}\"},\"query-input\":\"required name=search_term_string\"}],\"inLanguage\":\"fr-FR\"},{\"@type\":\"Organization\",\"@id\":\"https:\/\/www.rimadesio.it\/fr\/#organization\",\"name\":\"Rimadesio\",\"url\":\"https:\/\/www.rimadesio.it\/fr\/\",\"logo\":{\"@type\":\"ImageObject\",\"inLanguage\":\"fr-FR\",\"@id\":\"https:\/\/www.rimadesio.it\/fr\/#\/schema\/logo\/image\/\",\"url\":\"https:\/\/static.rimadesio.it\/media\/2021\/08\/Logo.png\",\"contentUrl\":\"https:\/\/static.rimadesio.it\/media\/2021\/08\/Logo.png\",\"width\":102,\"height\":18,\"caption\":\"Rimadesio\"},\"image\":{\"@id\":\"https:\/\/www.rimadesio.it\/fr\/#\/schema\/logo\/image\/\"}}]}<\/script>\n<!-- \/ Yoast SEO plugin. -->","yoast_head_json":{"title":"Modulor syst\u00e8me boiserie de design pour magasins | Rimadesio","description":"D\u00e9couvrez le syst\u00e8me boiserie Rimadesio pour le retail. Des solutions de design, toujours sur mesure. Qualit\u00e9 made in Italy.","robots":{"index":"index","follow":"follow","max-snippet":"max-snippet:-1","max-image-preview":"max-image-preview:large","max-video-preview":"max-video-preview:-1"},"canonical":"https:\/\/www.rimadesio.it\/fr\/product\/modulor-retail-2\/","og_locale":"fr_FR","og_type":"article","og_title":"Modulor syst\u00e8me boiserie de design pour magasins | Rimadesio","og_description":"D\u00e9couvrez le syst\u00e8me boiserie Rimadesio pour le retail. Des solutions de design, toujours sur mesure. Qualit\u00e9 made in Italy.","og_url":"https:\/\/www.rimadesio.it\/fr\/product\/modulor-retail-2\/","og_site_name":"Rimadesio","article_modified_time":"2026-04-15T07:54:31+00:00","twitter_card":"summary_large_image","schema":{"@context":"https:\/\/schema.org","@graph":[{"@type":"WebPage","@id":"https:\/\/www.rimadesio.it\/fr\/product\/modulor-retail-2\/","url":"https:\/\/www.rimadesio.it\/fr\/product\/modulor-retail-2\/","name":"Modulor syst\u00e8me boiserie de design pour magasins | Rimadesio","isPartOf":{"@id":"https:\/\/www.rimadesio.it\/fr\/#website"},"datePublished":"2022-01-22T16:10:22+00:00","dateModified":"2026-04-15T07:54:31+00:00","description":"D\u00e9couvrez le syst\u00e8me boiserie Rimadesio pour le retail. Des solutions de design, toujours sur mesure. Qualit\u00e9 made in Italy.","breadcrumb":{"@id":"https:\/\/www.rimadesio.it\/fr\/product\/modulor-retail-2\/#breadcrumb"},"inLanguage":"fr-FR","potentialAction":[{"@type":"ReadAction","target":["https:\/\/www.rimadesio.it\/fr\/product\/modulor-retail-2\/"]}]},{"@type":"BreadcrumbList","@id":"https:\/\/www.rimadesio.it\/fr\/product\/modulor-retail-2\/#breadcrumb","itemListElement":[{"@type":"ListItem","position":1,"name":"Homepage","item":"https:\/\/www.rimadesio.it\/fr\/"},{"@type":"ListItem","position":2,"name":"Produits","item":"https:\/\/www.rimadesio.it\/fr\/product\/"},{"@type":"ListItem","position":3,"name":"Modulor Boiserie","item":"https:\/\/www.rimadesio.it\/fr\/product-category\/modulor-jour\/"},{"@type":"ListItem","position":4,"name":"Modulor"}]},{"@type":"WebSite","@id":"https:\/\/www.rimadesio.it\/fr\/#website","url":"https:\/\/www.rimadesio.it\/fr\/","name":"Rimadesio","description":"Rimadesio official website","publisher":{"@id":"https:\/\/www.rimadesio.it\/fr\/#organization"},"potentialAction":[{"@type":"SearchAction","target":{"@type":"EntryPoint","urlTemplate":"https:\/\/www.rimadesio.it\/fr\/?s={search_term_string}"},"query-input":"required name=search_term_string"}],"inLanguage":"fr-FR"},{"@type":"Organization","@id":"https:\/\/www.rimadesio.it\/fr\/#organization","name":"Rimadesio","url":"https:\/\/www.rimadesio.it\/fr\/","logo":{"@type":"ImageObject","inLanguage":"fr-FR","@id":"https:\/\/www.rimadesio.it\/fr\/#\/schema\/logo\/image\/","url":"https:\/\/static.rimadesio.it\/media\/2021\/08\/Logo.png","contentUrl":"https:\/\/static.rimadesio.it\/media\/2021\/08\/Logo.png","width":102,"height":18,"caption":"Rimadesio"},"image":{"@id":"https:\/\/www.rimadesio.it\/fr\/#\/schema\/logo\/image\/"}}]}},"_links":{"self":[{"href":"https:\/\/www.rimadesio.it\/fr\/wp-json\/wp\/v2\/product\/152531"}],"collection":[{"href":"https:\/\/www.rimadesio.it\/fr\/wp-json\/wp\/v2\/product"}],"about":[{"href":"https:\/\/www.rimadesio.it\/fr\/wp-json\/wp\/v2\/types\/product"}],"wp:attachment":[{"href":"https:\/\/www.rimadesio.it\/fr\/wp-json\/wp\/v2\/media?parent=152531"}],"wp:term":[{"taxonomy":"product_category","embeddable":true,"href":"https:\/\/www.rimadesio.it\/fr\/wp-json\/wp\/v2\/product_category?post=152531"}],"curies":[{"name":"wp","href":"https:\/\/api.w.org\/{rel}","templated":true}]}}