{"id":152479,"date":"2018-10-24T10:41:22","date_gmt":"2018-10-24T08:41:22","guid":{"rendered":"https:\/\/www.rimadesio.it\/product\/cover-freestanding-2-2\/"},"modified":"2026-04-15T09:23:38","modified_gmt":"2026-04-15T07:23:38","slug":"cover-freestanding-2","status":"publish","type":"product","link":"https:\/\/www.rimadesio.it\/fr\/product\/cover-freestanding-2\/","title":{"rendered":"Cover freestanding"},"content":{"rendered":"<p><span class=\"s1\">C\u2019est la version autoportante du syst\u00e8me Cover, dot\u00e9 donc de c\u00f4t\u00e9s et panneaux dossier pour permettre de r\u00e9aliser des compositions lin\u00e9aires ou avec des angles, toujours sur mesure.\u00a0<\/span>La fnition parfaite des dossiers et de l\u2019int\u00e9rieur des vantaux font de Cover freestanding un syst\u00e8me id\u00e9al aussi pour les solutions intercloison, ,dot\u00e9 de passages int\u00e9gr\u00e9s pour acc\u00e9der aux cabines armoires, ou pi\u00e8ces de service. Les \u00e9quipements int\u00e9rieurs sont fix\u00e9s \u00e0 des montants avec un syst\u00e8me encastr\u00e9, sans vis apparentes, qui permet de disposer et modifier librement les \u00e9l\u00e9ments au fil du temps avec la plus grande facilit\u00e9.<\/p>\n","protected":false},"featured_media":0,"template":"","product_category":[498,402],"acf":[],"yoast_head":"<!-- This site is optimized with the Yoast SEO plugin v20.4 - https:\/\/yoast.com\/wordpress\/plugins\/seo\/ -->\n<title>Cover freestanding - Rimadesio<\/title>\n<meta name=\"description\" content=\"Scopri Cover Freestanding, la gamma di armadi per la zona notte by Rimadesio. Soluzioni su misura e personalizzabili. Alta qualit\u00e0 made in Italy.\" \/>\n<meta name=\"robots\" content=\"index, follow, max-snippet:-1, max-image-preview:large, max-video-preview:-1\" \/>\n<link rel=\"canonical\" href=\"https:\/\/www.rimadesio.it\/fr\/product\/cover-freestanding-2\/\" \/>\n<meta property=\"og:locale\" content=\"fr_FR\" \/>\n<meta property=\"og:type\" content=\"article\" \/>\n<meta property=\"og:title\" content=\"Cover freestanding - Rimadesio\" \/>\n<meta property=\"og:description\" content=\"Scopri Cover Freestanding, la gamma di armadi per la zona notte by Rimadesio. Soluzioni su misura e personalizzabili. Alta qualit\u00e0 made in Italy.\" \/>\n<meta property=\"og:url\" content=\"https:\/\/www.rimadesio.it\/fr\/product\/cover-freestanding-2\/\" \/>\n<meta property=\"og:site_name\" content=\"Rimadesio\" \/>\n<meta property=\"article:modified_time\" content=\"2026-04-15T07:23:38+00:00\" \/>\n<meta name=\"twitter:card\" content=\"summary_large_image\" \/>\n<meta name=\"twitter:label1\" content=\"Est. reading time\" \/>\n\t<meta name=\"twitter:data1\" content=\"1 minute\" \/>\n<script type=\"application\/ld+json\" class=\"yoast-schema-graph\">{\"@context\":\"https:\/\/schema.org\",\"@graph\":[{\"@type\":\"WebPage\",\"@id\":\"https:\/\/www.rimadesio.it\/fr\/product\/cover-freestanding-2\/\",\"url\":\"https:\/\/www.rimadesio.it\/fr\/product\/cover-freestanding-2\/\",\"name\":\"Cover freestanding - Rimadesio\",\"isPartOf\":{\"@id\":\"https:\/\/www.rimadesio.it\/fr\/#website\"},\"datePublished\":\"2018-10-24T08:41:22+00:00\",\"dateModified\":\"2026-04-15T07:23:38+00:00\",\"description\":\"Scopri Cover Freestanding, la gamma di armadi per la zona notte by Rimadesio. Soluzioni su misura e personalizzabili. Alta qualit\u00e0 made in Italy.\",\"breadcrumb\":{\"@id\":\"https:\/\/www.rimadesio.it\/fr\/product\/cover-freestanding-2\/#breadcrumb\"},\"inLanguage\":\"fr-FR\",\"potentialAction\":[{\"@type\":\"ReadAction\",\"target\":[\"https:\/\/www.rimadesio.it\/fr\/product\/cover-freestanding-2\/\"]}]},{\"@type\":\"BreadcrumbList\",\"@id\":\"https:\/\/www.rimadesio.it\/fr\/product\/cover-freestanding-2\/#breadcrumb\",\"itemListElement\":[{\"@type\":\"ListItem\",\"position\":1,\"name\":\"Homepage\",\"item\":\"https:\/\/www.rimadesio.it\/fr\/\"},{\"@type\":\"ListItem\",\"position\":2,\"name\":\"Produits\",\"item\":\"https:\/\/www.rimadesio.it\/fr\/product\/\"},{\"@type\":\"ListItem\",\"position\":3,\"name\":\"Syst\u00e8mes nuit\",\"item\":\"https:\/\/www.rimadesio.it\/fr\/product-category\/systemes-nuit\/\"},{\"@type\":\"ListItem\",\"position\":4,\"name\":\"Placards\",\"item\":\"https:\/\/www.rimadesio.it\/fr\/product-category\/systemes-nuit\/armoires-et-systemes-de-verrouillage\/\"},{\"@type\":\"ListItem\",\"position\":5,\"name\":\"Cover freestanding\"}]},{\"@type\":\"WebSite\",\"@id\":\"https:\/\/www.rimadesio.it\/fr\/#website\",\"url\":\"https:\/\/www.rimadesio.it\/fr\/\",\"name\":\"Rimadesio\",\"description\":\"Rimadesio official website\",\"publisher\":{\"@id\":\"https:\/\/www.rimadesio.it\/fr\/#organization\"},\"potentialAction\":[{\"@type\":\"SearchAction\",\"target\":{\"@type\":\"EntryPoint\",\"urlTemplate\":\"https:\/\/www.rimadesio.it\/fr\/?s={search_term_string}\"},\"query-input\":\"required name=search_term_string\"}],\"inLanguage\":\"fr-FR\"},{\"@type\":\"Organization\",\"@id\":\"https:\/\/www.rimadesio.it\/fr\/#organization\",\"name\":\"Rimadesio\",\"url\":\"https:\/\/www.rimadesio.it\/fr\/\",\"logo\":{\"@type\":\"ImageObject\",\"inLanguage\":\"fr-FR\",\"@id\":\"https:\/\/www.rimadesio.it\/fr\/#\/schema\/logo\/image\/\",\"url\":\"https:\/\/static.rimadesio.it\/media\/2021\/08\/Logo.png\",\"contentUrl\":\"https:\/\/static.rimadesio.it\/media\/2021\/08\/Logo.png\",\"width\":102,\"height\":18,\"caption\":\"Rimadesio\"},\"image\":{\"@id\":\"https:\/\/www.rimadesio.it\/fr\/#\/schema\/logo\/image\/\"}}]}<\/script>\n<!-- \/ Yoast SEO plugin. -->","yoast_head_json":{"title":"Cover freestanding - Rimadesio","description":"Scopri Cover Freestanding, la gamma di armadi per la zona notte by Rimadesio. Soluzioni su misura e personalizzabili. Alta qualit\u00e0 made in Italy.","robots":{"index":"index","follow":"follow","max-snippet":"max-snippet:-1","max-image-preview":"max-image-preview:large","max-video-preview":"max-video-preview:-1"},"canonical":"https:\/\/www.rimadesio.it\/fr\/product\/cover-freestanding-2\/","og_locale":"fr_FR","og_type":"article","og_title":"Cover freestanding - Rimadesio","og_description":"Scopri Cover Freestanding, la gamma di armadi per la zona notte by Rimadesio. Soluzioni su misura e personalizzabili. Alta qualit\u00e0 made in Italy.","og_url":"https:\/\/www.rimadesio.it\/fr\/product\/cover-freestanding-2\/","og_site_name":"Rimadesio","article_modified_time":"2026-04-15T07:23:38+00:00","twitter_card":"summary_large_image","twitter_misc":{"Est. reading time":"1 minute"},"schema":{"@context":"https:\/\/schema.org","@graph":[{"@type":"WebPage","@id":"https:\/\/www.rimadesio.it\/fr\/product\/cover-freestanding-2\/","url":"https:\/\/www.rimadesio.it\/fr\/product\/cover-freestanding-2\/","name":"Cover freestanding - Rimadesio","isPartOf":{"@id":"https:\/\/www.rimadesio.it\/fr\/#website"},"datePublished":"2018-10-24T08:41:22+00:00","dateModified":"2026-04-15T07:23:38+00:00","description":"Scopri Cover Freestanding, la gamma di armadi per la zona notte by Rimadesio. Soluzioni su misura e personalizzabili. Alta qualit\u00e0 made in Italy.","breadcrumb":{"@id":"https:\/\/www.rimadesio.it\/fr\/product\/cover-freestanding-2\/#breadcrumb"},"inLanguage":"fr-FR","potentialAction":[{"@type":"ReadAction","target":["https:\/\/www.rimadesio.it\/fr\/product\/cover-freestanding-2\/"]}]},{"@type":"BreadcrumbList","@id":"https:\/\/www.rimadesio.it\/fr\/product\/cover-freestanding-2\/#breadcrumb","itemListElement":[{"@type":"ListItem","position":1,"name":"Homepage","item":"https:\/\/www.rimadesio.it\/fr\/"},{"@type":"ListItem","position":2,"name":"Produits","item":"https:\/\/www.rimadesio.it\/fr\/product\/"},{"@type":"ListItem","position":3,"name":"Syst\u00e8mes nuit","item":"https:\/\/www.rimadesio.it\/fr\/product-category\/systemes-nuit\/"},{"@type":"ListItem","position":4,"name":"Placards","item":"https:\/\/www.rimadesio.it\/fr\/product-category\/systemes-nuit\/armoires-et-systemes-de-verrouillage\/"},{"@type":"ListItem","position":5,"name":"Cover freestanding"}]},{"@type":"WebSite","@id":"https:\/\/www.rimadesio.it\/fr\/#website","url":"https:\/\/www.rimadesio.it\/fr\/","name":"Rimadesio","description":"Rimadesio official website","publisher":{"@id":"https:\/\/www.rimadesio.it\/fr\/#organization"},"potentialAction":[{"@type":"SearchAction","target":{"@type":"EntryPoint","urlTemplate":"https:\/\/www.rimadesio.it\/fr\/?s={search_term_string}"},"query-input":"required name=search_term_string"}],"inLanguage":"fr-FR"},{"@type":"Organization","@id":"https:\/\/www.rimadesio.it\/fr\/#organization","name":"Rimadesio","url":"https:\/\/www.rimadesio.it\/fr\/","logo":{"@type":"ImageObject","inLanguage":"fr-FR","@id":"https:\/\/www.rimadesio.it\/fr\/#\/schema\/logo\/image\/","url":"https:\/\/static.rimadesio.it\/media\/2021\/08\/Logo.png","contentUrl":"https:\/\/static.rimadesio.it\/media\/2021\/08\/Logo.png","width":102,"height":18,"caption":"Rimadesio"},"image":{"@id":"https:\/\/www.rimadesio.it\/fr\/#\/schema\/logo\/image\/"}}]}},"_links":{"self":[{"href":"https:\/\/www.rimadesio.it\/fr\/wp-json\/wp\/v2\/product\/152479"}],"collection":[{"href":"https:\/\/www.rimadesio.it\/fr\/wp-json\/wp\/v2\/product"}],"about":[{"href":"https:\/\/www.rimadesio.it\/fr\/wp-json\/wp\/v2\/types\/product"}],"wp:attachment":[{"href":"https:\/\/www.rimadesio.it\/fr\/wp-json\/wp\/v2\/media?parent=152479"}],"wp:term":[{"taxonomy":"product_category","embeddable":true,"href":"https:\/\/www.rimadesio.it\/fr\/wp-json\/wp\/v2\/product_category?post=152479"}],"curies":[{"name":"wp","href":"https:\/\/api.w.org\/{rel}","templated":true}]}}