{"id":152422,"date":"2022-01-19T16:00:58","date_gmt":"2022-01-19T15:00:58","guid":{"rendered":"https:\/\/www.rimadesio.it\/product\/interior-three-2021-2\/"},"modified":"2022-01-19T16:00:58","modified_gmt":"2022-01-19T15:00:58","slug":"interior-three-2021-2","status":"publish","type":"product","link":"https:\/\/www.rimadesio.it\/fr\/product\/interior-three-2021-2\/","title":{"rendered":"Interior three"},"content":{"rendered":"<p>Parfaitement coordonn\u00e9s sur le plan technique, dimensionnel et des finitions, les diff\u00e9rents syst\u00e8mes Rimadesio permettent  d\u2019affronter en toute libert\u00e9 aussi les cas les plus complexes.  Dans cette pi\u00e8ce living, organis\u00e9e en diff\u00e9rente zones gr\u00e2ce aux panneaux coulissants Velaria, la boiserie Modulor exprime au mieux des qualit\u00e9s esth\u00e9tiques et fonctionnelles<\/p>\n","protected":false},"featured_media":0,"template":"","product_category":[],"acf":[],"yoast_head":"<!-- This site is optimized with the Yoast SEO plugin v20.4 - https:\/\/yoast.com\/wordpress\/plugins\/seo\/ -->\n<title>Interior three - Rimadesio<\/title>\n<meta name=\"description\" content=\"Parfaitement coordonn\u00e9s sur le plan technique, dimensionnel et des finitions, les diff\u00e9rents syst\u00e8mes Rimadesio permettent d\u2019affronter en toute libert\u00e9\" \/>\n<meta name=\"robots\" content=\"index, follow, max-snippet:-1, max-image-preview:large, max-video-preview:-1\" \/>\n<link rel=\"canonical\" href=\"https:\/\/www.rimadesio.it\/fr\/product\/interior-three-2021-2\/\" \/>\n<meta property=\"og:locale\" content=\"fr_FR\" \/>\n<meta property=\"og:type\" content=\"article\" \/>\n<meta property=\"og:title\" content=\"Interior three - Rimadesio\" \/>\n<meta property=\"og:description\" content=\"Parfaitement coordonn\u00e9s sur le plan technique, dimensionnel et des finitions, les diff\u00e9rents syst\u00e8mes Rimadesio permettent d\u2019affronter en toute libert\u00e9\" \/>\n<meta property=\"og:url\" content=\"https:\/\/www.rimadesio.it\/fr\/product\/interior-three-2021-2\/\" \/>\n<meta property=\"og:site_name\" content=\"Rimadesio\" \/>\n<meta name=\"twitter:card\" content=\"summary_large_image\" \/>\n<script type=\"application\/ld+json\" class=\"yoast-schema-graph\">{\"@context\":\"https:\/\/schema.org\",\"@graph\":[{\"@type\":\"WebPage\",\"@id\":\"https:\/\/www.rimadesio.it\/fr\/product\/interior-three-2021-2\/\",\"url\":\"https:\/\/www.rimadesio.it\/fr\/product\/interior-three-2021-2\/\",\"name\":\"Interior three - Rimadesio\",\"isPartOf\":{\"@id\":\"https:\/\/www.rimadesio.it\/fr\/#website\"},\"datePublished\":\"2022-01-19T15:00:58+00:00\",\"dateModified\":\"2022-01-19T15:00:58+00:00\",\"description\":\"Parfaitement coordonn\u00e9s sur le plan technique, dimensionnel et des finitions, les diff\u00e9rents syst\u00e8mes Rimadesio permettent d\u2019affronter en toute libert\u00e9\",\"breadcrumb\":{\"@id\":\"https:\/\/www.rimadesio.it\/fr\/product\/interior-three-2021-2\/#breadcrumb\"},\"inLanguage\":\"fr-FR\",\"potentialAction\":[{\"@type\":\"ReadAction\",\"target\":[\"https:\/\/www.rimadesio.it\/fr\/product\/interior-three-2021-2\/\"]}]},{\"@type\":\"BreadcrumbList\",\"@id\":\"https:\/\/www.rimadesio.it\/fr\/product\/interior-three-2021-2\/#breadcrumb\",\"itemListElement\":[{\"@type\":\"ListItem\",\"position\":1,\"name\":\"Homepage\",\"item\":\"https:\/\/www.rimadesio.it\/fr\/\"},{\"@type\":\"ListItem\",\"position\":2,\"name\":\"Produits\",\"item\":\"https:\/\/www.rimadesio.it\/fr\/product\/\"},{\"@type\":\"ListItem\",\"position\":3,\"name\":\"Interior three\"}]},{\"@type\":\"WebSite\",\"@id\":\"https:\/\/www.rimadesio.it\/fr\/#website\",\"url\":\"https:\/\/www.rimadesio.it\/fr\/\",\"name\":\"Rimadesio\",\"description\":\"Rimadesio official website\",\"publisher\":{\"@id\":\"https:\/\/www.rimadesio.it\/fr\/#organization\"},\"potentialAction\":[{\"@type\":\"SearchAction\",\"target\":{\"@type\":\"EntryPoint\",\"urlTemplate\":\"https:\/\/www.rimadesio.it\/fr\/?s={search_term_string}\"},\"query-input\":\"required name=search_term_string\"}],\"inLanguage\":\"fr-FR\"},{\"@type\":\"Organization\",\"@id\":\"https:\/\/www.rimadesio.it\/fr\/#organization\",\"name\":\"Rimadesio\",\"url\":\"https:\/\/www.rimadesio.it\/fr\/\",\"logo\":{\"@type\":\"ImageObject\",\"inLanguage\":\"fr-FR\",\"@id\":\"https:\/\/www.rimadesio.it\/fr\/#\/schema\/logo\/image\/\",\"url\":\"https:\/\/static.rimadesio.it\/media\/2021\/08\/Logo.png\",\"contentUrl\":\"https:\/\/static.rimadesio.it\/media\/2021\/08\/Logo.png\",\"width\":102,\"height\":18,\"caption\":\"Rimadesio\"},\"image\":{\"@id\":\"https:\/\/www.rimadesio.it\/fr\/#\/schema\/logo\/image\/\"}}]}<\/script>\n<!-- \/ Yoast SEO plugin. -->","yoast_head_json":{"title":"Interior three - Rimadesio","description":"Parfaitement coordonn\u00e9s sur le plan technique, dimensionnel et des finitions, les diff\u00e9rents syst\u00e8mes Rimadesio permettent d\u2019affronter en toute libert\u00e9","robots":{"index":"index","follow":"follow","max-snippet":"max-snippet:-1","max-image-preview":"max-image-preview:large","max-video-preview":"max-video-preview:-1"},"canonical":"https:\/\/www.rimadesio.it\/fr\/product\/interior-three-2021-2\/","og_locale":"fr_FR","og_type":"article","og_title":"Interior three - Rimadesio","og_description":"Parfaitement coordonn\u00e9s sur le plan technique, dimensionnel et des finitions, les diff\u00e9rents syst\u00e8mes Rimadesio permettent d\u2019affronter en toute libert\u00e9","og_url":"https:\/\/www.rimadesio.it\/fr\/product\/interior-three-2021-2\/","og_site_name":"Rimadesio","twitter_card":"summary_large_image","schema":{"@context":"https:\/\/schema.org","@graph":[{"@type":"WebPage","@id":"https:\/\/www.rimadesio.it\/fr\/product\/interior-three-2021-2\/","url":"https:\/\/www.rimadesio.it\/fr\/product\/interior-three-2021-2\/","name":"Interior three - Rimadesio","isPartOf":{"@id":"https:\/\/www.rimadesio.it\/fr\/#website"},"datePublished":"2022-01-19T15:00:58+00:00","dateModified":"2022-01-19T15:00:58+00:00","description":"Parfaitement coordonn\u00e9s sur le plan technique, dimensionnel et des finitions, les diff\u00e9rents syst\u00e8mes Rimadesio permettent d\u2019affronter en toute libert\u00e9","breadcrumb":{"@id":"https:\/\/www.rimadesio.it\/fr\/product\/interior-three-2021-2\/#breadcrumb"},"inLanguage":"fr-FR","potentialAction":[{"@type":"ReadAction","target":["https:\/\/www.rimadesio.it\/fr\/product\/interior-three-2021-2\/"]}]},{"@type":"BreadcrumbList","@id":"https:\/\/www.rimadesio.it\/fr\/product\/interior-three-2021-2\/#breadcrumb","itemListElement":[{"@type":"ListItem","position":1,"name":"Homepage","item":"https:\/\/www.rimadesio.it\/fr\/"},{"@type":"ListItem","position":2,"name":"Produits","item":"https:\/\/www.rimadesio.it\/fr\/product\/"},{"@type":"ListItem","position":3,"name":"Interior three"}]},{"@type":"WebSite","@id":"https:\/\/www.rimadesio.it\/fr\/#website","url":"https:\/\/www.rimadesio.it\/fr\/","name":"Rimadesio","description":"Rimadesio official website","publisher":{"@id":"https:\/\/www.rimadesio.it\/fr\/#organization"},"potentialAction":[{"@type":"SearchAction","target":{"@type":"EntryPoint","urlTemplate":"https:\/\/www.rimadesio.it\/fr\/?s={search_term_string}"},"query-input":"required name=search_term_string"}],"inLanguage":"fr-FR"},{"@type":"Organization","@id":"https:\/\/www.rimadesio.it\/fr\/#organization","name":"Rimadesio","url":"https:\/\/www.rimadesio.it\/fr\/","logo":{"@type":"ImageObject","inLanguage":"fr-FR","@id":"https:\/\/www.rimadesio.it\/fr\/#\/schema\/logo\/image\/","url":"https:\/\/static.rimadesio.it\/media\/2021\/08\/Logo.png","contentUrl":"https:\/\/static.rimadesio.it\/media\/2021\/08\/Logo.png","width":102,"height":18,"caption":"Rimadesio"},"image":{"@id":"https:\/\/www.rimadesio.it\/fr\/#\/schema\/logo\/image\/"}}]}},"_links":{"self":[{"href":"https:\/\/www.rimadesio.it\/fr\/wp-json\/wp\/v2\/product\/152422"}],"collection":[{"href":"https:\/\/www.rimadesio.it\/fr\/wp-json\/wp\/v2\/product"}],"about":[{"href":"https:\/\/www.rimadesio.it\/fr\/wp-json\/wp\/v2\/types\/product"}],"wp:attachment":[{"href":"https:\/\/www.rimadesio.it\/fr\/wp-json\/wp\/v2\/media?parent=152422"}],"wp:term":[{"taxonomy":"product_category","embeddable":true,"href":"https:\/\/www.rimadesio.it\/fr\/wp-json\/wp\/v2\/product_category?post=152422"}],"curies":[{"name":"wp","href":"https:\/\/api.w.org\/{rel}","templated":true}]}}