{"id":151355,"date":"2022-01-09T22:06:24","date_gmt":"2022-01-09T21:06:24","guid":{"rendered":"https:\/\/www.rimadesio.it\/product\/velaria-2\/"},"modified":"2026-04-15T16:13:30","modified_gmt":"2026-04-15T14:13:30","slug":"velaria-2","status":"publish","type":"product","link":"https:\/\/www.rimadesio.it\/fr\/product\/velaria-2\/","title":{"rendered":"Velaria"},"content":{"rendered":"<p>L\u2019interpr\u00e9tation de la porte coulissante \u00e0 l\u2019enseigne de la plus grande rigueur g\u00e9om\u00e9trique. Un projet dans lequel les panneaux sont toujours r\u00e9alis\u00e9s sur mesure, avec un profil de structure en aluminium le moins \u00e9pais possible, qui valorise au maximum les qualit\u00e9s esth\u00e9tiques exclusives du verre Rimadesio.<\/p>\n<div class=\"content-view-more font-large-sans active\">\n<p>Un syst\u00e8me dot\u00e9 de solutions techniques innovantes brevet\u00e9es, pour garantir la plus large libert\u00e9 de projet, associ\u00e9e \u00e0 la simplicit\u00e9 de l\u2019installation et une fiabilit\u00e9 exceptionnelle dans le temps.&lt;\/div<\/p>\n<\/div>\n","protected":false},"featured_media":0,"template":"","product_category":[424,425,588,589],"acf":[],"yoast_head":"<!-- This site is optimized with the Yoast SEO plugin v20.4 - https:\/\/yoast.com\/wordpress\/plugins\/seo\/ -->\n<title>Velaria - Rimadesio<\/title>\n<meta name=\"description\" content=\"L\u2019interpr\u00e9tation de la porte coulissante \u00e0 l\u2019enseigne de la plus grande rigueur g\u00e9om\u00e9trique. Un projet dans lequel les panneaux sont toujours r\u00e9alis\u00e9s sur\" \/>\n<meta name=\"robots\" content=\"index, follow, max-snippet:-1, max-image-preview:large, max-video-preview:-1\" \/>\n<link rel=\"canonical\" href=\"https:\/\/www.rimadesio.it\/fr\/product\/velaria-2\/\" \/>\n<meta property=\"og:locale\" content=\"fr_FR\" \/>\n<meta property=\"og:type\" content=\"article\" \/>\n<meta property=\"og:title\" content=\"Velaria - Rimadesio\" \/>\n<meta property=\"og:description\" content=\"L\u2019interpr\u00e9tation de la porte coulissante \u00e0 l\u2019enseigne de la plus grande rigueur g\u00e9om\u00e9trique. Un projet dans lequel les panneaux sont toujours r\u00e9alis\u00e9s sur\" \/>\n<meta property=\"og:url\" content=\"https:\/\/www.rimadesio.it\/fr\/product\/velaria-2\/\" \/>\n<meta property=\"og:site_name\" content=\"Rimadesio\" \/>\n<meta property=\"article:modified_time\" content=\"2026-04-15T14:13:30+00:00\" \/>\n<meta name=\"twitter:card\" content=\"summary_large_image\" \/>\n<script type=\"application\/ld+json\" class=\"yoast-schema-graph\">{\"@context\":\"https:\/\/schema.org\",\"@graph\":[{\"@type\":\"WebPage\",\"@id\":\"https:\/\/www.rimadesio.it\/fr\/product\/velaria-2\/\",\"url\":\"https:\/\/www.rimadesio.it\/fr\/product\/velaria-2\/\",\"name\":\"Velaria - Rimadesio\",\"isPartOf\":{\"@id\":\"https:\/\/www.rimadesio.it\/fr\/#website\"},\"datePublished\":\"2022-01-09T21:06:24+00:00\",\"dateModified\":\"2026-04-15T14:13:30+00:00\",\"description\":\"L\u2019interpr\u00e9tation de la porte coulissante \u00e0 l\u2019enseigne de la plus grande rigueur g\u00e9om\u00e9trique. Un projet dans lequel les panneaux sont toujours r\u00e9alis\u00e9s sur\",\"breadcrumb\":{\"@id\":\"https:\/\/www.rimadesio.it\/fr\/product\/velaria-2\/#breadcrumb\"},\"inLanguage\":\"fr-FR\",\"potentialAction\":[{\"@type\":\"ReadAction\",\"target\":[\"https:\/\/www.rimadesio.it\/fr\/product\/velaria-2\/\"]}]},{\"@type\":\"BreadcrumbList\",\"@id\":\"https:\/\/www.rimadesio.it\/fr\/product\/velaria-2\/#breadcrumb\",\"itemListElement\":[{\"@type\":\"ListItem\",\"position\":1,\"name\":\"Homepage\",\"item\":\"https:\/\/www.rimadesio.it\/fr\/\"},{\"@type\":\"ListItem\",\"position\":2,\"name\":\"Produits\",\"item\":\"https:\/\/www.rimadesio.it\/fr\/product\/\"},{\"@type\":\"ListItem\",\"position\":3,\"name\":\"Panneaux coulissants\",\"item\":\"https:\/\/www.rimadesio.it\/fr\/product-category\/panneaux-coulissants\/\"},{\"@type\":\"ListItem\",\"position\":4,\"name\":\"Coulissants\",\"item\":\"https:\/\/www.rimadesio.it\/fr\/product-category\/panneaux-coulissants\/coulissants\/\"},{\"@type\":\"ListItem\",\"position\":5,\"name\":\"Velaria\"}]},{\"@type\":\"WebSite\",\"@id\":\"https:\/\/www.rimadesio.it\/fr\/#website\",\"url\":\"https:\/\/www.rimadesio.it\/fr\/\",\"name\":\"Rimadesio\",\"description\":\"Rimadesio official website\",\"publisher\":{\"@id\":\"https:\/\/www.rimadesio.it\/fr\/#organization\"},\"potentialAction\":[{\"@type\":\"SearchAction\",\"target\":{\"@type\":\"EntryPoint\",\"urlTemplate\":\"https:\/\/www.rimadesio.it\/fr\/?s={search_term_string}\"},\"query-input\":\"required name=search_term_string\"}],\"inLanguage\":\"fr-FR\"},{\"@type\":\"Organization\",\"@id\":\"https:\/\/www.rimadesio.it\/fr\/#organization\",\"name\":\"Rimadesio\",\"url\":\"https:\/\/www.rimadesio.it\/fr\/\",\"logo\":{\"@type\":\"ImageObject\",\"inLanguage\":\"fr-FR\",\"@id\":\"https:\/\/www.rimadesio.it\/fr\/#\/schema\/logo\/image\/\",\"url\":\"https:\/\/static.rimadesio.it\/media\/2021\/08\/Logo.png\",\"contentUrl\":\"https:\/\/static.rimadesio.it\/media\/2021\/08\/Logo.png\",\"width\":102,\"height\":18,\"caption\":\"Rimadesio\"},\"image\":{\"@id\":\"https:\/\/www.rimadesio.it\/fr\/#\/schema\/logo\/image\/\"}}]}<\/script>\n<!-- \/ Yoast SEO plugin. -->","yoast_head_json":{"title":"Velaria - Rimadesio","description":"L\u2019interpr\u00e9tation de la porte coulissante \u00e0 l\u2019enseigne de la plus grande rigueur g\u00e9om\u00e9trique. Un projet dans lequel les panneaux sont toujours r\u00e9alis\u00e9s sur","robots":{"index":"index","follow":"follow","max-snippet":"max-snippet:-1","max-image-preview":"max-image-preview:large","max-video-preview":"max-video-preview:-1"},"canonical":"https:\/\/www.rimadesio.it\/fr\/product\/velaria-2\/","og_locale":"fr_FR","og_type":"article","og_title":"Velaria - Rimadesio","og_description":"L\u2019interpr\u00e9tation de la porte coulissante \u00e0 l\u2019enseigne de la plus grande rigueur g\u00e9om\u00e9trique. Un projet dans lequel les panneaux sont toujours r\u00e9alis\u00e9s sur","og_url":"https:\/\/www.rimadesio.it\/fr\/product\/velaria-2\/","og_site_name":"Rimadesio","article_modified_time":"2026-04-15T14:13:30+00:00","twitter_card":"summary_large_image","schema":{"@context":"https:\/\/schema.org","@graph":[{"@type":"WebPage","@id":"https:\/\/www.rimadesio.it\/fr\/product\/velaria-2\/","url":"https:\/\/www.rimadesio.it\/fr\/product\/velaria-2\/","name":"Velaria - Rimadesio","isPartOf":{"@id":"https:\/\/www.rimadesio.it\/fr\/#website"},"datePublished":"2022-01-09T21:06:24+00:00","dateModified":"2026-04-15T14:13:30+00:00","description":"L\u2019interpr\u00e9tation de la porte coulissante \u00e0 l\u2019enseigne de la plus grande rigueur g\u00e9om\u00e9trique. Un projet dans lequel les panneaux sont toujours r\u00e9alis\u00e9s sur","breadcrumb":{"@id":"https:\/\/www.rimadesio.it\/fr\/product\/velaria-2\/#breadcrumb"},"inLanguage":"fr-FR","potentialAction":[{"@type":"ReadAction","target":["https:\/\/www.rimadesio.it\/fr\/product\/velaria-2\/"]}]},{"@type":"BreadcrumbList","@id":"https:\/\/www.rimadesio.it\/fr\/product\/velaria-2\/#breadcrumb","itemListElement":[{"@type":"ListItem","position":1,"name":"Homepage","item":"https:\/\/www.rimadesio.it\/fr\/"},{"@type":"ListItem","position":2,"name":"Produits","item":"https:\/\/www.rimadesio.it\/fr\/product\/"},{"@type":"ListItem","position":3,"name":"Panneaux coulissants","item":"https:\/\/www.rimadesio.it\/fr\/product-category\/panneaux-coulissants\/"},{"@type":"ListItem","position":4,"name":"Coulissants","item":"https:\/\/www.rimadesio.it\/fr\/product-category\/panneaux-coulissants\/coulissants\/"},{"@type":"ListItem","position":5,"name":"Velaria"}]},{"@type":"WebSite","@id":"https:\/\/www.rimadesio.it\/fr\/#website","url":"https:\/\/www.rimadesio.it\/fr\/","name":"Rimadesio","description":"Rimadesio official website","publisher":{"@id":"https:\/\/www.rimadesio.it\/fr\/#organization"},"potentialAction":[{"@type":"SearchAction","target":{"@type":"EntryPoint","urlTemplate":"https:\/\/www.rimadesio.it\/fr\/?s={search_term_string}"},"query-input":"required name=search_term_string"}],"inLanguage":"fr-FR"},{"@type":"Organization","@id":"https:\/\/www.rimadesio.it\/fr\/#organization","name":"Rimadesio","url":"https:\/\/www.rimadesio.it\/fr\/","logo":{"@type":"ImageObject","inLanguage":"fr-FR","@id":"https:\/\/www.rimadesio.it\/fr\/#\/schema\/logo\/image\/","url":"https:\/\/static.rimadesio.it\/media\/2021\/08\/Logo.png","contentUrl":"https:\/\/static.rimadesio.it\/media\/2021\/08\/Logo.png","width":102,"height":18,"caption":"Rimadesio"},"image":{"@id":"https:\/\/www.rimadesio.it\/fr\/#\/schema\/logo\/image\/"}}]}},"_links":{"self":[{"href":"https:\/\/www.rimadesio.it\/fr\/wp-json\/wp\/v2\/product\/151355"}],"collection":[{"href":"https:\/\/www.rimadesio.it\/fr\/wp-json\/wp\/v2\/product"}],"about":[{"href":"https:\/\/www.rimadesio.it\/fr\/wp-json\/wp\/v2\/types\/product"}],"wp:attachment":[{"href":"https:\/\/www.rimadesio.it\/fr\/wp-json\/wp\/v2\/media?parent=151355"}],"wp:term":[{"taxonomy":"product_category","embeddable":true,"href":"https:\/\/www.rimadesio.it\/fr\/wp-json\/wp\/v2\/product_category?post=151355"}],"curies":[{"name":"wp","href":"https:\/\/api.w.org\/{rel}","templated":true}]}}