{"id":151337,"date":"2022-01-09T22:05:01","date_gmt":"2022-01-09T21:05:01","guid":{"rendered":"https:\/\/www.rimadesio.it\/product\/daimon-2\/"},"modified":"2026-04-15T15:57:47","modified_gmt":"2026-04-15T13:57:47","slug":"daimon-2","status":"publish","type":"product","link":"https:\/\/www.rimadesio.it\/fr\/product\/daimon-2\/","title":{"rendered":"Daimon"},"content":{"rendered":"<p>Diaphragme, boiserie, \u00e9l\u00e9ment d\u00e9coratif\u00a0: inspir\u00e9 des traditionnelles cloisons japonaises, Daimon en repropose clairement les qualit\u00e9s esth\u00e9tiques et fonctionnelles, ainsi que graphique et architecturales.<\/p>\n<div class=\"content-view-more font-large-sans active\">Une solution ancienne, r\u00e9interpr\u00e9t\u00e9e par Rimadesio en croisant les nervures verticales en aluminium et la d\u00e9coration aux lignes horizontales sur le panneau en verre double stratifi\u00e9. Une esth\u00e9tique originale et fascinante qui, gr\u00e2ce aux diff\u00e9rentes combinaisons entre les finitions pr\u00e9vues dans le verre et les \u00e9l\u00e9ments en aluminium, repr\u00e9sente une opportunit\u00e9 int\u00e9ressante de caract\u00e9risation de l\u2019espace.<\/div>\n","protected":false},"featured_media":0,"template":"","product_category":[424,425,588,589],"acf":[],"yoast_head":"<!-- This site is optimized with the Yoast SEO plugin v20.4 - https:\/\/yoast.com\/wordpress\/plugins\/seo\/ -->\n<title>Daimon - Rimadesio<\/title>\n<meta name=\"description\" content=\"Diaphragme, boiserie, \u00e9l\u00e9ment d\u00e9coratif\u00a0: inspir\u00e9 des traditionnelles cloisons japonaises, Daimon en repropose clairement les qualit\u00e9s esth\u00e9tiques et\" \/>\n<meta name=\"robots\" content=\"index, follow, max-snippet:-1, max-image-preview:large, max-video-preview:-1\" \/>\n<link rel=\"canonical\" href=\"https:\/\/www.rimadesio.it\/fr\/product\/daimon-2\/\" \/>\n<meta property=\"og:locale\" content=\"fr_FR\" \/>\n<meta property=\"og:type\" content=\"article\" \/>\n<meta property=\"og:title\" content=\"Daimon - Rimadesio\" \/>\n<meta property=\"og:description\" content=\"Diaphragme, boiserie, \u00e9l\u00e9ment d\u00e9coratif\u00a0: inspir\u00e9 des traditionnelles cloisons japonaises, Daimon en repropose clairement les qualit\u00e9s esth\u00e9tiques et\" \/>\n<meta property=\"og:url\" content=\"https:\/\/www.rimadesio.it\/fr\/product\/daimon-2\/\" \/>\n<meta property=\"og:site_name\" content=\"Rimadesio\" \/>\n<meta property=\"article:modified_time\" content=\"2026-04-15T13:57:47+00:00\" \/>\n<meta name=\"twitter:card\" content=\"summary_large_image\" \/>\n<script type=\"application\/ld+json\" class=\"yoast-schema-graph\">{\"@context\":\"https:\/\/schema.org\",\"@graph\":[{\"@type\":\"WebPage\",\"@id\":\"https:\/\/www.rimadesio.it\/fr\/product\/daimon-2\/\",\"url\":\"https:\/\/www.rimadesio.it\/fr\/product\/daimon-2\/\",\"name\":\"Daimon - Rimadesio\",\"isPartOf\":{\"@id\":\"https:\/\/www.rimadesio.it\/fr\/#website\"},\"datePublished\":\"2022-01-09T21:05:01+00:00\",\"dateModified\":\"2026-04-15T13:57:47+00:00\",\"description\":\"Diaphragme, boiserie, \u00e9l\u00e9ment d\u00e9coratif\u00a0: inspir\u00e9 des traditionnelles cloisons japonaises, Daimon en repropose clairement les qualit\u00e9s esth\u00e9tiques et\",\"breadcrumb\":{\"@id\":\"https:\/\/www.rimadesio.it\/fr\/product\/daimon-2\/#breadcrumb\"},\"inLanguage\":\"fr-FR\",\"potentialAction\":[{\"@type\":\"ReadAction\",\"target\":[\"https:\/\/www.rimadesio.it\/fr\/product\/daimon-2\/\"]}]},{\"@type\":\"BreadcrumbList\",\"@id\":\"https:\/\/www.rimadesio.it\/fr\/product\/daimon-2\/#breadcrumb\",\"itemListElement\":[{\"@type\":\"ListItem\",\"position\":1,\"name\":\"Homepage\",\"item\":\"https:\/\/www.rimadesio.it\/fr\/\"},{\"@type\":\"ListItem\",\"position\":2,\"name\":\"Produits\",\"item\":\"https:\/\/www.rimadesio.it\/fr\/product\/\"},{\"@type\":\"ListItem\",\"position\":3,\"name\":\"Panneaux coulissants\",\"item\":\"https:\/\/www.rimadesio.it\/fr\/product-category\/panneaux-coulissants\/\"},{\"@type\":\"ListItem\",\"position\":4,\"name\":\"Coulissants\",\"item\":\"https:\/\/www.rimadesio.it\/fr\/product-category\/panneaux-coulissants\/coulissants\/\"},{\"@type\":\"ListItem\",\"position\":5,\"name\":\"Daimon\"}]},{\"@type\":\"WebSite\",\"@id\":\"https:\/\/www.rimadesio.it\/fr\/#website\",\"url\":\"https:\/\/www.rimadesio.it\/fr\/\",\"name\":\"Rimadesio\",\"description\":\"Rimadesio official website\",\"publisher\":{\"@id\":\"https:\/\/www.rimadesio.it\/fr\/#organization\"},\"potentialAction\":[{\"@type\":\"SearchAction\",\"target\":{\"@type\":\"EntryPoint\",\"urlTemplate\":\"https:\/\/www.rimadesio.it\/fr\/?s={search_term_string}\"},\"query-input\":\"required name=search_term_string\"}],\"inLanguage\":\"fr-FR\"},{\"@type\":\"Organization\",\"@id\":\"https:\/\/www.rimadesio.it\/fr\/#organization\",\"name\":\"Rimadesio\",\"url\":\"https:\/\/www.rimadesio.it\/fr\/\",\"logo\":{\"@type\":\"ImageObject\",\"inLanguage\":\"fr-FR\",\"@id\":\"https:\/\/www.rimadesio.it\/fr\/#\/schema\/logo\/image\/\",\"url\":\"https:\/\/static.rimadesio.it\/media\/2021\/08\/Logo.png\",\"contentUrl\":\"https:\/\/static.rimadesio.it\/media\/2021\/08\/Logo.png\",\"width\":102,\"height\":18,\"caption\":\"Rimadesio\"},\"image\":{\"@id\":\"https:\/\/www.rimadesio.it\/fr\/#\/schema\/logo\/image\/\"}}]}<\/script>\n<!-- \/ Yoast SEO plugin. -->","yoast_head_json":{"title":"Daimon - Rimadesio","description":"Diaphragme, boiserie, \u00e9l\u00e9ment d\u00e9coratif\u00a0: inspir\u00e9 des traditionnelles cloisons japonaises, Daimon en repropose clairement les qualit\u00e9s esth\u00e9tiques et","robots":{"index":"index","follow":"follow","max-snippet":"max-snippet:-1","max-image-preview":"max-image-preview:large","max-video-preview":"max-video-preview:-1"},"canonical":"https:\/\/www.rimadesio.it\/fr\/product\/daimon-2\/","og_locale":"fr_FR","og_type":"article","og_title":"Daimon - Rimadesio","og_description":"Diaphragme, boiserie, \u00e9l\u00e9ment d\u00e9coratif\u00a0: inspir\u00e9 des traditionnelles cloisons japonaises, Daimon en repropose clairement les qualit\u00e9s esth\u00e9tiques et","og_url":"https:\/\/www.rimadesio.it\/fr\/product\/daimon-2\/","og_site_name":"Rimadesio","article_modified_time":"2026-04-15T13:57:47+00:00","twitter_card":"summary_large_image","schema":{"@context":"https:\/\/schema.org","@graph":[{"@type":"WebPage","@id":"https:\/\/www.rimadesio.it\/fr\/product\/daimon-2\/","url":"https:\/\/www.rimadesio.it\/fr\/product\/daimon-2\/","name":"Daimon - Rimadesio","isPartOf":{"@id":"https:\/\/www.rimadesio.it\/fr\/#website"},"datePublished":"2022-01-09T21:05:01+00:00","dateModified":"2026-04-15T13:57:47+00:00","description":"Diaphragme, boiserie, \u00e9l\u00e9ment d\u00e9coratif\u00a0: inspir\u00e9 des traditionnelles cloisons japonaises, Daimon en repropose clairement les qualit\u00e9s esth\u00e9tiques et","breadcrumb":{"@id":"https:\/\/www.rimadesio.it\/fr\/product\/daimon-2\/#breadcrumb"},"inLanguage":"fr-FR","potentialAction":[{"@type":"ReadAction","target":["https:\/\/www.rimadesio.it\/fr\/product\/daimon-2\/"]}]},{"@type":"BreadcrumbList","@id":"https:\/\/www.rimadesio.it\/fr\/product\/daimon-2\/#breadcrumb","itemListElement":[{"@type":"ListItem","position":1,"name":"Homepage","item":"https:\/\/www.rimadesio.it\/fr\/"},{"@type":"ListItem","position":2,"name":"Produits","item":"https:\/\/www.rimadesio.it\/fr\/product\/"},{"@type":"ListItem","position":3,"name":"Panneaux coulissants","item":"https:\/\/www.rimadesio.it\/fr\/product-category\/panneaux-coulissants\/"},{"@type":"ListItem","position":4,"name":"Coulissants","item":"https:\/\/www.rimadesio.it\/fr\/product-category\/panneaux-coulissants\/coulissants\/"},{"@type":"ListItem","position":5,"name":"Daimon"}]},{"@type":"WebSite","@id":"https:\/\/www.rimadesio.it\/fr\/#website","url":"https:\/\/www.rimadesio.it\/fr\/","name":"Rimadesio","description":"Rimadesio official website","publisher":{"@id":"https:\/\/www.rimadesio.it\/fr\/#organization"},"potentialAction":[{"@type":"SearchAction","target":{"@type":"EntryPoint","urlTemplate":"https:\/\/www.rimadesio.it\/fr\/?s={search_term_string}"},"query-input":"required name=search_term_string"}],"inLanguage":"fr-FR"},{"@type":"Organization","@id":"https:\/\/www.rimadesio.it\/fr\/#organization","name":"Rimadesio","url":"https:\/\/www.rimadesio.it\/fr\/","logo":{"@type":"ImageObject","inLanguage":"fr-FR","@id":"https:\/\/www.rimadesio.it\/fr\/#\/schema\/logo\/image\/","url":"https:\/\/static.rimadesio.it\/media\/2021\/08\/Logo.png","contentUrl":"https:\/\/static.rimadesio.it\/media\/2021\/08\/Logo.png","width":102,"height":18,"caption":"Rimadesio"},"image":{"@id":"https:\/\/www.rimadesio.it\/fr\/#\/schema\/logo\/image\/"}}]}},"_links":{"self":[{"href":"https:\/\/www.rimadesio.it\/fr\/wp-json\/wp\/v2\/product\/151337"}],"collection":[{"href":"https:\/\/www.rimadesio.it\/fr\/wp-json\/wp\/v2\/product"}],"about":[{"href":"https:\/\/www.rimadesio.it\/fr\/wp-json\/wp\/v2\/types\/product"}],"wp:attachment":[{"href":"https:\/\/www.rimadesio.it\/fr\/wp-json\/wp\/v2\/media?parent=151337"}],"wp:term":[{"taxonomy":"product_category","embeddable":true,"href":"https:\/\/www.rimadesio.it\/fr\/wp-json\/wp\/v2\/product_category?post=151337"}],"curies":[{"name":"wp","href":"https:\/\/api.w.org\/{rel}","templated":true}]}}