{"id":147867,"date":"2022-01-05T17:47:24","date_gmt":"2022-01-05T16:47:24","guid":{"rendered":"https:\/\/www.rimadesio.it\/product\/graphis-light-2\/"},"modified":"2026-04-15T15:59:29","modified_gmt":"2026-04-15T13:59:29","slug":"graphis-light","status":"publish","type":"product","link":"https:\/\/www.rimadesio.it\/fr\/product\/graphis-light\/","title":{"rendered":"Graphis light"},"content":{"rendered":"<p>C\u2019est le syst\u00e8me sp\u00e9cialement d\u00e9di\u00e9 \u00e0 la partie nuit, pens\u00e9 pour fermer les cabines armoires et les niches. Une proposition qui compl\u00e8te les portes coulissantes Graphis plus, qui, dans la version light sont caract\u00e9ris\u00e9es par le panneau en verre laqu\u00e9 monoface, et conjuguent la l\u00e9g\u00e8ret\u00e9 et la puret\u00e9 du design. Le syst\u00e8me est d\u00e9fini par un profil structurel en aluminium, dot\u00e9 de joints exclusifs en caoutchouc silicon\u00e9 et polypropyl\u00e8ne qui garantissent une r\u00e9sistance parfaite \u00e0 la poussi\u00e8re.<\/p>\n","protected":false},"featured_media":0,"template":"","product_category":[424,425],"acf":[],"yoast_head":"<!-- This site is optimized with the Yoast SEO plugin v20.4 - https:\/\/yoast.com\/wordpress\/plugins\/seo\/ -->\n<title>Graphis light - Rimadesio<\/title>\n<meta name=\"description\" content=\"C\u2019est le syst\u00e8me sp\u00e9cialement d\u00e9di\u00e9 \u00e0 la partie nuit, pens\u00e9 pour fermer les cabines armoires et les niches. Une proposition qui compl\u00e8te les portes\" \/>\n<meta name=\"robots\" content=\"index, follow, max-snippet:-1, max-image-preview:large, max-video-preview:-1\" \/>\n<link rel=\"canonical\" href=\"https:\/\/www.rimadesio.it\/fr\/product\/graphis-light\/\" \/>\n<meta property=\"og:locale\" content=\"fr_FR\" \/>\n<meta property=\"og:type\" content=\"article\" \/>\n<meta property=\"og:title\" content=\"Graphis light - Rimadesio\" \/>\n<meta property=\"og:description\" content=\"C\u2019est le syst\u00e8me sp\u00e9cialement d\u00e9di\u00e9 \u00e0 la partie nuit, pens\u00e9 pour fermer les cabines armoires et les niches. Une proposition qui compl\u00e8te les portes\" \/>\n<meta property=\"og:url\" content=\"https:\/\/www.rimadesio.it\/fr\/product\/graphis-light\/\" \/>\n<meta property=\"og:site_name\" content=\"Rimadesio\" \/>\n<meta property=\"article:modified_time\" content=\"2026-04-15T13:59:29+00:00\" \/>\n<meta name=\"twitter:card\" content=\"summary_large_image\" \/>\n<script type=\"application\/ld+json\" class=\"yoast-schema-graph\">{\"@context\":\"https:\/\/schema.org\",\"@graph\":[{\"@type\":\"WebPage\",\"@id\":\"https:\/\/www.rimadesio.it\/fr\/product\/graphis-light\/\",\"url\":\"https:\/\/www.rimadesio.it\/fr\/product\/graphis-light\/\",\"name\":\"Graphis light - Rimadesio\",\"isPartOf\":{\"@id\":\"https:\/\/www.rimadesio.it\/fr\/#website\"},\"datePublished\":\"2022-01-05T16:47:24+00:00\",\"dateModified\":\"2026-04-15T13:59:29+00:00\",\"description\":\"C\u2019est le syst\u00e8me sp\u00e9cialement d\u00e9di\u00e9 \u00e0 la partie nuit, pens\u00e9 pour fermer les cabines armoires et les niches. Une proposition qui compl\u00e8te les portes\",\"breadcrumb\":{\"@id\":\"https:\/\/www.rimadesio.it\/fr\/product\/graphis-light\/#breadcrumb\"},\"inLanguage\":\"fr-FR\",\"potentialAction\":[{\"@type\":\"ReadAction\",\"target\":[\"https:\/\/www.rimadesio.it\/fr\/product\/graphis-light\/\"]}]},{\"@type\":\"BreadcrumbList\",\"@id\":\"https:\/\/www.rimadesio.it\/fr\/product\/graphis-light\/#breadcrumb\",\"itemListElement\":[{\"@type\":\"ListItem\",\"position\":1,\"name\":\"Homepage\",\"item\":\"https:\/\/www.rimadesio.it\/fr\/\"},{\"@type\":\"ListItem\",\"position\":2,\"name\":\"Produits\",\"item\":\"https:\/\/www.rimadesio.it\/fr\/product\/\"},{\"@type\":\"ListItem\",\"position\":3,\"name\":\"Panneaux coulissants\",\"item\":\"https:\/\/www.rimadesio.it\/fr\/product-category\/panneaux-coulissants\/\"},{\"@type\":\"ListItem\",\"position\":4,\"name\":\"Coulissants\",\"item\":\"https:\/\/www.rimadesio.it\/fr\/product-category\/panneaux-coulissants\/coulissants\/\"},{\"@type\":\"ListItem\",\"position\":5,\"name\":\"Graphis light\"}]},{\"@type\":\"WebSite\",\"@id\":\"https:\/\/www.rimadesio.it\/fr\/#website\",\"url\":\"https:\/\/www.rimadesio.it\/fr\/\",\"name\":\"Rimadesio\",\"description\":\"Rimadesio official website\",\"publisher\":{\"@id\":\"https:\/\/www.rimadesio.it\/fr\/#organization\"},\"potentialAction\":[{\"@type\":\"SearchAction\",\"target\":{\"@type\":\"EntryPoint\",\"urlTemplate\":\"https:\/\/www.rimadesio.it\/fr\/?s={search_term_string}\"},\"query-input\":\"required name=search_term_string\"}],\"inLanguage\":\"fr-FR\"},{\"@type\":\"Organization\",\"@id\":\"https:\/\/www.rimadesio.it\/fr\/#organization\",\"name\":\"Rimadesio\",\"url\":\"https:\/\/www.rimadesio.it\/fr\/\",\"logo\":{\"@type\":\"ImageObject\",\"inLanguage\":\"fr-FR\",\"@id\":\"https:\/\/www.rimadesio.it\/fr\/#\/schema\/logo\/image\/\",\"url\":\"https:\/\/static.rimadesio.it\/media\/2021\/08\/Logo.png\",\"contentUrl\":\"https:\/\/static.rimadesio.it\/media\/2021\/08\/Logo.png\",\"width\":102,\"height\":18,\"caption\":\"Rimadesio\"},\"image\":{\"@id\":\"https:\/\/www.rimadesio.it\/fr\/#\/schema\/logo\/image\/\"}}]}<\/script>\n<!-- \/ Yoast SEO plugin. -->","yoast_head_json":{"title":"Graphis light - Rimadesio","description":"C\u2019est le syst\u00e8me sp\u00e9cialement d\u00e9di\u00e9 \u00e0 la partie nuit, pens\u00e9 pour fermer les cabines armoires et les niches. Une proposition qui compl\u00e8te les portes","robots":{"index":"index","follow":"follow","max-snippet":"max-snippet:-1","max-image-preview":"max-image-preview:large","max-video-preview":"max-video-preview:-1"},"canonical":"https:\/\/www.rimadesio.it\/fr\/product\/graphis-light\/","og_locale":"fr_FR","og_type":"article","og_title":"Graphis light - Rimadesio","og_description":"C\u2019est le syst\u00e8me sp\u00e9cialement d\u00e9di\u00e9 \u00e0 la partie nuit, pens\u00e9 pour fermer les cabines armoires et les niches. Une proposition qui compl\u00e8te les portes","og_url":"https:\/\/www.rimadesio.it\/fr\/product\/graphis-light\/","og_site_name":"Rimadesio","article_modified_time":"2026-04-15T13:59:29+00:00","twitter_card":"summary_large_image","schema":{"@context":"https:\/\/schema.org","@graph":[{"@type":"WebPage","@id":"https:\/\/www.rimadesio.it\/fr\/product\/graphis-light\/","url":"https:\/\/www.rimadesio.it\/fr\/product\/graphis-light\/","name":"Graphis light - Rimadesio","isPartOf":{"@id":"https:\/\/www.rimadesio.it\/fr\/#website"},"datePublished":"2022-01-05T16:47:24+00:00","dateModified":"2026-04-15T13:59:29+00:00","description":"C\u2019est le syst\u00e8me sp\u00e9cialement d\u00e9di\u00e9 \u00e0 la partie nuit, pens\u00e9 pour fermer les cabines armoires et les niches. Une proposition qui compl\u00e8te les portes","breadcrumb":{"@id":"https:\/\/www.rimadesio.it\/fr\/product\/graphis-light\/#breadcrumb"},"inLanguage":"fr-FR","potentialAction":[{"@type":"ReadAction","target":["https:\/\/www.rimadesio.it\/fr\/product\/graphis-light\/"]}]},{"@type":"BreadcrumbList","@id":"https:\/\/www.rimadesio.it\/fr\/product\/graphis-light\/#breadcrumb","itemListElement":[{"@type":"ListItem","position":1,"name":"Homepage","item":"https:\/\/www.rimadesio.it\/fr\/"},{"@type":"ListItem","position":2,"name":"Produits","item":"https:\/\/www.rimadesio.it\/fr\/product\/"},{"@type":"ListItem","position":3,"name":"Panneaux coulissants","item":"https:\/\/www.rimadesio.it\/fr\/product-category\/panneaux-coulissants\/"},{"@type":"ListItem","position":4,"name":"Coulissants","item":"https:\/\/www.rimadesio.it\/fr\/product-category\/panneaux-coulissants\/coulissants\/"},{"@type":"ListItem","position":5,"name":"Graphis light"}]},{"@type":"WebSite","@id":"https:\/\/www.rimadesio.it\/fr\/#website","url":"https:\/\/www.rimadesio.it\/fr\/","name":"Rimadesio","description":"Rimadesio official website","publisher":{"@id":"https:\/\/www.rimadesio.it\/fr\/#organization"},"potentialAction":[{"@type":"SearchAction","target":{"@type":"EntryPoint","urlTemplate":"https:\/\/www.rimadesio.it\/fr\/?s={search_term_string}"},"query-input":"required name=search_term_string"}],"inLanguage":"fr-FR"},{"@type":"Organization","@id":"https:\/\/www.rimadesio.it\/fr\/#organization","name":"Rimadesio","url":"https:\/\/www.rimadesio.it\/fr\/","logo":{"@type":"ImageObject","inLanguage":"fr-FR","@id":"https:\/\/www.rimadesio.it\/fr\/#\/schema\/logo\/image\/","url":"https:\/\/static.rimadesio.it\/media\/2021\/08\/Logo.png","contentUrl":"https:\/\/static.rimadesio.it\/media\/2021\/08\/Logo.png","width":102,"height":18,"caption":"Rimadesio"},"image":{"@id":"https:\/\/www.rimadesio.it\/fr\/#\/schema\/logo\/image\/"}}]}},"_links":{"self":[{"href":"https:\/\/www.rimadesio.it\/fr\/wp-json\/wp\/v2\/product\/147867"}],"collection":[{"href":"https:\/\/www.rimadesio.it\/fr\/wp-json\/wp\/v2\/product"}],"about":[{"href":"https:\/\/www.rimadesio.it\/fr\/wp-json\/wp\/v2\/types\/product"}],"wp:attachment":[{"href":"https:\/\/www.rimadesio.it\/fr\/wp-json\/wp\/v2\/media?parent=147867"}],"wp:term":[{"taxonomy":"product_category","embeddable":true,"href":"https:\/\/www.rimadesio.it\/fr\/wp-json\/wp\/v2\/product_category?post=147867"}],"curies":[{"name":"wp","href":"https:\/\/api.w.org\/{rel}","templated":true}]}}