{"id":147401,"date":"2022-01-03T23:56:54","date_gmt":"2022-01-03T22:56:54","guid":{"rendered":"https:\/\/www.rimadesio.it\/product\/sail-2\/"},"modified":"2026-04-15T16:06:01","modified_gmt":"2026-04-15T14:06:01","slug":"sail","status":"publish","type":"product","link":"https:\/\/www.rimadesio.it\/fr\/product\/sail\/","title":{"rendered":"Sail"},"content":{"rendered":"<p>Une porte coulissante parfaitement biface qui associe aux prestations techniques et fonctionnelles une esth\u00e9tique originale et avec une forte valeur expressive.<\/p>\n<div class=\"content-view-more font-large-sans active\">R\u00e9sultat d&#8217;une recherche technologique attentive et d&#8217;un travail manuel complexe dans l\u2019assemblage des \u00e9l\u00e9ments, Sail se pr\u00e9sente dans la partie jour comme dans la partie nuit, comme un v\u00e9ritable \u00e9l\u00e9ment d\u2019ameublement. Les solutions de coordination entre les finitions des verres Rimadesio et l\u2019aluminium des \u00e9l\u00e9ments structurels, disponibles aussi dans la version avec rev\u00eatement noyer ou ch\u00eane thermotrait\u00e9.<\/div>\n","protected":false},"featured_media":0,"template":"","product_category":[424,425,588,589],"acf":[],"yoast_head":"<!-- This site is optimized with the Yoast SEO plugin v20.4 - https:\/\/yoast.com\/wordpress\/plugins\/seo\/ -->\n<title>Sail - Rimadesio<\/title>\n<meta name=\"description\" content=\"Une porte coulissante parfaitement biface qui associe aux prestations techniques et fonctionnelles une esth\u00e9tique originale et avec une forte valeur\" \/>\n<meta name=\"robots\" content=\"index, follow, max-snippet:-1, max-image-preview:large, max-video-preview:-1\" \/>\n<link rel=\"canonical\" href=\"https:\/\/www.rimadesio.it\/fr\/product\/sail\/\" \/>\n<meta property=\"og:locale\" content=\"fr_FR\" \/>\n<meta property=\"og:type\" content=\"article\" \/>\n<meta property=\"og:title\" content=\"Sail - Rimadesio\" \/>\n<meta property=\"og:description\" content=\"Une porte coulissante parfaitement biface qui associe aux prestations techniques et fonctionnelles une esth\u00e9tique originale et avec une forte valeur\" \/>\n<meta property=\"og:url\" content=\"https:\/\/www.rimadesio.it\/fr\/product\/sail\/\" \/>\n<meta property=\"og:site_name\" content=\"Rimadesio\" \/>\n<meta property=\"article:modified_time\" content=\"2026-04-15T14:06:01+00:00\" \/>\n<meta name=\"twitter:card\" content=\"summary_large_image\" \/>\n<script type=\"application\/ld+json\" class=\"yoast-schema-graph\">{\"@context\":\"https:\/\/schema.org\",\"@graph\":[{\"@type\":\"WebPage\",\"@id\":\"https:\/\/www.rimadesio.it\/fr\/product\/sail\/\",\"url\":\"https:\/\/www.rimadesio.it\/fr\/product\/sail\/\",\"name\":\"Sail - Rimadesio\",\"isPartOf\":{\"@id\":\"https:\/\/www.rimadesio.it\/fr\/#website\"},\"datePublished\":\"2022-01-03T22:56:54+00:00\",\"dateModified\":\"2026-04-15T14:06:01+00:00\",\"description\":\"Une porte coulissante parfaitement biface qui associe aux prestations techniques et fonctionnelles une esth\u00e9tique originale et avec une forte valeur\",\"breadcrumb\":{\"@id\":\"https:\/\/www.rimadesio.it\/fr\/product\/sail\/#breadcrumb\"},\"inLanguage\":\"fr-FR\",\"potentialAction\":[{\"@type\":\"ReadAction\",\"target\":[\"https:\/\/www.rimadesio.it\/fr\/product\/sail\/\"]}]},{\"@type\":\"BreadcrumbList\",\"@id\":\"https:\/\/www.rimadesio.it\/fr\/product\/sail\/#breadcrumb\",\"itemListElement\":[{\"@type\":\"ListItem\",\"position\":1,\"name\":\"Homepage\",\"item\":\"https:\/\/www.rimadesio.it\/fr\/\"},{\"@type\":\"ListItem\",\"position\":2,\"name\":\"Produits\",\"item\":\"https:\/\/www.rimadesio.it\/fr\/product\/\"},{\"@type\":\"ListItem\",\"position\":3,\"name\":\"Panneaux coulissants\",\"item\":\"https:\/\/www.rimadesio.it\/fr\/product-category\/panneaux-coulissants\/\"},{\"@type\":\"ListItem\",\"position\":4,\"name\":\"Coulissants\",\"item\":\"https:\/\/www.rimadesio.it\/fr\/product-category\/panneaux-coulissants\/coulissants\/\"},{\"@type\":\"ListItem\",\"position\":5,\"name\":\"Sail\"}]},{\"@type\":\"WebSite\",\"@id\":\"https:\/\/www.rimadesio.it\/fr\/#website\",\"url\":\"https:\/\/www.rimadesio.it\/fr\/\",\"name\":\"Rimadesio\",\"description\":\"Rimadesio official website\",\"publisher\":{\"@id\":\"https:\/\/www.rimadesio.it\/fr\/#organization\"},\"potentialAction\":[{\"@type\":\"SearchAction\",\"target\":{\"@type\":\"EntryPoint\",\"urlTemplate\":\"https:\/\/www.rimadesio.it\/fr\/?s={search_term_string}\"},\"query-input\":\"required name=search_term_string\"}],\"inLanguage\":\"fr-FR\"},{\"@type\":\"Organization\",\"@id\":\"https:\/\/www.rimadesio.it\/fr\/#organization\",\"name\":\"Rimadesio\",\"url\":\"https:\/\/www.rimadesio.it\/fr\/\",\"logo\":{\"@type\":\"ImageObject\",\"inLanguage\":\"fr-FR\",\"@id\":\"https:\/\/www.rimadesio.it\/fr\/#\/schema\/logo\/image\/\",\"url\":\"https:\/\/static.rimadesio.it\/media\/2021\/08\/Logo.png\",\"contentUrl\":\"https:\/\/static.rimadesio.it\/media\/2021\/08\/Logo.png\",\"width\":102,\"height\":18,\"caption\":\"Rimadesio\"},\"image\":{\"@id\":\"https:\/\/www.rimadesio.it\/fr\/#\/schema\/logo\/image\/\"}}]}<\/script>\n<!-- \/ Yoast SEO plugin. -->","yoast_head_json":{"title":"Sail - Rimadesio","description":"Une porte coulissante parfaitement biface qui associe aux prestations techniques et fonctionnelles une esth\u00e9tique originale et avec une forte valeur","robots":{"index":"index","follow":"follow","max-snippet":"max-snippet:-1","max-image-preview":"max-image-preview:large","max-video-preview":"max-video-preview:-1"},"canonical":"https:\/\/www.rimadesio.it\/fr\/product\/sail\/","og_locale":"fr_FR","og_type":"article","og_title":"Sail - Rimadesio","og_description":"Une porte coulissante parfaitement biface qui associe aux prestations techniques et fonctionnelles une esth\u00e9tique originale et avec une forte valeur","og_url":"https:\/\/www.rimadesio.it\/fr\/product\/sail\/","og_site_name":"Rimadesio","article_modified_time":"2026-04-15T14:06:01+00:00","twitter_card":"summary_large_image","schema":{"@context":"https:\/\/schema.org","@graph":[{"@type":"WebPage","@id":"https:\/\/www.rimadesio.it\/fr\/product\/sail\/","url":"https:\/\/www.rimadesio.it\/fr\/product\/sail\/","name":"Sail - Rimadesio","isPartOf":{"@id":"https:\/\/www.rimadesio.it\/fr\/#website"},"datePublished":"2022-01-03T22:56:54+00:00","dateModified":"2026-04-15T14:06:01+00:00","description":"Une porte coulissante parfaitement biface qui associe aux prestations techniques et fonctionnelles une esth\u00e9tique originale et avec une forte valeur","breadcrumb":{"@id":"https:\/\/www.rimadesio.it\/fr\/product\/sail\/#breadcrumb"},"inLanguage":"fr-FR","potentialAction":[{"@type":"ReadAction","target":["https:\/\/www.rimadesio.it\/fr\/product\/sail\/"]}]},{"@type":"BreadcrumbList","@id":"https:\/\/www.rimadesio.it\/fr\/product\/sail\/#breadcrumb","itemListElement":[{"@type":"ListItem","position":1,"name":"Homepage","item":"https:\/\/www.rimadesio.it\/fr\/"},{"@type":"ListItem","position":2,"name":"Produits","item":"https:\/\/www.rimadesio.it\/fr\/product\/"},{"@type":"ListItem","position":3,"name":"Panneaux coulissants","item":"https:\/\/www.rimadesio.it\/fr\/product-category\/panneaux-coulissants\/"},{"@type":"ListItem","position":4,"name":"Coulissants","item":"https:\/\/www.rimadesio.it\/fr\/product-category\/panneaux-coulissants\/coulissants\/"},{"@type":"ListItem","position":5,"name":"Sail"}]},{"@type":"WebSite","@id":"https:\/\/www.rimadesio.it\/fr\/#website","url":"https:\/\/www.rimadesio.it\/fr\/","name":"Rimadesio","description":"Rimadesio official website","publisher":{"@id":"https:\/\/www.rimadesio.it\/fr\/#organization"},"potentialAction":[{"@type":"SearchAction","target":{"@type":"EntryPoint","urlTemplate":"https:\/\/www.rimadesio.it\/fr\/?s={search_term_string}"},"query-input":"required name=search_term_string"}],"inLanguage":"fr-FR"},{"@type":"Organization","@id":"https:\/\/www.rimadesio.it\/fr\/#organization","name":"Rimadesio","url":"https:\/\/www.rimadesio.it\/fr\/","logo":{"@type":"ImageObject","inLanguage":"fr-FR","@id":"https:\/\/www.rimadesio.it\/fr\/#\/schema\/logo\/image\/","url":"https:\/\/static.rimadesio.it\/media\/2021\/08\/Logo.png","contentUrl":"https:\/\/static.rimadesio.it\/media\/2021\/08\/Logo.png","width":102,"height":18,"caption":"Rimadesio"},"image":{"@id":"https:\/\/www.rimadesio.it\/fr\/#\/schema\/logo\/image\/"}}]}},"_links":{"self":[{"href":"https:\/\/www.rimadesio.it\/fr\/wp-json\/wp\/v2\/product\/147401"}],"collection":[{"href":"https:\/\/www.rimadesio.it\/fr\/wp-json\/wp\/v2\/product"}],"about":[{"href":"https:\/\/www.rimadesio.it\/fr\/wp-json\/wp\/v2\/types\/product"}],"wp:attachment":[{"href":"https:\/\/www.rimadesio.it\/fr\/wp-json\/wp\/v2\/media?parent=147401"}],"wp:term":[{"taxonomy":"product_category","embeddable":true,"href":"https:\/\/www.rimadesio.it\/fr\/wp-json\/wp\/v2\/product_category?post=147401"}],"curies":[{"name":"wp","href":"https:\/\/api.w.org\/{rel}","templated":true}]}}