{"id":158942,"date":"2023-03-15T09:44:00","date_gmt":"2023-03-15T08:44:00","guid":{"rendered":"https:\/\/www.rimadesio.it\/?page_id=158942"},"modified":"2023-03-15T09:44:00","modified_gmt":"2023-03-15T08:44:00","slug":"sante-securite-environnement","status":"publish","type":"page","link":"https:\/\/www.rimadesio.it\/fr\/about-us\/sante-securite-environnement\/","title":{"rendered":"Sant\u00e9, s\u00e9curit\u00e9, environnement"},"content":{"rendered":"<p>L&#8217;attention constante port\u00e9e depuis longtemps par l&#8217;entreprise aux questions environnementales, va de pair avec son fort engagement dans le domaine de la sant\u00e9 et de la s\u00e9curit\u00e9 au travail. Rimadesio s&#8217;est toujours engag\u00e9e dans la cr\u00e9ation, le maintien et l&#8217;am\u00e9lioration continue d&#8217;un environnement de travail \u00e0 la fois sain et s\u00fbr pour son personnel et les tiers.<\/p>\n","protected":false},"excerpt":{"rendered":"<p>L&#8217;attention constante port\u00e9e depuis longtemps par l&#8217;entreprise aux questions environnementales, va de pair avec son fort engagement dans le domaine de la sant\u00e9 et de la s\u00e9curit\u00e9 au travail. Rimadesio s&#8217;est toujours engag\u00e9e dans la cr\u00e9ation, le maintien et l&#8217;am\u00e9lioration continue d&#8217;un environnement de travail \u00e0 la fois sain et s\u00fbr pour son personnel et &hellip; <a href=\"https:\/\/www.rimadesio.it\/fr\/about-us\/sante-securite-environnement\/\">More<\/a><\/p>\n","protected":false},"author":4,"featured_media":0,"parent":154875,"menu_order":154,"comment_status":"closed","ping_status":"closed","template":"","meta":{"inline_featured_image":false},"acf":[],"yoast_head":"<!-- This site is optimized with the Yoast SEO plugin v20.4 - https:\/\/yoast.com\/wordpress\/plugins\/seo\/ -->\n<title>Sant\u00e9, s\u00e9curit\u00e9, environnement - Rimadesio<\/title>\n<meta name=\"description\" content=\"L&#039;attention constante port\u00e9e depuis longtemps par l&#039;entreprise aux questions environnementales, va de pair avec son fort engagement dans le domaine de la\" \/>\n<meta name=\"robots\" content=\"index, follow, max-snippet:-1, max-image-preview:large, max-video-preview:-1\" \/>\n<link rel=\"canonical\" href=\"https:\/\/www.rimadesio.it\/fr\/about-us\/sante-securite-environnement\/\" \/>\n<meta property=\"og:locale\" content=\"fr_FR\" \/>\n<meta property=\"og:type\" content=\"article\" \/>\n<meta property=\"og:title\" content=\"Sant\u00e9, s\u00e9curit\u00e9, environnement - Rimadesio\" \/>\n<meta property=\"og:description\" content=\"L&#039;attention constante port\u00e9e depuis longtemps par l&#039;entreprise aux questions environnementales, va de pair avec son fort engagement dans le domaine de la\" \/>\n<meta property=\"og:url\" content=\"https:\/\/www.rimadesio.it\/fr\/about-us\/sante-securite-environnement\/\" \/>\n<meta property=\"og:site_name\" content=\"Rimadesio\" \/>\n<meta name=\"twitter:card\" content=\"summary_large_image\" \/>\n<script type=\"application\/ld+json\" class=\"yoast-schema-graph\">{\"@context\":\"https:\/\/schema.org\",\"@graph\":[{\"@type\":\"WebPage\",\"@id\":\"https:\/\/www.rimadesio.it\/fr\/about-us\/sante-securite-environnement\/\",\"url\":\"https:\/\/www.rimadesio.it\/fr\/about-us\/sante-securite-environnement\/\",\"name\":\"Sant\u00e9, s\u00e9curit\u00e9, environnement - Rimadesio\",\"isPartOf\":{\"@id\":\"https:\/\/www.rimadesio.it\/fr\/#website\"},\"datePublished\":\"2023-03-15T08:44:00+00:00\",\"dateModified\":\"2023-03-15T08:44:00+00:00\",\"description\":\"L'attention constante port\u00e9e depuis longtemps par l'entreprise aux questions environnementales, va de pair avec son fort engagement dans le domaine de la\",\"breadcrumb\":{\"@id\":\"https:\/\/www.rimadesio.it\/fr\/about-us\/sante-securite-environnement\/#breadcrumb\"},\"inLanguage\":\"fr-FR\",\"potentialAction\":[{\"@type\":\"ReadAction\",\"target\":[\"https:\/\/www.rimadesio.it\/fr\/about-us\/sante-securite-environnement\/\"]}]},{\"@type\":\"BreadcrumbList\",\"@id\":\"https:\/\/www.rimadesio.it\/fr\/about-us\/sante-securite-environnement\/#breadcrumb\",\"itemListElement\":[{\"@type\":\"ListItem\",\"position\":1,\"name\":\"Homepage\",\"item\":\"https:\/\/www.rimadesio.it\/fr\/\"},{\"@type\":\"ListItem\",\"position\":2,\"name\":\"About Us\",\"item\":\"https:\/\/www.rimadesio.it\/fr\/about-us\/\"},{\"@type\":\"ListItem\",\"position\":3,\"name\":\"Sant\u00e9, s\u00e9curit\u00e9, environnement\"}]},{\"@type\":\"WebSite\",\"@id\":\"https:\/\/www.rimadesio.it\/fr\/#website\",\"url\":\"https:\/\/www.rimadesio.it\/fr\/\",\"name\":\"Rimadesio\",\"description\":\"Rimadesio official website\",\"publisher\":{\"@id\":\"https:\/\/www.rimadesio.it\/fr\/#organization\"},\"potentialAction\":[{\"@type\":\"SearchAction\",\"target\":{\"@type\":\"EntryPoint\",\"urlTemplate\":\"https:\/\/www.rimadesio.it\/fr\/?s={search_term_string}\"},\"query-input\":\"required name=search_term_string\"}],\"inLanguage\":\"fr-FR\"},{\"@type\":\"Organization\",\"@id\":\"https:\/\/www.rimadesio.it\/fr\/#organization\",\"name\":\"Rimadesio\",\"url\":\"https:\/\/www.rimadesio.it\/fr\/\",\"logo\":{\"@type\":\"ImageObject\",\"inLanguage\":\"fr-FR\",\"@id\":\"https:\/\/www.rimadesio.it\/fr\/#\/schema\/logo\/image\/\",\"url\":\"https:\/\/static.rimadesio.it\/media\/2021\/08\/Logo.png\",\"contentUrl\":\"https:\/\/static.rimadesio.it\/media\/2021\/08\/Logo.png\",\"width\":102,\"height\":18,\"caption\":\"Rimadesio\"},\"image\":{\"@id\":\"https:\/\/www.rimadesio.it\/fr\/#\/schema\/logo\/image\/\"}}]}<\/script>\n<!-- \/ Yoast SEO plugin. -->","yoast_head_json":{"title":"Sant\u00e9, s\u00e9curit\u00e9, environnement - Rimadesio","description":"L'attention constante port\u00e9e depuis longtemps par l'entreprise aux questions environnementales, va de pair avec son fort engagement dans le domaine de la","robots":{"index":"index","follow":"follow","max-snippet":"max-snippet:-1","max-image-preview":"max-image-preview:large","max-video-preview":"max-video-preview:-1"},"canonical":"https:\/\/www.rimadesio.it\/fr\/about-us\/sante-securite-environnement\/","og_locale":"fr_FR","og_type":"article","og_title":"Sant\u00e9, s\u00e9curit\u00e9, environnement - Rimadesio","og_description":"L'attention constante port\u00e9e depuis longtemps par l'entreprise aux questions environnementales, va de pair avec son fort engagement dans le domaine de la","og_url":"https:\/\/www.rimadesio.it\/fr\/about-us\/sante-securite-environnement\/","og_site_name":"Rimadesio","twitter_card":"summary_large_image","schema":{"@context":"https:\/\/schema.org","@graph":[{"@type":"WebPage","@id":"https:\/\/www.rimadesio.it\/fr\/about-us\/sante-securite-environnement\/","url":"https:\/\/www.rimadesio.it\/fr\/about-us\/sante-securite-environnement\/","name":"Sant\u00e9, s\u00e9curit\u00e9, environnement - Rimadesio","isPartOf":{"@id":"https:\/\/www.rimadesio.it\/fr\/#website"},"datePublished":"2023-03-15T08:44:00+00:00","dateModified":"2023-03-15T08:44:00+00:00","description":"L'attention constante port\u00e9e depuis longtemps par l'entreprise aux questions environnementales, va de pair avec son fort engagement dans le domaine de la","breadcrumb":{"@id":"https:\/\/www.rimadesio.it\/fr\/about-us\/sante-securite-environnement\/#breadcrumb"},"inLanguage":"fr-FR","potentialAction":[{"@type":"ReadAction","target":["https:\/\/www.rimadesio.it\/fr\/about-us\/sante-securite-environnement\/"]}]},{"@type":"BreadcrumbList","@id":"https:\/\/www.rimadesio.it\/fr\/about-us\/sante-securite-environnement\/#breadcrumb","itemListElement":[{"@type":"ListItem","position":1,"name":"Homepage","item":"https:\/\/www.rimadesio.it\/fr\/"},{"@type":"ListItem","position":2,"name":"About Us","item":"https:\/\/www.rimadesio.it\/fr\/about-us\/"},{"@type":"ListItem","position":3,"name":"Sant\u00e9, s\u00e9curit\u00e9, environnement"}]},{"@type":"WebSite","@id":"https:\/\/www.rimadesio.it\/fr\/#website","url":"https:\/\/www.rimadesio.it\/fr\/","name":"Rimadesio","description":"Rimadesio official website","publisher":{"@id":"https:\/\/www.rimadesio.it\/fr\/#organization"},"potentialAction":[{"@type":"SearchAction","target":{"@type":"EntryPoint","urlTemplate":"https:\/\/www.rimadesio.it\/fr\/?s={search_term_string}"},"query-input":"required name=search_term_string"}],"inLanguage":"fr-FR"},{"@type":"Organization","@id":"https:\/\/www.rimadesio.it\/fr\/#organization","name":"Rimadesio","url":"https:\/\/www.rimadesio.it\/fr\/","logo":{"@type":"ImageObject","inLanguage":"fr-FR","@id":"https:\/\/www.rimadesio.it\/fr\/#\/schema\/logo\/image\/","url":"https:\/\/static.rimadesio.it\/media\/2021\/08\/Logo.png","contentUrl":"https:\/\/static.rimadesio.it\/media\/2021\/08\/Logo.png","width":102,"height":18,"caption":"Rimadesio"},"image":{"@id":"https:\/\/www.rimadesio.it\/fr\/#\/schema\/logo\/image\/"}}]}},"_links":{"self":[{"href":"https:\/\/www.rimadesio.it\/fr\/wp-json\/wp\/v2\/pages\/158942"}],"collection":[{"href":"https:\/\/www.rimadesio.it\/fr\/wp-json\/wp\/v2\/pages"}],"about":[{"href":"https:\/\/www.rimadesio.it\/fr\/wp-json\/wp\/v2\/types\/page"}],"author":[{"embeddable":true,"href":"https:\/\/www.rimadesio.it\/fr\/wp-json\/wp\/v2\/users\/4"}],"replies":[{"embeddable":true,"href":"https:\/\/www.rimadesio.it\/fr\/wp-json\/wp\/v2\/comments?post=158942"}],"version-history":[{"count":1,"href":"https:\/\/www.rimadesio.it\/fr\/wp-json\/wp\/v2\/pages\/158942\/revisions"}],"predecessor-version":[{"id":158948,"href":"https:\/\/www.rimadesio.it\/fr\/wp-json\/wp\/v2\/pages\/158942\/revisions\/158948"}],"up":[{"embeddable":true,"href":"https:\/\/www.rimadesio.it\/fr\/wp-json\/wp\/v2\/pages\/154875"}],"wp:attachment":[{"href":"https:\/\/www.rimadesio.it\/fr\/wp-json\/wp\/v2\/media?parent=158942"}],"curies":[{"name":"wp","href":"https:\/\/api.w.org\/{rel}","templated":true}]}}