{"id":157175,"date":"2022-06-05T10:16:32","date_gmt":"2022-06-05T08:16:32","guid":{"rendered":"https:\/\/www.rimadesio.it\/?page_id=157175"},"modified":"2022-07-25T16:45:38","modified_gmt":"2022-07-25T14:45:38","slug":"the-good-living","status":"publish","type":"page","link":"https:\/\/www.rimadesio.it\/fr\/the-good-living\/","title":{"rendered":"The Good Living"},"content":{"rendered":"<p>Avec The Good Living, c&#8217;est l&#8217;id\u00e9e de conception particuli\u00e8re de Rimadesio, o\u00f9 la technologie, la recherche sur les mat\u00e9riaux et les choix de production jouent un r\u00f4le fondamental, qui entre en sc\u00e8ne. Une conception qui sugg\u00e8re un nouveau style de vie, une dimension id\u00e9ale pour tendre vers un meilleur \u00e9quilibre entre le plaisir d&#8217;habiter un lieu et la relation avec l&#8217;espace dans lequel nous vivons.<\/p>\n","protected":false},"excerpt":{"rendered":"<p>Avec The Good Living, c&#8217;est l&#8217;id\u00e9e de conception particuli\u00e8re de Rimadesio, o\u00f9 la technologie, la recherche sur les mat\u00e9riaux et les choix de production jouent un r\u00f4le fondamental, qui entre en sc\u00e8ne. Une conception qui sugg\u00e8re un nouveau style de vie, une dimension id\u00e9ale pour tendre vers un meilleur \u00e9quilibre entre le plaisir d&#8217;habiter un &hellip; <a href=\"https:\/\/www.rimadesio.it\/fr\/the-good-living\/\">More<\/a><\/p>\n","protected":false},"author":7,"featured_media":0,"parent":0,"menu_order":190,"comment_status":"closed","ping_status":"closed","template":"","meta":{"inline_featured_image":false},"acf":[],"yoast_head":"<!-- This site is optimized with the Yoast SEO plugin v20.4 - https:\/\/yoast.com\/wordpress\/plugins\/seo\/ -->\n<title>The Good Living - Rimadesio<\/title>\n<meta name=\"description\" content=\"Avec The Good Living, c&#039;est l&#039;id\u00e9e de conception particuli\u00e8re de Rimadesio, o\u00f9 la technologie, la recherche sur les mat\u00e9riaux et les choix de production\" \/>\n<meta name=\"robots\" content=\"index, follow, max-snippet:-1, max-image-preview:large, max-video-preview:-1\" \/>\n<link rel=\"canonical\" href=\"https:\/\/www.rimadesio.it\/fr\/the-good-living\/\" \/>\n<meta property=\"og:locale\" content=\"fr_FR\" \/>\n<meta property=\"og:type\" content=\"article\" \/>\n<meta property=\"og:title\" content=\"The Good Living - Rimadesio\" \/>\n<meta property=\"og:description\" content=\"Avec The Good Living, c&#039;est l&#039;id\u00e9e de conception particuli\u00e8re de Rimadesio, o\u00f9 la technologie, la recherche sur les mat\u00e9riaux et les choix de production\" \/>\n<meta property=\"og:url\" content=\"https:\/\/www.rimadesio.it\/fr\/the-good-living\/\" \/>\n<meta property=\"og:site_name\" content=\"Rimadesio\" \/>\n<meta property=\"article:modified_time\" content=\"2022-07-25T14:45:38+00:00\" \/>\n<meta name=\"twitter:card\" content=\"summary_large_image\" \/>\n<meta name=\"twitter:label1\" content=\"Est. reading time\" \/>\n\t<meta name=\"twitter:data1\" content=\"1 minute\" \/>\n<script type=\"application\/ld+json\" class=\"yoast-schema-graph\">{\"@context\":\"https:\/\/schema.org\",\"@graph\":[{\"@type\":\"WebPage\",\"@id\":\"https:\/\/www.rimadesio.it\/fr\/the-good-living\/\",\"url\":\"https:\/\/www.rimadesio.it\/fr\/the-good-living\/\",\"name\":\"The Good Living - Rimadesio\",\"isPartOf\":{\"@id\":\"https:\/\/www.rimadesio.it\/fr\/#website\"},\"datePublished\":\"2022-06-05T08:16:32+00:00\",\"dateModified\":\"2022-07-25T14:45:38+00:00\",\"description\":\"Avec The Good Living, c'est l'id\u00e9e de conception particuli\u00e8re de Rimadesio, o\u00f9 la technologie, la recherche sur les mat\u00e9riaux et les choix de production\",\"breadcrumb\":{\"@id\":\"https:\/\/www.rimadesio.it\/fr\/the-good-living\/#breadcrumb\"},\"inLanguage\":\"fr-FR\",\"potentialAction\":[{\"@type\":\"ReadAction\",\"target\":[\"https:\/\/www.rimadesio.it\/fr\/the-good-living\/\"]}]},{\"@type\":\"BreadcrumbList\",\"@id\":\"https:\/\/www.rimadesio.it\/fr\/the-good-living\/#breadcrumb\",\"itemListElement\":[{\"@type\":\"ListItem\",\"position\":1,\"name\":\"Homepage\",\"item\":\"https:\/\/www.rimadesio.it\/fr\/\"},{\"@type\":\"ListItem\",\"position\":2,\"name\":\"The Good Living\"}]},{\"@type\":\"WebSite\",\"@id\":\"https:\/\/www.rimadesio.it\/fr\/#website\",\"url\":\"https:\/\/www.rimadesio.it\/fr\/\",\"name\":\"Rimadesio\",\"description\":\"Rimadesio official website\",\"publisher\":{\"@id\":\"https:\/\/www.rimadesio.it\/fr\/#organization\"},\"potentialAction\":[{\"@type\":\"SearchAction\",\"target\":{\"@type\":\"EntryPoint\",\"urlTemplate\":\"https:\/\/www.rimadesio.it\/fr\/?s={search_term_string}\"},\"query-input\":\"required name=search_term_string\"}],\"inLanguage\":\"fr-FR\"},{\"@type\":\"Organization\",\"@id\":\"https:\/\/www.rimadesio.it\/fr\/#organization\",\"name\":\"Rimadesio\",\"url\":\"https:\/\/www.rimadesio.it\/fr\/\",\"logo\":{\"@type\":\"ImageObject\",\"inLanguage\":\"fr-FR\",\"@id\":\"https:\/\/www.rimadesio.it\/fr\/#\/schema\/logo\/image\/\",\"url\":\"https:\/\/static.rimadesio.it\/media\/2021\/08\/Logo.png\",\"contentUrl\":\"https:\/\/static.rimadesio.it\/media\/2021\/08\/Logo.png\",\"width\":102,\"height\":18,\"caption\":\"Rimadesio\"},\"image\":{\"@id\":\"https:\/\/www.rimadesio.it\/fr\/#\/schema\/logo\/image\/\"}}]}<\/script>\n<!-- \/ Yoast SEO plugin. -->","yoast_head_json":{"title":"The Good Living - Rimadesio","description":"Avec The Good Living, c'est l'id\u00e9e de conception particuli\u00e8re de Rimadesio, o\u00f9 la technologie, la recherche sur les mat\u00e9riaux et les choix de production","robots":{"index":"index","follow":"follow","max-snippet":"max-snippet:-1","max-image-preview":"max-image-preview:large","max-video-preview":"max-video-preview:-1"},"canonical":"https:\/\/www.rimadesio.it\/fr\/the-good-living\/","og_locale":"fr_FR","og_type":"article","og_title":"The Good Living - Rimadesio","og_description":"Avec The Good Living, c'est l'id\u00e9e de conception particuli\u00e8re de Rimadesio, o\u00f9 la technologie, la recherche sur les mat\u00e9riaux et les choix de production","og_url":"https:\/\/www.rimadesio.it\/fr\/the-good-living\/","og_site_name":"Rimadesio","article_modified_time":"2022-07-25T14:45:38+00:00","twitter_card":"summary_large_image","twitter_misc":{"Est. reading time":"1 minute"},"schema":{"@context":"https:\/\/schema.org","@graph":[{"@type":"WebPage","@id":"https:\/\/www.rimadesio.it\/fr\/the-good-living\/","url":"https:\/\/www.rimadesio.it\/fr\/the-good-living\/","name":"The Good Living - Rimadesio","isPartOf":{"@id":"https:\/\/www.rimadesio.it\/fr\/#website"},"datePublished":"2022-06-05T08:16:32+00:00","dateModified":"2022-07-25T14:45:38+00:00","description":"Avec The Good Living, c'est l'id\u00e9e de conception particuli\u00e8re de Rimadesio, o\u00f9 la technologie, la recherche sur les mat\u00e9riaux et les choix de production","breadcrumb":{"@id":"https:\/\/www.rimadesio.it\/fr\/the-good-living\/#breadcrumb"},"inLanguage":"fr-FR","potentialAction":[{"@type":"ReadAction","target":["https:\/\/www.rimadesio.it\/fr\/the-good-living\/"]}]},{"@type":"BreadcrumbList","@id":"https:\/\/www.rimadesio.it\/fr\/the-good-living\/#breadcrumb","itemListElement":[{"@type":"ListItem","position":1,"name":"Homepage","item":"https:\/\/www.rimadesio.it\/fr\/"},{"@type":"ListItem","position":2,"name":"The Good Living"}]},{"@type":"WebSite","@id":"https:\/\/www.rimadesio.it\/fr\/#website","url":"https:\/\/www.rimadesio.it\/fr\/","name":"Rimadesio","description":"Rimadesio official website","publisher":{"@id":"https:\/\/www.rimadesio.it\/fr\/#organization"},"potentialAction":[{"@type":"SearchAction","target":{"@type":"EntryPoint","urlTemplate":"https:\/\/www.rimadesio.it\/fr\/?s={search_term_string}"},"query-input":"required name=search_term_string"}],"inLanguage":"fr-FR"},{"@type":"Organization","@id":"https:\/\/www.rimadesio.it\/fr\/#organization","name":"Rimadesio","url":"https:\/\/www.rimadesio.it\/fr\/","logo":{"@type":"ImageObject","inLanguage":"fr-FR","@id":"https:\/\/www.rimadesio.it\/fr\/#\/schema\/logo\/image\/","url":"https:\/\/static.rimadesio.it\/media\/2021\/08\/Logo.png","contentUrl":"https:\/\/static.rimadesio.it\/media\/2021\/08\/Logo.png","width":102,"height":18,"caption":"Rimadesio"},"image":{"@id":"https:\/\/www.rimadesio.it\/fr\/#\/schema\/logo\/image\/"}}]}},"_links":{"self":[{"href":"https:\/\/www.rimadesio.it\/fr\/wp-json\/wp\/v2\/pages\/157175"}],"collection":[{"href":"https:\/\/www.rimadesio.it\/fr\/wp-json\/wp\/v2\/pages"}],"about":[{"href":"https:\/\/www.rimadesio.it\/fr\/wp-json\/wp\/v2\/types\/page"}],"author":[{"embeddable":true,"href":"https:\/\/www.rimadesio.it\/fr\/wp-json\/wp\/v2\/users\/7"}],"replies":[{"embeddable":true,"href":"https:\/\/www.rimadesio.it\/fr\/wp-json\/wp\/v2\/comments?post=157175"}],"version-history":[{"count":8,"href":"https:\/\/www.rimadesio.it\/fr\/wp-json\/wp\/v2\/pages\/157175\/revisions"}],"predecessor-version":[{"id":157673,"href":"https:\/\/www.rimadesio.it\/fr\/wp-json\/wp\/v2\/pages\/157175\/revisions\/157673"}],"wp:attachment":[{"href":"https:\/\/www.rimadesio.it\/fr\/wp-json\/wp\/v2\/media?parent=157175"}],"curies":[{"name":"wp","href":"https:\/\/api.w.org\/{rel}","templated":true}]}}