{"id":156740,"date":"2022-04-27T18:27:40","date_gmt":"2022-04-27T16:27:40","guid":{"rendered":"https:\/\/www.rimadesio.it\/?page_id=156740"},"modified":"2022-04-29T15:03:59","modified_gmt":"2022-04-29T13:03:59","slug":"anthology","status":"publish","type":"page","link":"https:\/\/www.rimadesio.it\/fr\/anthology\/","title":{"rendered":"Anthology"},"content":{"rendered":"<p>Des produits les plus r\u00e9cents aux mod\u00e8les classiques de la collection\u00a0: \u00e0 travers un recueil d\u2019images et de vid\u00e9os en situation, Anthology pr\u00e9sente un panorama des produits Rimadesio le plus iconiques, chacun \u00e9tant r\u00e9interpr\u00e9t\u00e9 sous une forme in\u00e9dite, dans se d\u00e9tails comme dans ses finitions.<\/p>\n","protected":false},"excerpt":{"rendered":"<p>Des produits les plus r\u00e9cents aux mod\u00e8les classiques de la collection\u00a0: \u00e0 travers un recueil d\u2019images et de vid\u00e9os en situation, Anthology pr\u00e9sente un panorama des produits Rimadesio le plus iconiques, chacun \u00e9tant r\u00e9interpr\u00e9t\u00e9 sous une forme in\u00e9dite, dans se d\u00e9tails comme dans ses finitions.<\/p>\n","protected":false},"author":7,"featured_media":0,"parent":0,"menu_order":199,"comment_status":"closed","ping_status":"closed","template":"","meta":{"inline_featured_image":false},"acf":[],"yoast_head":"<!-- This site is optimized with the Yoast SEO plugin v20.4 - https:\/\/yoast.com\/wordpress\/plugins\/seo\/ -->\n<title>Anthology - Rimadesio<\/title>\n<meta name=\"description\" content=\"Des produits les plus r\u00e9cents aux mod\u00e8les classiques de la collection\u00a0: \u00e0 travers un recueil d\u2019images et de vid\u00e9os en situation, Anthology pr\u00e9sente un\" \/>\n<meta name=\"robots\" content=\"index, follow, max-snippet:-1, max-image-preview:large, max-video-preview:-1\" \/>\n<link rel=\"canonical\" href=\"https:\/\/www.rimadesio.it\/fr\/anthology\/\" \/>\n<meta property=\"og:locale\" content=\"fr_FR\" \/>\n<meta property=\"og:type\" content=\"article\" \/>\n<meta property=\"og:title\" content=\"Anthology - Rimadesio\" \/>\n<meta property=\"og:description\" content=\"Des produits les plus r\u00e9cents aux mod\u00e8les classiques de la collection\u00a0: \u00e0 travers un recueil d\u2019images et de vid\u00e9os en situation, Anthology pr\u00e9sente un\" \/>\n<meta property=\"og:url\" content=\"https:\/\/www.rimadesio.it\/fr\/anthology\/\" \/>\n<meta property=\"og:site_name\" content=\"Rimadesio\" \/>\n<meta property=\"article:modified_time\" content=\"2022-04-29T13:03:59+00:00\" \/>\n<meta name=\"twitter:card\" content=\"summary_large_image\" \/>\n<script type=\"application\/ld+json\" class=\"yoast-schema-graph\">{\"@context\":\"https:\/\/schema.org\",\"@graph\":[{\"@type\":\"WebPage\",\"@id\":\"https:\/\/www.rimadesio.it\/fr\/anthology\/\",\"url\":\"https:\/\/www.rimadesio.it\/fr\/anthology\/\",\"name\":\"Anthology - Rimadesio\",\"isPartOf\":{\"@id\":\"https:\/\/www.rimadesio.it\/fr\/#website\"},\"datePublished\":\"2022-04-27T16:27:40+00:00\",\"dateModified\":\"2022-04-29T13:03:59+00:00\",\"description\":\"Des produits les plus r\u00e9cents aux mod\u00e8les classiques de la collection\u00a0: \u00e0 travers un recueil d\u2019images et de vid\u00e9os en situation, Anthology pr\u00e9sente un\",\"breadcrumb\":{\"@id\":\"https:\/\/www.rimadesio.it\/fr\/anthology\/#breadcrumb\"},\"inLanguage\":\"fr-FR\",\"potentialAction\":[{\"@type\":\"ReadAction\",\"target\":[\"https:\/\/www.rimadesio.it\/fr\/anthology\/\"]}]},{\"@type\":\"BreadcrumbList\",\"@id\":\"https:\/\/www.rimadesio.it\/fr\/anthology\/#breadcrumb\",\"itemListElement\":[{\"@type\":\"ListItem\",\"position\":1,\"name\":\"Homepage\",\"item\":\"https:\/\/www.rimadesio.it\/fr\/\"},{\"@type\":\"ListItem\",\"position\":2,\"name\":\"Anthology\"}]},{\"@type\":\"WebSite\",\"@id\":\"https:\/\/www.rimadesio.it\/fr\/#website\",\"url\":\"https:\/\/www.rimadesio.it\/fr\/\",\"name\":\"Rimadesio\",\"description\":\"Rimadesio official website\",\"publisher\":{\"@id\":\"https:\/\/www.rimadesio.it\/fr\/#organization\"},\"potentialAction\":[{\"@type\":\"SearchAction\",\"target\":{\"@type\":\"EntryPoint\",\"urlTemplate\":\"https:\/\/www.rimadesio.it\/fr\/?s={search_term_string}\"},\"query-input\":\"required name=search_term_string\"}],\"inLanguage\":\"fr-FR\"},{\"@type\":\"Organization\",\"@id\":\"https:\/\/www.rimadesio.it\/fr\/#organization\",\"name\":\"Rimadesio\",\"url\":\"https:\/\/www.rimadesio.it\/fr\/\",\"logo\":{\"@type\":\"ImageObject\",\"inLanguage\":\"fr-FR\",\"@id\":\"https:\/\/www.rimadesio.it\/fr\/#\/schema\/logo\/image\/\",\"url\":\"https:\/\/static.rimadesio.it\/media\/2021\/08\/Logo.png\",\"contentUrl\":\"https:\/\/static.rimadesio.it\/media\/2021\/08\/Logo.png\",\"width\":102,\"height\":18,\"caption\":\"Rimadesio\"},\"image\":{\"@id\":\"https:\/\/www.rimadesio.it\/fr\/#\/schema\/logo\/image\/\"}}]}<\/script>\n<!-- \/ Yoast SEO plugin. -->","yoast_head_json":{"title":"Anthology - Rimadesio","description":"Des produits les plus r\u00e9cents aux mod\u00e8les classiques de la collection\u00a0: \u00e0 travers un recueil d\u2019images et de vid\u00e9os en situation, Anthology pr\u00e9sente un","robots":{"index":"index","follow":"follow","max-snippet":"max-snippet:-1","max-image-preview":"max-image-preview:large","max-video-preview":"max-video-preview:-1"},"canonical":"https:\/\/www.rimadesio.it\/fr\/anthology\/","og_locale":"fr_FR","og_type":"article","og_title":"Anthology - Rimadesio","og_description":"Des produits les plus r\u00e9cents aux mod\u00e8les classiques de la collection\u00a0: \u00e0 travers un recueil d\u2019images et de vid\u00e9os en situation, Anthology pr\u00e9sente un","og_url":"https:\/\/www.rimadesio.it\/fr\/anthology\/","og_site_name":"Rimadesio","article_modified_time":"2022-04-29T13:03:59+00:00","twitter_card":"summary_large_image","schema":{"@context":"https:\/\/schema.org","@graph":[{"@type":"WebPage","@id":"https:\/\/www.rimadesio.it\/fr\/anthology\/","url":"https:\/\/www.rimadesio.it\/fr\/anthology\/","name":"Anthology - Rimadesio","isPartOf":{"@id":"https:\/\/www.rimadesio.it\/fr\/#website"},"datePublished":"2022-04-27T16:27:40+00:00","dateModified":"2022-04-29T13:03:59+00:00","description":"Des produits les plus r\u00e9cents aux mod\u00e8les classiques de la collection\u00a0: \u00e0 travers un recueil d\u2019images et de vid\u00e9os en situation, Anthology pr\u00e9sente un","breadcrumb":{"@id":"https:\/\/www.rimadesio.it\/fr\/anthology\/#breadcrumb"},"inLanguage":"fr-FR","potentialAction":[{"@type":"ReadAction","target":["https:\/\/www.rimadesio.it\/fr\/anthology\/"]}]},{"@type":"BreadcrumbList","@id":"https:\/\/www.rimadesio.it\/fr\/anthology\/#breadcrumb","itemListElement":[{"@type":"ListItem","position":1,"name":"Homepage","item":"https:\/\/www.rimadesio.it\/fr\/"},{"@type":"ListItem","position":2,"name":"Anthology"}]},{"@type":"WebSite","@id":"https:\/\/www.rimadesio.it\/fr\/#website","url":"https:\/\/www.rimadesio.it\/fr\/","name":"Rimadesio","description":"Rimadesio official website","publisher":{"@id":"https:\/\/www.rimadesio.it\/fr\/#organization"},"potentialAction":[{"@type":"SearchAction","target":{"@type":"EntryPoint","urlTemplate":"https:\/\/www.rimadesio.it\/fr\/?s={search_term_string}"},"query-input":"required name=search_term_string"}],"inLanguage":"fr-FR"},{"@type":"Organization","@id":"https:\/\/www.rimadesio.it\/fr\/#organization","name":"Rimadesio","url":"https:\/\/www.rimadesio.it\/fr\/","logo":{"@type":"ImageObject","inLanguage":"fr-FR","@id":"https:\/\/www.rimadesio.it\/fr\/#\/schema\/logo\/image\/","url":"https:\/\/static.rimadesio.it\/media\/2021\/08\/Logo.png","contentUrl":"https:\/\/static.rimadesio.it\/media\/2021\/08\/Logo.png","width":102,"height":18,"caption":"Rimadesio"},"image":{"@id":"https:\/\/www.rimadesio.it\/fr\/#\/schema\/logo\/image\/"}}]}},"_links":{"self":[{"href":"https:\/\/www.rimadesio.it\/fr\/wp-json\/wp\/v2\/pages\/156740"}],"collection":[{"href":"https:\/\/www.rimadesio.it\/fr\/wp-json\/wp\/v2\/pages"}],"about":[{"href":"https:\/\/www.rimadesio.it\/fr\/wp-json\/wp\/v2\/types\/page"}],"author":[{"embeddable":true,"href":"https:\/\/www.rimadesio.it\/fr\/wp-json\/wp\/v2\/users\/7"}],"replies":[{"embeddable":true,"href":"https:\/\/www.rimadesio.it\/fr\/wp-json\/wp\/v2\/comments?post=156740"}],"version-history":[{"count":9,"href":"https:\/\/www.rimadesio.it\/fr\/wp-json\/wp\/v2\/pages\/156740\/revisions"}],"predecessor-version":[{"id":156835,"href":"https:\/\/www.rimadesio.it\/fr\/wp-json\/wp\/v2\/pages\/156740\/revisions\/156835"}],"wp:attachment":[{"href":"https:\/\/www.rimadesio.it\/fr\/wp-json\/wp\/v2\/media?parent=156740"}],"curies":[{"name":"wp","href":"https:\/\/api.w.org\/{rel}","templated":true}]}}