{"id":155386,"date":"2022-03-22T16:21:30","date_gmt":"2022-03-22T15:21:30","guid":{"rendered":"https:\/\/www.rimadesio.it\/about-us\/audit\/"},"modified":"2025-08-05T12:13:06","modified_gmt":"2025-08-05T10:13:06","slug":"audit","status":"publish","type":"page","link":"https:\/\/www.rimadesio.it\/fr\/about-us\/audit\/","title":{"rendered":"Donn\u00e9es et Audit"},"content":{"rendered":"<p>Investissements, force de travail, distribution, chiffre d\u2019affaires\u00a0: chaque aspect de la r\u00e9alit\u00e9 Rimadesio est repr\u00e9sent\u00e9 par des donn\u00e9es et des graphiques qui permettent d\u2019en suivre de mani\u00e8re d\u00e9taill\u00e9e l\u2019\u00e9volution constante et progressive.<\/p>\n","protected":false},"excerpt":{"rendered":"<p>Investissements, force de travail, distribution, chiffre d\u2019affaires\u00a0: chaque aspect de la r\u00e9alit\u00e9 Rimadesio est repr\u00e9sent\u00e9 par des donn\u00e9es et des graphiques qui permettent d\u2019en suivre de mani\u00e8re d\u00e9taill\u00e9e l\u2019\u00e9volution constante et progressive.<\/p>\n","protected":false},"author":64297,"featured_media":21109,"parent":154875,"menu_order":407,"comment_status":"closed","ping_status":"closed","template":"","meta":{"inline_featured_image":false},"acf":[],"yoast_head":"<!-- This site is optimized with the Yoast SEO plugin v20.4 - https:\/\/yoast.com\/wordpress\/plugins\/seo\/ -->\n<title>Donn\u00e9es et Audit - Rimadesio<\/title>\n<meta name=\"description\" content=\"Investissements, force de travail, distribution, chiffre d\u2019affaires\u00a0: chaque aspect de la r\u00e9alit\u00e9 Rimadesio est repr\u00e9sent\u00e9 par des donn\u00e9es et des\" \/>\n<meta name=\"robots\" content=\"index, follow, max-snippet:-1, max-image-preview:large, max-video-preview:-1\" \/>\n<link rel=\"canonical\" href=\"https:\/\/www.rimadesio.it\/fr\/about-us\/audit\/\" \/>\n<meta property=\"og:locale\" content=\"fr_FR\" \/>\n<meta property=\"og:type\" content=\"article\" \/>\n<meta property=\"og:title\" content=\"Donn\u00e9es et Audit - Rimadesio\" \/>\n<meta property=\"og:description\" content=\"Investissements, force de travail, distribution, chiffre d\u2019affaires\u00a0: chaque aspect de la r\u00e9alit\u00e9 Rimadesio est repr\u00e9sent\u00e9 par des donn\u00e9es et des\" \/>\n<meta property=\"og:url\" content=\"https:\/\/www.rimadesio.it\/fr\/about-us\/audit\/\" \/>\n<meta property=\"og:site_name\" content=\"Rimadesio\" \/>\n<meta property=\"article:modified_time\" content=\"2025-08-05T10:13:06+00:00\" \/>\n<meta property=\"og:image\" content=\"https:\/\/static.rimadesio.it\/media\/2021\/08\/4-rimadesio-datireport.jpg\" \/>\n\t<meta property=\"og:image:width\" content=\"1920\" \/>\n\t<meta property=\"og:image:height\" content=\"1280\" \/>\n\t<meta property=\"og:image:type\" content=\"image\/jpeg\" \/>\n<meta name=\"twitter:card\" content=\"summary_large_image\" \/>\n<script type=\"application\/ld+json\" class=\"yoast-schema-graph\">{\"@context\":\"https:\/\/schema.org\",\"@graph\":[{\"@type\":\"WebPage\",\"@id\":\"https:\/\/www.rimadesio.it\/fr\/about-us\/audit\/\",\"url\":\"https:\/\/www.rimadesio.it\/fr\/about-us\/audit\/\",\"name\":\"Donn\u00e9es et Audit - Rimadesio\",\"isPartOf\":{\"@id\":\"https:\/\/www.rimadesio.it\/fr\/#website\"},\"datePublished\":\"2022-03-22T15:21:30+00:00\",\"dateModified\":\"2025-08-05T10:13:06+00:00\",\"description\":\"Investissements, force de travail, distribution, chiffre d\u2019affaires\u00a0: chaque aspect de la r\u00e9alit\u00e9 Rimadesio est repr\u00e9sent\u00e9 par des donn\u00e9es et des\",\"breadcrumb\":{\"@id\":\"https:\/\/www.rimadesio.it\/fr\/about-us\/audit\/#breadcrumb\"},\"inLanguage\":\"fr-FR\",\"potentialAction\":[{\"@type\":\"ReadAction\",\"target\":[\"https:\/\/www.rimadesio.it\/fr\/about-us\/audit\/\"]}]},{\"@type\":\"BreadcrumbList\",\"@id\":\"https:\/\/www.rimadesio.it\/fr\/about-us\/audit\/#breadcrumb\",\"itemListElement\":[{\"@type\":\"ListItem\",\"position\":1,\"name\":\"Homepage\",\"item\":\"https:\/\/www.rimadesio.it\/fr\/\"},{\"@type\":\"ListItem\",\"position\":2,\"name\":\"About Us\",\"item\":\"https:\/\/www.rimadesio.it\/fr\/about-us\/\"},{\"@type\":\"ListItem\",\"position\":3,\"name\":\"Donn\u00e9es et Audit\"}]},{\"@type\":\"WebSite\",\"@id\":\"https:\/\/www.rimadesio.it\/fr\/#website\",\"url\":\"https:\/\/www.rimadesio.it\/fr\/\",\"name\":\"Rimadesio\",\"description\":\"Rimadesio official website\",\"publisher\":{\"@id\":\"https:\/\/www.rimadesio.it\/fr\/#organization\"},\"potentialAction\":[{\"@type\":\"SearchAction\",\"target\":{\"@type\":\"EntryPoint\",\"urlTemplate\":\"https:\/\/www.rimadesio.it\/fr\/?s={search_term_string}\"},\"query-input\":\"required name=search_term_string\"}],\"inLanguage\":\"fr-FR\"},{\"@type\":\"Organization\",\"@id\":\"https:\/\/www.rimadesio.it\/fr\/#organization\",\"name\":\"Rimadesio\",\"url\":\"https:\/\/www.rimadesio.it\/fr\/\",\"logo\":{\"@type\":\"ImageObject\",\"inLanguage\":\"fr-FR\",\"@id\":\"https:\/\/www.rimadesio.it\/fr\/#\/schema\/logo\/image\/\",\"url\":\"https:\/\/static.rimadesio.it\/media\/2021\/08\/Logo.png\",\"contentUrl\":\"https:\/\/static.rimadesio.it\/media\/2021\/08\/Logo.png\",\"width\":102,\"height\":18,\"caption\":\"Rimadesio\"},\"image\":{\"@id\":\"https:\/\/www.rimadesio.it\/fr\/#\/schema\/logo\/image\/\"}}]}<\/script>\n<!-- \/ Yoast SEO plugin. -->","yoast_head_json":{"title":"Donn\u00e9es et Audit - Rimadesio","description":"Investissements, force de travail, distribution, chiffre d\u2019affaires\u00a0: chaque aspect de la r\u00e9alit\u00e9 Rimadesio est repr\u00e9sent\u00e9 par des donn\u00e9es et des","robots":{"index":"index","follow":"follow","max-snippet":"max-snippet:-1","max-image-preview":"max-image-preview:large","max-video-preview":"max-video-preview:-1"},"canonical":"https:\/\/www.rimadesio.it\/fr\/about-us\/audit\/","og_locale":"fr_FR","og_type":"article","og_title":"Donn\u00e9es et Audit - Rimadesio","og_description":"Investissements, force de travail, distribution, chiffre d\u2019affaires\u00a0: chaque aspect de la r\u00e9alit\u00e9 Rimadesio est repr\u00e9sent\u00e9 par des donn\u00e9es et des","og_url":"https:\/\/www.rimadesio.it\/fr\/about-us\/audit\/","og_site_name":"Rimadesio","article_modified_time":"2025-08-05T10:13:06+00:00","og_image":[{"width":1920,"height":1280,"url":"https:\/\/static.rimadesio.it\/media\/2021\/08\/4-rimadesio-datireport.jpg","type":"image\/jpeg"}],"twitter_card":"summary_large_image","schema":{"@context":"https:\/\/schema.org","@graph":[{"@type":"WebPage","@id":"https:\/\/www.rimadesio.it\/fr\/about-us\/audit\/","url":"https:\/\/www.rimadesio.it\/fr\/about-us\/audit\/","name":"Donn\u00e9es et Audit - Rimadesio","isPartOf":{"@id":"https:\/\/www.rimadesio.it\/fr\/#website"},"datePublished":"2022-03-22T15:21:30+00:00","dateModified":"2025-08-05T10:13:06+00:00","description":"Investissements, force de travail, distribution, chiffre d\u2019affaires\u00a0: chaque aspect de la r\u00e9alit\u00e9 Rimadesio est repr\u00e9sent\u00e9 par des donn\u00e9es et des","breadcrumb":{"@id":"https:\/\/www.rimadesio.it\/fr\/about-us\/audit\/#breadcrumb"},"inLanguage":"fr-FR","potentialAction":[{"@type":"ReadAction","target":["https:\/\/www.rimadesio.it\/fr\/about-us\/audit\/"]}]},{"@type":"BreadcrumbList","@id":"https:\/\/www.rimadesio.it\/fr\/about-us\/audit\/#breadcrumb","itemListElement":[{"@type":"ListItem","position":1,"name":"Homepage","item":"https:\/\/www.rimadesio.it\/fr\/"},{"@type":"ListItem","position":2,"name":"About Us","item":"https:\/\/www.rimadesio.it\/fr\/about-us\/"},{"@type":"ListItem","position":3,"name":"Donn\u00e9es et Audit"}]},{"@type":"WebSite","@id":"https:\/\/www.rimadesio.it\/fr\/#website","url":"https:\/\/www.rimadesio.it\/fr\/","name":"Rimadesio","description":"Rimadesio official website","publisher":{"@id":"https:\/\/www.rimadesio.it\/fr\/#organization"},"potentialAction":[{"@type":"SearchAction","target":{"@type":"EntryPoint","urlTemplate":"https:\/\/www.rimadesio.it\/fr\/?s={search_term_string}"},"query-input":"required name=search_term_string"}],"inLanguage":"fr-FR"},{"@type":"Organization","@id":"https:\/\/www.rimadesio.it\/fr\/#organization","name":"Rimadesio","url":"https:\/\/www.rimadesio.it\/fr\/","logo":{"@type":"ImageObject","inLanguage":"fr-FR","@id":"https:\/\/www.rimadesio.it\/fr\/#\/schema\/logo\/image\/","url":"https:\/\/static.rimadesio.it\/media\/2021\/08\/Logo.png","contentUrl":"https:\/\/static.rimadesio.it\/media\/2021\/08\/Logo.png","width":102,"height":18,"caption":"Rimadesio"},"image":{"@id":"https:\/\/www.rimadesio.it\/fr\/#\/schema\/logo\/image\/"}}]}},"_links":{"self":[{"href":"https:\/\/www.rimadesio.it\/fr\/wp-json\/wp\/v2\/pages\/155386"}],"collection":[{"href":"https:\/\/www.rimadesio.it\/fr\/wp-json\/wp\/v2\/pages"}],"about":[{"href":"https:\/\/www.rimadesio.it\/fr\/wp-json\/wp\/v2\/types\/page"}],"author":[{"embeddable":true,"href":"https:\/\/www.rimadesio.it\/fr\/wp-json\/wp\/v2\/users\/64297"}],"replies":[{"embeddable":true,"href":"https:\/\/www.rimadesio.it\/fr\/wp-json\/wp\/v2\/comments?post=155386"}],"version-history":[{"count":5,"href":"https:\/\/www.rimadesio.it\/fr\/wp-json\/wp\/v2\/pages\/155386\/revisions"}],"predecessor-version":[{"id":169615,"href":"https:\/\/www.rimadesio.it\/fr\/wp-json\/wp\/v2\/pages\/155386\/revisions\/169615"}],"up":[{"embeddable":true,"href":"https:\/\/www.rimadesio.it\/fr\/wp-json\/wp\/v2\/pages\/154875"}],"wp:featuredmedia":[{"embeddable":true,"href":"https:\/\/www.rimadesio.it\/fr\/wp-json\/wp\/v2\/media\/21109"}],"wp:attachment":[{"href":"https:\/\/www.rimadesio.it\/fr\/wp-json\/wp\/v2\/media?parent=155386"}],"curies":[{"name":"wp","href":"https:\/\/api.w.org\/{rel}","templated":true}]}}