{"id":154879,"date":"2022-03-21T12:21:52","date_gmt":"2022-03-21T11:21:52","guid":{"rendered":"https:\/\/www.rimadesio.it\/custom-made\/"},"modified":"2022-04-05T17:10:44","modified_gmt":"2022-04-05T15:10:44","slug":"custom-made","status":"publish","type":"page","link":"https:\/\/www.rimadesio.it\/fr\/philosophie\/custom-made\/","title":{"rendered":"Custom Made"},"content":{"rendered":"<p>Une personnalisation presqu&#8217;absolue, des \u00e9quipements, des caract\u00e9ristiques de composition, des dimensions et des finitions, accompagne et rend unique chaque proposition Rimadesio. Un choix qui comporte une relation exclusive avec un r\u00e9seau s\u00e9lectionn\u00e9 de fournisseurs locaux et une gestion de la phase de production rigoureusement en interne.<\/p>\n","protected":false},"excerpt":{"rendered":"<p>Une personnalisation presqu&#8217;absolue, des \u00e9quipements, des caract\u00e9ristiques de composition, des dimensions et des finitions, accompagne et rend unique chaque proposition Rimadesio. Un choix qui comporte une relation exclusive avec un r\u00e9seau s\u00e9lectionn\u00e9 de fournisseurs locaux et une gestion de la phase de production rigoureusement en interne.<\/p>\n","protected":false},"author":65156,"featured_media":150696,"parent":154880,"menu_order":219,"comment_status":"closed","ping_status":"closed","template":"","meta":{"inline_featured_image":false},"acf":[],"yoast_head":"<!-- This site is optimized with the Yoast SEO plugin v20.4 - https:\/\/yoast.com\/wordpress\/plugins\/seo\/ -->\n<title>Custom Made - Rimadesio<\/title>\n<meta name=\"description\" content=\"Une personnalisation presqu&#039;absolue, des \u00e9quipements, des caract\u00e9ristiques de composition, des dimensions et des finitions, accompagne et rend unique\" \/>\n<meta name=\"robots\" content=\"index, follow, max-snippet:-1, max-image-preview:large, max-video-preview:-1\" \/>\n<link rel=\"canonical\" href=\"https:\/\/www.rimadesio.it\/fr\/philosophie\/custom-made\/\" \/>\n<meta property=\"og:locale\" content=\"fr_FR\" \/>\n<meta property=\"og:type\" content=\"article\" \/>\n<meta property=\"og:title\" content=\"Custom Made - Rimadesio\" \/>\n<meta property=\"og:description\" content=\"Une personnalisation presqu&#039;absolue, des \u00e9quipements, des caract\u00e9ristiques de composition, des dimensions et des finitions, accompagne et rend unique\" \/>\n<meta property=\"og:url\" content=\"https:\/\/www.rimadesio.it\/fr\/philosophie\/custom-made\/\" \/>\n<meta property=\"og:site_name\" content=\"Rimadesio\" \/>\n<meta property=\"article:modified_time\" content=\"2022-04-05T15:10:44+00:00\" \/>\n<meta property=\"og:image\" content=\"https:\/\/static.rimadesio.it\/media\/2021\/08\/custom-made-1.png\" \/>\n\t<meta property=\"og:image:width\" content=\"1360\" \/>\n\t<meta property=\"og:image:height\" content=\"765\" \/>\n\t<meta property=\"og:image:type\" content=\"image\/png\" \/>\n<meta name=\"twitter:card\" content=\"summary_large_image\" \/>\n<script type=\"application\/ld+json\" class=\"yoast-schema-graph\">{\"@context\":\"https:\/\/schema.org\",\"@graph\":[{\"@type\":\"WebPage\",\"@id\":\"https:\/\/www.rimadesio.it\/fr\/philosophie\/custom-made\/\",\"url\":\"https:\/\/www.rimadesio.it\/fr\/philosophie\/custom-made\/\",\"name\":\"Custom Made - Rimadesio\",\"isPartOf\":{\"@id\":\"https:\/\/www.rimadesio.it\/fr\/#website\"},\"datePublished\":\"2022-03-21T11:21:52+00:00\",\"dateModified\":\"2022-04-05T15:10:44+00:00\",\"description\":\"Une personnalisation presqu'absolue, des \u00e9quipements, des caract\u00e9ristiques de composition, des dimensions et des finitions, accompagne et rend unique\",\"breadcrumb\":{\"@id\":\"https:\/\/www.rimadesio.it\/fr\/philosophie\/custom-made\/#breadcrumb\"},\"inLanguage\":\"fr-FR\",\"potentialAction\":[{\"@type\":\"ReadAction\",\"target\":[\"https:\/\/www.rimadesio.it\/fr\/philosophie\/custom-made\/\"]}]},{\"@type\":\"BreadcrumbList\",\"@id\":\"https:\/\/www.rimadesio.it\/fr\/philosophie\/custom-made\/#breadcrumb\",\"itemListElement\":[{\"@type\":\"ListItem\",\"position\":1,\"name\":\"Homepage\",\"item\":\"https:\/\/www.rimadesio.it\/fr\/\"},{\"@type\":\"ListItem\",\"position\":2,\"name\":\"Philosophie\",\"item\":\"https:\/\/www.rimadesio.it\/fr\/philosophie\/\"},{\"@type\":\"ListItem\",\"position\":3,\"name\":\"Custom Made\"}]},{\"@type\":\"WebSite\",\"@id\":\"https:\/\/www.rimadesio.it\/fr\/#website\",\"url\":\"https:\/\/www.rimadesio.it\/fr\/\",\"name\":\"Rimadesio\",\"description\":\"Rimadesio official website\",\"publisher\":{\"@id\":\"https:\/\/www.rimadesio.it\/fr\/#organization\"},\"potentialAction\":[{\"@type\":\"SearchAction\",\"target\":{\"@type\":\"EntryPoint\",\"urlTemplate\":\"https:\/\/www.rimadesio.it\/fr\/?s={search_term_string}\"},\"query-input\":\"required name=search_term_string\"}],\"inLanguage\":\"fr-FR\"},{\"@type\":\"Organization\",\"@id\":\"https:\/\/www.rimadesio.it\/fr\/#organization\",\"name\":\"Rimadesio\",\"url\":\"https:\/\/www.rimadesio.it\/fr\/\",\"logo\":{\"@type\":\"ImageObject\",\"inLanguage\":\"fr-FR\",\"@id\":\"https:\/\/www.rimadesio.it\/fr\/#\/schema\/logo\/image\/\",\"url\":\"https:\/\/static.rimadesio.it\/media\/2021\/08\/Logo.png\",\"contentUrl\":\"https:\/\/static.rimadesio.it\/media\/2021\/08\/Logo.png\",\"width\":102,\"height\":18,\"caption\":\"Rimadesio\"},\"image\":{\"@id\":\"https:\/\/www.rimadesio.it\/fr\/#\/schema\/logo\/image\/\"}}]}<\/script>\n<!-- \/ Yoast SEO plugin. -->","yoast_head_json":{"title":"Custom Made - Rimadesio","description":"Une personnalisation presqu'absolue, des \u00e9quipements, des caract\u00e9ristiques de composition, des dimensions et des finitions, accompagne et rend unique","robots":{"index":"index","follow":"follow","max-snippet":"max-snippet:-1","max-image-preview":"max-image-preview:large","max-video-preview":"max-video-preview:-1"},"canonical":"https:\/\/www.rimadesio.it\/fr\/philosophie\/custom-made\/","og_locale":"fr_FR","og_type":"article","og_title":"Custom Made - Rimadesio","og_description":"Une personnalisation presqu'absolue, des \u00e9quipements, des caract\u00e9ristiques de composition, des dimensions et des finitions, accompagne et rend unique","og_url":"https:\/\/www.rimadesio.it\/fr\/philosophie\/custom-made\/","og_site_name":"Rimadesio","article_modified_time":"2022-04-05T15:10:44+00:00","og_image":[{"width":1360,"height":765,"url":"https:\/\/static.rimadesio.it\/media\/2021\/08\/custom-made-1.png","type":"image\/png"}],"twitter_card":"summary_large_image","schema":{"@context":"https:\/\/schema.org","@graph":[{"@type":"WebPage","@id":"https:\/\/www.rimadesio.it\/fr\/philosophie\/custom-made\/","url":"https:\/\/www.rimadesio.it\/fr\/philosophie\/custom-made\/","name":"Custom Made - Rimadesio","isPartOf":{"@id":"https:\/\/www.rimadesio.it\/fr\/#website"},"datePublished":"2022-03-21T11:21:52+00:00","dateModified":"2022-04-05T15:10:44+00:00","description":"Une personnalisation presqu'absolue, des \u00e9quipements, des caract\u00e9ristiques de composition, des dimensions et des finitions, accompagne et rend unique","breadcrumb":{"@id":"https:\/\/www.rimadesio.it\/fr\/philosophie\/custom-made\/#breadcrumb"},"inLanguage":"fr-FR","potentialAction":[{"@type":"ReadAction","target":["https:\/\/www.rimadesio.it\/fr\/philosophie\/custom-made\/"]}]},{"@type":"BreadcrumbList","@id":"https:\/\/www.rimadesio.it\/fr\/philosophie\/custom-made\/#breadcrumb","itemListElement":[{"@type":"ListItem","position":1,"name":"Homepage","item":"https:\/\/www.rimadesio.it\/fr\/"},{"@type":"ListItem","position":2,"name":"Philosophie","item":"https:\/\/www.rimadesio.it\/fr\/philosophie\/"},{"@type":"ListItem","position":3,"name":"Custom Made"}]},{"@type":"WebSite","@id":"https:\/\/www.rimadesio.it\/fr\/#website","url":"https:\/\/www.rimadesio.it\/fr\/","name":"Rimadesio","description":"Rimadesio official website","publisher":{"@id":"https:\/\/www.rimadesio.it\/fr\/#organization"},"potentialAction":[{"@type":"SearchAction","target":{"@type":"EntryPoint","urlTemplate":"https:\/\/www.rimadesio.it\/fr\/?s={search_term_string}"},"query-input":"required name=search_term_string"}],"inLanguage":"fr-FR"},{"@type":"Organization","@id":"https:\/\/www.rimadesio.it\/fr\/#organization","name":"Rimadesio","url":"https:\/\/www.rimadesio.it\/fr\/","logo":{"@type":"ImageObject","inLanguage":"fr-FR","@id":"https:\/\/www.rimadesio.it\/fr\/#\/schema\/logo\/image\/","url":"https:\/\/static.rimadesio.it\/media\/2021\/08\/Logo.png","contentUrl":"https:\/\/static.rimadesio.it\/media\/2021\/08\/Logo.png","width":102,"height":18,"caption":"Rimadesio"},"image":{"@id":"https:\/\/www.rimadesio.it\/fr\/#\/schema\/logo\/image\/"}}]}},"_links":{"self":[{"href":"https:\/\/www.rimadesio.it\/fr\/wp-json\/wp\/v2\/pages\/154879"}],"collection":[{"href":"https:\/\/www.rimadesio.it\/fr\/wp-json\/wp\/v2\/pages"}],"about":[{"href":"https:\/\/www.rimadesio.it\/fr\/wp-json\/wp\/v2\/types\/page"}],"author":[{"embeddable":true,"href":"https:\/\/www.rimadesio.it\/fr\/wp-json\/wp\/v2\/users\/65156"}],"replies":[{"embeddable":true,"href":"https:\/\/www.rimadesio.it\/fr\/wp-json\/wp\/v2\/comments?post=154879"}],"version-history":[{"count":1,"href":"https:\/\/www.rimadesio.it\/fr\/wp-json\/wp\/v2\/pages\/154879\/revisions"}],"predecessor-version":[{"id":156329,"href":"https:\/\/www.rimadesio.it\/fr\/wp-json\/wp\/v2\/pages\/154879\/revisions\/156329"}],"up":[{"embeddable":true,"href":"https:\/\/www.rimadesio.it\/fr\/wp-json\/wp\/v2\/pages\/154880"}],"wp:featuredmedia":[{"embeddable":true,"href":"https:\/\/www.rimadesio.it\/fr\/wp-json\/wp\/v2\/media\/150696"}],"wp:attachment":[{"href":"https:\/\/www.rimadesio.it\/fr\/wp-json\/wp\/v2\/media?parent=154879"}],"curies":[{"name":"wp","href":"https:\/\/api.w.org\/{rel}","templated":true}]}}