{"id":154878,"date":"2022-03-21T12:21:28","date_gmt":"2022-03-21T11:21:28","guid":{"rendered":"https:\/\/www.rimadesio.it\/innovation\/"},"modified":"2022-04-05T17:09:24","modified_gmt":"2022-04-05T15:09:24","slug":"innovation","status":"publish","type":"page","link":"https:\/\/www.rimadesio.it\/fr\/philosophie\/innovation\/","title":{"rendered":"Innovation"},"content":{"rendered":"<p>Observer le pr\u00e9sent pour imaginer le nouveau : \u00e0 l&#8217;origine du projet Rimadesio, l&#8217;analyse des exigences les plus \u00e9volu\u00e9es de l&#8217;ameublement, de rangement et d&#8217;organisation des espaces contemporains. \u00a0C&#8217;est ce qui a donn\u00e9 naissance \u00e0 une collection, toujours plus compl\u00e8te au fil du temps, compos\u00e9e de produits et de typologies souvent in\u00e9dits dans le secteur de l&#8217;ameublement, tous caract\u00e9ris\u00e9s par un degr\u00e9 \u00e9lev\u00e9 d&#8217;innovation technique et de prestations haute de gamme.<\/p>\n","protected":false},"excerpt":{"rendered":"<p>Observer le pr\u00e9sent pour imaginer le nouveau : \u00e0 l&#8217;origine du projet Rimadesio, l&#8217;analyse des exigences les plus \u00e9volu\u00e9es de l&#8217;ameublement, de rangement et d&#8217;organisation des espaces contemporains. \u00a0C&#8217;est ce qui a donn\u00e9 naissance \u00e0 une collection, toujours plus compl\u00e8te au fil du temps, compos\u00e9e de produits et de typologies souvent in\u00e9dits dans le secteur &hellip; <a href=\"https:\/\/www.rimadesio.it\/fr\/philosophie\/innovation\/\">More<\/a><\/p>\n","protected":false},"author":65156,"featured_media":151294,"parent":154880,"menu_order":220,"comment_status":"closed","ping_status":"closed","template":"","meta":{"inline_featured_image":false},"acf":[],"yoast_head":"<!-- This site is optimized with the Yoast SEO plugin v20.4 - https:\/\/yoast.com\/wordpress\/plugins\/seo\/ -->\n<title>Innovation - Rimadesio<\/title>\n<meta name=\"description\" content=\"Observer le pr\u00e9sent pour imaginer le nouveau : \u00e0 l&#039;origine du projet Rimadesio, l&#039;analyse des exigences les plus \u00e9volu\u00e9es de l&#039;ameublement, de rangement\" \/>\n<meta name=\"robots\" content=\"index, follow, max-snippet:-1, max-image-preview:large, max-video-preview:-1\" \/>\n<link rel=\"canonical\" href=\"https:\/\/www.rimadesio.it\/fr\/philosophie\/innovation\/\" \/>\n<meta property=\"og:locale\" content=\"fr_FR\" \/>\n<meta property=\"og:type\" content=\"article\" \/>\n<meta property=\"og:title\" content=\"Innovation - Rimadesio\" \/>\n<meta property=\"og:description\" content=\"Observer le pr\u00e9sent pour imaginer le nouveau : \u00e0 l&#039;origine du projet Rimadesio, l&#039;analyse des exigences les plus \u00e9volu\u00e9es de l&#039;ameublement, de rangement\" \/>\n<meta property=\"og:url\" content=\"https:\/\/www.rimadesio.it\/fr\/philosophie\/innovation\/\" \/>\n<meta property=\"og:site_name\" content=\"Rimadesio\" \/>\n<meta property=\"article:modified_time\" content=\"2022-04-05T15:09:24+00:00\" \/>\n<meta property=\"og:image\" content=\"https:\/\/static.rimadesio.it\/media\/2021\/08\/1-rimadesio-innovazione.jpg\" \/>\n\t<meta property=\"og:image:width\" content=\"1920\" \/>\n\t<meta property=\"og:image:height\" content=\"1280\" \/>\n\t<meta property=\"og:image:type\" content=\"image\/jpeg\" \/>\n<meta name=\"twitter:card\" content=\"summary_large_image\" \/>\n<script type=\"application\/ld+json\" class=\"yoast-schema-graph\">{\"@context\":\"https:\/\/schema.org\",\"@graph\":[{\"@type\":\"WebPage\",\"@id\":\"https:\/\/www.rimadesio.it\/fr\/philosophie\/innovation\/\",\"url\":\"https:\/\/www.rimadesio.it\/fr\/philosophie\/innovation\/\",\"name\":\"Innovation - Rimadesio\",\"isPartOf\":{\"@id\":\"https:\/\/www.rimadesio.it\/fr\/#website\"},\"datePublished\":\"2022-03-21T11:21:28+00:00\",\"dateModified\":\"2022-04-05T15:09:24+00:00\",\"description\":\"Observer le pr\u00e9sent pour imaginer le nouveau : \u00e0 l'origine du projet Rimadesio, l'analyse des exigences les plus \u00e9volu\u00e9es de l'ameublement, de rangement\",\"breadcrumb\":{\"@id\":\"https:\/\/www.rimadesio.it\/fr\/philosophie\/innovation\/#breadcrumb\"},\"inLanguage\":\"fr-FR\",\"potentialAction\":[{\"@type\":\"ReadAction\",\"target\":[\"https:\/\/www.rimadesio.it\/fr\/philosophie\/innovation\/\"]}]},{\"@type\":\"BreadcrumbList\",\"@id\":\"https:\/\/www.rimadesio.it\/fr\/philosophie\/innovation\/#breadcrumb\",\"itemListElement\":[{\"@type\":\"ListItem\",\"position\":1,\"name\":\"Homepage\",\"item\":\"https:\/\/www.rimadesio.it\/fr\/\"},{\"@type\":\"ListItem\",\"position\":2,\"name\":\"Philosophie\",\"item\":\"https:\/\/www.rimadesio.it\/fr\/philosophie\/\"},{\"@type\":\"ListItem\",\"position\":3,\"name\":\"Innovation\"}]},{\"@type\":\"WebSite\",\"@id\":\"https:\/\/www.rimadesio.it\/fr\/#website\",\"url\":\"https:\/\/www.rimadesio.it\/fr\/\",\"name\":\"Rimadesio\",\"description\":\"Rimadesio official website\",\"publisher\":{\"@id\":\"https:\/\/www.rimadesio.it\/fr\/#organization\"},\"potentialAction\":[{\"@type\":\"SearchAction\",\"target\":{\"@type\":\"EntryPoint\",\"urlTemplate\":\"https:\/\/www.rimadesio.it\/fr\/?s={search_term_string}\"},\"query-input\":\"required name=search_term_string\"}],\"inLanguage\":\"fr-FR\"},{\"@type\":\"Organization\",\"@id\":\"https:\/\/www.rimadesio.it\/fr\/#organization\",\"name\":\"Rimadesio\",\"url\":\"https:\/\/www.rimadesio.it\/fr\/\",\"logo\":{\"@type\":\"ImageObject\",\"inLanguage\":\"fr-FR\",\"@id\":\"https:\/\/www.rimadesio.it\/fr\/#\/schema\/logo\/image\/\",\"url\":\"https:\/\/static.rimadesio.it\/media\/2021\/08\/Logo.png\",\"contentUrl\":\"https:\/\/static.rimadesio.it\/media\/2021\/08\/Logo.png\",\"width\":102,\"height\":18,\"caption\":\"Rimadesio\"},\"image\":{\"@id\":\"https:\/\/www.rimadesio.it\/fr\/#\/schema\/logo\/image\/\"}}]}<\/script>\n<!-- \/ Yoast SEO plugin. -->","yoast_head_json":{"title":"Innovation - Rimadesio","description":"Observer le pr\u00e9sent pour imaginer le nouveau : \u00e0 l'origine du projet Rimadesio, l'analyse des exigences les plus \u00e9volu\u00e9es de l'ameublement, de rangement","robots":{"index":"index","follow":"follow","max-snippet":"max-snippet:-1","max-image-preview":"max-image-preview:large","max-video-preview":"max-video-preview:-1"},"canonical":"https:\/\/www.rimadesio.it\/fr\/philosophie\/innovation\/","og_locale":"fr_FR","og_type":"article","og_title":"Innovation - Rimadesio","og_description":"Observer le pr\u00e9sent pour imaginer le nouveau : \u00e0 l'origine du projet Rimadesio, l'analyse des exigences les plus \u00e9volu\u00e9es de l'ameublement, de rangement","og_url":"https:\/\/www.rimadesio.it\/fr\/philosophie\/innovation\/","og_site_name":"Rimadesio","article_modified_time":"2022-04-05T15:09:24+00:00","og_image":[{"width":1920,"height":1280,"url":"https:\/\/static.rimadesio.it\/media\/2021\/08\/1-rimadesio-innovazione.jpg","type":"image\/jpeg"}],"twitter_card":"summary_large_image","schema":{"@context":"https:\/\/schema.org","@graph":[{"@type":"WebPage","@id":"https:\/\/www.rimadesio.it\/fr\/philosophie\/innovation\/","url":"https:\/\/www.rimadesio.it\/fr\/philosophie\/innovation\/","name":"Innovation - Rimadesio","isPartOf":{"@id":"https:\/\/www.rimadesio.it\/fr\/#website"},"datePublished":"2022-03-21T11:21:28+00:00","dateModified":"2022-04-05T15:09:24+00:00","description":"Observer le pr\u00e9sent pour imaginer le nouveau : \u00e0 l'origine du projet Rimadesio, l'analyse des exigences les plus \u00e9volu\u00e9es de l'ameublement, de rangement","breadcrumb":{"@id":"https:\/\/www.rimadesio.it\/fr\/philosophie\/innovation\/#breadcrumb"},"inLanguage":"fr-FR","potentialAction":[{"@type":"ReadAction","target":["https:\/\/www.rimadesio.it\/fr\/philosophie\/innovation\/"]}]},{"@type":"BreadcrumbList","@id":"https:\/\/www.rimadesio.it\/fr\/philosophie\/innovation\/#breadcrumb","itemListElement":[{"@type":"ListItem","position":1,"name":"Homepage","item":"https:\/\/www.rimadesio.it\/fr\/"},{"@type":"ListItem","position":2,"name":"Philosophie","item":"https:\/\/www.rimadesio.it\/fr\/philosophie\/"},{"@type":"ListItem","position":3,"name":"Innovation"}]},{"@type":"WebSite","@id":"https:\/\/www.rimadesio.it\/fr\/#website","url":"https:\/\/www.rimadesio.it\/fr\/","name":"Rimadesio","description":"Rimadesio official website","publisher":{"@id":"https:\/\/www.rimadesio.it\/fr\/#organization"},"potentialAction":[{"@type":"SearchAction","target":{"@type":"EntryPoint","urlTemplate":"https:\/\/www.rimadesio.it\/fr\/?s={search_term_string}"},"query-input":"required name=search_term_string"}],"inLanguage":"fr-FR"},{"@type":"Organization","@id":"https:\/\/www.rimadesio.it\/fr\/#organization","name":"Rimadesio","url":"https:\/\/www.rimadesio.it\/fr\/","logo":{"@type":"ImageObject","inLanguage":"fr-FR","@id":"https:\/\/www.rimadesio.it\/fr\/#\/schema\/logo\/image\/","url":"https:\/\/static.rimadesio.it\/media\/2021\/08\/Logo.png","contentUrl":"https:\/\/static.rimadesio.it\/media\/2021\/08\/Logo.png","width":102,"height":18,"caption":"Rimadesio"},"image":{"@id":"https:\/\/www.rimadesio.it\/fr\/#\/schema\/logo\/image\/"}}]}},"_links":{"self":[{"href":"https:\/\/www.rimadesio.it\/fr\/wp-json\/wp\/v2\/pages\/154878"}],"collection":[{"href":"https:\/\/www.rimadesio.it\/fr\/wp-json\/wp\/v2\/pages"}],"about":[{"href":"https:\/\/www.rimadesio.it\/fr\/wp-json\/wp\/v2\/types\/page"}],"author":[{"embeddable":true,"href":"https:\/\/www.rimadesio.it\/fr\/wp-json\/wp\/v2\/users\/65156"}],"replies":[{"embeddable":true,"href":"https:\/\/www.rimadesio.it\/fr\/wp-json\/wp\/v2\/comments?post=154878"}],"version-history":[{"count":1,"href":"https:\/\/www.rimadesio.it\/fr\/wp-json\/wp\/v2\/pages\/154878\/revisions"}],"predecessor-version":[{"id":156328,"href":"https:\/\/www.rimadesio.it\/fr\/wp-json\/wp\/v2\/pages\/154878\/revisions\/156328"}],"up":[{"embeddable":true,"href":"https:\/\/www.rimadesio.it\/fr\/wp-json\/wp\/v2\/pages\/154880"}],"wp:featuredmedia":[{"embeddable":true,"href":"https:\/\/www.rimadesio.it\/fr\/wp-json\/wp\/v2\/media\/151294"}],"wp:attachment":[{"href":"https:\/\/www.rimadesio.it\/fr\/wp-json\/wp\/v2\/media?parent=154878"}],"curies":[{"name":"wp","href":"https:\/\/api.w.org\/{rel}","templated":true}]}}